{"id":948,"date":"2018-10-04T12:05:00","date_gmt":"2018-10-04T10:05:00","guid":{"rendered":"http:\/\/atl-software.net\/?page_id=948"},"modified":"2018-12-07T14:56:25","modified_gmt":"2018-12-07T13:56:25","slug":"formation-arc-en-ciel-a-lalliance-francaise-de-tunis","status":"publish","type":"page","link":"https:\/\/atl-software.net\/es\/actualites-atl-software\/formation-arc-en-ciel-a-lalliance-francaise-de-tunis\/","title":{"rendered":"Capacitaci\u00f3n Arc-en-Ciel en la Alianza Francesa de T\u00fanez"},"content":{"rendered":"<p><\/p>\n<h2 lang=\"es-ES\">La Alianza Francesa de T\u00fanez<\/h2>\n<p lang=\"es-ES\"><a href=\"http:\/\/www.alliancefr.tn\" target=\"_blank\">La Alianza Francesa de T\u00fanez<\/a> (AFT), reabri\u00f3 sus puertas en agosto pasado, despu\u00e9s de 70 a\u00f1os de ausencia.<\/p>\n<p lang=\"es-ES\">La <strong>AFT<\/strong> es actualmente la <strong>primero<\/strong> de la <strong>red<\/strong> <strong>tunecina<\/strong> y est\u00e1 previsto abrir otros establecimientos a fin de a\u00f1o en el pa\u00eds<\/p>\n<p lang=\"es-ES\">Clasificado como el <strong>137\u00ba<\/strong> <strong>pa\u00eds<\/strong> afiliado a la <strong>Fondation<\/strong> <strong>Alliance<\/strong> <strong>Fran\u00e7aise<\/strong>, la AFT ofrece <strong>cursos<\/strong> <strong>de<\/strong> <strong>franc\u00e9s<\/strong> de <strong>diferentes<\/strong> <strong>niveles<\/strong>, <strong>actividades<\/strong> <strong>culturales<\/strong> y una moderna <strong>mediateca<\/strong> disponible para el p\u00fablico tunecino.<\/p>\n<p lang=\"es-ES\">Se planea un <strong>m\u00e1ximo<\/strong> de <strong>18<\/strong> <strong>alumnos<\/strong> por clase para facilitar los <strong>intercambios<\/strong> entre <strong>alumnos<\/strong> y <strong>docentes<\/strong> y crear una <strong>atm\u00f3sfera<\/strong> de trabajo <strong>armoniosa<\/strong>.<\/p>\n<p lang=\"es-ES\">Para la AFT era importante contar con un <strong>programa<\/strong> de <strong>gesti\u00f3n<\/strong> <strong>de<\/strong> <strong>cursos<\/strong> que se ajustar\u00e1 a sus ambiciones y fuera f\u00e1cil de implementar.<\/p>\n<h2 lang=\"es-ES\">ATL Software y la Alianza Francesa de T\u00fanez<\/h2>\n<p lang=\"es-ES\">Nuestro capacitador en <a href=\"https:\/\/atl-software.net\/es\/\" target=\"_blank\">ATL Software<\/a> imparti\u00f3 varios d\u00edas de <strong>capacitaci\u00f3n<\/strong> a la <strong>AFT<\/strong> para <strong>equipar<\/strong> las <strong>instalaciones<\/strong> y <strong>capacitar<\/strong> al <strong>personal<\/strong> para <strong>utilizar<\/strong> el <strong>software<\/strong> <strong>de<\/strong> <strong>gesti\u00f3n<\/strong> <strong>de<\/strong> <strong>cursos<\/strong> <a href=\"https:\/\/atl-software.net\/es\/nos-solutions\/arc-en-ciel\/\" target=\"_blank\">Arc-en-Ciel (AEC)<\/a><\/p>\n<p lang=\"es-ES\">Durante esta capacitaci\u00f3n estuvieron <strong>presentes<\/strong> el <strong>futuro<\/strong> <strong>personal<\/strong> de estas <strong>Alianzas<\/strong>, as\u00ed como algunos representantes del <strong>Instituto<\/strong> <strong>Franc\u00e9s<\/strong> (IF) de <strong>T\u00fanez<\/strong> (12 centros nacionales) que utilizan <strong>AEC<\/strong> desde el a\u00f1o 2013, para una actualizaci\u00f3n de conocimientos.<\/p>\n<p lang=\"es-ES\">Durante estos 3 d\u00edas, nuestro capacitador present\u00f3 todas las <strong>funcionalidades<\/strong> relacionadas con el <strong>programa<\/strong> de <strong>gesti\u00f3n<\/strong> <strong>de<\/strong> <strong>cursos<\/strong> <strong>AEC<\/strong> as\u00ed como las <strong>herramientas<\/strong> de <strong>gesti\u00f3n<\/strong> de la <strong>actividad<\/strong>.<\/p>\n<p lang=\"es-ES\">\u00bfDesea <strong>organizar<\/strong> una <strong>capacitaci\u00f3n<\/strong> en su <strong>red<\/strong> ? <strong><a href=\"https:\/\/atl-software.net\/es\/atl-software\/contact\/\" target=\"_blank\">Cont\u00e1ctenos<\/a>\u00a0<\/strong>!<\/p>\n<h2 lang=\"es-ES\">Las Alianzas Francesas<\/h2>\n<p lang=\"es-ES\"><a href=\"https:\/\/www.fondation-alliancefr.org\" target=\"_blank\">Las Alianzas Francesas<\/a> son una <strong>red<\/strong> <strong>internacional<\/strong>, creada en 1883, que contribuye a la <strong>ense\u00f1anza<\/strong> de la <strong>lengua<\/strong> <strong>francesa<\/strong> <strong>como<\/strong> <strong>lengua<\/strong> <strong>extranjera<\/strong>.<\/p>\n<p lang=\"es-ES\">La Alianza Francesa es una <strong>organizaci\u00f3n<\/strong> cuyo objetivo es <strong>promover<\/strong> la <strong>lengua<\/strong> y la <strong>cultura<\/strong> <strong>francesa<\/strong> en todo el mundo.<\/p>\n<p lang=\"es-ES\">En 2018, la Fondation Alliance Fran\u00e7aise coordina <strong>835<\/strong> <strong>alianzas<\/strong> <strong>francesas<\/strong> <strong>en<\/strong> <strong>m\u00e1s<\/strong> <strong>de<\/strong> <strong>130<\/strong> <strong>pa\u00edses<\/strong>.<\/p>\n<p lang=\"es-ES\"><strong>Con casi 500,000 alumnos en todo el mundo, todos los cursos combinados, el franc\u00e9s es el quinto idioma m\u00e1s hablado en el mundo.<\/strong><\/p>\n<p><img decoding=\"async\" loading=\"lazy\" class=\"alignnone size-medium wp-image-1018\" src=\"http:\/\/atl-software.net\/wp-content\/uploads\/2018\/10\/Formation-AF-Tunis-1-300x218.jpg\" alt=\"formation-af-tunis-1\" width=\"300\" height=\"218\" \/>\u00a0<img decoding=\"async\" loading=\"lazy\" class=\"alignnone size-medium wp-image-1017\" src=\"http:\/\/atl-software.net\/wp-content\/uploads\/2018\/10\/Formation-AF-Tunis-2-300x218.jpg\" alt=\"formation-af-tunis-2\" width=\"300\" height=\"218\" \/>\u00a0<img decoding=\"async\" loading=\"lazy\" class=\"alignnone size-medium wp-image-1014\" src=\"http:\/\/atl-software.net\/wp-content\/uploads\/2018\/10\/Formation-AF-Tunis-5-300x218.jpg\" alt=\"formation-af-tunis-5\" width=\"300\" height=\"218\" \/><\/p>","protected":false},"excerpt":{"rendered":"<p>La Alianza Francesa de T\u00fanez La Alianza Francesa de T\u00fanez (AFT), reabri\u00f3 sus puertas en agosto pasado, despu\u00e9s de 70 a\u00f1os de ausencia. La AFT es actualmente la primero de la red tunecina y est\u00e1 previsto abrir otros establecimientos a fin de a\u00f1o en el pa\u00eds Clasificado como el 137\u00ba pa\u00eds afiliado a la Fondation&#8230;  <a class=\"excerpt-read-more\" href=\"https:\/\/atl-software.net\/es\/actualites-atl-software\/formation-arc-en-ciel-a-lalliance-francaise-de-tunis\/\" title=\"Read Capacitaci\u00f3n Arc-en-Ciel en la Alianza Francesa de T\u00fanez\">Leer m\u00e1s &raquo;<\/a><\/p>\n","protected":false},"author":2,"featured_media":0,"parent":741,"menu_order":0,"comment_status":"closed","ping_status":"closed","template":"template\/template-ml.php","meta":{"_uag_custom_page_level_css":""},"acf":[],"yoast_head":"<!-- This site is optimized with the Yoast SEO plugin v20.13 - https:\/\/yoast.com\/wordpress\/plugins\/seo\/ -->\n<title>(Fran\u00e7ais) Formation Arc-En-Ciel \u00e0 l&#039;Alliance Fran\u00e7aise de Tunis<\/title>\n<meta name=\"description\" content=\"(Fran\u00e7ais) ATL Software s\u2019est rendu \u00e0 l\u2019AF de Tunis afin de former le personnel \u00e0 l\u2019utilisation du logiciel de gestion de cours Arc-en-Ciel (AEC).\" \/>\n<meta name=\"robots\" content=\"index, follow, max-snippet:-1, max-image-preview:large, max-video-preview:-1\" \/>\n<link rel=\"canonical\" href=\"https:\/\/atl-software.net\/es\/actualites-atl-software\/formation-arc-en-ciel-a-lalliance-francaise-de-tunis\/\" \/>\n<meta property=\"og:locale\" content=\"es_ES\" \/>\n<meta property=\"og:type\" content=\"article\" \/>\n<meta property=\"og:title\" content=\"(Fran\u00e7ais) Formation Arc-En-Ciel \u00e0 l&#039;Alliance Fran\u00e7aise de Tunis\" \/>\n<meta property=\"og:description\" content=\"(Fran\u00e7ais) ATL Software s\u2019est rendu \u00e0 l\u2019AF de Tunis afin de former le personnel \u00e0 l\u2019utilisation du logiciel de gestion de cours Arc-en-Ciel (AEC).\" \/>\n<meta property=\"og:url\" content=\"https:\/\/atl-software.net\/es\/actualites-atl-software\/formation-arc-en-ciel-a-lalliance-francaise-de-tunis\/\" \/>\n<meta property=\"og:site_name\" content=\"ATL Software\" \/>\n<meta property=\"article:publisher\" content=\"https:\/\/www.facebook.com\/ATL-Software-724527551053606\/\" \/>\n<meta property=\"article:modified_time\" content=\"2018-12-07T13:56:25+00:00\" \/>\n<meta property=\"og:image\" content=\"http:\/\/atl-software.net\/wp-content\/uploads\/2018\/10\/Formation-AF-Tunis-1-300x218.jpg\" \/>\n<meta name=\"twitter:card\" content=\"summary_large_image\" \/>\n<meta name=\"twitter:site\" content=\"@SoftwareAtl\" \/>\n<meta name=\"twitter:label1\" content=\"Est. reading time\" \/>\n\t<meta name=\"twitter:data1\" content=\"5 minutos\" \/>\n<script type=\"application\/ld+json\" class=\"yoast-schema-graph\">{\"@context\":\"https:\/\/schema.org\",\"@graph\":[{\"@type\":\"WebPage\",\"@id\":\"https:\/\/atl-software.net\/es\/actualites-atl-software\/formation-arc-en-ciel-a-lalliance-francaise-de-tunis\/\",\"url\":\"https:\/\/atl-software.net\/es\/actualites-atl-software\/formation-arc-en-ciel-a-lalliance-francaise-de-tunis\/\",\"name\":\"(Fran\u00e7ais) Formation Arc-En-Ciel \u00e0 l'Alliance Fran\u00e7aise de Tunis\",\"isPartOf\":{\"@id\":\"https:\/\/atl-software.net\/#website\"},\"datePublished\":\"2018-10-04T10:05:00+00:00\",\"dateModified\":\"2018-12-07T13:56:25+00:00\",\"description\":\"(Fran\u00e7ais) ATL Software s\u2019est rendu \u00e0 l\u2019AF de Tunis afin de former le personnel \u00e0 l\u2019utilisation du logiciel de gestion de cours Arc-en-Ciel (AEC).\",\"breadcrumb\":{\"@id\":\"https:\/\/atl-software.net\/es\/actualites-atl-software\/formation-arc-en-ciel-a-lalliance-francaise-de-tunis\/#breadcrumb\"},\"inLanguage\":\"es\",\"potentialAction\":[{\"@type\":\"ReadAction\",\"target\":[\"https:\/\/atl-software.net\/es\/actualites-atl-software\/formation-arc-en-ciel-a-lalliance-francaise-de-tunis\/\"]}]},{\"@type\":\"BreadcrumbList\",\"@id\":\"https:\/\/atl-software.net\/es\/actualites-atl-software\/formation-arc-en-ciel-a-lalliance-francaise-de-tunis\/#breadcrumb\",\"itemListElement\":[{\"@type\":\"ListItem\",\"position\":1,\"name\":\"Accueil\",\"item\":\"https:\/\/atl-software.net\/en\/\"},{\"@type\":\"ListItem\",\"position\":2,\"name\":\"Actualit\u00e9s ATL Software\",\"item\":\"https:\/\/atl-software.net\/actualites-atl-software\/\"},{\"@type\":\"ListItem\",\"position\":3,\"name\":\"Capacitaci\u00f3n Arc-en-Ciel en la Alianza Francesa de T\u00fanez\"}]},{\"@type\":\"WebSite\",\"@id\":\"https:\/\/atl-software.net\/#website\",\"url\":\"https:\/\/atl-software.net\/\",\"name\":\"ATL Software\",\"description\":\"\",\"publisher\":{\"@id\":\"https:\/\/atl-software.net\/#organization\"},\"potentialAction\":[{\"@type\":\"SearchAction\",\"target\":{\"@type\":\"EntryPoint\",\"urlTemplate\":\"https:\/\/atl-software.net\/?s={search_term_string}\"},\"query-input\":\"required name=search_term_string\"}],\"inLanguage\":\"es\"},{\"@type\":\"Organization\",\"@id\":\"https:\/\/atl-software.net\/#organization\",\"name\":\"ATL Software\",\"url\":\"https:\/\/atl-software.net\/\",\"logo\":{\"@type\":\"ImageObject\",\"inLanguage\":\"es\",\"@id\":\"https:\/\/atl-software.net\/#\/schema\/logo\/image\/\",\"url\":\"https:\/\/atl-software.net\/wp-content\/uploads\/2023\/04\/Interfaz-moderna-AEC.png\",\"contentUrl\":\"https:\/\/atl-software.net\/wp-content\/uploads\/2023\/04\/Interfaz-moderna-AEC.png\",\"width\":918,\"height\":673,\"caption\":\"ATL Software\"},\"image\":{\"@id\":\"https:\/\/atl-software.net\/#\/schema\/logo\/image\/\"},\"sameAs\":[\"https:\/\/www.facebook.com\/ATL-Software-724527551053606\/\",\"https:\/\/twitter.com\/SoftwareAtl\",\"https:\/\/www.linkedin.com\/in\/atl-software-logiciel-arc-en-ciel-a9428b91\/\",\"https:\/\/www.youtube.com\/watch?v=prCVSFs_vZg\"]}]}<\/script>\n<!-- \/ Yoast SEO plugin. -->","yoast_head_json":{"title":"(Fran\u00e7ais) Formation Arc-En-Ciel \u00e0 l'Alliance Fran\u00e7aise de Tunis","description":"(Fran\u00e7ais) ATL Software s\u2019est rendu \u00e0 l\u2019AF de Tunis afin de former le personnel \u00e0 l\u2019utilisation du logiciel de gestion de cours Arc-en-Ciel (AEC).","robots":{"index":"index","follow":"follow","max-snippet":"max-snippet:-1","max-image-preview":"max-image-preview:large","max-video-preview":"max-video-preview:-1"},"canonical":"https:\/\/atl-software.net\/es\/actualites-atl-software\/formation-arc-en-ciel-a-lalliance-francaise-de-tunis\/","og_locale":"es_ES","og_type":"article","og_title":"(Fran\u00e7ais) Formation Arc-En-Ciel \u00e0 l'Alliance Fran\u00e7aise de Tunis","og_description":"(Fran\u00e7ais) ATL Software s\u2019est rendu \u00e0 l\u2019AF de Tunis afin de former le personnel \u00e0 l\u2019utilisation du logiciel de gestion de cours Arc-en-Ciel (AEC).","og_url":"https:\/\/atl-software.net\/es\/actualites-atl-software\/formation-arc-en-ciel-a-lalliance-francaise-de-tunis\/","og_site_name":"ATL Software","article_publisher":"https:\/\/www.facebook.com\/ATL-Software-724527551053606\/","article_modified_time":"2018-12-07T13:56:25+00:00","og_image":[{"url":"http:\/\/atl-software.net\/wp-content\/uploads\/2018\/10\/Formation-AF-Tunis-1-300x218.jpg"}],"twitter_card":"summary_large_image","twitter_site":"@SoftwareAtl","twitter_misc":{"Est. reading time":"5 minutos"},"schema":{"@context":"https:\/\/schema.org","@graph":[{"@type":"WebPage","@id":"https:\/\/atl-software.net\/es\/actualites-atl-software\/formation-arc-en-ciel-a-lalliance-francaise-de-tunis\/","url":"https:\/\/atl-software.net\/es\/actualites-atl-software\/formation-arc-en-ciel-a-lalliance-francaise-de-tunis\/","name":"(Fran\u00e7ais) Formation Arc-En-Ciel \u00e0 l'Alliance Fran\u00e7aise de Tunis","isPartOf":{"@id":"https:\/\/atl-software.net\/#website"},"datePublished":"2018-10-04T10:05:00+00:00","dateModified":"2018-12-07T13:56:25+00:00","description":"(Fran\u00e7ais) ATL Software s\u2019est rendu \u00e0 l\u2019AF de Tunis afin de former le personnel \u00e0 l\u2019utilisation du logiciel de gestion de cours Arc-en-Ciel (AEC).","breadcrumb":{"@id":"https:\/\/atl-software.net\/es\/actualites-atl-software\/formation-arc-en-ciel-a-lalliance-francaise-de-tunis\/#breadcrumb"},"inLanguage":"es","potentialAction":[{"@type":"ReadAction","target":["https:\/\/atl-software.net\/es\/actualites-atl-software\/formation-arc-en-ciel-a-lalliance-francaise-de-tunis\/"]}]},{"@type":"BreadcrumbList","@id":"https:\/\/atl-software.net\/es\/actualites-atl-software\/formation-arc-en-ciel-a-lalliance-francaise-de-tunis\/#breadcrumb","itemListElement":[{"@type":"ListItem","position":1,"name":"Accueil","item":"https:\/\/atl-software.net\/en\/"},{"@type":"ListItem","position":2,"name":"Actualit\u00e9s ATL Software","item":"https:\/\/atl-software.net\/actualites-atl-software\/"},{"@type":"ListItem","position":3,"name":"Capacitaci\u00f3n Arc-en-Ciel en la Alianza Francesa de T\u00fanez"}]},{"@type":"WebSite","@id":"https:\/\/atl-software.net\/#website","url":"https:\/\/atl-software.net\/","name":"ATL Software","description":"","publisher":{"@id":"https:\/\/atl-software.net\/#organization"},"potentialAction":[{"@type":"SearchAction","target":{"@type":"EntryPoint","urlTemplate":"https:\/\/atl-software.net\/?s={search_term_string}"},"query-input":"required name=search_term_string"}],"inLanguage":"es"},{"@type":"Organization","@id":"https:\/\/atl-software.net\/#organization","name":"ATL Software","url":"https:\/\/atl-software.net\/","logo":{"@type":"ImageObject","inLanguage":"es","@id":"https:\/\/atl-software.net\/#\/schema\/logo\/image\/","url":"https:\/\/atl-software.net\/wp-content\/uploads\/2023\/04\/Interfaz-moderna-AEC.png","contentUrl":"https:\/\/atl-software.net\/wp-content\/uploads\/2023\/04\/Interfaz-moderna-AEC.png","width":918,"height":673,"caption":"ATL Software"},"image":{"@id":"https:\/\/atl-software.net\/#\/schema\/logo\/image\/"},"sameAs":["https:\/\/www.facebook.com\/ATL-Software-724527551053606\/","https:\/\/twitter.com\/SoftwareAtl","https:\/\/www.linkedin.com\/in\/atl-software-logiciel-arc-en-ciel-a9428b91\/","https:\/\/www.youtube.com\/watch?v=prCVSFs_vZg"]}]}},"uagb_featured_image_src":{"full":false,"thumbnail":false,"medium":false,"medium_large":false,"large":false,"1536x1536":false,"2048x2048":false,"bones-thumb-600":false,"bones-thumb-300":false,"post-thumbnail":false},"uagb_author_info":{"display_name":"admin","author_link":"https:\/\/atl-software.net\/es\/author\/admin\/"},"uagb_comment_info":0,"uagb_excerpt":"La Alianza Francesa de T\u00fanez La Alianza Francesa de T\u00fanez (AFT), reabri\u00f3 sus puertas en agosto pasado, despu\u00e9s de 70 a\u00f1os de ausencia. La AFT es actualmente la primero de la red tunecina y est\u00e1 previsto abrir otros establecimientos a fin de a\u00f1o en el pa\u00eds Clasificado como el 137\u00ba pa\u00eds afiliado a la Fondation...&hellip;","_links":{"self":[{"href":"https:\/\/atl-software.net\/es\/wp-json\/wp\/v2\/pages\/948"}],"collection":[{"href":"https:\/\/atl-software.net\/es\/wp-json\/wp\/v2\/pages"}],"about":[{"href":"https:\/\/atl-software.net\/es\/wp-json\/wp\/v2\/types\/page"}],"author":[{"embeddable":true,"href":"https:\/\/atl-software.net\/es\/wp-json\/wp\/v2\/users\/2"}],"replies":[{"embeddable":true,"href":"https:\/\/atl-software.net\/es\/wp-json\/wp\/v2\/comments?post=948"}],"version-history":[{"count":41,"href":"https:\/\/atl-software.net\/es\/wp-json\/wp\/v2\/pages\/948\/revisions"}],"predecessor-version":[{"id":1145,"href":"https:\/\/atl-software.net\/es\/wp-json\/wp\/v2\/pages\/948\/revisions\/1145"}],"up":[{"embeddable":true,"href":"https:\/\/atl-software.net\/es\/wp-json\/wp\/v2\/pages\/741"}],"wp:attachment":[{"href":"https:\/\/atl-software.net\/es\/wp-json\/wp\/v2\/media?parent=948"}],"curies":[{"name":"wp","href":"https:\/\/api.w.org\/{rel}","templated":true}]}}