{"id":9,"date":"2016-09-17T18:17:31","date_gmt":"2016-09-17T16:17:31","guid":{"rendered":"http:\/\/atl-software.net\/?page_id=9"},"modified":"2023-11-10T20:59:16","modified_gmt":"2023-11-10T19:59:16","slug":"atl-software","status":"publish","type":"page","link":"https:\/\/atl-software.net\/es\/atl-software\/","title":{"rendered":"ATL Software"},"content":{"rendered":"","protected":false},"excerpt":{"rendered":"","protected":false},"author":2,"featured_media":0,"parent":0,"menu_order":0,"comment_status":"closed","ping_status":"closed","template":"template\/alt-software.php","meta":{"_uag_custom_page_level_css":""},"acf":[],"yoast_head":"<!-- This site is optimized with the Yoast SEO plugin v20.13 - https:\/\/yoast.com\/wordpress\/plugins\/seo\/ -->\n<title>Qui\u00e9nes somos<\/title>\n<meta name=\"description\" content=\"En la Rep\u00fablica Dominicana, ATL Software contrata con frecuencia nuevos desarrolladores, responsables de proyecto, personal de atenci\u00f3n al cliente, dise\u00f1adores web, testers de calidad, etc.\" \/>\n<meta name=\"robots\" content=\"index, follow, max-snippet:-1, max-image-preview:large, max-video-preview:-1\" \/>\n<link rel=\"canonical\" href=\"https:\/\/atl-software.net\/es\/atl-software\/\" \/>\n<meta property=\"og:locale\" content=\"es_ES\" \/>\n<meta property=\"og:type\" content=\"article\" \/>\n<meta property=\"og:title\" content=\"[:fr]D\u00e9couvrez notre histoire et notre \u00e9quipe - ATL Software[:en]Who we are[:es]Qui\u00e9nes somos[:]\" \/>\n<meta property=\"og:description\" content=\"{:fr}ATL Software est une \u00e9quipe jeune et compos\u00e9e de d\u00e9veloppeurs sp\u00e9cialis\u00e9s qui con\u00e7oit des logiciels de gestion pour les instituts de formation{:en}In the Dominican Republic ATL Software regularly recruit project managers, hotline operators, graphic web designers, quality testers, etc.{:es}En la Rep\u00fablica Dominicana, ATL Software contrata con frecuencia nuevos desarrolladores, responsables de proyecto, personal de atenci\u00f3n al cliente, dise\u00f1adores web, testers de calidad, etc.{:}\" \/>\n<meta property=\"og:url\" content=\"https:\/\/atl-software.net\/es\/atl-software\/\" \/>\n<meta property=\"og:site_name\" content=\"ATL Software\" \/>\n<meta property=\"article:publisher\" content=\"https:\/\/www.facebook.com\/ATL-Software-724527551053606\/\" \/>\n<meta property=\"article:modified_time\" content=\"2023-11-10T19:59:16+00:00\" \/>\n<meta name=\"twitter:card\" content=\"summary_large_image\" \/>\n<meta name=\"twitter:site\" content=\"@SoftwareAtl\" \/>\n<script type=\"application\/ld+json\" class=\"yoast-schema-graph\">{\"@context\":\"https:\/\/schema.org\",\"@graph\":[{\"@type\":\"WebPage\",\"@id\":\"https:\/\/atl-software.net\/es\/atl-software\/\",\"url\":\"https:\/\/atl-software.net\/es\/atl-software\/\",\"name\":\"[:fr]D\u00e9couvrez notre histoire et notre \u00e9quipe - ATL Software[:en]Who we are[:es]Qui\u00e9nes somos[:]\",\"isPartOf\":{\"@id\":\"https:\/\/atl-software.net\/#website\"},\"datePublished\":\"2016-09-17T16:17:31+00:00\",\"dateModified\":\"2023-11-10T19:59:16+00:00\",\"description\":\"{:fr}ATL Software est une \u00e9quipe jeune et compos\u00e9e de d\u00e9veloppeurs sp\u00e9cialis\u00e9s qui con\u00e7oit des logiciels de gestion pour les instituts de formation{:en}In the Dominican Republic ATL Software regularly recruit project managers, hotline operators, graphic web designers, quality testers, etc.{:es}En la Rep\u00fablica Dominicana, ATL Software contrata con frecuencia nuevos desarrolladores, responsables de proyecto, personal de atenci\u00f3n al cliente, dise\u00f1adores web, testers de calidad, etc.{:}\",\"breadcrumb\":{\"@id\":\"https:\/\/atl-software.net\/es\/atl-software\/#breadcrumb\"},\"inLanguage\":\"es\",\"potentialAction\":[{\"@type\":\"ReadAction\",\"target\":[\"https:\/\/atl-software.net\/es\/atl-software\/\"]}]},{\"@type\":\"BreadcrumbList\",\"@id\":\"https:\/\/atl-software.net\/es\/atl-software\/#breadcrumb\",\"itemListElement\":[{\"@type\":\"ListItem\",\"position\":1,\"name\":\"Accueil\",\"item\":\"https:\/\/atl-software.net\/en\/\"},{\"@type\":\"ListItem\",\"position\":2,\"name\":\"ATL Software\"}]},{\"@type\":\"WebSite\",\"@id\":\"https:\/\/atl-software.net\/#website\",\"url\":\"https:\/\/atl-software.net\/\",\"name\":\"ATL Software\",\"description\":\"\",\"publisher\":{\"@id\":\"https:\/\/atl-software.net\/#organization\"},\"potentialAction\":[{\"@type\":\"SearchAction\",\"target\":{\"@type\":\"EntryPoint\",\"urlTemplate\":\"https:\/\/atl-software.net\/?s={search_term_string}\"},\"query-input\":\"required name=search_term_string\"}],\"inLanguage\":\"es\"},{\"@type\":\"Organization\",\"@id\":\"https:\/\/atl-software.net\/#organization\",\"name\":\"ATL Software\",\"url\":\"https:\/\/atl-software.net\/\",\"logo\":{\"@type\":\"ImageObject\",\"inLanguage\":\"es\",\"@id\":\"https:\/\/atl-software.net\/#\/schema\/logo\/image\/\",\"url\":\"https:\/\/atl-software.net\/wp-content\/uploads\/2023\/04\/Interfaz-moderna-AEC.png\",\"contentUrl\":\"https:\/\/atl-software.net\/wp-content\/uploads\/2023\/04\/Interfaz-moderna-AEC.png\",\"width\":918,\"height\":673,\"caption\":\"ATL Software\"},\"image\":{\"@id\":\"https:\/\/atl-software.net\/#\/schema\/logo\/image\/\"},\"sameAs\":[\"https:\/\/www.facebook.com\/ATL-Software-724527551053606\/\",\"https:\/\/twitter.com\/SoftwareAtl\",\"https:\/\/www.linkedin.com\/in\/atl-software-logiciel-arc-en-ciel-a9428b91\/\",\"https:\/\/www.youtube.com\/watch?v=prCVSFs_vZg\"]}]}<\/script>\n<!-- \/ Yoast SEO plugin. -->","yoast_head_json":{"title":"Qui\u00e9nes somos","description":"En la Rep\u00fablica Dominicana, ATL Software contrata con frecuencia nuevos desarrolladores, responsables de proyecto, personal de atenci\u00f3n al cliente, dise\u00f1adores web, testers de calidad, etc.","robots":{"index":"index","follow":"follow","max-snippet":"max-snippet:-1","max-image-preview":"max-image-preview:large","max-video-preview":"max-video-preview:-1"},"canonical":"https:\/\/atl-software.net\/es\/atl-software\/","og_locale":"es_ES","og_type":"article","og_title":"[:fr]D\u00e9couvrez notre histoire et notre \u00e9quipe - ATL Software[:en]Who we are[:es]Qui\u00e9nes somos[:]","og_description":"{:fr}ATL Software est une \u00e9quipe jeune et compos\u00e9e de d\u00e9veloppeurs sp\u00e9cialis\u00e9s qui con\u00e7oit des logiciels de gestion pour les instituts de formation{:en}In the Dominican Republic ATL Software regularly recruit project managers, hotline operators, graphic web designers, quality testers, etc.{:es}En la Rep\u00fablica Dominicana, ATL Software contrata con frecuencia nuevos desarrolladores, responsables de proyecto, personal de atenci\u00f3n al cliente, dise\u00f1adores web, testers de calidad, etc.{:}","og_url":"https:\/\/atl-software.net\/es\/atl-software\/","og_site_name":"ATL Software","article_publisher":"https:\/\/www.facebook.com\/ATL-Software-724527551053606\/","article_modified_time":"2023-11-10T19:59:16+00:00","twitter_card":"summary_large_image","twitter_site":"@SoftwareAtl","schema":{"@context":"https:\/\/schema.org","@graph":[{"@type":"WebPage","@id":"https:\/\/atl-software.net\/es\/atl-software\/","url":"https:\/\/atl-software.net\/es\/atl-software\/","name":"[:fr]D\u00e9couvrez notre histoire et notre \u00e9quipe - ATL Software[:en]Who we are[:es]Qui\u00e9nes somos[:]","isPartOf":{"@id":"https:\/\/atl-software.net\/#website"},"datePublished":"2016-09-17T16:17:31+00:00","dateModified":"2023-11-10T19:59:16+00:00","description":"{:fr}ATL Software est une \u00e9quipe jeune et compos\u00e9e de d\u00e9veloppeurs sp\u00e9cialis\u00e9s qui con\u00e7oit des logiciels de gestion pour les instituts de formation{:en}In the Dominican Republic ATL Software regularly recruit project managers, hotline operators, graphic web designers, quality testers, etc.{:es}En la Rep\u00fablica Dominicana, ATL Software contrata con frecuencia nuevos desarrolladores, responsables de proyecto, personal de atenci\u00f3n al cliente, dise\u00f1adores web, testers de calidad, etc.{:}","breadcrumb":{"@id":"https:\/\/atl-software.net\/es\/atl-software\/#breadcrumb"},"inLanguage":"es","potentialAction":[{"@type":"ReadAction","target":["https:\/\/atl-software.net\/es\/atl-software\/"]}]},{"@type":"BreadcrumbList","@id":"https:\/\/atl-software.net\/es\/atl-software\/#breadcrumb","itemListElement":[{"@type":"ListItem","position":1,"name":"Accueil","item":"https:\/\/atl-software.net\/en\/"},{"@type":"ListItem","position":2,"name":"ATL Software"}]},{"@type":"WebSite","@id":"https:\/\/atl-software.net\/#website","url":"https:\/\/atl-software.net\/","name":"ATL Software","description":"","publisher":{"@id":"https:\/\/atl-software.net\/#organization"},"potentialAction":[{"@type":"SearchAction","target":{"@type":"EntryPoint","urlTemplate":"https:\/\/atl-software.net\/?s={search_term_string}"},"query-input":"required name=search_term_string"}],"inLanguage":"es"},{"@type":"Organization","@id":"https:\/\/atl-software.net\/#organization","name":"ATL Software","url":"https:\/\/atl-software.net\/","logo":{"@type":"ImageObject","inLanguage":"es","@id":"https:\/\/atl-software.net\/#\/schema\/logo\/image\/","url":"https:\/\/atl-software.net\/wp-content\/uploads\/2023\/04\/Interfaz-moderna-AEC.png","contentUrl":"https:\/\/atl-software.net\/wp-content\/uploads\/2023\/04\/Interfaz-moderna-AEC.png","width":918,"height":673,"caption":"ATL Software"},"image":{"@id":"https:\/\/atl-software.net\/#\/schema\/logo\/image\/"},"sameAs":["https:\/\/www.facebook.com\/ATL-Software-724527551053606\/","https:\/\/twitter.com\/SoftwareAtl","https:\/\/www.linkedin.com\/in\/atl-software-logiciel-arc-en-ciel-a9428b91\/","https:\/\/www.youtube.com\/watch?v=prCVSFs_vZg"]}]}},"uagb_featured_image_src":{"full":false,"thumbnail":false,"medium":false,"medium_large":false,"large":false,"1536x1536":false,"2048x2048":false,"bones-thumb-600":false,"bones-thumb-300":false,"post-thumbnail":false},"uagb_author_info":{"display_name":"admin","author_link":"https:\/\/atl-software.net\/es\/author\/admin\/"},"uagb_comment_info":0,"uagb_excerpt":null,"_links":{"self":[{"href":"https:\/\/atl-software.net\/es\/wp-json\/wp\/v2\/pages\/9"}],"collection":[{"href":"https:\/\/atl-software.net\/es\/wp-json\/wp\/v2\/pages"}],"about":[{"href":"https:\/\/atl-software.net\/es\/wp-json\/wp\/v2\/types\/page"}],"author":[{"embeddable":true,"href":"https:\/\/atl-software.net\/es\/wp-json\/wp\/v2\/users\/2"}],"replies":[{"embeddable":true,"href":"https:\/\/atl-software.net\/es\/wp-json\/wp\/v2\/comments?post=9"}],"version-history":[{"count":42,"href":"https:\/\/atl-software.net\/es\/wp-json\/wp\/v2\/pages\/9\/revisions"}],"predecessor-version":[{"id":4084,"href":"https:\/\/atl-software.net\/es\/wp-json\/wp\/v2\/pages\/9\/revisions\/4084"}],"wp:attachment":[{"href":"https:\/\/atl-software.net\/es\/wp-json\/wp\/v2\/media?parent=9"}],"curies":[{"name":"wp","href":"https:\/\/api.w.org\/{rel}","templated":true}]}}