{"id":855,"date":"2018-07-25T16:12:54","date_gmt":"2018-07-25T14:12:54","guid":{"rendered":"http:\/\/atl-software.net\/?page_id=855"},"modified":"2019-02-27T14:52:45","modified_gmt":"2019-02-27T13:52:45","slug":"juin-2018-atl-software-rencontre-ses-clients-a-madrid","status":"publish","type":"page","link":"https:\/\/atl-software.net\/es\/juin-2018-atl-software-rencontre-ses-clients-a-madrid\/","title":{"rendered":"Junio 2018 : ATL Software se re\u00fane con clientes en Madrid"},"content":{"rendered":"<p><\/p>\n<p class=\"p1\">Muchos de\u00a0nuestros clientes han expresado su deseo de intercambios m\u00e1s regulares con el equipo de <strong>ATL Software<\/strong>. Les escuchamos y es un placer que se haya celebrado una primera reuni\u00f3n en Madrid en mayo de 2018 con equipos de institutos franceses de diferentes pa\u00edses.<\/p>\n<p class=\"p1\">Ha sido un ambiente muy c\u00f3modo para compartir experiencias, buenas pr\u00e1cticas y una visi\u00f3n compartida sobre la evoluci\u00f3n del software de gesti\u00f3n de cursos <strong>Arc-en-Ciel (AEC)<\/strong>.<\/p>\n<p class=\"p1\">Todos y cualquiera que sea su funci\u00f3n, han elogiado la facilidad de uso de la soluci\u00f3n, su \u00abtodo en uno\u00bb (soluci\u00f3n global), su intuitividad y su capacidad para gestionar todos los problemas de los centros de cursos con un solo clic.<\/p>\n<p class=\"p1\">Te invitamos a revivir estos momentos en el video resumen de esta ocasi\u00f3n.<\/p>\n<p><iframe loading=\"lazy\" width=\"680\" height=\"383\" src=\"https:\/\/www.youtube.com\/embed\/prCVSFs_vZg?feature=oembed\" frameborder=\"0\" allow=\"accelerometer; autoplay; encrypted-media; gyroscope; picture-in-picture\" allowfullscreen><\/iframe><\/p>\n<p>Una reuni\u00f3n en buena forma que queremos renovar regularmente con nuestros clientes, as\u00ed que no dude en <strong><a href=\"https:\/\/atl-software.net\/es\/atl-software\/contact\/\">contactarnos<\/a> <\/strong>para participar en estas reuniones. Adem\u00e1s, pronto lanzaremos una comunicaci\u00f3n por correo electr\u00f3nico para crear un enlace permanente con usted&#8230; as\u00ed que nos veremos pronto.<\/p>","protected":false},"excerpt":{"rendered":"<p>Muchos de\u00a0nuestros clientes han expresado su deseo de intercambios m\u00e1s regulares con el equipo de ATL Software. Les escuchamos y es un placer que se haya celebrado una primera reuni\u00f3n en Madrid en mayo de 2018 con equipos de institutos franceses de diferentes pa\u00edses. Ha sido un ambiente muy c\u00f3modo para compartir experiencias, buenas pr\u00e1cticas&#8230;  <a class=\"excerpt-read-more\" href=\"https:\/\/atl-software.net\/es\/juin-2018-atl-software-rencontre-ses-clients-a-madrid\/\" title=\"Read Junio 2018 : ATL Software se re\u00fane con clientes en Madrid\">Leer m\u00e1s &raquo;<\/a><\/p>\n","protected":false},"author":2,"featured_media":0,"parent":0,"menu_order":0,"comment_status":"closed","ping_status":"closed","template":"template\/template-ml.php","meta":{"_uag_custom_page_level_css":""},"acf":[],"yoast_head":"<!-- This site is optimized with the Yoast SEO plugin v20.13 - https:\/\/yoast.com\/wordpress\/plugins\/seo\/ -->\n<title>Junio 2018 : ATL Software se re\u00fane con clientes en Madrid - ATL Software<\/title>\n<meta name=\"robots\" content=\"index, follow, max-snippet:-1, max-image-preview:large, max-video-preview:-1\" \/>\n<link rel=\"canonical\" href=\"https:\/\/atl-software.net\/juin-2018-atl-software-rencontre-ses-clients-a-madrid\/\" \/>\n<meta property=\"og:locale\" content=\"es_ES\" \/>\n<meta property=\"og:type\" content=\"article\" \/>\n<meta property=\"og:title\" content=\"Junio 2018 : ATL Software se re\u00fane con clientes en Madrid - ATL Software\" \/>\n<meta property=\"og:description\" content=\"Muchos de\u00a0nuestros clientes han expresado su deseo de intercambios m\u00e1s regulares con el equipo de ATL Software. Les escuchamos y es un placer que se haya celebrado una primera reuni\u00f3n en Madrid en mayo de 2018 con equipos de institutos franceses de diferentes pa\u00edses. Ha sido un ambiente muy c\u00f3modo para compartir experiencias, buenas pr\u00e1cticas... Leer m\u00e1s &raquo;\" \/>\n<meta property=\"og:url\" content=\"https:\/\/atl-software.net\/juin-2018-atl-software-rencontre-ses-clients-a-madrid\/\" \/>\n<meta property=\"og:site_name\" content=\"ATL Software\" \/>\n<meta property=\"article:publisher\" content=\"https:\/\/www.facebook.com\/ATL-Software-724527551053606\/\" \/>\n<meta property=\"article:modified_time\" content=\"2019-02-27T13:52:45+00:00\" \/>\n<meta name=\"twitter:card\" content=\"summary_large_image\" \/>\n<meta name=\"twitter:site\" content=\"@SoftwareAtl\" \/>\n<meta name=\"twitter:label1\" content=\"Est. reading time\" \/>\n\t<meta name=\"twitter:data1\" content=\"3 minutos\" \/>\n<script type=\"application\/ld+json\" class=\"yoast-schema-graph\">{\"@context\":\"https:\/\/schema.org\",\"@graph\":[{\"@type\":\"WebPage\",\"@id\":\"https:\/\/atl-software.net\/juin-2018-atl-software-rencontre-ses-clients-a-madrid\/\",\"url\":\"https:\/\/atl-software.net\/juin-2018-atl-software-rencontre-ses-clients-a-madrid\/\",\"name\":\"Junio 2018 : ATL Software se re\u00fane con clientes en Madrid - ATL Software\",\"isPartOf\":{\"@id\":\"https:\/\/atl-software.net\/#website\"},\"datePublished\":\"2018-07-25T14:12:54+00:00\",\"dateModified\":\"2019-02-27T13:52:45+00:00\",\"breadcrumb\":{\"@id\":\"https:\/\/atl-software.net\/juin-2018-atl-software-rencontre-ses-clients-a-madrid\/#breadcrumb\"},\"inLanguage\":\"es\",\"potentialAction\":[{\"@type\":\"ReadAction\",\"target\":[\"https:\/\/atl-software.net\/juin-2018-atl-software-rencontre-ses-clients-a-madrid\/\"]}]},{\"@type\":\"BreadcrumbList\",\"@id\":\"https:\/\/atl-software.net\/juin-2018-atl-software-rencontre-ses-clients-a-madrid\/#breadcrumb\",\"itemListElement\":[{\"@type\":\"ListItem\",\"position\":1,\"name\":\"Accueil\",\"item\":\"https:\/\/atl-software.net\/en\/\"},{\"@type\":\"ListItem\",\"position\":2,\"name\":\"Juin 2018 : ATL Software rencontre ses clients \u00e0 Madrid\"}]},{\"@type\":\"WebSite\",\"@id\":\"https:\/\/atl-software.net\/#website\",\"url\":\"https:\/\/atl-software.net\/\",\"name\":\"ATL Software\",\"description\":\"\",\"publisher\":{\"@id\":\"https:\/\/atl-software.net\/#organization\"},\"potentialAction\":[{\"@type\":\"SearchAction\",\"target\":{\"@type\":\"EntryPoint\",\"urlTemplate\":\"https:\/\/atl-software.net\/?s={search_term_string}\"},\"query-input\":\"required name=search_term_string\"}],\"inLanguage\":\"es\"},{\"@type\":\"Organization\",\"@id\":\"https:\/\/atl-software.net\/#organization\",\"name\":\"ATL Software\",\"url\":\"https:\/\/atl-software.net\/\",\"logo\":{\"@type\":\"ImageObject\",\"inLanguage\":\"es\",\"@id\":\"https:\/\/atl-software.net\/#\/schema\/logo\/image\/\",\"url\":\"https:\/\/atl-software.net\/wp-content\/uploads\/2023\/04\/Interfaz-moderna-AEC.png\",\"contentUrl\":\"https:\/\/atl-software.net\/wp-content\/uploads\/2023\/04\/Interfaz-moderna-AEC.png\",\"width\":918,\"height\":673,\"caption\":\"ATL Software\"},\"image\":{\"@id\":\"https:\/\/atl-software.net\/#\/schema\/logo\/image\/\"},\"sameAs\":[\"https:\/\/www.facebook.com\/ATL-Software-724527551053606\/\",\"https:\/\/twitter.com\/SoftwareAtl\",\"https:\/\/www.linkedin.com\/in\/atl-software-logiciel-arc-en-ciel-a9428b91\/\",\"https:\/\/www.youtube.com\/watch?v=prCVSFs_vZg\"]}]}<\/script>\n<!-- \/ Yoast SEO plugin. -->","yoast_head_json":{"title":"Junio 2018 : ATL Software se re\u00fane con clientes en Madrid - ATL Software","robots":{"index":"index","follow":"follow","max-snippet":"max-snippet:-1","max-image-preview":"max-image-preview:large","max-video-preview":"max-video-preview:-1"},"canonical":"https:\/\/atl-software.net\/juin-2018-atl-software-rencontre-ses-clients-a-madrid\/","og_locale":"es_ES","og_type":"article","og_title":"Junio 2018 : ATL Software se re\u00fane con clientes en Madrid - ATL Software","og_description":"Muchos de\u00a0nuestros clientes han expresado su deseo de intercambios m\u00e1s regulares con el equipo de ATL Software. Les escuchamos y es un placer que se haya celebrado una primera reuni\u00f3n en Madrid en mayo de 2018 con equipos de institutos franceses de diferentes pa\u00edses. Ha sido un ambiente muy c\u00f3modo para compartir experiencias, buenas pr\u00e1cticas... Leer m\u00e1s &raquo;","og_url":"https:\/\/atl-software.net\/juin-2018-atl-software-rencontre-ses-clients-a-madrid\/","og_site_name":"ATL Software","article_publisher":"https:\/\/www.facebook.com\/ATL-Software-724527551053606\/","article_modified_time":"2019-02-27T13:52:45+00:00","twitter_card":"summary_large_image","twitter_site":"@SoftwareAtl","twitter_misc":{"Est. reading time":"3 minutos"},"schema":{"@context":"https:\/\/schema.org","@graph":[{"@type":"WebPage","@id":"https:\/\/atl-software.net\/juin-2018-atl-software-rencontre-ses-clients-a-madrid\/","url":"https:\/\/atl-software.net\/juin-2018-atl-software-rencontre-ses-clients-a-madrid\/","name":"Junio 2018 : ATL Software se re\u00fane con clientes en Madrid - ATL Software","isPartOf":{"@id":"https:\/\/atl-software.net\/#website"},"datePublished":"2018-07-25T14:12:54+00:00","dateModified":"2019-02-27T13:52:45+00:00","breadcrumb":{"@id":"https:\/\/atl-software.net\/juin-2018-atl-software-rencontre-ses-clients-a-madrid\/#breadcrumb"},"inLanguage":"es","potentialAction":[{"@type":"ReadAction","target":["https:\/\/atl-software.net\/juin-2018-atl-software-rencontre-ses-clients-a-madrid\/"]}]},{"@type":"BreadcrumbList","@id":"https:\/\/atl-software.net\/juin-2018-atl-software-rencontre-ses-clients-a-madrid\/#breadcrumb","itemListElement":[{"@type":"ListItem","position":1,"name":"Accueil","item":"https:\/\/atl-software.net\/en\/"},{"@type":"ListItem","position":2,"name":"Juin 2018 : ATL Software rencontre ses clients \u00e0 Madrid"}]},{"@type":"WebSite","@id":"https:\/\/atl-software.net\/#website","url":"https:\/\/atl-software.net\/","name":"ATL Software","description":"","publisher":{"@id":"https:\/\/atl-software.net\/#organization"},"potentialAction":[{"@type":"SearchAction","target":{"@type":"EntryPoint","urlTemplate":"https:\/\/atl-software.net\/?s={search_term_string}"},"query-input":"required name=search_term_string"}],"inLanguage":"es"},{"@type":"Organization","@id":"https:\/\/atl-software.net\/#organization","name":"ATL Software","url":"https:\/\/atl-software.net\/","logo":{"@type":"ImageObject","inLanguage":"es","@id":"https:\/\/atl-software.net\/#\/schema\/logo\/image\/","url":"https:\/\/atl-software.net\/wp-content\/uploads\/2023\/04\/Interfaz-moderna-AEC.png","contentUrl":"https:\/\/atl-software.net\/wp-content\/uploads\/2023\/04\/Interfaz-moderna-AEC.png","width":918,"height":673,"caption":"ATL Software"},"image":{"@id":"https:\/\/atl-software.net\/#\/schema\/logo\/image\/"},"sameAs":["https:\/\/www.facebook.com\/ATL-Software-724527551053606\/","https:\/\/twitter.com\/SoftwareAtl","https:\/\/www.linkedin.com\/in\/atl-software-logiciel-arc-en-ciel-a9428b91\/","https:\/\/www.youtube.com\/watch?v=prCVSFs_vZg"]}]}},"uagb_featured_image_src":{"full":false,"thumbnail":false,"medium":false,"medium_large":false,"large":false,"1536x1536":false,"2048x2048":false,"bones-thumb-600":false,"bones-thumb-300":false,"post-thumbnail":false},"uagb_author_info":{"display_name":"admin","author_link":"https:\/\/atl-software.net\/es\/author\/admin\/"},"uagb_comment_info":0,"uagb_excerpt":"Muchos de\u00a0nuestros clientes han expresado su deseo de intercambios m\u00e1s regulares con el equipo de ATL Software. Les escuchamos y es un placer que se haya celebrado una primera reuni\u00f3n en Madrid en mayo de 2018 con equipos de institutos franceses de diferentes pa\u00edses. Ha sido un ambiente muy c\u00f3modo para compartir experiencias, buenas pr\u00e1cticas...&hellip;","_links":{"self":[{"href":"https:\/\/atl-software.net\/es\/wp-json\/wp\/v2\/pages\/855"}],"collection":[{"href":"https:\/\/atl-software.net\/es\/wp-json\/wp\/v2\/pages"}],"about":[{"href":"https:\/\/atl-software.net\/es\/wp-json\/wp\/v2\/types\/page"}],"author":[{"embeddable":true,"href":"https:\/\/atl-software.net\/es\/wp-json\/wp\/v2\/users\/2"}],"replies":[{"embeddable":true,"href":"https:\/\/atl-software.net\/es\/wp-json\/wp\/v2\/comments?post=855"}],"version-history":[{"count":23,"href":"https:\/\/atl-software.net\/es\/wp-json\/wp\/v2\/pages\/855\/revisions"}],"predecessor-version":[{"id":1396,"href":"https:\/\/atl-software.net\/es\/wp-json\/wp\/v2\/pages\/855\/revisions\/1396"}],"wp:attachment":[{"href":"https:\/\/atl-software.net\/es\/wp-json\/wp\/v2\/media?parent=855"}],"curies":[{"name":"wp","href":"https:\/\/api.w.org\/{rel}","templated":true}]}}