{"id":741,"date":"2018-06-27T10:52:03","date_gmt":"2018-06-27T08:52:03","guid":{"rendered":"http:\/\/atl-software.net\/?page_id=741"},"modified":"2021-10-21T20:50:11","modified_gmt":"2021-10-21T18:50:11","slug":"actualite","status":"publish","type":"page","link":"https:\/\/atl-software.net\/es\/actualites-atl-software\/","title":{"rendered":"Noticias ATL Software"},"content":{"rendered":"<p><\/p>\n<ul>\n<li style=\"color: #337ab7;\">Octubre 2021 : AEC 2021 ya est\u00e1 disponible<\/li>\n<\/ul>\n<p>Luego de varios meses de trabajo, \u00a1le presentamos la versi\u00f3n 2021 de AEC!<br \/>\nEn esta p\u00e1gina encontrar\u00e1n las principales mejoras y nuevas funcionalidades que est\u00e1n disponibles en la versi\u00f3n 2021 de AEC.<\/p>\n<ul style=\"list-style: disclosure-closed; margin-left: 50px;\">\n<li>Marketing \/ Comunicaci\u00f3n<\/li>\n<li>P\u00e1gina web \/ Kiosque<\/li>\n<li>Aplicaci\u00f3n m\u00f3vil para docentes<\/li>\n<li>Interfaces con softwares de terceros y otras mejoras&#8230;<\/li>\n<\/ul>\n<p><a style=\"color: #337ab7;\" href=\"https:\/\/atl-software.net\/es\/aec-2021-esta-disponible\">Lea el art\u00edculo&#8230;<\/a><\/p>\n<ul>\n<li style=\"color: #337ab7;\">Agosto 2020 : AEC 2020 ya est\u00e1 disponible<\/li>\n<\/ul>\n<p>La actualizaci\u00f3n AEC 2020 trae nuevas mejoras y funcionalidades para su centro de cursos<\/p>\n<p><a style=\"color: #337ab7;\" href=\"https:\/\/atl-software.net\/es\/aec-2020-esta-disponible\">Lea el art\u00edculo&#8230;<\/a><\/p>\n<p>&nbsp;<\/p>\n<ul>\n<li style=\"color: #337ab7;\">Febrero 2020: Proveedores de pago en l\u00ednea compatibles con AEC<\/li>\n<\/ul>\n<p>Conoce <strong>los proveedores de pagos que tenemos disponibles<\/strong> para ser conectados a los m\u00f3dulos AEC y Kiosque para los pagos en l\u00ednea en m\u00e1s de 30 pa\u00edses.<\/p>\n<p><span style=\"color: #0084bc;\"><a style=\"color: #0084bc;\" href=\"https:\/\/atl-software.net\/conoce-nuestros-proveedores-de-pago-en-linea\/\">Lea el art\u00edculo&#8230;<\/a><\/span><\/p>\n<p>&nbsp;<\/p>\n<ul>\n<li style=\"color: #337ab7;\">Enero 2020: Conoce nuestras nuevas funcionalidades<\/li>\n<\/ul>\n<p>\u00a1Ya est\u00e1n disponibles <strong>nuevas funcionalidades en AEC<\/strong>! De esta forma, tenemos herramientas que har\u00e1n su trabajo diario a\u00fan m\u00e1s eficiente.<\/p>\n<p><span style=\"color: #0084bc;\"><a style=\"color: #0084bc;\" href=\"http:\/\/atl-software.net\/decouvrez-les-nouvelles-fonctionnalites\/\">Lea el art\u00edculo&#8230;<\/a><\/span><\/p>\n<p>&nbsp;<\/p>\n<ul>\n<li style=\"color: #337ab7;\">Noviembre 2019: \u00bfQu\u00e9 encontrar\u00e1 en las versiones AEC 2019?<\/li>\n<\/ul>\n<p><strong>Todos los d\u00edas trabajamos en mejoras<\/strong> a fin de optimizar nuestro sistema. En esta ocasi\u00f3n, queremos hablarle del progreso que hemos tenido en 2019, a fin de lograr que AEC sea mejor&#8230;.<\/p>\n<p><span style=\"color: #0084bc;\"><a style=\"color: #0084bc;\" href=\"http:\/\/atl-software.net\/what-will-find-in-aec-2019\/\">Lea el art\u00edculo&#8230;<\/a><\/span><\/p>\n<p>&nbsp;<\/p>\n<ul>\n<li style=\"color: #337ab7;\">Abril 2019: Capacitaci\u00f3n sobre Arc-en-Ciel en Grecia<\/li>\n<\/ul>\n<p>El Instituto Franc\u00e9s de Grecia <strong>es el lugar principal para los intercambios culturales y cient\u00edficos franco-hel\u00e9nicos.<\/strong> El instrumento de cooperaci\u00f3n entre los dos pa\u00edses. Su objetivo es&#8230;<\/p>\n<p><a style=\"color: #0084bc;\" href=\"https:\/\/atl-software.net\/es\/formation-a-linstitut-francais-dathenes-en-grece\/\">Lea el art\u00edculo&#8230;<\/a><\/p>\n<p>&nbsp;<\/p>\n<ul>\n<li style=\"color: #337ab7;\">Marzo 2019: Agilice y simplifique su administraci\u00f3n con el pago en l\u00ednea de AEC<\/li>\n<\/ul>\n<p><strong>\u00bfSab\u00eda usted? Con AEC &amp; Kiosque agiliza y simplifica la gesti\u00f3n con pago en l\u00ednea.<\/strong> La gesti\u00f3n administrativa, de acuerdo con los vol\u00famenes que se traten y el n\u00famero de actividades de cada establecimiento puede convertirse en una tarea tediosa.<\/p>\n<p><span style=\"color: #0084bc;\"><a style=\"color: #0084bc;\" href=\"http:\/\/atl-software.net\/make-management-tasks-easier-and-more-rational-with-online-payment\/\">Lea el art\u00edculo&#8230;<\/a><\/span><\/p>\n<p>&nbsp;<\/p>\n<ul>\n<li style=\"color: #337ab7;\">Febrero 2019: \u00bfSab\u00eda usted? Todos sus estudiantes est\u00e1n esperando (y so\u00f1ando) poder inscribirse en l\u00ednea\u2026<\/li>\n<\/ul>\n<p>\u00bfC\u00f3mo reducir las colas durante las inscripciones y optimizar la recopilaci\u00f3n de informaci\u00f3n de los solicitantes? Existen varias opciones: la contrataci\u00f3n de agentes de recepci\u00f3n, la creaci\u00f3n de quioscos interactivos, el registro en l\u00ednea\u2026<\/p>\n<p><span style=\"color: #0084bc;\"><a style=\"color: #0084bc;\" href=\"https:\/\/atl-software.net\/le-saviez-vous-tous-vos-eleves-attendent-et-revent-de-pouvoir-sinscrire-en-ligne\/\">Lea el art\u00edculo&#8230;<\/a><\/span><\/p>\n<ul>\n<li style=\"color: #337ab7;\">Febrero\u00a02019:\u00a0(Video) Testimonio de St\u00e9phane Giraud: Responsable Federal de marketing y desarrollo de los cursos de idiomas del Instituto Franc\u00e9s de Alemania<\/li>\n<\/ul>\n<p>St\u00e9phane Giraud, responsable Federal del IF de Alemania\u00a0y su coordinaci\u00f3n, comparte sus comentarios sobre el software AEC.<\/p>\n<p><span style=\"color: #0084bc;\"><a style=\"color: #0084bc;\" href=\"https:\/\/atl-software.net\/temoignage-video-aec-de-stephane-giraud-responsable-federal-des-cours-de-langues-des-if-allemagne\/\">Lea el art\u00edculo&#8230;<\/a><\/span><\/p>\n<p>&nbsp;<\/p>\n<ul>\n<li style=\"color: #337ab7;\">Febrero 2019: Formaci\u00f3n en el CILEC<\/li>\n<\/ul>\n<p><strong>Formaci\u00f3n en el CILEC en Saint Etienne, una nueva oportunidad para ATL Software<\/strong><br \/>\nEl Centro Internacional de Lenguaje y Civilizaci\u00f3n, integrado en la Universidad Jean Monnet (UJM) de Saint Etienne, recibe estudiantes durante todo el a\u00f1o, de septiembre a agosto, tanto durante el a\u00f1o acad\u00e9mico como durante el verano.<\/p>\n<p><span style=\"color: #0084bc;\"><a style=\"color: #0084bc;\" href=\"http:\/\/atl-software.net\/formation-au-cilec-saint-etienne-une-opportunite-nouvelle-pour-atl-software\/\">Lea el art\u00edculo&#8230;<\/a>\u00a0<\/span><\/p>\n<p>&nbsp;<\/p>\n<ul>\n<li style=\"color: #337ab7;\">Febrero 2019: ATL Software lleva Arc-en-Ciel a Estrasburgo<\/li>\n<\/ul>\n<p>La <strong>Alianza Francesa de Estrasburgo<\/strong>, es una de las 800 Alianzas Francesas presentes en el mundo. Esta, re\u00fane un n\u00famero importante de voluntarios deseando invertir en la promoci\u00f3n de la lengua francesa&#8230;.<\/p>\n<p><a style=\"color: #0084bc;\" href=\"https:\/\/atl-software.net\/arc-en-ciel-en-strasbourg\/\">Lea el art\u00edculo&#8230;<\/a><\/p>\n<p>&nbsp;<\/p>\n<ul>\n<li style=\"color: #337ab7;\">Febrero 2019: Capacitaci\u00f3n sobre Arc-en-Ciel en Grecia<\/li>\n<\/ul>\n<p>El Instituto Franc\u00e9s de Grecia es el lugar principal para los intercambios culturales y cient\u00edficos franco-hel\u00e9nicos. Su objetivo es garantizar que, a largo plazo, las \u00e9lites intelectuales, administrativas, creativas e incluso econ\u00f3micas de Grecia sigan refiri\u00e9ndose a Francia como una fuente de inspiraci\u00f3n. AEC pretende aportar en la carrera hacia este objetivo gracias a la optimizaci\u00f3n de la gesti\u00f3n de cursos&#8230;.<\/p>\n<p>&nbsp;<\/p>\n<p><a style=\"color: #0084bc;\" href=\"https:\/\/atl-software.net\/capacitacion-arc-en-ciel-en-grecia\/\">Lea el art\u00edculo&#8230;<\/a><\/p>\n<ul>\n<li style=\"color: #337ab7;\">Febrero 2019:\u00a0 Arc-en-Ciel llega a la Alianza francesa de Grenoble<\/li>\n<\/ul>\n<p>En su preocupaci\u00f3n por la gesti\u00f3n de cursos y la modernizaci\u00f3n de los procesos administrativos, la Alianza Francesa de Grenoble ha optado por implementar el uso del software de gesti\u00f3n de cursos AEC.\u00a0<span style=\"color: #0084bc;\"><a style=\"color: #0084bc;\" href=\"https:\/\/atl-software.net\/\">ATL Software<\/a> <\/span>ha brindado una sesi\u00f3n de capacitaci\u00f3n durante varios d\u00edas en la AFG.<\/p>\n<p><a style=\"color: #0084bc;\" href=\"https:\/\/atl-software.net\/arc-en-ciel-a-grenoble\/\">Lea el art\u00edculo&#8230;<\/a><\/p>\n<p>&nbsp;<\/p>\n<ul>\n<li style=\"color: #337ab7;\">Enero 2019: (Video)\u00a0Testimonio de AEC en el Instituto Franc\u00e9s en Espa\u00f1a: Abdou Belarbi<\/li>\n<\/ul>\n<p>\u00bfC\u00f3mo hacer feliz al personal del centro? Vea el testimonio de Abdou Belarbi, recepcionista del IF Madrid, para quien volver atr\u00e1s sin Arc-en-Ciel ser\u00eda dif\u00edcil.<\/p>\n<p><span style=\"color: #0084bc;\"><a style=\"color: #0084bc;\" href=\"https:\/\/atl-software.net\/es\/temoignage-video-aec-de-linstitut-francais-en-espagne-abdou-belarbi\/\">Vea el video<\/a><\/span><\/p>\n<p>&nbsp;<\/p>\n<ul>\n<li style=\"color: #337ab7;\">Enero\u00a02019: Formaci\u00f3n Arc-en-Ciel en el Instituto Franc\u00e9s de Espa\u00f1a<\/li>\n<\/ul>\n<p>ATL Software proporcion\u00f3 una nueva capacitaci\u00f3n en un contexto multic\u00e9ntrico para el Instituto Franc\u00e9s en Espa\u00f1a. En Madrid, el Instituto Franc\u00e9s es el lugar privilegiado de la presencia cultural francesa en esa ciudad\u00a0&#8230;<\/p>\n<p><a style=\"color: #0084bc;\" href=\"https:\/\/atl-software.net\/une-formation-arc-en-ciel-a-linstitut-francais-espagne\/\">Lea el art\u00edculo&#8230;<\/a><\/p>\n<p>&nbsp;<\/p>\n<ul>\n<li style=\"color: #337ab7;\">Diciembre 2018 : Capacitaci\u00f3n Arc-en-Ciel en la escuela AAA de Par\u00eds<\/li>\n<\/ul>\n<p>Los estudiantes de la escuela AAA en Par\u00eds, instituto especializado en la ense\u00f1anza de idiomas y el intercambio cultural recibieron capacitaci\u00f3n para el uso de AEC. La escuela ofrece un lugar de encuentro y de intercambio entre los expatriados asi\u00e1ticos y los amantes franceses de Asia.<\/p>\n<p><a style=\"color: #0084bc;\" href=\"http:\/\/atl-software.net\/formation-arc-en-ciel-a-lecole-aaa-de-paris\/\">Lea el art\u00edculo&#8230;<\/a><\/p>\n<p>&nbsp;<\/p>\n<ul>\n<li style=\"color: #337ab7;\">Noviembre 2018 : La versi\u00f3n 2.10.12 del software de gesti\u00f3n de cursos AEC ya est\u00e1 disponible<\/li>\n<\/ul>\n<p>ATL Software hace evolucionar de manera constante su oferta de acuerdo a sus peticiones. Estamos orgullosos de presentarles las funcionalidades claves de la nueva versi\u00f3n del programa de gesti\u00f3n de cursos (AEC).<\/p>\n<p><a style=\"color: #0084bc;\" href=\"http:\/\/atl-software.net\/version-2-10-12\/\">Lea el art\u00edculo&#8230;<\/a><\/p>\n<p>&nbsp;<\/p>\n<ul>\n<li style=\"color: #337ab7;\">Octubre 2018 : Capacitaci\u00f3n Arc-en-Ciel en la Alianza Francesa de T\u00fanez<\/li>\n<\/ul>\n<p>La Alianza Francesa de T\u00fanez (AFT), reabri\u00f3 sus puertas en agosto pasado, despu\u00e9s de 70 a\u00f1os de ausencia. La AFT es actualmente la primero de la red tunecina y est\u00e1 previsto abrir otros establecimientos a fin de a\u00f1o en el pa\u00eds&#8230;<\/p>\n<p><span style=\"color: #0084bc;\">\u00a0<a style=\"color: #0084bc;\" href=\"http:\/\/atl-software.net\/actualite\/formation-arc-en-ciel-a-lalliance-francaise-de-tunis\/\">Lea el art\u00edculo&#8230;<\/a><\/span><\/p>\n<p>&nbsp;<\/p>\n<ul>\n<li style=\"color: #337ab7;\">Junio 2018 : ATL Software se re\u00fane con clientes en Madrid<\/li>\n<\/ul>\n<p>Muchos de nuestros clientes han expresado su deseo de intercambios m\u00e1s regulares con nuestro equipo. Les escuchamos y es un placer que se haya celebrado una primera reuni\u00f3n en Madrid en mayo de 2018 con equipos de institutos franceses de diferentes pa\u00edses.<\/p>\n<p><span style=\"color: #0084bc;\"><a style=\"color: #0084bc;\" href=\"https:\/\/atl-software.net\/juin-2018-atl-software-rencontre-ses-clients-a-madrid\/\">Lea el art\u00edculo&#8230;<\/a><\/span><\/p>\n<p>&nbsp;<\/p>","protected":false},"excerpt":{"rendered":"<p>Octubre 2021 : AEC 2021 ya est\u00e1 disponible Luego de varios meses de trabajo, \u00a1le presentamos la versi\u00f3n 2021 de AEC! En esta p\u00e1gina encontrar\u00e1n las principales mejoras y nuevas funcionalidades que est\u00e1n disponibles en la versi\u00f3n 2021 de AEC. Marketing \/ Comunicaci\u00f3n P\u00e1gina web \/ Kiosque Aplicaci\u00f3n m\u00f3vil para docentes Interfaces con softwares de&#8230;  <a class=\"excerpt-read-more\" href=\"https:\/\/atl-software.net\/es\/actualites-atl-software\/\" title=\"Read Noticias ATL Software\">Leer m\u00e1s &raquo;<\/a><\/p>\n","protected":false},"author":2,"featured_media":0,"parent":0,"menu_order":0,"comment_status":"closed","ping_status":"closed","template":"template\/template-ml.php","meta":{"_uag_custom_page_level_css":""},"acf":[],"yoast_head":"<!-- This site is optimized with the Yoast SEO plugin v20.13 - https:\/\/yoast.com\/wordpress\/plugins\/seo\/ -->\n<title>Noticias ATL Software - ATL Software<\/title>\n<meta name=\"description\" content=\"Toutes les actualit\u00e9s de ATL Software, de nos logiciels de gestion de cours AEC \/ Agora et Kiosque sont \u00e0 retrouver et lire ici.\" \/>\n<meta name=\"robots\" content=\"index, follow, max-snippet:-1, max-image-preview:large, max-video-preview:-1\" \/>\n<link rel=\"canonical\" href=\"https:\/\/atl-software.net\/actualites-atl-software\/\" \/>\n<meta property=\"og:locale\" content=\"es_ES\" \/>\n<meta property=\"og:type\" content=\"article\" \/>\n<meta property=\"og:title\" content=\"Noticias ATL Software - ATL Software\" \/>\n<meta property=\"og:description\" content=\"Toutes les actualit\u00e9s de ATL Software, de nos logiciels de gestion de cours AEC \/ Agora et Kiosque sont \u00e0 retrouver et lire ici.\" \/>\n<meta property=\"og:url\" content=\"https:\/\/atl-software.net\/actualites-atl-software\/\" \/>\n<meta property=\"og:site_name\" content=\"ATL Software\" \/>\n<meta property=\"article:publisher\" content=\"https:\/\/www.facebook.com\/ATL-Software-724527551053606\/\" \/>\n<meta property=\"article:modified_time\" content=\"2021-10-21T18:50:11+00:00\" \/>\n<meta name=\"twitter:card\" content=\"summary_large_image\" \/>\n<meta name=\"twitter:site\" content=\"@SoftwareAtl\" \/>\n<meta name=\"twitter:label1\" content=\"Est. reading time\" \/>\n\t<meta name=\"twitter:data1\" content=\"14 minutos\" \/>\n<script type=\"application\/ld+json\" class=\"yoast-schema-graph\">{\"@context\":\"https:\/\/schema.org\",\"@graph\":[{\"@type\":\"WebPage\",\"@id\":\"https:\/\/atl-software.net\/actualites-atl-software\/\",\"url\":\"https:\/\/atl-software.net\/actualites-atl-software\/\",\"name\":\"Noticias ATL Software - ATL Software\",\"isPartOf\":{\"@id\":\"https:\/\/atl-software.net\/#website\"},\"datePublished\":\"2018-06-27T08:52:03+00:00\",\"dateModified\":\"2021-10-21T18:50:11+00:00\",\"description\":\"Toutes les actualit\u00e9s de ATL Software, de nos logiciels de gestion de cours AEC \/ Agora et Kiosque sont \u00e0 retrouver et lire ici.\",\"breadcrumb\":{\"@id\":\"https:\/\/atl-software.net\/actualites-atl-software\/#breadcrumb\"},\"inLanguage\":\"es\",\"potentialAction\":[{\"@type\":\"ReadAction\",\"target\":[\"https:\/\/atl-software.net\/actualites-atl-software\/\"]}]},{\"@type\":\"BreadcrumbList\",\"@id\":\"https:\/\/atl-software.net\/actualites-atl-software\/#breadcrumb\",\"itemListElement\":[{\"@type\":\"ListItem\",\"position\":1,\"name\":\"Accueil\",\"item\":\"https:\/\/atl-software.net\/en\/\"},{\"@type\":\"ListItem\",\"position\":2,\"name\":\"Actualit\u00e9s ATL Software\"}]},{\"@type\":\"WebSite\",\"@id\":\"https:\/\/atl-software.net\/#website\",\"url\":\"https:\/\/atl-software.net\/\",\"name\":\"ATL Software\",\"description\":\"\",\"publisher\":{\"@id\":\"https:\/\/atl-software.net\/#organization\"},\"potentialAction\":[{\"@type\":\"SearchAction\",\"target\":{\"@type\":\"EntryPoint\",\"urlTemplate\":\"https:\/\/atl-software.net\/?s={search_term_string}\"},\"query-input\":\"required name=search_term_string\"}],\"inLanguage\":\"es\"},{\"@type\":\"Organization\",\"@id\":\"https:\/\/atl-software.net\/#organization\",\"name\":\"ATL Software\",\"url\":\"https:\/\/atl-software.net\/\",\"logo\":{\"@type\":\"ImageObject\",\"inLanguage\":\"es\",\"@id\":\"https:\/\/atl-software.net\/#\/schema\/logo\/image\/\",\"url\":\"https:\/\/atl-software.net\/wp-content\/uploads\/2023\/04\/Interfaz-moderna-AEC.png\",\"contentUrl\":\"https:\/\/atl-software.net\/wp-content\/uploads\/2023\/04\/Interfaz-moderna-AEC.png\",\"width\":918,\"height\":673,\"caption\":\"ATL Software\"},\"image\":{\"@id\":\"https:\/\/atl-software.net\/#\/schema\/logo\/image\/\"},\"sameAs\":[\"https:\/\/www.facebook.com\/ATL-Software-724527551053606\/\",\"https:\/\/twitter.com\/SoftwareAtl\",\"https:\/\/www.linkedin.com\/in\/atl-software-logiciel-arc-en-ciel-a9428b91\/\",\"https:\/\/www.youtube.com\/watch?v=prCVSFs_vZg\"]}]}<\/script>\n<!-- \/ Yoast SEO plugin. -->","yoast_head_json":{"title":"Noticias ATL Software - ATL Software","description":"Toutes les actualit\u00e9s de ATL Software, de nos logiciels de gestion de cours AEC \/ Agora et Kiosque sont \u00e0 retrouver et lire ici.","robots":{"index":"index","follow":"follow","max-snippet":"max-snippet:-1","max-image-preview":"max-image-preview:large","max-video-preview":"max-video-preview:-1"},"canonical":"https:\/\/atl-software.net\/actualites-atl-software\/","og_locale":"es_ES","og_type":"article","og_title":"Noticias ATL Software - ATL Software","og_description":"Toutes les actualit\u00e9s de ATL Software, de nos logiciels de gestion de cours AEC \/ Agora et Kiosque sont \u00e0 retrouver et lire ici.","og_url":"https:\/\/atl-software.net\/actualites-atl-software\/","og_site_name":"ATL Software","article_publisher":"https:\/\/www.facebook.com\/ATL-Software-724527551053606\/","article_modified_time":"2021-10-21T18:50:11+00:00","twitter_card":"summary_large_image","twitter_site":"@SoftwareAtl","twitter_misc":{"Est. reading time":"14 minutos"},"schema":{"@context":"https:\/\/schema.org","@graph":[{"@type":"WebPage","@id":"https:\/\/atl-software.net\/actualites-atl-software\/","url":"https:\/\/atl-software.net\/actualites-atl-software\/","name":"Noticias ATL Software - ATL Software","isPartOf":{"@id":"https:\/\/atl-software.net\/#website"},"datePublished":"2018-06-27T08:52:03+00:00","dateModified":"2021-10-21T18:50:11+00:00","description":"Toutes les actualit\u00e9s de ATL Software, de nos logiciels de gestion de cours AEC \/ Agora et Kiosque sont \u00e0 retrouver et lire ici.","breadcrumb":{"@id":"https:\/\/atl-software.net\/actualites-atl-software\/#breadcrumb"},"inLanguage":"es","potentialAction":[{"@type":"ReadAction","target":["https:\/\/atl-software.net\/actualites-atl-software\/"]}]},{"@type":"BreadcrumbList","@id":"https:\/\/atl-software.net\/actualites-atl-software\/#breadcrumb","itemListElement":[{"@type":"ListItem","position":1,"name":"Accueil","item":"https:\/\/atl-software.net\/en\/"},{"@type":"ListItem","position":2,"name":"Actualit\u00e9s ATL Software"}]},{"@type":"WebSite","@id":"https:\/\/atl-software.net\/#website","url":"https:\/\/atl-software.net\/","name":"ATL Software","description":"","publisher":{"@id":"https:\/\/atl-software.net\/#organization"},"potentialAction":[{"@type":"SearchAction","target":{"@type":"EntryPoint","urlTemplate":"https:\/\/atl-software.net\/?s={search_term_string}"},"query-input":"required name=search_term_string"}],"inLanguage":"es"},{"@type":"Organization","@id":"https:\/\/atl-software.net\/#organization","name":"ATL Software","url":"https:\/\/atl-software.net\/","logo":{"@type":"ImageObject","inLanguage":"es","@id":"https:\/\/atl-software.net\/#\/schema\/logo\/image\/","url":"https:\/\/atl-software.net\/wp-content\/uploads\/2023\/04\/Interfaz-moderna-AEC.png","contentUrl":"https:\/\/atl-software.net\/wp-content\/uploads\/2023\/04\/Interfaz-moderna-AEC.png","width":918,"height":673,"caption":"ATL Software"},"image":{"@id":"https:\/\/atl-software.net\/#\/schema\/logo\/image\/"},"sameAs":["https:\/\/www.facebook.com\/ATL-Software-724527551053606\/","https:\/\/twitter.com\/SoftwareAtl","https:\/\/www.linkedin.com\/in\/atl-software-logiciel-arc-en-ciel-a9428b91\/","https:\/\/www.youtube.com\/watch?v=prCVSFs_vZg"]}]}},"uagb_featured_image_src":{"full":false,"thumbnail":false,"medium":false,"medium_large":false,"large":false,"1536x1536":false,"2048x2048":false,"bones-thumb-600":false,"bones-thumb-300":false,"post-thumbnail":false},"uagb_author_info":{"display_name":"admin","author_link":"https:\/\/atl-software.net\/es\/author\/admin\/"},"uagb_comment_info":0,"uagb_excerpt":"Octubre 2021 : AEC 2021 ya est\u00e1 disponible Luego de varios meses de trabajo, \u00a1le presentamos la versi\u00f3n 2021 de AEC! En esta p\u00e1gina encontrar\u00e1n las principales mejoras y nuevas funcionalidades que est\u00e1n disponibles en la versi\u00f3n 2021 de AEC. Marketing \/ Comunicaci\u00f3n P\u00e1gina web \/ Kiosque Aplicaci\u00f3n m\u00f3vil para docentes Interfaces con softwares de...&hellip;","_links":{"self":[{"href":"https:\/\/atl-software.net\/es\/wp-json\/wp\/v2\/pages\/741"}],"collection":[{"href":"https:\/\/atl-software.net\/es\/wp-json\/wp\/v2\/pages"}],"about":[{"href":"https:\/\/atl-software.net\/es\/wp-json\/wp\/v2\/types\/page"}],"author":[{"embeddable":true,"href":"https:\/\/atl-software.net\/es\/wp-json\/wp\/v2\/users\/2"}],"replies":[{"embeddable":true,"href":"https:\/\/atl-software.net\/es\/wp-json\/wp\/v2\/comments?post=741"}],"version-history":[{"count":106,"href":"https:\/\/atl-software.net\/es\/wp-json\/wp\/v2\/pages\/741\/revisions"}],"predecessor-version":[{"id":2668,"href":"https:\/\/atl-software.net\/es\/wp-json\/wp\/v2\/pages\/741\/revisions\/2668"}],"wp:attachment":[{"href":"https:\/\/atl-software.net\/es\/wp-json\/wp\/v2\/media?parent=741"}],"curies":[{"name":"wp","href":"https:\/\/api.w.org\/{rel}","templated":true}]}}