{"id":4095,"date":"2024-05-16T16:41:40","date_gmt":"2024-05-16T14:41:40","guid":{"rendered":"https:\/\/atl-software.net\/?page_id=4095"},"modified":"2024-06-11T16:14:39","modified_gmt":"2024-06-11T14:14:39","slug":"politique-de-confidentialite","status":"publish","type":"page","link":"https:\/\/atl-software.net\/es\/politica-de-confidencialidad\/","title":{"rendered":"Pol\u00edtica de confidencialidad"},"content":{"rendered":"<p><\/p>\n\n\n\n<div class=\"wp-block-uagb-advanced-heading uagb-block-18c345e5\"><h2 class=\"uagb-heading-text\">Pol\u00edtica de privacidad y RGPD &#8211; ATL SOFTWARE<\/h2><\/div>\n\n\n\n<div class=\"wp-block-uagb-advanced-heading uagb-block-a76bc7dd\"><h3 class=\"uagb-heading-text\">Pol\u00edtica de cookies de ATL SOFTWARE<\/h3><\/div>\n\n\n\n<p><strong>QU\u00c9 ES UNA COOKIE<\/strong><\/p>\n\n\n\n<p>Una \u00abcookie\u00bb es un archivo de tama\u00f1o limitado, generalmente formado por letras y n\u00fameros, enviado por el servidor web al archivo de cookies del navegador en el disco duro de su ordenador.<\/p>\n\n\n\n<p>Para saber m\u00e1s sobre las cookies, siga este enlace de la CNIL. En particular, descubrir\u00e1 c\u00f3mo configurar y bloquear las cookies si lo desea a trav\u00e9s de su navegador.<\/p>\n\n\n\n<p><strong>DIFERENTES TIPOS DE COOKIES<\/strong><\/p>\n\n\n\n<p>Estas cookies est\u00e1n sujetas a cambios. Nos esforzamos por actualizar regularmente la lista de cookies identificadas en nuestro sitio.<\/p>\n\n\n\n<p><strong>COOKIES NECESARIAS<\/strong><\/p>\n\n\n\n<p>Estas cookies permiten que el sitio funcione de forma \u00f3ptima. Puede rechazarlas y eliminarlas utilizando la configuraci\u00f3n de su navegador, pero su experiencia de usuario puede verse degradada.<\/p>\n\n\n\n<figure class=\"wp-block-table is-style-stripes\"><table><tbody><tr><td><strong><strong>Nombre de la cookie<\/strong><\/strong><\/td><td><strong><strong>Finalidad<\/strong><\/strong><\/td><td><strong><strong><strong>Per\u00edodo de retenci\u00f3n<\/strong><\/strong><\/strong><\/td><\/tr><tr><td>qtrans_front_language<\/td><td>Esta cookie la instala el plugin de WordPress qTranslate. La cookie se utiliza para gestionar el idioma preferido del visitante.<\/td><td>1 a\u00f1o<\/td><\/tr><tr><td>PHPSESSID<\/td><td>Esta cookie almacena e identifica el identificador de sesi\u00f3n \u00fanico de un usuario con el fin de gestionar las sesiones de usuario en el sitio web. Es una cookie de sesi\u00f3n que se borrar\u00e1 cuando se cierren todas las ventanas del navegador.<\/td><td>Sesi\u00f3n<\/td><\/tr><tr><td>__cf_bm<\/td><td>Esta cookie, establecida por Cloudflare, se utiliza para dar soporte a Cloudflare Bot Management.<\/td><td>1 hora<\/td><\/tr><\/tbody><\/table><\/figure>\n\n\n\n<p><strong>COOKIES ESTAD\u00cdSTICAS<\/strong><\/p>\n\n\n\n<p>Con el fin de adaptarnos mejor a las necesidades de los visitantes de nuestro sitio web, medimos el n\u00famero de visitas, el n\u00famero de p\u00e1ginas consultadas, as\u00ed como la actividad de los visitantes en el sitio y la frecuencia con la que vuelven.<\/p>\n\n\n\n<figure class=\"wp-block-table is-style-stripes\"><table><tbody><tr><td><strong><strong><strong><strong>Nombre de la cookie<\/strong><\/strong><\/strong><\/strong><\/td><td><strong><strong><strong><strong>Finalidad<\/strong><\/strong><\/strong><\/strong><\/td><td><strong><strong><strong><strong><strong>Per\u00edodo de retenci\u00f3n<\/strong><\/strong><\/strong><\/strong><\/strong><\/td><\/tr><tr><td>_ga<\/td><td>Google Analytics utiliza esta cookie para calcular los datos de visitantes, sesiones y campa\u00f1as y para realizar un seguimiento del uso del sitio como parte del informe de an\u00e1lisis del sitio. La cookie almacena la informaci\u00f3n de forma an\u00f3nima y asigna un n\u00famero generado aleatoriamente para reconocer a los visitantes \u00fanicos.<\/td><td>1 a\u00f1o 1 mes 4 d\u00edas<\/td><\/tr><tr><td>_ga_*<\/td><td>Google Analytics utiliza esta cookie para almacenar y contar las p\u00e1ginas vistas.<\/td><td>1 a\u00f1o 1 mes 4 d\u00edas<\/td><\/tr><tr><td>_fbp<\/td><td>Facebook utiliza esta cookie para mostrar anuncios en Facebook o en una plataforma digital con publicidad de Facebook despu\u00e9s de que usted visite el sitio web.<\/td><td>3 mes<\/td><\/tr><tr><td>_fw_crm_v<\/td><td>FreshChat utiliza esta cookie para rastrear la identidad de los visitantes y las sesiones de chat.<\/td><td>1 a\u00f1o<\/td><\/tr><tr><td>first_session<\/td><td>Identifica si se trata de la primera sesi\u00f3n de un usuario en el sitio con fines anal\u00edticos.<\/td><td>1 mes 1 d\u00eda<\/td><\/tr><\/tbody><\/table><\/figure>\n\n\n\n<p><strong><strong>COOKIES DE SEGURIDAD<\/strong><\/strong><\/p>\n\n\n\n<p>Estas cookies se utilizan para garantizar la seguridad del sitio web y de sus usuarios, identificando y mitigando posibles amenazas.<\/p>\n\n\n\n<figure class=\"wp-block-table is-style-stripes\"><table><tbody><tr><td><strong><strong><strong><strong><strong><strong><strong>Nombre de la cookie<\/strong><\/strong><\/strong><\/strong><\/strong><\/strong><\/strong><\/td><td><strong><strong><strong><strong><strong><strong><strong>Finalidad<\/strong><\/strong><\/strong><\/strong><\/strong><\/strong><\/strong><\/td><td><strong><strong><strong><strong><strong><strong><strong><strong>Per\u00edodo de retenci\u00f3n<\/strong><\/strong><\/strong><\/strong><\/strong><\/strong><\/strong><\/strong><\/td><\/tr><tr><td>_cfuvid<\/td><td>Identifica clientes individuales para aplicar configuraciones de seguridad espec\u00edficas.<\/td><td>Sesi\u00f3n<\/td><\/tr><tr><td>cf_clearance<\/td><td>Valida al usuario tras superar los retos de seguridad de Cloudflare.<\/td><td>30 minutos<\/td><\/tr><\/tbody><\/table><\/figure>\n\n\n\n<div style=\"height:30px\" aria-hidden=\"true\" class=\"wp-block-spacer\"><\/div>\n\n\n\n<div class=\"wp-block-uagb-advanced-heading uagb-block-64f0ff88\"><h3 class=\"uagb-heading-text\"><strong>Pol\u00edtica de protecci\u00f3n de datos personales de ATL SOFTWARE<\/strong><\/h3><\/div>\n\n\n\n<p><strong>\u00bfQui\u00e9n es responsable del tratamiento de mis datos personales?<\/strong><\/p>\n\n\n\n<p>Los datos personales recogidos en el sitio web atl-software.net son tratados por :<\/p>\n\n\n\n<p>ATL Software<br>Edificio Chahin, suite 301-305<br>Av. R\u00f3mulo Betancourt #1318 &#8211; Bella Vista<br>Santo Domingo, Rep\u00fablica Dominicana<\/p>\n\n\n\n<p>El responsable del tratamiento se denominar\u00e1 en lo sucesivo \u00abATL SOFTWARE\u00bb.<\/p>\n\n\n\n<p><strong>\u00bfPor qu\u00e9 ATL SOFTWARE recoge mis datos personales?<\/strong><\/p>\n\n\n\n<p>Los datos recogidos a trav\u00e9s del sitio web (formulario de contacto para concertar una cita, registro en el bolet\u00edn de noticias, contacto en las redes sociales, creaci\u00f3n de una cuenta) s\u00f3lo se utilizar\u00e1n con fines comerciales con el acuerdo expl\u00edcito del propietario de esta informaci\u00f3n.<\/p>\n\n\n\n<p>En lo que respecta al formulario de contacto, al rellenarlo, acepta que los datos que ha proporcionado sean conservados y utilizados por ATL SOFTWARE en el marco de nuestra colaboraci\u00f3n. Sus datos se conservar\u00e1n hasta tres a\u00f1os despu\u00e9s de que finalice nuestra colaboraci\u00f3n, sin que se mantenga ning\u00fan contacto comercial entre ATL SOFTWARE y usted. No se compartir\u00e1n con terceros sin su consentimiento expl\u00edcito. En cualquier momento podr\u00e1 solicitar la supresi\u00f3n o modificaci\u00f3n de sus datos escribiendo a rgpd@atl-software.net.<\/p>\n\n\n\n<p><strong>\u00bfQu\u00e9 datos personales se recogen sobre m\u00ed y c\u00f3mo se recogen?<\/strong><\/p>\n\n\n\n<ol>\n<li>Formulario de contacto\/demo<br><br>En nuestro sitio web utilizamos un formulario de contacto.<br><br>En este formulario debe indicar sus apellidos, nombre, direcci\u00f3n de correo electr\u00f3nico, n\u00famero de tel\u00e9fono, empresa, pa\u00eds y la posibilidad de concertar una cita para descubrir nuestra soluci\u00f3n, as\u00ed como el contenido del mensaje.<br><br>Este formulario se utiliza para que pueda concertar una cita para una demostraci\u00f3n de nuestra soluci\u00f3n y discutir sus necesidades durante esta reuni\u00f3n.<br><\/li>\n\n\n\n<li>Cookies<br><br>En nuestro sitio web utilizamos cookies con fines estad\u00edsticos y de an\u00e1lisis del rendimiento. Queremos saber el n\u00famero de visitantes, el tipo de visitante, el tiempo que pasa en el sitio web, el n\u00famero de p\u00e1ginas consultadas y el rendimiento de las distintas p\u00e1ginas. La finalidad de estas cookies es ayudarnos a ofrecerle la mejor experiencia posible en nuestro sitio web (v\u00e9ase la Pol\u00edtica de cookies de ATL SOFTWARE).<br><br>Estos datos se utilizan con fines de marketing y ventas para solicitudes de contacto.<br><\/li>\n\n\n\n<li>Eliminaci\u00f3n o bloqueo de cookies<br><br>Puede cambiar la configuraci\u00f3n de cookies en cualquier momento en la configuraci\u00f3n de su navegador.<br><\/li>\n<\/ol>\n\n\n\n<p><strong>\u00bfCon qu\u00e9 base jur\u00eddica y durante cu\u00e1nto tiempo se tratan mis datos personales?<\/strong><\/p>\n\n\n\n<p>Entre las bases jur\u00eddicas aplicables, el tratamiento de datos personales por parte de ATL SOFTWARE se basa en las siguientes:<\/p>\n\n\n\n<p>Contrato: el tratamiento de los datos personales es necesario para la ejecuci\u00f3n del contrato al que usted ha dado su consentimiento.<\/p>\n\n\n\n<p>Consentimiento: usted acepta el tratamiento de sus datos personales mediante consentimiento expreso (por ejemplo, casilla de verificaci\u00f3n en la parte inferior del formulario de contacto, aceptaci\u00f3n de cookies a trav\u00e9s del banner de cookies). Puede retirar este consentimiento en cualquier momento.<\/p>\n\n\n\n<p>Inter\u00e9s leg\u00edtimo: ATL SOFTWARE tiene un inter\u00e9s comercial en el tratamiento de sus datos que est\u00e1 justificado, es equilibrado y no vulnera su privacidad. Puede oponerse al tratamiento basado en el inter\u00e9s leg\u00edtimo en cualquier momento notific\u00e1ndolo a rgpd@atl-software.net.<\/p>\n\n\n\n<p>Los datos recogidos con el consentimiento expl\u00edcito del titular se eliminar\u00e1n transcurridos 24 meses si no se ha mantenido ning\u00fan contacto comercial con \u00e9l.<\/p>\n\n\n\n<p><strong>\u00bfQui\u00e9n recibir\u00e1 mis datos?<\/strong><\/p>\n\n\n\n<p>S\u00f3lo ATL SOFTWARE recibe sus datos. No se transfieren datos a terceros.<\/p>\n\n\n\n<p><strong>\u00bfC\u00f3mo puedo hacer valer mis derechos en relaci\u00f3n con el uso de mis datos personales?<\/strong><\/p>\n\n\n\n<p>De acuerdo con el Reglamento General de Protecci\u00f3n de Datos (RGPD), puede ejercer sus derechos (acceso, rectificaci\u00f3n, supresi\u00f3n, oposici\u00f3n, limitaci\u00f3n y portabilidad en su caso) por correo electr\u00f3nico: rgpd@atl-software.net o por correo postal: Edificio Chahin, suite 301-305, Av. R\u00f3mulo Betancourt #1318 &#8211; Bella Vista, Santo Domingo, Rep\u00fablica Dominicana.<\/p>\n\n\n\n<p>El consentimiento para el uso de datos personales debe ser expl\u00edcito, de lo contrario ATL SOFTWARE se compromete a no utilizar dichos datos.<\/p>\n\n\n\n<p>Cualquier persona tiene derecho a solicitar al responsable del tratamiento el acceso a los datos personales, su rectificaci\u00f3n o supresi\u00f3n, o la limitaci\u00f3n del tratamiento relativo al interesado, o el derecho a oponerse al tratamiento y el derecho a la portabilidad de los datos y a retirar el consentimiento.<\/p>\n\n\n\n<p>En relaci\u00f3n con el formulario de contacto, al utilizar este formulario, usted acepta que ATL SOFTWARE pueda ponerse en contacto con usted con fines comerciales.<\/p>\n\n\n\n<p>ATL SOFTWARE se compromete a responder a su solicitud de acceso, rectificaci\u00f3n u oposici\u00f3n o a cualquier otra solicitud adicional de informaci\u00f3n en un plazo que no deber\u00e1 exceder de 1 mes a partir de la fecha de recepci\u00f3n de su solicitud.<\/p>\n\n\n\n<p>Si considera que ATL SOFTWARE no satisface sus necesidades, p\u00f3ngase en contacto con nosotros.<\/p>\n\n\n\n<p><\/p>","protected":false},"excerpt":{"rendered":"<p>QU\u00c9 ES UNA COOKIE Una \u00abcookie\u00bb es un archivo de tama\u00f1o limitado, generalmente formado por letras y n\u00fameros, enviado por el servidor web al archivo de cookies del navegador en el disco duro de su ordenador. Para saber m\u00e1s sobre las cookies, siga este enlace de la CNIL. En particular, descubrir\u00e1 c\u00f3mo configurar y bloquear&#8230;  <a class=\"excerpt-read-more\" href=\"https:\/\/atl-software.net\/es\/politica-de-confidencialidad\/\" title=\"Read Pol\u00edtica de confidencialidad\">Leer m\u00e1s &raquo;<\/a><\/p>\n","protected":false},"author":2,"featured_media":0,"parent":0,"menu_order":0,"comment_status":"closed","ping_status":"closed","template":"template\/template-ml.php","meta":{"_uag_custom_page_level_css":""},"acf":[],"yoast_head":"<!-- This site is optimized with the Yoast SEO plugin v20.13 - https:\/\/yoast.com\/wordpress\/plugins\/seo\/ -->\n<title>Pol\u00edtica de confidencialidad - ATL Software<\/title>\n<meta name=\"robots\" content=\"index, follow, max-snippet:-1, max-image-preview:large, max-video-preview:-1\" \/>\n<link rel=\"canonical\" href=\"https:\/\/atl-software.net\/en\/privacy-policy\/\" \/>\n<meta property=\"og:locale\" content=\"es_ES\" \/>\n<meta property=\"og:type\" content=\"article\" \/>\n<meta property=\"og:title\" content=\"Pol\u00edtica de confidencialidad - ATL Software\" \/>\n<meta property=\"og:description\" content=\"QU\u00c9 ES UNA COOKIE Una \u00abcookie\u00bb es un archivo de tama\u00f1o limitado, generalmente formado por letras y n\u00fameros, enviado por el servidor web al archivo de cookies del navegador en el disco duro de su ordenador. Para saber m\u00e1s sobre las cookies, siga este enlace de la CNIL. En particular, descubrir\u00e1 c\u00f3mo configurar y bloquear... Leer m\u00e1s &raquo;\" \/>\n<meta property=\"og:url\" content=\"https:\/\/atl-software.net\/en\/privacy-policy\/\" \/>\n<meta property=\"og:site_name\" content=\"ATL Software\" \/>\n<meta property=\"article:publisher\" content=\"https:\/\/www.facebook.com\/ATL-Software-724527551053606\/\" \/>\n<meta property=\"article:modified_time\" content=\"2024-06-11T14:14:39+00:00\" \/>\n<meta name=\"twitter:card\" content=\"summary_large_image\" \/>\n<meta name=\"twitter:site\" content=\"@SoftwareAtl\" \/>\n<meta name=\"twitter:label1\" content=\"Est. reading time\" \/>\n\t<meta name=\"twitter:data1\" content=\"17 minutos\" \/>\n<script type=\"application\/ld+json\" class=\"yoast-schema-graph\">{\"@context\":\"https:\/\/schema.org\",\"@graph\":[{\"@type\":\"WebPage\",\"@id\":\"https:\/\/atl-software.net\/en\/privacy-policy\/\",\"url\":\"https:\/\/atl-software.net\/en\/privacy-policy\/\",\"name\":\"Pol\u00edtica de confidencialidad - ATL Software\",\"isPartOf\":{\"@id\":\"https:\/\/atl-software.net\/#website\"},\"datePublished\":\"2024-05-16T14:41:40+00:00\",\"dateModified\":\"2024-06-11T14:14:39+00:00\",\"breadcrumb\":{\"@id\":\"https:\/\/atl-software.net\/en\/privacy-policy\/#breadcrumb\"},\"inLanguage\":\"es\",\"potentialAction\":[{\"@type\":\"ReadAction\",\"target\":[\"https:\/\/atl-software.net\/en\/privacy-policy\/\"]}]},{\"@type\":\"BreadcrumbList\",\"@id\":\"https:\/\/atl-software.net\/en\/privacy-policy\/#breadcrumb\",\"itemListElement\":[{\"@type\":\"ListItem\",\"position\":1,\"name\":\"Accueil\",\"item\":\"https:\/\/atl-software.net\/en\/\"},{\"@type\":\"ListItem\",\"position\":2,\"name\":\"Privacy Policy\"}]},{\"@type\":\"WebSite\",\"@id\":\"https:\/\/atl-software.net\/#website\",\"url\":\"https:\/\/atl-software.net\/\",\"name\":\"ATL Software\",\"description\":\"\",\"publisher\":{\"@id\":\"https:\/\/atl-software.net\/#organization\"},\"potentialAction\":[{\"@type\":\"SearchAction\",\"target\":{\"@type\":\"EntryPoint\",\"urlTemplate\":\"https:\/\/atl-software.net\/?s={search_term_string}\"},\"query-input\":\"required name=search_term_string\"}],\"inLanguage\":\"es\"},{\"@type\":\"Organization\",\"@id\":\"https:\/\/atl-software.net\/#organization\",\"name\":\"ATL Software\",\"url\":\"https:\/\/atl-software.net\/\",\"logo\":{\"@type\":\"ImageObject\",\"inLanguage\":\"es\",\"@id\":\"https:\/\/atl-software.net\/#\/schema\/logo\/image\/\",\"url\":\"https:\/\/atl-software.net\/wp-content\/uploads\/2023\/04\/Interfaz-moderna-AEC.png\",\"contentUrl\":\"https:\/\/atl-software.net\/wp-content\/uploads\/2023\/04\/Interfaz-moderna-AEC.png\",\"width\":918,\"height\":673,\"caption\":\"ATL Software\"},\"image\":{\"@id\":\"https:\/\/atl-software.net\/#\/schema\/logo\/image\/\"},\"sameAs\":[\"https:\/\/www.facebook.com\/ATL-Software-724527551053606\/\",\"https:\/\/twitter.com\/SoftwareAtl\",\"https:\/\/www.linkedin.com\/in\/atl-software-logiciel-arc-en-ciel-a9428b91\/\",\"https:\/\/www.youtube.com\/watch?v=prCVSFs_vZg\"]}]}<\/script>\n<!-- \/ Yoast SEO plugin. -->","yoast_head_json":{"title":"Pol\u00edtica de confidencialidad - ATL Software","robots":{"index":"index","follow":"follow","max-snippet":"max-snippet:-1","max-image-preview":"max-image-preview:large","max-video-preview":"max-video-preview:-1"},"canonical":"https:\/\/atl-software.net\/en\/privacy-policy\/","og_locale":"es_ES","og_type":"article","og_title":"Pol\u00edtica de confidencialidad - ATL Software","og_description":"QU\u00c9 ES UNA COOKIE Una \u00abcookie\u00bb es un archivo de tama\u00f1o limitado, generalmente formado por letras y n\u00fameros, enviado por el servidor web al archivo de cookies del navegador en el disco duro de su ordenador. Para saber m\u00e1s sobre las cookies, siga este enlace de la CNIL. En particular, descubrir\u00e1 c\u00f3mo configurar y bloquear... Leer m\u00e1s &raquo;","og_url":"https:\/\/atl-software.net\/en\/privacy-policy\/","og_site_name":"ATL Software","article_publisher":"https:\/\/www.facebook.com\/ATL-Software-724527551053606\/","article_modified_time":"2024-06-11T14:14:39+00:00","twitter_card":"summary_large_image","twitter_site":"@SoftwareAtl","twitter_misc":{"Est. reading time":"17 minutos"},"schema":{"@context":"https:\/\/schema.org","@graph":[{"@type":"WebPage","@id":"https:\/\/atl-software.net\/en\/privacy-policy\/","url":"https:\/\/atl-software.net\/en\/privacy-policy\/","name":"Pol\u00edtica de confidencialidad - ATL Software","isPartOf":{"@id":"https:\/\/atl-software.net\/#website"},"datePublished":"2024-05-16T14:41:40+00:00","dateModified":"2024-06-11T14:14:39+00:00","breadcrumb":{"@id":"https:\/\/atl-software.net\/en\/privacy-policy\/#breadcrumb"},"inLanguage":"es","potentialAction":[{"@type":"ReadAction","target":["https:\/\/atl-software.net\/en\/privacy-policy\/"]}]},{"@type":"BreadcrumbList","@id":"https:\/\/atl-software.net\/en\/privacy-policy\/#breadcrumb","itemListElement":[{"@type":"ListItem","position":1,"name":"Accueil","item":"https:\/\/atl-software.net\/en\/"},{"@type":"ListItem","position":2,"name":"Privacy Policy"}]},{"@type":"WebSite","@id":"https:\/\/atl-software.net\/#website","url":"https:\/\/atl-software.net\/","name":"ATL Software","description":"","publisher":{"@id":"https:\/\/atl-software.net\/#organization"},"potentialAction":[{"@type":"SearchAction","target":{"@type":"EntryPoint","urlTemplate":"https:\/\/atl-software.net\/?s={search_term_string}"},"query-input":"required name=search_term_string"}],"inLanguage":"es"},{"@type":"Organization","@id":"https:\/\/atl-software.net\/#organization","name":"ATL Software","url":"https:\/\/atl-software.net\/","logo":{"@type":"ImageObject","inLanguage":"es","@id":"https:\/\/atl-software.net\/#\/schema\/logo\/image\/","url":"https:\/\/atl-software.net\/wp-content\/uploads\/2023\/04\/Interfaz-moderna-AEC.png","contentUrl":"https:\/\/atl-software.net\/wp-content\/uploads\/2023\/04\/Interfaz-moderna-AEC.png","width":918,"height":673,"caption":"ATL Software"},"image":{"@id":"https:\/\/atl-software.net\/#\/schema\/logo\/image\/"},"sameAs":["https:\/\/www.facebook.com\/ATL-Software-724527551053606\/","https:\/\/twitter.com\/SoftwareAtl","https:\/\/www.linkedin.com\/in\/atl-software-logiciel-arc-en-ciel-a9428b91\/","https:\/\/www.youtube.com\/watch?v=prCVSFs_vZg"]}]}},"uagb_featured_image_src":{"full":false,"thumbnail":false,"medium":false,"medium_large":false,"large":false,"1536x1536":false,"2048x2048":false,"bones-thumb-600":false,"bones-thumb-300":false,"post-thumbnail":false},"uagb_author_info":{"display_name":"admin","author_link":"https:\/\/atl-software.net\/es\/author\/admin\/"},"uagb_comment_info":0,"uagb_excerpt":"QU\u00c9 ES UNA COOKIE Una \u00abcookie\u00bb es un archivo de tama\u00f1o limitado, generalmente formado por letras y n\u00fameros, enviado por el servidor web al archivo de cookies del navegador en el disco duro de su ordenador. Para saber m\u00e1s sobre las cookies, siga este enlace de la CNIL. En particular, descubrir\u00e1 c\u00f3mo configurar y bloquear...&hellip;","_links":{"self":[{"href":"https:\/\/atl-software.net\/es\/wp-json\/wp\/v2\/pages\/4095"}],"collection":[{"href":"https:\/\/atl-software.net\/es\/wp-json\/wp\/v2\/pages"}],"about":[{"href":"https:\/\/atl-software.net\/es\/wp-json\/wp\/v2\/types\/page"}],"author":[{"embeddable":true,"href":"https:\/\/atl-software.net\/es\/wp-json\/wp\/v2\/users\/2"}],"replies":[{"embeddable":true,"href":"https:\/\/atl-software.net\/es\/wp-json\/wp\/v2\/comments?post=4095"}],"version-history":[{"count":24,"href":"https:\/\/atl-software.net\/es\/wp-json\/wp\/v2\/pages\/4095\/revisions"}],"predecessor-version":[{"id":4181,"href":"https:\/\/atl-software.net\/es\/wp-json\/wp\/v2\/pages\/4095\/revisions\/4181"}],"wp:attachment":[{"href":"https:\/\/atl-software.net\/es\/wp-json\/wp\/v2\/media?parent=4095"}],"curies":[{"name":"wp","href":"https:\/\/api.w.org\/{rel}","templated":true}]}}