{"id":28,"date":"2016-09-18T21:15:30","date_gmt":"2016-09-18T19:15:30","guid":{"rendered":"http:\/\/atl-software.net\/?page_id=28"},"modified":"2024-06-20T18:08:08","modified_gmt":"2024-06-20T16:08:08","slug":"accueil","status":"publish","type":"page","link":"https:\/\/atl-software.net\/es\/","title":{"rendered":"Bienvenida"},"content":{"rendered":"","protected":false},"excerpt":{"rendered":"","protected":false},"author":2,"featured_media":0,"parent":0,"menu_order":0,"comment_status":"closed","ping_status":"closed","template":"template\/template-home.php","meta":{"_uag_custom_page_level_css":""},"acf":[],"yoast_head":"<!-- This site is optimized with the Yoast SEO plugin v20.13 - https:\/\/yoast.com\/wordpress\/plugins\/seo\/ -->\n<title>ATL Software - Software de gesti\u00f3n para centros acad\u00e9micos<\/title>\n<meta name=\"description\" content=\"Dise\u00f1amos soluciones de software para la gesti\u00f3n de centros de cursos, idiomas, establecimientos educativos e institutos de formaci\u00f3n\" \/>\n<meta name=\"robots\" content=\"index, follow, max-snippet:-1, max-image-preview:large, max-video-preview:-1\" \/>\n<link rel=\"canonical\" href=\"https:\/\/atl-software.net\/en\/\" \/>\n<meta property=\"og:locale\" content=\"es_ES\" \/>\n<meta property=\"og:type\" content=\"article\" \/>\n<meta property=\"og:title\" content=\"[:fr]ATL Software - Management software for learning centers[:en]ATL Software - Management software for learning centers[:es]ATL Software - Software de gesti\u00f3n para centros acad\u00e9micos[:]\" \/>\n<meta property=\"og:description\" content=\"{:fr}We design software solutions for the management of course centers, languages, educational establishments and training institutes. Logiciel Arc-en-Ciel.{:en}We design software solutions for the management of course centers, languages, educational establishments and training institutes.{:es}Dise\u00f1amos soluciones de software para la gesti\u00f3n de centros de cursos, idiomas, establecimientos educativos e institutos de formaci\u00f3n{:}\" \/>\n<meta property=\"og:url\" content=\"https:\/\/atl-software.net\/en\/\" \/>\n<meta property=\"og:site_name\" content=\"ATL Software\" \/>\n<meta property=\"article:publisher\" content=\"https:\/\/www.facebook.com\/ATL-Software-724527551053606\/\" \/>\n<meta property=\"article:modified_time\" content=\"2024-06-20T16:08:08+00:00\" \/>\n<meta name=\"twitter:card\" content=\"summary_large_image\" \/>\n<meta name=\"twitter:site\" content=\"@SoftwareAtl\" \/>\n<script type=\"application\/ld+json\" class=\"yoast-schema-graph\">{\"@context\":\"https:\/\/schema.org\",\"@graph\":[{\"@type\":\"WebPage\",\"@id\":\"https:\/\/atl-software.net\/en\/\",\"url\":\"https:\/\/atl-software.net\/en\/\",\"name\":\"[:fr]ATL Software - Management software for learning centers[:en]ATL Software - Management software for learning centers[:es]ATL Software - Software de gesti\u00f3n para centros acad\u00e9micos[:]\",\"isPartOf\":{\"@id\":\"https:\/\/atl-software.net\/#website\"},\"datePublished\":\"2016-09-18T19:15:30+00:00\",\"dateModified\":\"2024-06-20T16:08:08+00:00\",\"description\":\"{:fr}We design software solutions for the management of course centers, languages, educational establishments and training institutes. Logiciel Arc-en-Ciel.{:en}We design software solutions for the management of course centers, languages, educational establishments and training institutes.{:es}Dise\u00f1amos soluciones de software para la gesti\u00f3n de centros de cursos, idiomas, establecimientos educativos e institutos de formaci\u00f3n{:}\",\"breadcrumb\":{\"@id\":\"https:\/\/atl-software.net\/en\/#breadcrumb\"},\"inLanguage\":\"es\",\"potentialAction\":[{\"@type\":\"ReadAction\",\"target\":[\"https:\/\/atl-software.net\/en\/\"]}]},{\"@type\":\"BreadcrumbList\",\"@id\":\"https:\/\/atl-software.net\/en\/#breadcrumb\",\"itemListElement\":[{\"@type\":\"ListItem\",\"position\":1,\"name\":\"Accueil\",\"item\":\"https:\/\/atl-software.net\/en\/\"},{\"@type\":\"ListItem\",\"position\":2,\"name\":\"Home\"}]},{\"@type\":\"WebSite\",\"@id\":\"https:\/\/atl-software.net\/#website\",\"url\":\"https:\/\/atl-software.net\/\",\"name\":\"ATL Software\",\"description\":\"\",\"publisher\":{\"@id\":\"https:\/\/atl-software.net\/#organization\"},\"potentialAction\":[{\"@type\":\"SearchAction\",\"target\":{\"@type\":\"EntryPoint\",\"urlTemplate\":\"https:\/\/atl-software.net\/?s={search_term_string}\"},\"query-input\":\"required name=search_term_string\"}],\"inLanguage\":\"es\"},{\"@type\":\"Organization\",\"@id\":\"https:\/\/atl-software.net\/#organization\",\"name\":\"ATL Software\",\"url\":\"https:\/\/atl-software.net\/\",\"logo\":{\"@type\":\"ImageObject\",\"inLanguage\":\"es\",\"@id\":\"https:\/\/atl-software.net\/#\/schema\/logo\/image\/\",\"url\":\"https:\/\/atl-software.net\/wp-content\/uploads\/2023\/04\/Interfaz-moderna-AEC.png\",\"contentUrl\":\"https:\/\/atl-software.net\/wp-content\/uploads\/2023\/04\/Interfaz-moderna-AEC.png\",\"width\":918,\"height\":673,\"caption\":\"ATL Software\"},\"image\":{\"@id\":\"https:\/\/atl-software.net\/#\/schema\/logo\/image\/\"},\"sameAs\":[\"https:\/\/www.facebook.com\/ATL-Software-724527551053606\/\",\"https:\/\/twitter.com\/SoftwareAtl\",\"https:\/\/www.linkedin.com\/in\/atl-software-logiciel-arc-en-ciel-a9428b91\/\",\"https:\/\/www.youtube.com\/watch?v=prCVSFs_vZg\"]}]}<\/script>\n<!-- \/ Yoast SEO plugin. -->","yoast_head_json":{"title":"ATL Software - Software de gesti\u00f3n para centros acad\u00e9micos","description":"Dise\u00f1amos soluciones de software para la gesti\u00f3n de centros de cursos, idiomas, establecimientos educativos e institutos de formaci\u00f3n","robots":{"index":"index","follow":"follow","max-snippet":"max-snippet:-1","max-image-preview":"max-image-preview:large","max-video-preview":"max-video-preview:-1"},"canonical":"https:\/\/atl-software.net\/en\/","og_locale":"es_ES","og_type":"article","og_title":"[:fr]ATL Software - Management software for learning centers[:en]ATL Software - Management software for learning centers[:es]ATL Software - Software de gesti\u00f3n para centros acad\u00e9micos[:]","og_description":"{:fr}We design software solutions for the management of course centers, languages, educational establishments and training institutes. Logiciel Arc-en-Ciel.{:en}We design software solutions for the management of course centers, languages, educational establishments and training institutes.{:es}Dise\u00f1amos soluciones de software para la gesti\u00f3n de centros de cursos, idiomas, establecimientos educativos e institutos de formaci\u00f3n{:}","og_url":"https:\/\/atl-software.net\/en\/","og_site_name":"ATL Software","article_publisher":"https:\/\/www.facebook.com\/ATL-Software-724527551053606\/","article_modified_time":"2024-06-20T16:08:08+00:00","twitter_card":"summary_large_image","twitter_site":"@SoftwareAtl","schema":{"@context":"https:\/\/schema.org","@graph":[{"@type":"WebPage","@id":"https:\/\/atl-software.net\/en\/","url":"https:\/\/atl-software.net\/en\/","name":"[:fr]ATL Software - Management software for learning centers[:en]ATL Software - Management software for learning centers[:es]ATL Software - Software de gesti\u00f3n para centros acad\u00e9micos[:]","isPartOf":{"@id":"https:\/\/atl-software.net\/#website"},"datePublished":"2016-09-18T19:15:30+00:00","dateModified":"2024-06-20T16:08:08+00:00","description":"{:fr}We design software solutions for the management of course centers, languages, educational establishments and training institutes. Logiciel Arc-en-Ciel.{:en}We design software solutions for the management of course centers, languages, educational establishments and training institutes.{:es}Dise\u00f1amos soluciones de software para la gesti\u00f3n de centros de cursos, idiomas, establecimientos educativos e institutos de formaci\u00f3n{:}","breadcrumb":{"@id":"https:\/\/atl-software.net\/en\/#breadcrumb"},"inLanguage":"es","potentialAction":[{"@type":"ReadAction","target":["https:\/\/atl-software.net\/en\/"]}]},{"@type":"BreadcrumbList","@id":"https:\/\/atl-software.net\/en\/#breadcrumb","itemListElement":[{"@type":"ListItem","position":1,"name":"Accueil","item":"https:\/\/atl-software.net\/en\/"},{"@type":"ListItem","position":2,"name":"Home"}]},{"@type":"WebSite","@id":"https:\/\/atl-software.net\/#website","url":"https:\/\/atl-software.net\/","name":"ATL Software","description":"","publisher":{"@id":"https:\/\/atl-software.net\/#organization"},"potentialAction":[{"@type":"SearchAction","target":{"@type":"EntryPoint","urlTemplate":"https:\/\/atl-software.net\/?s={search_term_string}"},"query-input":"required name=search_term_string"}],"inLanguage":"es"},{"@type":"Organization","@id":"https:\/\/atl-software.net\/#organization","name":"ATL Software","url":"https:\/\/atl-software.net\/","logo":{"@type":"ImageObject","inLanguage":"es","@id":"https:\/\/atl-software.net\/#\/schema\/logo\/image\/","url":"https:\/\/atl-software.net\/wp-content\/uploads\/2023\/04\/Interfaz-moderna-AEC.png","contentUrl":"https:\/\/atl-software.net\/wp-content\/uploads\/2023\/04\/Interfaz-moderna-AEC.png","width":918,"height":673,"caption":"ATL Software"},"image":{"@id":"https:\/\/atl-software.net\/#\/schema\/logo\/image\/"},"sameAs":["https:\/\/www.facebook.com\/ATL-Software-724527551053606\/","https:\/\/twitter.com\/SoftwareAtl","https:\/\/www.linkedin.com\/in\/atl-software-logiciel-arc-en-ciel-a9428b91\/","https:\/\/www.youtube.com\/watch?v=prCVSFs_vZg"]}]}},"uagb_featured_image_src":{"full":false,"thumbnail":false,"medium":false,"medium_large":false,"large":false,"1536x1536":false,"2048x2048":false,"bones-thumb-600":false,"bones-thumb-300":false,"post-thumbnail":false},"uagb_author_info":{"display_name":"admin","author_link":"https:\/\/atl-software.net\/es\/author\/admin\/"},"uagb_comment_info":0,"uagb_excerpt":null,"_links":{"self":[{"href":"https:\/\/atl-software.net\/es\/wp-json\/wp\/v2\/pages\/28"}],"collection":[{"href":"https:\/\/atl-software.net\/es\/wp-json\/wp\/v2\/pages"}],"about":[{"href":"https:\/\/atl-software.net\/es\/wp-json\/wp\/v2\/types\/page"}],"author":[{"embeddable":true,"href":"https:\/\/atl-software.net\/es\/wp-json\/wp\/v2\/users\/2"}],"replies":[{"embeddable":true,"href":"https:\/\/atl-software.net\/es\/wp-json\/wp\/v2\/comments?post=28"}],"version-history":[{"count":71,"href":"https:\/\/atl-software.net\/es\/wp-json\/wp\/v2\/pages\/28\/revisions"}],"predecessor-version":[{"id":4180,"href":"https:\/\/atl-software.net\/es\/wp-json\/wp\/v2\/pages\/28\/revisions\/4180"}],"wp:attachment":[{"href":"https:\/\/atl-software.net\/es\/wp-json\/wp\/v2\/media?parent=28"}],"curies":[{"name":"wp","href":"https:\/\/api.w.org\/{rel}","templated":true}]}}