{"id":2397,"date":"2020-08-06T20:29:29","date_gmt":"2020-08-06T18:29:29","guid":{"rendered":"http:\/\/atl-software.net\/?page_id=2397"},"modified":"2020-08-19T20:54:52","modified_gmt":"2020-08-19T18:54:52","slug":"aec-2020-est-disponible","status":"publish","type":"page","link":"https:\/\/atl-software.net\/es\/aec-2020-esta-disponible\/","title":{"rendered":"AEC 2020 ya est\u00e1 disponible"},"content":{"rendered":"<p><\/p>\n<h3><span style=\"font-weight: bold;\">La actualizaci\u00f3n AEC 2020 trae nuevas mejoras y funcionalidades para su centro de cursos<\/span><\/h3>\n<p><iframe loading=\"lazy\" src=\"https:\/\/player.vimeo.com\/video\/444960361\" width=\"100%\" height=\"500\" frameborder=\"0\" allow=\"autoplay; fullscreen\" allowfullscreen><\/iframe><\/p>\n<p>&nbsp;<\/p>\n<p>Dentro de esta versi\u00f3n AEC 2020 hemos desarrollado incre\u00edbles actualizaciones que aumentar\u00e1n su productividad en el d\u00eda a d\u00eda.<\/p>\n<ul style=\"list-style: disclosure-closed; margin-left:50px;\">\n<li>M\u00f3dulo para creaci\u00f3n y administraci\u00f3n de descuentos autom\u00e1ticos<\/li>\n<li>Panel para enviar mensajes de texto SMS desde AEC<\/li>\n<li>Nuevos proveedores internacionales de pago en l\u00ednea<\/li>\n<li>Moderno editor visual para crear y administrar su website enlazado a AEC<\/li>\n<li>Nuevo y mejorado dise\u00f1o de Shopping Cart<\/li>\n<li>Integraciones con Apolearn<\/li>\n<li>Entre otros&#8230;<\/li>\n<\/ul>\n<h3 style=\"text-align: center; padding-top;padding-top: 50px;\">Actualizar AEC es f\u00e1cil, sencillo y sin complicaciones<\/h3>\n<p>S\u00f3lo debe contactarnos e indicarnos para cu\u00e1l fecha desea tener AEC actualizado. Escr\u00edbenos a <a href=\"mailto:support@atl-software.net?subject=Solicitar actualizaci\u00f3n AEC 2020\" target=\"_blank\">support@atl-software.net<\/a> o haga clic al siguiente bot\u00f3n.<\/p>\n<p><img decoding=\"async\" src=\"http:\/\/atl-software.net\/wp-content\/uploads\/2020\/08\/Module-Promotion.png\" alt=\"module-promotion\" width=\"50%\"\/><img decoding=\"async\" src=\"http:\/\/atl-software.net\/wp-content\/uploads\/2020\/08\/Kiosque-Web-Builder.png\" alt=\"kiosque-web-builder\" width=\"50%\"\/><\/p>\n<p style=\"text-align: center; margin: 40px auto; background-color: #238c00; padding: 10px 40px; max-width: 500px;\"><a style=\"font-weight: bold; color: white; margin: 10px; text-transform: uppercase;\" href=\"mailto:support@atl-software.net?subject=Solicitar actualizaci\u00f3n AEC 2020\">Solicitar actualizaci\u00f3n AEC 2020<\/a><\/p>\n<h3 style=\"text-align: center; padding-top;padding-top: 50px;\">\u00bfTiene alguna pregunta sobre la actualizaci\u00f3n de la AEC 2020?<\/h3>\n<p><b>\u00bfQu\u00e9 es AEC 2020?<\/b> AEC 2020 es la versi\u00f3n m\u00e1s reciente del software AEC en 2020.<\/p>\n<p><b>\u00bfC\u00f3mo probar el AEC 2020?<\/b> Si ya est\u00e1 usando AEC, no es posible actualizar a AEC 2020 s\u00f3lo para probarlo porque la actualizaci\u00f3n no es reversible. Sin embargo, en los pr\u00f3ximos d\u00edas les invitaremos a un webinario para presentar las nuevas caracter\u00edsticas antes de proceder a la actualizaci\u00f3n. Tenga en cuenta que esta actualizaci\u00f3n no cambia el comportamiento actual de AEC, sino que a\u00f1ade nuevas caracter\u00edsticas.<\/p>\n<p><b>\u00bfCu\u00e1nto cuesta AEC 2020?<\/b> AEC 2020 es una actualizaci\u00f3n gratuita del software de AEC.<\/p>\n<p><b>\u00bfCu\u00e1l es la lista de nuevas caracter\u00edsticas comparadas con AEC 2019?<\/b> AEC 2020 aporta importantes novedades como: un m\u00f3dulo de promociones y descuentos autom\u00e1ticos, env\u00edo de SMS, integraci\u00f3n de un editor visual para construir y actualizar su sitio web, integraci\u00f3n de la plataforma de pago Stripe para las inscripciones en l\u00ednea, adici\u00f3n de un carrito de compras conectado a AEC para ser instalado en su sitio web, etc. Puede consultar la lista completa de mejoras en <a style=\"text-align: center; background-color: #238c00; padding: 4px 9px; font-weight: bold; color: white; margin: 4px; text-transform: uppercase; font-size: 15px;\" href=\"https:\/\/www.atl-software.net\/aec-release-notes.php?fromVersion=2019.3.8&amp;to=2020.1.14\" target=\"_blank\">esta p\u00e1gina<\/a><\/p>\n<p><b>\u00bfPuedo usar el AEC 2020 en un dispositivo m\u00f3vil?<\/b> El AEC 2020 no est\u00e1 destinado a ser utilizado en dispositivos m\u00f3viles. En su lugar, estamos planeando aplicaciones m\u00f3viles complementarias bien especializadas y adaptadas a la ergonom\u00eda m\u00f3vil, a partir de 2021.<\/p>\n<p><b>\u00bfNecesito activar Flash para usar AEC 2020?<\/b> Necesita activar Flash para usar AEC 2020 porque todav\u00eda hay varios m\u00f3dulos en el software que usan esta tecnolog\u00eda.<br \/>\nLos navegadores restringen la activaci\u00f3n del Flash pero no impiden que se active realizando algunas manipulaciones. Para los usuarios que no deseen habilitar Flash, sugerimos instalar la aplicaci\u00f3n de escritorio de AEC directamente en su ordenador. Esto evita el uso de AEC en un navegador web y mejora el rendimiento. Esta aplicaci\u00f3n puede ser descargada desde AEC haciendo clic en su nombre en la esquina superior derecha y luego en el bot\u00f3n \u00abDescargar AEC\u00bb.<\/p>\n<p><b>\u00bfHabr\u00e1 una versi\u00f3n AEC 2021 en el 2021?<\/b> La actualizaci\u00f3n de AEC 2021 ya est\u00e1 en desarrollo y, por supuesto, incluir\u00e1 caracter\u00edsticas muy esperadas, como un m\u00f3dulo de correo electr\u00f3nico, seguimiento de visitantes\/prospectos del sitio web y un editor visual para personalizar las p\u00e1ginas de Kiosque (caracter\u00edstica ya disponible en AEC 2020 si han optado por alojar su sitio con AEC).<\/p>\n<p>Para cualquier informaci\u00f3n adicional, no dude en contactarnos por correo electr\u00f3nico: support@atl-software.net<\/p>","protected":false},"excerpt":{"rendered":"<p>La actualizaci\u00f3n AEC 2020 trae nuevas mejoras y funcionalidades para su centro de cursos &nbsp; Dentro de esta versi\u00f3n AEC 2020 hemos desarrollado incre\u00edbles actualizaciones que aumentar\u00e1n su productividad en el d\u00eda a d\u00eda. M\u00f3dulo para creaci\u00f3n y administraci\u00f3n de descuentos autom\u00e1ticos Panel para enviar mensajes de texto SMS desde AEC Nuevos proveedores internacionales de&#8230;  <a class=\"excerpt-read-more\" href=\"https:\/\/atl-software.net\/es\/aec-2020-esta-disponible\/\" title=\"Read AEC 2020 ya est\u00e1 disponible\">Leer m\u00e1s &raquo;<\/a><\/p>\n","protected":false},"author":2,"featured_media":0,"parent":0,"menu_order":0,"comment_status":"closed","ping_status":"closed","template":"template\/template-announcement.php","meta":{"_uag_custom_page_level_css":""},"acf":[],"yoast_head":"<!-- This site is optimized with the Yoast SEO plugin v20.13 - https:\/\/yoast.com\/wordpress\/plugins\/seo\/ -->\n<title>AEC 2020 ya est\u00e1 disponible - ATL Software<\/title>\n<meta name=\"robots\" content=\"index, follow, max-snippet:-1, max-image-preview:large, max-video-preview:-1\" \/>\n<link rel=\"canonical\" href=\"https:\/\/atl-software.net\/es\/aec-2020-esta-disponible\/\" \/>\n<meta property=\"og:locale\" content=\"es_ES\" \/>\n<meta property=\"og:type\" content=\"article\" \/>\n<meta property=\"og:title\" content=\"AEC 2020 ya est\u00e1 disponible - ATL Software\" \/>\n<meta property=\"og:description\" content=\"La actualizaci\u00f3n AEC 2020 trae nuevas mejoras y funcionalidades para su centro de cursos &nbsp; Dentro de esta versi\u00f3n AEC 2020 hemos desarrollado incre\u00edbles actualizaciones que aumentar\u00e1n su productividad en el d\u00eda a d\u00eda. M\u00f3dulo para creaci\u00f3n y administraci\u00f3n de descuentos autom\u00e1ticos Panel para enviar mensajes de texto SMS desde AEC Nuevos proveedores internacionales de... Leer m\u00e1s &raquo;\" \/>\n<meta property=\"og:url\" content=\"https:\/\/atl-software.net\/es\/aec-2020-esta-disponible\/\" \/>\n<meta property=\"og:site_name\" content=\"ATL Software\" \/>\n<meta property=\"article:publisher\" content=\"https:\/\/www.facebook.com\/ATL-Software-724527551053606\/\" \/>\n<meta property=\"article:modified_time\" content=\"2020-08-19T18:54:52+00:00\" \/>\n<meta property=\"og:image\" content=\"http:\/\/atl-software.net\/wp-content\/uploads\/2020\/08\/Module-Promotion.png\" \/>\n<meta name=\"twitter:card\" content=\"summary_large_image\" \/>\n<meta name=\"twitter:site\" content=\"@SoftwareAtl\" \/>\n<meta name=\"twitter:label1\" content=\"Est. reading time\" \/>\n\t<meta name=\"twitter:data1\" content=\"8 minutos\" \/>\n<script type=\"application\/ld+json\" class=\"yoast-schema-graph\">{\"@context\":\"https:\/\/schema.org\",\"@graph\":[{\"@type\":\"WebPage\",\"@id\":\"https:\/\/atl-software.net\/es\/aec-2020-esta-disponible\/\",\"url\":\"https:\/\/atl-software.net\/es\/aec-2020-esta-disponible\/\",\"name\":\"AEC 2020 ya est\u00e1 disponible - ATL Software\",\"isPartOf\":{\"@id\":\"https:\/\/atl-software.net\/#website\"},\"datePublished\":\"2020-08-06T18:29:29+00:00\",\"dateModified\":\"2020-08-19T18:54:52+00:00\",\"breadcrumb\":{\"@id\":\"https:\/\/atl-software.net\/es\/aec-2020-esta-disponible\/#breadcrumb\"},\"inLanguage\":\"es\",\"potentialAction\":[{\"@type\":\"ReadAction\",\"target\":[\"https:\/\/atl-software.net\/es\/aec-2020-esta-disponible\/\"]}]},{\"@type\":\"BreadcrumbList\",\"@id\":\"https:\/\/atl-software.net\/es\/aec-2020-esta-disponible\/#breadcrumb\",\"itemListElement\":[{\"@type\":\"ListItem\",\"position\":1,\"name\":\"Accueil\",\"item\":\"https:\/\/atl-software.net\/en\/\"},{\"@type\":\"ListItem\",\"position\":2,\"name\":\"AEC 2020 ya est\u00e1 disponible\"}]},{\"@type\":\"WebSite\",\"@id\":\"https:\/\/atl-software.net\/#website\",\"url\":\"https:\/\/atl-software.net\/\",\"name\":\"ATL Software\",\"description\":\"\",\"publisher\":{\"@id\":\"https:\/\/atl-software.net\/#organization\"},\"potentialAction\":[{\"@type\":\"SearchAction\",\"target\":{\"@type\":\"EntryPoint\",\"urlTemplate\":\"https:\/\/atl-software.net\/?s={search_term_string}\"},\"query-input\":\"required name=search_term_string\"}],\"inLanguage\":\"es\"},{\"@type\":\"Organization\",\"@id\":\"https:\/\/atl-software.net\/#organization\",\"name\":\"ATL Software\",\"url\":\"https:\/\/atl-software.net\/\",\"logo\":{\"@type\":\"ImageObject\",\"inLanguage\":\"es\",\"@id\":\"https:\/\/atl-software.net\/#\/schema\/logo\/image\/\",\"url\":\"https:\/\/atl-software.net\/wp-content\/uploads\/2023\/04\/Interfaz-moderna-AEC.png\",\"contentUrl\":\"https:\/\/atl-software.net\/wp-content\/uploads\/2023\/04\/Interfaz-moderna-AEC.png\",\"width\":918,\"height\":673,\"caption\":\"ATL Software\"},\"image\":{\"@id\":\"https:\/\/atl-software.net\/#\/schema\/logo\/image\/\"},\"sameAs\":[\"https:\/\/www.facebook.com\/ATL-Software-724527551053606\/\",\"https:\/\/twitter.com\/SoftwareAtl\",\"https:\/\/www.linkedin.com\/in\/atl-software-logiciel-arc-en-ciel-a9428b91\/\",\"https:\/\/www.youtube.com\/watch?v=prCVSFs_vZg\"]}]}<\/script>\n<!-- \/ Yoast SEO plugin. -->","yoast_head_json":{"title":"AEC 2020 ya est\u00e1 disponible - ATL Software","robots":{"index":"index","follow":"follow","max-snippet":"max-snippet:-1","max-image-preview":"max-image-preview:large","max-video-preview":"max-video-preview:-1"},"canonical":"https:\/\/atl-software.net\/es\/aec-2020-esta-disponible\/","og_locale":"es_ES","og_type":"article","og_title":"AEC 2020 ya est\u00e1 disponible - ATL Software","og_description":"La actualizaci\u00f3n AEC 2020 trae nuevas mejoras y funcionalidades para su centro de cursos &nbsp; Dentro de esta versi\u00f3n AEC 2020 hemos desarrollado incre\u00edbles actualizaciones que aumentar\u00e1n su productividad en el d\u00eda a d\u00eda. M\u00f3dulo para creaci\u00f3n y administraci\u00f3n de descuentos autom\u00e1ticos Panel para enviar mensajes de texto SMS desde AEC Nuevos proveedores internacionales de... Leer m\u00e1s &raquo;","og_url":"https:\/\/atl-software.net\/es\/aec-2020-esta-disponible\/","og_site_name":"ATL Software","article_publisher":"https:\/\/www.facebook.com\/ATL-Software-724527551053606\/","article_modified_time":"2020-08-19T18:54:52+00:00","og_image":[{"url":"http:\/\/atl-software.net\/wp-content\/uploads\/2020\/08\/Module-Promotion.png"}],"twitter_card":"summary_large_image","twitter_site":"@SoftwareAtl","twitter_misc":{"Est. reading time":"8 minutos"},"schema":{"@context":"https:\/\/schema.org","@graph":[{"@type":"WebPage","@id":"https:\/\/atl-software.net\/es\/aec-2020-esta-disponible\/","url":"https:\/\/atl-software.net\/es\/aec-2020-esta-disponible\/","name":"AEC 2020 ya est\u00e1 disponible - ATL Software","isPartOf":{"@id":"https:\/\/atl-software.net\/#website"},"datePublished":"2020-08-06T18:29:29+00:00","dateModified":"2020-08-19T18:54:52+00:00","breadcrumb":{"@id":"https:\/\/atl-software.net\/es\/aec-2020-esta-disponible\/#breadcrumb"},"inLanguage":"es","potentialAction":[{"@type":"ReadAction","target":["https:\/\/atl-software.net\/es\/aec-2020-esta-disponible\/"]}]},{"@type":"BreadcrumbList","@id":"https:\/\/atl-software.net\/es\/aec-2020-esta-disponible\/#breadcrumb","itemListElement":[{"@type":"ListItem","position":1,"name":"Accueil","item":"https:\/\/atl-software.net\/en\/"},{"@type":"ListItem","position":2,"name":"AEC 2020 ya est\u00e1 disponible"}]},{"@type":"WebSite","@id":"https:\/\/atl-software.net\/#website","url":"https:\/\/atl-software.net\/","name":"ATL Software","description":"","publisher":{"@id":"https:\/\/atl-software.net\/#organization"},"potentialAction":[{"@type":"SearchAction","target":{"@type":"EntryPoint","urlTemplate":"https:\/\/atl-software.net\/?s={search_term_string}"},"query-input":"required name=search_term_string"}],"inLanguage":"es"},{"@type":"Organization","@id":"https:\/\/atl-software.net\/#organization","name":"ATL Software","url":"https:\/\/atl-software.net\/","logo":{"@type":"ImageObject","inLanguage":"es","@id":"https:\/\/atl-software.net\/#\/schema\/logo\/image\/","url":"https:\/\/atl-software.net\/wp-content\/uploads\/2023\/04\/Interfaz-moderna-AEC.png","contentUrl":"https:\/\/atl-software.net\/wp-content\/uploads\/2023\/04\/Interfaz-moderna-AEC.png","width":918,"height":673,"caption":"ATL Software"},"image":{"@id":"https:\/\/atl-software.net\/#\/schema\/logo\/image\/"},"sameAs":["https:\/\/www.facebook.com\/ATL-Software-724527551053606\/","https:\/\/twitter.com\/SoftwareAtl","https:\/\/www.linkedin.com\/in\/atl-software-logiciel-arc-en-ciel-a9428b91\/","https:\/\/www.youtube.com\/watch?v=prCVSFs_vZg"]}]}},"uagb_featured_image_src":{"full":false,"thumbnail":false,"medium":false,"medium_large":false,"large":false,"1536x1536":false,"2048x2048":false,"bones-thumb-600":false,"bones-thumb-300":false,"post-thumbnail":false},"uagb_author_info":{"display_name":"admin","author_link":"https:\/\/atl-software.net\/es\/author\/admin\/"},"uagb_comment_info":0,"uagb_excerpt":"La actualizaci\u00f3n AEC 2020 trae nuevas mejoras y funcionalidades para su centro de cursos &nbsp; Dentro de esta versi\u00f3n AEC 2020 hemos desarrollado incre\u00edbles actualizaciones que aumentar\u00e1n su productividad en el d\u00eda a d\u00eda. M\u00f3dulo para creaci\u00f3n y administraci\u00f3n de descuentos autom\u00e1ticos Panel para enviar mensajes de texto SMS desde AEC Nuevos proveedores internacionales de...&hellip;","_links":{"self":[{"href":"https:\/\/atl-software.net\/es\/wp-json\/wp\/v2\/pages\/2397"}],"collection":[{"href":"https:\/\/atl-software.net\/es\/wp-json\/wp\/v2\/pages"}],"about":[{"href":"https:\/\/atl-software.net\/es\/wp-json\/wp\/v2\/types\/page"}],"author":[{"embeddable":true,"href":"https:\/\/atl-software.net\/es\/wp-json\/wp\/v2\/users\/2"}],"replies":[{"embeddable":true,"href":"https:\/\/atl-software.net\/es\/wp-json\/wp\/v2\/comments?post=2397"}],"version-history":[{"count":45,"href":"https:\/\/atl-software.net\/es\/wp-json\/wp\/v2\/pages\/2397\/revisions"}],"predecessor-version":[{"id":2449,"href":"https:\/\/atl-software.net\/es\/wp-json\/wp\/v2\/pages\/2397\/revisions\/2449"}],"wp:attachment":[{"href":"https:\/\/atl-software.net\/es\/wp-json\/wp\/v2\/media?parent=2397"}],"curies":[{"name":"wp","href":"https:\/\/api.w.org\/{rel}","templated":true}]}}