{"id":225,"date":"2016-10-03T14:10:33","date_gmt":"2016-10-03T12:10:33","guid":{"rendered":"http:\/\/atl-software.net\/?page_id=225"},"modified":"2024-07-08T21:48:43","modified_gmt":"2024-07-08T19:48:43","slug":"mentions-legales","status":"publish","type":"page","link":"https:\/\/atl-software.net\/es\/menciones-legales\/","title":{"rendered":"Menciones legales"},"content":{"rendered":"<p><\/p>\n<p><strong>Pol\u00edtica de Consentimiento<\/strong><\/p>\n<p>Al completar este formulario de generaci\u00f3n de leads, usted est\u00e1 otorgando su consentimiento expreso para que ATL Software utilice la informaci\u00f3n proporcionada para los siguientes fines:<\/p>\n<p>Env\u00edo de informaci\u00f3n relevante: Acepto recibir comunicaciones por correo electr\u00f3nico, tel\u00e9fono u otros medios, con contenido promocional, actualizaciones de productos o servicios, y otra informaci\u00f3n relevante relacionada con los servicios ofrecidos por ATL Software.<\/p>\n<p>Comunicaci\u00f3n de marketing: Acepto que ATL Software se ponga en contacto conmigo para fines de marketing, incluyendo pero no limitado a promociones especiales, ofertas exclusivas, encuestas de satisfacci\u00f3n del cliente y eventos relacionados con los servicios de ATL Software.<\/p>\n<p>Seguimiento de ventas y an\u00e1lisis: Acepto que ATL Software utilice la informaci\u00f3n proporcionada para realizar seguimiento de ventas, an\u00e1lisis de mercado y an\u00e1lisis de tendencias, con el fin de mejorar sus productos y servicios, as\u00ed como su estrategia de marketing.<\/p>\n<p>Compartir informaci\u00f3n con socios: Acepto que ATL Software comparta mis datos de contacto con socios seleccionados cuidadosamente, \u00fanicamente con el prop\u00f3sito de proporcionarme informaci\u00f3n sobre productos o servicios relevantes para mis intereses relacionados con los servicios de ATL Software.<\/p>\n<p>Al seleccionar la casilla de verificaci\u00f3n correspondiente junto a cada uno de los fines mencionados anteriormente, usted est\u00e1 confirmando su consentimiento expreso para que ATL Software utilice su informaci\u00f3n personal de acuerdo con lo descrito anteriormente.<\/p>\n<p>Tenga en cuenta que puede retirar su consentimiento en cualquier momento enviando un correo electr\u00f3nico a\u00a0<a href=\"mailto:sales@atl-software.net\" target=\"_blank\" rel=\"nofollow noopener\">sales@atl-software.net<\/a><\/p>\n<p><\/p>","protected":false},"excerpt":{"rendered":"<p>Pol\u00edtica de Consentimiento Al completar este formulario de generaci\u00f3n de leads, usted est\u00e1 otorgando su consentimiento expreso para que ATL Software utilice la informaci\u00f3n proporcionada para los siguientes fines: Env\u00edo de informaci\u00f3n relevante: Acepto recibir comunicaciones por correo electr\u00f3nico, tel\u00e9fono u otros medios, con contenido promocional, actualizaciones de productos o servicios, y otra informaci\u00f3n relevante&#8230;  <a class=\"excerpt-read-more\" href=\"https:\/\/atl-software.net\/es\/menciones-legales\/\" title=\"Read Menciones legales\">Leer m\u00e1s &raquo;<\/a><\/p>\n","protected":false},"author":2,"featured_media":0,"parent":0,"menu_order":0,"comment_status":"closed","ping_status":"closed","template":"template\/template-ml.php","meta":{"_uag_custom_page_level_css":""},"acf":[],"yoast_head":"<!-- This site is optimized with the Yoast SEO plugin v20.13 - https:\/\/yoast.com\/wordpress\/plugins\/seo\/ -->\n<title>(Fran\u00e7ais) Mentions l\u00e9gales - ATL Software - Gestion des centres de formation<\/title>\n<meta name=\"description\" content=\"(Fran\u00e7ais) ATL Software - Nos mentions l\u00e9gales - Concepteur de solutions de gestion pour les centres p\u00e9dagogiques, instituts et \u00e9coles\" \/>\n<meta name=\"robots\" content=\"index, follow, max-snippet:-1, max-image-preview:large, max-video-preview:-1\" \/>\n<link rel=\"canonical\" href=\"https:\/\/atl-software.net\/en\/mentions-legales\/\" \/>\n<meta property=\"og:locale\" content=\"es_ES\" \/>\n<meta property=\"og:type\" content=\"article\" \/>\n<meta property=\"og:title\" content=\"[:fr]Mentions l\u00e9gales - ATL Software - Gestion des centres de formation[:]\" \/>\n<meta property=\"og:description\" content=\"{:fr}ATL Software - Nos mentions l\u00e9gales - Concepteur de solutions de gestion pour les centres p\u00e9dagogiques, instituts et \u00e9coles{:}\" \/>\n<meta property=\"og:url\" content=\"https:\/\/atl-software.net\/en\/mentions-legales\/\" \/>\n<meta property=\"og:site_name\" content=\"ATL Software\" \/>\n<meta property=\"article:publisher\" content=\"https:\/\/www.facebook.com\/ATL-Software-724527551053606\/\" \/>\n<meta property=\"article:modified_time\" content=\"2024-07-08T19:48:43+00:00\" \/>\n<meta name=\"twitter:card\" content=\"summary_large_image\" \/>\n<meta name=\"twitter:site\" content=\"@SoftwareAtl\" \/>\n<meta name=\"twitter:label1\" content=\"Est. reading time\" \/>\n\t<meta name=\"twitter:data1\" content=\"4 minutos\" \/>\n<script type=\"application\/ld+json\" class=\"yoast-schema-graph\">{\"@context\":\"https:\/\/schema.org\",\"@graph\":[{\"@type\":\"WebPage\",\"@id\":\"https:\/\/atl-software.net\/en\/mentions-legales\/\",\"url\":\"https:\/\/atl-software.net\/en\/mentions-legales\/\",\"name\":\"[:fr]Mentions l\u00e9gales - ATL Software - Gestion des centres de formation[:]\",\"isPartOf\":{\"@id\":\"https:\/\/atl-software.net\/#website\"},\"datePublished\":\"2016-10-03T12:10:33+00:00\",\"dateModified\":\"2024-07-08T19:48:43+00:00\",\"description\":\"{:fr}ATL Software - Nos mentions l\u00e9gales - Concepteur de solutions de gestion pour les centres p\u00e9dagogiques, instituts et \u00e9coles{:}\",\"breadcrumb\":{\"@id\":\"https:\/\/atl-software.net\/en\/mentions-legales\/#breadcrumb\"},\"inLanguage\":\"es\",\"potentialAction\":[{\"@type\":\"ReadAction\",\"target\":[\"https:\/\/atl-software.net\/en\/mentions-legales\/\"]}]},{\"@type\":\"BreadcrumbList\",\"@id\":\"https:\/\/atl-software.net\/en\/mentions-legales\/#breadcrumb\",\"itemListElement\":[{\"@type\":\"ListItem\",\"position\":1,\"name\":\"Accueil\",\"item\":\"https:\/\/atl-software.net\/en\/\"},{\"@type\":\"ListItem\",\"position\":2,\"name\":\"Legal Notice\"}]},{\"@type\":\"WebSite\",\"@id\":\"https:\/\/atl-software.net\/#website\",\"url\":\"https:\/\/atl-software.net\/\",\"name\":\"ATL Software\",\"description\":\"\",\"publisher\":{\"@id\":\"https:\/\/atl-software.net\/#organization\"},\"potentialAction\":[{\"@type\":\"SearchAction\",\"target\":{\"@type\":\"EntryPoint\",\"urlTemplate\":\"https:\/\/atl-software.net\/?s={search_term_string}\"},\"query-input\":\"required name=search_term_string\"}],\"inLanguage\":\"es\"},{\"@type\":\"Organization\",\"@id\":\"https:\/\/atl-software.net\/#organization\",\"name\":\"ATL Software\",\"url\":\"https:\/\/atl-software.net\/\",\"logo\":{\"@type\":\"ImageObject\",\"inLanguage\":\"es\",\"@id\":\"https:\/\/atl-software.net\/#\/schema\/logo\/image\/\",\"url\":\"https:\/\/atl-software.net\/wp-content\/uploads\/2023\/04\/Interfaz-moderna-AEC.png\",\"contentUrl\":\"https:\/\/atl-software.net\/wp-content\/uploads\/2023\/04\/Interfaz-moderna-AEC.png\",\"width\":918,\"height\":673,\"caption\":\"ATL Software\"},\"image\":{\"@id\":\"https:\/\/atl-software.net\/#\/schema\/logo\/image\/\"},\"sameAs\":[\"https:\/\/www.facebook.com\/ATL-Software-724527551053606\/\",\"https:\/\/twitter.com\/SoftwareAtl\",\"https:\/\/www.linkedin.com\/in\/atl-software-logiciel-arc-en-ciel-a9428b91\/\",\"https:\/\/www.youtube.com\/watch?v=prCVSFs_vZg\"]}]}<\/script>\n<!-- \/ Yoast SEO plugin. -->","yoast_head_json":{"title":"(Fran\u00e7ais) Mentions l\u00e9gales - ATL Software - Gestion des centres de formation","description":"(Fran\u00e7ais) ATL Software - Nos mentions l\u00e9gales - Concepteur de solutions de gestion pour les centres p\u00e9dagogiques, instituts et \u00e9coles","robots":{"index":"index","follow":"follow","max-snippet":"max-snippet:-1","max-image-preview":"max-image-preview:large","max-video-preview":"max-video-preview:-1"},"canonical":"https:\/\/atl-software.net\/en\/mentions-legales\/","og_locale":"es_ES","og_type":"article","og_title":"[:fr]Mentions l\u00e9gales - ATL Software - Gestion des centres de formation[:]","og_description":"{:fr}ATL Software - Nos mentions l\u00e9gales - Concepteur de solutions de gestion pour les centres p\u00e9dagogiques, instituts et \u00e9coles{:}","og_url":"https:\/\/atl-software.net\/en\/mentions-legales\/","og_site_name":"ATL Software","article_publisher":"https:\/\/www.facebook.com\/ATL-Software-724527551053606\/","article_modified_time":"2024-07-08T19:48:43+00:00","twitter_card":"summary_large_image","twitter_site":"@SoftwareAtl","twitter_misc":{"Est. reading time":"4 minutos"},"schema":{"@context":"https:\/\/schema.org","@graph":[{"@type":"WebPage","@id":"https:\/\/atl-software.net\/en\/mentions-legales\/","url":"https:\/\/atl-software.net\/en\/mentions-legales\/","name":"[:fr]Mentions l\u00e9gales - ATL Software - Gestion des centres de formation[:]","isPartOf":{"@id":"https:\/\/atl-software.net\/#website"},"datePublished":"2016-10-03T12:10:33+00:00","dateModified":"2024-07-08T19:48:43+00:00","description":"{:fr}ATL Software - Nos mentions l\u00e9gales - Concepteur de solutions de gestion pour les centres p\u00e9dagogiques, instituts et \u00e9coles{:}","breadcrumb":{"@id":"https:\/\/atl-software.net\/en\/mentions-legales\/#breadcrumb"},"inLanguage":"es","potentialAction":[{"@type":"ReadAction","target":["https:\/\/atl-software.net\/en\/mentions-legales\/"]}]},{"@type":"BreadcrumbList","@id":"https:\/\/atl-software.net\/en\/mentions-legales\/#breadcrumb","itemListElement":[{"@type":"ListItem","position":1,"name":"Accueil","item":"https:\/\/atl-software.net\/en\/"},{"@type":"ListItem","position":2,"name":"Legal Notice"}]},{"@type":"WebSite","@id":"https:\/\/atl-software.net\/#website","url":"https:\/\/atl-software.net\/","name":"ATL Software","description":"","publisher":{"@id":"https:\/\/atl-software.net\/#organization"},"potentialAction":[{"@type":"SearchAction","target":{"@type":"EntryPoint","urlTemplate":"https:\/\/atl-software.net\/?s={search_term_string}"},"query-input":"required name=search_term_string"}],"inLanguage":"es"},{"@type":"Organization","@id":"https:\/\/atl-software.net\/#organization","name":"ATL Software","url":"https:\/\/atl-software.net\/","logo":{"@type":"ImageObject","inLanguage":"es","@id":"https:\/\/atl-software.net\/#\/schema\/logo\/image\/","url":"https:\/\/atl-software.net\/wp-content\/uploads\/2023\/04\/Interfaz-moderna-AEC.png","contentUrl":"https:\/\/atl-software.net\/wp-content\/uploads\/2023\/04\/Interfaz-moderna-AEC.png","width":918,"height":673,"caption":"ATL Software"},"image":{"@id":"https:\/\/atl-software.net\/#\/schema\/logo\/image\/"},"sameAs":["https:\/\/www.facebook.com\/ATL-Software-724527551053606\/","https:\/\/twitter.com\/SoftwareAtl","https:\/\/www.linkedin.com\/in\/atl-software-logiciel-arc-en-ciel-a9428b91\/","https:\/\/www.youtube.com\/watch?v=prCVSFs_vZg"]}]}},"uagb_featured_image_src":{"full":false,"thumbnail":false,"medium":false,"medium_large":false,"large":false,"1536x1536":false,"2048x2048":false,"bones-thumb-600":false,"bones-thumb-300":false,"post-thumbnail":false},"uagb_author_info":{"display_name":"admin","author_link":"https:\/\/atl-software.net\/es\/author\/admin\/"},"uagb_comment_info":0,"uagb_excerpt":"Pol\u00edtica de Consentimiento Al completar este formulario de generaci\u00f3n de leads, usted est\u00e1 otorgando su consentimiento expreso para que ATL Software utilice la informaci\u00f3n proporcionada para los siguientes fines: Env\u00edo de informaci\u00f3n relevante: Acepto recibir comunicaciones por correo electr\u00f3nico, tel\u00e9fono u otros medios, con contenido promocional, actualizaciones de productos o servicios, y otra informaci\u00f3n relevante...&hellip;","_links":{"self":[{"href":"https:\/\/atl-software.net\/es\/wp-json\/wp\/v2\/pages\/225"}],"collection":[{"href":"https:\/\/atl-software.net\/es\/wp-json\/wp\/v2\/pages"}],"about":[{"href":"https:\/\/atl-software.net\/es\/wp-json\/wp\/v2\/types\/page"}],"author":[{"embeddable":true,"href":"https:\/\/atl-software.net\/es\/wp-json\/wp\/v2\/users\/2"}],"replies":[{"embeddable":true,"href":"https:\/\/atl-software.net\/es\/wp-json\/wp\/v2\/comments?post=225"}],"version-history":[{"count":27,"href":"https:\/\/atl-software.net\/es\/wp-json\/wp\/v2\/pages\/225\/revisions"}],"predecessor-version":[{"id":4189,"href":"https:\/\/atl-software.net\/es\/wp-json\/wp\/v2\/pages\/225\/revisions\/4189"}],"wp:attachment":[{"href":"https:\/\/atl-software.net\/es\/wp-json\/wp\/v2\/media?parent=225"}],"curies":[{"name":"wp","href":"https:\/\/api.w.org\/{rel}","templated":true}]}}