{"id":2020,"date":"2020-02-18T16:04:05","date_gmt":"2020-02-18T15:04:05","guid":{"rendered":"http:\/\/atl-software.net\/en\/?page_id=2020"},"modified":"2024-01-18T21:43:06","modified_gmt":"2024-01-18T20:43:06","slug":"fournisseurs-de-paiement-en-ligne-compatibles-avec-aec","status":"publish","type":"page","link":"https:\/\/atl-software.net\/es\/conoce-nuestros-proveedores-de-pago-en-linea\/","title":{"rendered":"Proveedores de pago en l\u00ednea compatibles con AEC"},"content":{"rendered":"<p><a href=\"http:\/\/atl-software.net\/wp-content\/uploads\/2020\/02\/Com-pago-en-linea____-06-06.png\"><img decoding=\"async\" loading=\"lazy\" class=\"size-full wp-image-2029 aligncenter\" src=\"http:\/\/atl-software.net\/wp-content\/uploads\/2020\/02\/Com-pago-en-linea____-06-06.png\" alt=\"com-pago-en-linea____-06-06\" width=\"1043\" height=\"582\" srcset=\"https:\/\/atl-software.net\/wp-content\/uploads\/2020\/02\/Com-pago-en-linea____-06-06.png 1043w, https:\/\/atl-software.net\/wp-content\/uploads\/2020\/02\/Com-pago-en-linea____-06-06-300x167.png 300w, https:\/\/atl-software.net\/wp-content\/uploads\/2020\/02\/Com-pago-en-linea____-06-06-768x429.png 768w, https:\/\/atl-software.net\/wp-content\/uploads\/2020\/02\/Com-pago-en-linea____-06-06-1024x571.png 1024w\" sizes=\"(max-width: 1043px) 100vw, 1043px\" \/><\/a><\/p>\n<p>Estos son los proveedores de pagos que tenemos disponibles para ser conectados a los m\u00f3dulos AEC y Kiosque para los pagos en l\u00ednea en m\u00e1s de 40 pa\u00edses:<\/p>\n<p style=\"padding-left: 60px;\"><b>\u00c1frica del Sur :<\/b> PayStack<\/p>\n<p style=\"padding-left: 60px;\"><b>Alemania :<\/b> Alma, SaferPay, Stripe, PayPal<\/p>\n<p style=\"padding-left: 60px;\"><b>Arabia Saudi :<\/b> Fransi E-Pay y Paypal<\/p>\n<p style=\"padding-left: 60px;\"><b>Argentina :<\/b> Bamboo, Macro Click de Pago, PagoTIC y Paypal<\/p>\n<p style=\"padding-left: 60px;\"><b>Australia :<\/b> Autorize, Stripe, PayPal<\/p>\n<p style=\"padding-left: 60px;\"><b>Austria:<\/b> Alma, Stripe y PayPal<\/p>\n<p style=\"padding-left: 60px;\"><b>Bar\u00e9in :<\/b> Benefit y PayPal<\/p>\n<p style=\"padding-left: 60px;\"><b>B\u00e9lgica :<\/b> Alma, Ingenico, Stripe y PayPal<\/p>\n<p style=\"padding-left: 60px;\"><b>Brasil<\/b> : Bamboo, Stripe, PayPal<\/p>\n<p style=\"padding-left: 60px;\"><b>Camer\u00fan :<\/b> TouchPay y Paypal<\/p>\n<p style=\"padding-left: 60px;\"><b>Canada :<\/b> Authorize, Bambora, CardConnect, Paypal, Quickbooks y Stripe,<\/p>\n<p style=\"padding-left: 60px;\"><b>Chile :<\/b> Bamboo, WebPay y Paypal<\/p>\n<p style=\"padding-left: 60px;\"><b>Colombia :<\/b> Bamboo, Zona Pagos y Paypal<\/p>\n<p style=\"padding-left: 60px;\"><b>Corea del sur:<\/b> Paypal<\/p>\n<p style=\"padding-left: 60px;\"><b>Costa de Marfil :<\/b> TouchPay y Paypal<\/p>\n<p style=\"padding-left: 60px;\"><b>Costa Rica :<\/b> Bamboo, Credomatic y Paypal<\/p>\n<p style=\"padding-left: 60px;\"><b>Dinamarca :<\/b> Netaxept, Bambora, Stripe y PayPal<\/p>\n<p style=\"padding-left: 60px;\"><b>Ecuador :<\/b> Alignet, Bamboo, Place to Pay y Paypal<\/p>\n<p style=\"padding-left: 60px;\"><b>Emiratos Arabes Unidos :<\/b> Etisalat, N-Genius, Network International, PostPay, Stripe y Paypal<\/p>\n<p style=\"padding-left: 60px;\"><b>Espa\u00f1a :<\/b> Alma, RedSys Spain, Stripe y PayPal<\/p>\n<p style=\"padding-left: 60px;\"><b>Estados Unidos :<\/b> Quickbooks, Authorize, USAe Pay, Payflow, Skip Jack, Bambora, Stripe, PayPal,\u00a0 y CardConnect<\/p>\n<p style=\"padding-left: 60px;\"><b>Estonia :<\/b> Stripe y PayPal<\/p>\n<p style=\"padding-left: 60px;\"><b>Filipinas :<\/b> MiGS, Pay Dollar, Stripe y PayPal<\/p>\n<p style=\"padding-left: 60px;\"><b>Finlandia :<\/b> Netaxept, Bambora, Stripe, y PayPal<\/p>\n<p style=\"padding-left: 60px;\"><b>Francia :<\/b> Alma, Monetico, PayBox System, Sogecommerce, SystemPay, Stripe, y PayPal<\/p>\n<p style=\"padding-left: 60px;\"><b>Grecia :<\/b> NBG, Stripe y PayPal<\/p>\n<p style=\"padding-left: 60px;\"><b>Guatemala : <\/b>Bamboo, Credomatic y Paypal<\/p>\n<p style=\"padding-left: 60px;\"><b>Guinea :<\/b> TouchPay y Paypal<\/p>\n<p style=\"padding-left: 60px;\"><b>Honduras :<\/b> Bamboo, Credomatic y PayPal<\/p>\n<p style=\"padding-left: 60px;\"><b>Hong Kong :<\/b> Stripe, y PayPal<\/p>\n<p style=\"padding-left: 60px;\"><b>Hungr\u00eda :<\/b> PayPal<\/p>\n<p style=\"padding-left: 60px;\"><b>India :<\/b> BillDesk, Eazy Pay, MiGS, Pay Dollar, Stripe y PayPal<\/p>\n<p style=\"padding-left: 60px;\"><b>Indonesia :<\/b> Stripe y PayPal<\/p>\n<p style=\"padding-left: 60px;\"><b>Irlanda : <\/b>Alma, Stripe, y PayPal<\/p>\n<p style=\"padding-left: 60px;\"><b>Israel :<\/b> PayPal<\/p>\n<p style=\"padding-left: 60px;\"><b>Italia :<\/b> Alma, AxeptaBNP, Stripe y PayPal\u0192<\/p>\n<p style=\"padding-left: 60px;\"><b>Jap\u00f3n :<\/b> Pay Dollar, Stripe y PayPal<\/p>\n<p style=\"padding-left: 60px;\"><b>Kenia : <\/b>Mpesa, TouchPay y Paypal<\/p>\n<p style=\"padding-left: 60px;\"><b>Letonia : <\/b>Stripe y PayPal<\/p>\n<p style=\"padding-left: 60px;\"><b>L\u00edbano :<\/b> NetCommerce y Paypal<\/p>\n<p style=\"padding-left: 60px;\"><b>Lituania :<\/b> Stripe y PayPal<\/p>\n<p style=\"padding-left: 60px;\"><b>Luxemburgo :<\/b> Alma, Stripe y PayPal<\/p>\n<p style=\"padding-left: 60px;\"><b>Malasia :<\/b> Stripe y PayPal<\/p>\n<p style=\"padding-left: 60px;\"><b>Mal\u00ed :<\/b> TouchPay y Paypal<\/p>\n<p style=\"padding-left: 60px;\"><b>Marruecos : <\/b>CMI y Paypal<\/p>\n<p style=\"padding-left: 60px;\"><b>M\u00e9xico :<\/b> Bamboo, Global Payments ViComm, Prosa, Stripe y PayPal<\/p>\n<p style=\"padding-left: 60px;\"><b>Moldavia : <\/b>Paypal<\/p>\n<p style=\"padding-left: 60px;\"><b>Myanmar: <\/b>Wirecard<\/p>\n<p style=\"padding-left: 60px;\"><b>Nicaragua : <\/b>Bamboo, Credomatic y Paypal<\/p>\n<p style=\"padding-left: 60px;\"><b>Nigeria : <\/b>PayStack y Paypal<\/p>\n<p style=\"padding-left: 60px;\"><b>Noruega : <\/b>Netaxept, Bambora, Stripe y PayPal<\/p>\n<p style=\"padding-left: 60px;\"><b>Nueva Zelanda : <\/b>Bambora, Stripe, y PayPal<\/p>\n<p style=\"padding-left: 60px;\"><b>Pa\u00edses Bajos :<\/b> Alma, Stripe y PayPal<\/p>\n<p style=\"padding-left: 60px;\"><b>Pakist\u00e1n:<\/b> PayPro, Safepay y Paypal<\/p>\n<p style=\"padding-left: 60px;\"><b>Panam\u00e1 : <\/b>Bamboo, Credomatic y PayPal<\/p>\n<p style=\"padding-left: 60px;\"><b>Per\u00fa :<\/b> Bamboo, Visanet P\u00e9rou y Paypal<\/p>\n<p style=\"padding-left: 60px;\"><b>Polonia :<\/b> Stripe, y PayPal<\/p>\n<p style=\"padding-left: 60px;\"><b>Portugal :<\/b> Alma, Stripe y PayPal<\/p>\n<p style=\"padding-left: 60px;\"><b>Reino Unido :<\/b> Stripe, y PayPal<\/p>\n<p style=\"padding-left: 60px;\"><b>Rep\u00fablica Checa :<\/b> GPE, Stripe y PayPal<\/p>\n<p style=\"padding-left: 60px;\"><b>Rep\u00fablica Dominicana :<\/b> Cardnet Dominicana y Paypal<\/p>\n<p style=\"padding-left: 60px;\"><b>Rusia :<\/b> PayPal<\/p>\n<p style=\"padding-left: 60px;\"><b>Salvador :<\/b> Bamboo, Credomatic, Transactor y PayPal<\/p>\n<p style=\"padding-left: 60px;\"><b>Senegal :<\/b> TouchPay y Paypal<\/p>\n<p style=\"padding-left: 60px;\"><b>Singapur : <\/b>Pay Dollar, Stripe, y PayPal<\/p>\n<p style=\"padding-left: 60px;\"><b>Slovaquie : <\/b>Stripe, y PayPal<\/p>\n<p style=\"padding-left: 60px;\"><b>Slov\u00e9nie :<\/b> Stripe y PayPal<\/p>\n<p style=\"padding-left: 60px;\"><b>Suecia : <\/b>Netaxept, Bambora, Stripe y PayPal<\/p>\n<p style=\"padding-left: 60px;\"><b>Suiza :<\/b> Stripe y PayPal<\/p>\n<p style=\"padding-left: 60px;\"><b>Tailandia :<\/b> Kasikorn Bank, Stripe y PayPal<\/p>\n<p style=\"padding-left: 60px;\"><b>Taiw\u00e1n :<\/b> NCCC, Pay Dollar y PayPal<\/p>\n<p style=\"padding-left: 60px;\"><b>T\u00fanez :<\/b> ClicToPay y Paypal<\/p>\n<p style=\"padding-left: 60px;\"><b>Uruguay :<\/b> Bamboo y PayPal<\/p>\n<p style=\"padding-left: 60px;\"><b>Vietnam :<\/b> One Pay, Pay Dollar y PayPal<\/p>\n<p>Podemos conectar cualquier otra API de pago acorde a sus necesidades. Si su pa\u00eds no est\u00e1, es importante que sepa que podemos hacerle la conexi\u00f3n por igual.<\/p>\n<p class=\"link\"><a href=\"https:\/\/atl-software.net\/es\/atl-software\/contact\/\">Cont\u00e1ctenos para activar el pago en l\u00ednea<\/a><\/p>\n<p><\/p>","protected":false},"excerpt":{"rendered":"<p>Estos son los proveedores de pagos que tenemos disponibles para ser conectados a los m\u00f3dulos AEC y Kiosque para los pagos en l\u00ednea en m\u00e1s de 40 pa\u00edses: \u00c1frica del Sur : PayStack Alemania : Alma, SaferPay, Stripe, PayPal Arabia Saudi : Fransi E-Pay y Paypal Argentina : Bamboo, Macro Click de Pago, PagoTIC y&#8230;  <a class=\"excerpt-read-more\" href=\"https:\/\/atl-software.net\/es\/conoce-nuestros-proveedores-de-pago-en-linea\/\" title=\"Read Proveedores de pago en l\u00ednea compatibles con AEC\">Leer m\u00e1s &raquo;<\/a><\/p>\n","protected":false},"author":2,"featured_media":0,"parent":0,"menu_order":0,"comment_status":"closed","ping_status":"closed","template":"template\/template-announcement.php","meta":{"_uag_custom_page_level_css":""},"acf":[],"yoast_head":"<!-- This site is optimized with the Yoast SEO plugin v20.13 - https:\/\/yoast.com\/wordpress\/plugins\/seo\/ -->\n<title>Proveedores de pago en l\u00ednea compatibles con AEC - ATL Software<\/title>\n<meta name=\"robots\" content=\"index, follow, max-snippet:-1, max-image-preview:large, max-video-preview:-1\" \/>\n<link rel=\"canonical\" href=\"https:\/\/atl-software.net\/es\/conoce-nuestros-proveedores-de-pago-en-linea\/\" \/>\n<meta property=\"og:locale\" content=\"es_ES\" \/>\n<meta property=\"og:type\" content=\"article\" \/>\n<meta property=\"og:title\" content=\"Proveedores de pago en l\u00ednea compatibles con AEC - ATL Software\" \/>\n<meta property=\"og:description\" content=\"Estos son los proveedores de pagos que tenemos disponibles para ser conectados a los m\u00f3dulos AEC y Kiosque para los pagos en l\u00ednea en m\u00e1s de 40 pa\u00edses: \u00c1frica del Sur : PayStack Alemania : Alma, SaferPay, Stripe, PayPal Arabia Saudi : Fransi E-Pay y Paypal Argentina : Bamboo, Macro Click de Pago, PagoTIC y... Leer m\u00e1s &raquo;\" \/>\n<meta property=\"og:url\" content=\"https:\/\/atl-software.net\/es\/conoce-nuestros-proveedores-de-pago-en-linea\/\" \/>\n<meta property=\"og:site_name\" content=\"ATL Software\" \/>\n<meta property=\"article:publisher\" content=\"https:\/\/www.facebook.com\/ATL-Software-724527551053606\/\" \/>\n<meta property=\"article:modified_time\" content=\"2024-01-18T20:43:06+00:00\" \/>\n<meta property=\"og:image\" content=\"http:\/\/atl-software.net\/wp-content\/uploads\/2020\/02\/Com-pago-en-linea____-06-06.png\" \/>\n<meta name=\"twitter:card\" content=\"summary_large_image\" \/>\n<meta name=\"twitter:site\" content=\"@SoftwareAtl\" \/>\n<meta name=\"twitter:label1\" content=\"Est. reading time\" \/>\n\t<meta name=\"twitter:data1\" content=\"7 minutos\" \/>\n<script type=\"application\/ld+json\" class=\"yoast-schema-graph\">{\"@context\":\"https:\/\/schema.org\",\"@graph\":[{\"@type\":\"WebPage\",\"@id\":\"https:\/\/atl-software.net\/es\/conoce-nuestros-proveedores-de-pago-en-linea\/\",\"url\":\"https:\/\/atl-software.net\/es\/conoce-nuestros-proveedores-de-pago-en-linea\/\",\"name\":\"Proveedores de pago en l\u00ednea compatibles con AEC - ATL Software\",\"isPartOf\":{\"@id\":\"https:\/\/atl-software.net\/#website\"},\"datePublished\":\"2020-02-18T15:04:05+00:00\",\"dateModified\":\"2024-01-18T20:43:06+00:00\",\"breadcrumb\":{\"@id\":\"https:\/\/atl-software.net\/es\/conoce-nuestros-proveedores-de-pago-en-linea\/#breadcrumb\"},\"inLanguage\":\"es\",\"potentialAction\":[{\"@type\":\"ReadAction\",\"target\":[\"https:\/\/atl-software.net\/es\/conoce-nuestros-proveedores-de-pago-en-linea\/\"]}]},{\"@type\":\"BreadcrumbList\",\"@id\":\"https:\/\/atl-software.net\/es\/conoce-nuestros-proveedores-de-pago-en-linea\/#breadcrumb\",\"itemListElement\":[{\"@type\":\"ListItem\",\"position\":1,\"name\":\"Accueil\",\"item\":\"https:\/\/atl-software.net\/en\/\"},{\"@type\":\"ListItem\",\"position\":2,\"name\":\"Proveedores de pago en l\u00ednea compatibles con AEC\"}]},{\"@type\":\"WebSite\",\"@id\":\"https:\/\/atl-software.net\/#website\",\"url\":\"https:\/\/atl-software.net\/\",\"name\":\"ATL Software\",\"description\":\"\",\"publisher\":{\"@id\":\"https:\/\/atl-software.net\/#organization\"},\"potentialAction\":[{\"@type\":\"SearchAction\",\"target\":{\"@type\":\"EntryPoint\",\"urlTemplate\":\"https:\/\/atl-software.net\/?s={search_term_string}\"},\"query-input\":\"required name=search_term_string\"}],\"inLanguage\":\"es\"},{\"@type\":\"Organization\",\"@id\":\"https:\/\/atl-software.net\/#organization\",\"name\":\"ATL Software\",\"url\":\"https:\/\/atl-software.net\/\",\"logo\":{\"@type\":\"ImageObject\",\"inLanguage\":\"es\",\"@id\":\"https:\/\/atl-software.net\/#\/schema\/logo\/image\/\",\"url\":\"https:\/\/atl-software.net\/wp-content\/uploads\/2023\/04\/Interfaz-moderna-AEC.png\",\"contentUrl\":\"https:\/\/atl-software.net\/wp-content\/uploads\/2023\/04\/Interfaz-moderna-AEC.png\",\"width\":918,\"height\":673,\"caption\":\"ATL Software\"},\"image\":{\"@id\":\"https:\/\/atl-software.net\/#\/schema\/logo\/image\/\"},\"sameAs\":[\"https:\/\/www.facebook.com\/ATL-Software-724527551053606\/\",\"https:\/\/twitter.com\/SoftwareAtl\",\"https:\/\/www.linkedin.com\/in\/atl-software-logiciel-arc-en-ciel-a9428b91\/\",\"https:\/\/www.youtube.com\/watch?v=prCVSFs_vZg\"]}]}<\/script>\n<!-- \/ Yoast SEO plugin. -->","yoast_head_json":{"title":"Proveedores de pago en l\u00ednea compatibles con AEC - ATL Software","robots":{"index":"index","follow":"follow","max-snippet":"max-snippet:-1","max-image-preview":"max-image-preview:large","max-video-preview":"max-video-preview:-1"},"canonical":"https:\/\/atl-software.net\/es\/conoce-nuestros-proveedores-de-pago-en-linea\/","og_locale":"es_ES","og_type":"article","og_title":"Proveedores de pago en l\u00ednea compatibles con AEC - ATL Software","og_description":"Estos son los proveedores de pagos que tenemos disponibles para ser conectados a los m\u00f3dulos AEC y Kiosque para los pagos en l\u00ednea en m\u00e1s de 40 pa\u00edses: \u00c1frica del Sur : PayStack Alemania : Alma, SaferPay, Stripe, PayPal Arabia Saudi : Fransi E-Pay y Paypal Argentina : Bamboo, Macro Click de Pago, PagoTIC y... Leer m\u00e1s &raquo;","og_url":"https:\/\/atl-software.net\/es\/conoce-nuestros-proveedores-de-pago-en-linea\/","og_site_name":"ATL Software","article_publisher":"https:\/\/www.facebook.com\/ATL-Software-724527551053606\/","article_modified_time":"2024-01-18T20:43:06+00:00","og_image":[{"url":"http:\/\/atl-software.net\/wp-content\/uploads\/2020\/02\/Com-pago-en-linea____-06-06.png"}],"twitter_card":"summary_large_image","twitter_site":"@SoftwareAtl","twitter_misc":{"Est. reading time":"7 minutos"},"schema":{"@context":"https:\/\/schema.org","@graph":[{"@type":"WebPage","@id":"https:\/\/atl-software.net\/es\/conoce-nuestros-proveedores-de-pago-en-linea\/","url":"https:\/\/atl-software.net\/es\/conoce-nuestros-proveedores-de-pago-en-linea\/","name":"Proveedores de pago en l\u00ednea compatibles con AEC - ATL Software","isPartOf":{"@id":"https:\/\/atl-software.net\/#website"},"datePublished":"2020-02-18T15:04:05+00:00","dateModified":"2024-01-18T20:43:06+00:00","breadcrumb":{"@id":"https:\/\/atl-software.net\/es\/conoce-nuestros-proveedores-de-pago-en-linea\/#breadcrumb"},"inLanguage":"es","potentialAction":[{"@type":"ReadAction","target":["https:\/\/atl-software.net\/es\/conoce-nuestros-proveedores-de-pago-en-linea\/"]}]},{"@type":"BreadcrumbList","@id":"https:\/\/atl-software.net\/es\/conoce-nuestros-proveedores-de-pago-en-linea\/#breadcrumb","itemListElement":[{"@type":"ListItem","position":1,"name":"Accueil","item":"https:\/\/atl-software.net\/en\/"},{"@type":"ListItem","position":2,"name":"Proveedores de pago en l\u00ednea compatibles con AEC"}]},{"@type":"WebSite","@id":"https:\/\/atl-software.net\/#website","url":"https:\/\/atl-software.net\/","name":"ATL Software","description":"","publisher":{"@id":"https:\/\/atl-software.net\/#organization"},"potentialAction":[{"@type":"SearchAction","target":{"@type":"EntryPoint","urlTemplate":"https:\/\/atl-software.net\/?s={search_term_string}"},"query-input":"required name=search_term_string"}],"inLanguage":"es"},{"@type":"Organization","@id":"https:\/\/atl-software.net\/#organization","name":"ATL Software","url":"https:\/\/atl-software.net\/","logo":{"@type":"ImageObject","inLanguage":"es","@id":"https:\/\/atl-software.net\/#\/schema\/logo\/image\/","url":"https:\/\/atl-software.net\/wp-content\/uploads\/2023\/04\/Interfaz-moderna-AEC.png","contentUrl":"https:\/\/atl-software.net\/wp-content\/uploads\/2023\/04\/Interfaz-moderna-AEC.png","width":918,"height":673,"caption":"ATL Software"},"image":{"@id":"https:\/\/atl-software.net\/#\/schema\/logo\/image\/"},"sameAs":["https:\/\/www.facebook.com\/ATL-Software-724527551053606\/","https:\/\/twitter.com\/SoftwareAtl","https:\/\/www.linkedin.com\/in\/atl-software-logiciel-arc-en-ciel-a9428b91\/","https:\/\/www.youtube.com\/watch?v=prCVSFs_vZg"]}]}},"uagb_featured_image_src":{"full":false,"thumbnail":false,"medium":false,"medium_large":false,"large":false,"1536x1536":false,"2048x2048":false,"bones-thumb-600":false,"bones-thumb-300":false,"post-thumbnail":false},"uagb_author_info":{"display_name":"admin","author_link":"https:\/\/atl-software.net\/es\/author\/admin\/"},"uagb_comment_info":0,"uagb_excerpt":"Estos son los proveedores de pagos que tenemos disponibles para ser conectados a los m\u00f3dulos AEC y Kiosque para los pagos en l\u00ednea en m\u00e1s de 40 pa\u00edses: \u00c1frica del Sur : PayStack Alemania : Alma, SaferPay, Stripe, PayPal Arabia Saudi : Fransi E-Pay y Paypal Argentina : Bamboo, Macro Click de Pago, PagoTIC y...&hellip;","_links":{"self":[{"href":"https:\/\/atl-software.net\/es\/wp-json\/wp\/v2\/pages\/2020"}],"collection":[{"href":"https:\/\/atl-software.net\/es\/wp-json\/wp\/v2\/pages"}],"about":[{"href":"https:\/\/atl-software.net\/es\/wp-json\/wp\/v2\/types\/page"}],"author":[{"embeddable":true,"href":"https:\/\/atl-software.net\/es\/wp-json\/wp\/v2\/users\/2"}],"replies":[{"embeddable":true,"href":"https:\/\/atl-software.net\/es\/wp-json\/wp\/v2\/comments?post=2020"}],"version-history":[{"count":73,"href":"https:\/\/atl-software.net\/es\/wp-json\/wp\/v2\/pages\/2020\/revisions"}],"predecessor-version":[{"id":4088,"href":"https:\/\/atl-software.net\/es\/wp-json\/wp\/v2\/pages\/2020\/revisions\/4088"}],"wp:attachment":[{"href":"https:\/\/atl-software.net\/es\/wp-json\/wp\/v2\/media?parent=2020"}],"curies":[{"name":"wp","href":"https:\/\/api.w.org\/{rel}","templated":true}]}}