{"id":1824,"date":"2020-01-08T20:31:54","date_gmt":"2020-01-08T19:31:54","guid":{"rendered":"http:\/\/atl-software.net\/en\/?page_id=1824"},"modified":"2020-02-05T20:31:46","modified_gmt":"2020-02-05T19:31:46","slug":"decouvrez-les-nouvelles-fonctionnalites","status":"publish","type":"page","link":"https:\/\/atl-software.net\/es\/conoce-nuevas-funcionalidades\/","title":{"rendered":"Conoce nuestras nuevas funcionalidades"},"content":{"rendered":"<p><\/p>\n<h3>\u00a0<span style=\"font-weight: 400;\">\u00a1Ya est\u00e1n disponibles nuevas funcionalidades en AEC! De esta forma, tenemos herramientas que har\u00e1n su trabajo diario a\u00fan m\u00e1s eficiente.<\/span><\/h3>\n<h4>\u00a0<a href=\"http:\/\/atl-software.net\/wp-content\/uploads\/2020\/01\/CAMPAN\u0303A-AEC-MIGRACION-A-2019-ETAPA-2-Semana-1-08.png\"><img decoding=\"async\" loading=\"lazy\" class=\"alignnone wp-image-1826 size-full\" src=\"http:\/\/atl-software.net\/wp-content\/uploads\/2020\/01\/CAMPAN\u0303A-AEC-MIGRACION-A-2019-ETAPA-2-Semana-1-08.png\" alt=\"campan%cc%83a-aec-migracion-a-2019-etapa-2-semana-1-08\" width=\"4184\" height=\"2475\" srcset=\"https:\/\/atl-software.net\/wp-content\/uploads\/2020\/01\/CAMPAN\u0303A-AEC-MIGRACION-A-2019-ETAPA-2-Semana-1-08.png 4184w, https:\/\/atl-software.net\/wp-content\/uploads\/2020\/01\/CAMPAN\u0303A-AEC-MIGRACION-A-2019-ETAPA-2-Semana-1-08-300x177.png 300w, https:\/\/atl-software.net\/wp-content\/uploads\/2020\/01\/CAMPAN\u0303A-AEC-MIGRACION-A-2019-ETAPA-2-Semana-1-08-768x454.png 768w, https:\/\/atl-software.net\/wp-content\/uploads\/2020\/01\/CAMPAN\u0303A-AEC-MIGRACION-A-2019-ETAPA-2-Semana-1-08-1024x606.png 1024w\" sizes=\"(max-width: 4184px) 100vw, 4184px\" \/><\/a><\/h4>\n<h4><b>Historial de las ventas en l\u00ednea<\/b><b><br \/>\n<\/b><span style=\"font-weight: 400;\">Ahora, podr\u00e1 ver su embudo de ventas con informaci\u00f3n m\u00e1s detallada de Kiosque, a fin de analizar c\u00f3mo funciona su tienda en l\u00ednea y aprovechar al m\u00e1ximo sus ofertas de clases y actividades. El crecimiento de su tienda podr\u00e1 ser m\u00e1s r\u00e1pido con estas eficientes estad\u00edsticas dentro del m\u00f3dulo de \u201cCompras en l\u00ednea\u201d.<\/span><\/h4>\n<h4><\/h4>\n<p>&nbsp;<\/p>\n<h4><a href=\"http:\/\/atl-software.net\/wp-content\/uploads\/2020\/01\/CAMPAN\u0303A-AEC-MIGRACION-A-2019-ETAPA-2-Semana-1-10.png\"><img decoding=\"async\" loading=\"lazy\" class=\"alignnone size-full wp-image-1828\" src=\"http:\/\/atl-software.net\/wp-content\/uploads\/2020\/01\/CAMPAN\u0303A-AEC-MIGRACION-A-2019-ETAPA-2-Semana-1-10.png\" alt=\"campan%cc%83a-aec-migracion-a-2019-etapa-2-semana-1-10\" width=\"4183\" height=\"2475\" srcset=\"https:\/\/atl-software.net\/wp-content\/uploads\/2020\/01\/CAMPAN\u0303A-AEC-MIGRACION-A-2019-ETAPA-2-Semana-1-10.png 4183w, https:\/\/atl-software.net\/wp-content\/uploads\/2020\/01\/CAMPAN\u0303A-AEC-MIGRACION-A-2019-ETAPA-2-Semana-1-10-300x178.png 300w, https:\/\/atl-software.net\/wp-content\/uploads\/2020\/01\/CAMPAN\u0303A-AEC-MIGRACION-A-2019-ETAPA-2-Semana-1-10-768x454.png 768w, https:\/\/atl-software.net\/wp-content\/uploads\/2020\/01\/CAMPAN\u0303A-AEC-MIGRACION-A-2019-ETAPA-2-Semana-1-10-1024x606.png 1024w\" sizes=\"(max-width: 4183px) 100vw, 4183px\" \/><\/a><\/h4>\n<h4><b>\u00a1Haga usted mismo sus templates de correo!<br \/>\n<\/b><span style=\"font-weight: 400;\">Agregue m\u00e1s personalidad a sus comunicaciones autom\u00e1ticas en AEC para que sus usuarios experimenten una experiencia m\u00e1s agradable con una herramienta f\u00e1cil e intuitiva. Tambi\u00e9n podr\u00e1 ver una previsualizaci\u00f3n de su plantilla y editar cuantas veces quiera.<\/span><\/h4>\n<h4><\/h4>\n<h4><\/h4>\n<h4><\/h4>\n<h4><a href=\"http:\/\/atl-software.net\/wp-content\/uploads\/2020\/01\/CAMPAN\u0303A-AEC-MIGRACION-A-2019-ETAPA-2-Semana-1-09.png\"><img decoding=\"async\" loading=\"lazy\" class=\"alignnone size-full wp-image-1827\" src=\"http:\/\/atl-software.net\/wp-content\/uploads\/2020\/01\/CAMPAN\u0303A-AEC-MIGRACION-A-2019-ETAPA-2-Semana-1-09.png\" alt=\"campan%cc%83a-aec-migracion-a-2019-etapa-2-semana-1-09\" width=\"4184\" height=\"2475\" srcset=\"https:\/\/atl-software.net\/wp-content\/uploads\/2020\/01\/CAMPAN\u0303A-AEC-MIGRACION-A-2019-ETAPA-2-Semana-1-09.png 4184w, https:\/\/atl-software.net\/wp-content\/uploads\/2020\/01\/CAMPAN\u0303A-AEC-MIGRACION-A-2019-ETAPA-2-Semana-1-09-300x177.png 300w, https:\/\/atl-software.net\/wp-content\/uploads\/2020\/01\/CAMPAN\u0303A-AEC-MIGRACION-A-2019-ETAPA-2-Semana-1-09-768x454.png 768w, https:\/\/atl-software.net\/wp-content\/uploads\/2020\/01\/CAMPAN\u0303A-AEC-MIGRACION-A-2019-ETAPA-2-Semana-1-09-1024x606.png 1024w\" sizes=\"(max-width: 4184px) 100vw, 4184px\" \/><\/a><\/h4>\n<h4><b>Historial de mensajes\u00a0enviados<br \/>\n<\/b><span style=\"font-weight: 400;\">Aumentar\u00e1 la efectividad de sus campa\u00f1as de mailing, ya que tendr\u00e1 un mejor seguimiento, podr\u00e1 ver si sus correos fueron bien recibidos, verificar en tiempo real al digitar una direcci\u00f3n para saber si existe y est\u00e1 bien escrito. Gracias a esto, en su Instituci\u00f3n tendr\u00e1n la garant\u00eda de menos errores a la hora de enviar correos y mantendr\u00e1n las listas de contactos al d\u00eda sin email equivocados.<\/span><\/h4>\n<p>&nbsp;<\/p>\n<p>&nbsp;<\/p>","protected":false},"excerpt":{"rendered":"<p>\u00a0\u00a1Ya est\u00e1n disponibles nuevas funcionalidades en AEC! De esta forma, tenemos herramientas que har\u00e1n su trabajo diario a\u00fan m\u00e1s eficiente. \u00a0 Historial de las ventas en l\u00ednea Ahora, podr\u00e1 ver su embudo de ventas con informaci\u00f3n m\u00e1s detallada de Kiosque, a fin de analizar c\u00f3mo funciona su tienda en l\u00ednea y aprovechar al m\u00e1ximo sus&#8230;  <a class=\"excerpt-read-more\" href=\"https:\/\/atl-software.net\/es\/conoce-nuevas-funcionalidades\/\" title=\"Read Conoce nuestras nuevas funcionalidades\">Leer m\u00e1s &raquo;<\/a><\/p>\n","protected":false},"author":2,"featured_media":0,"parent":0,"menu_order":0,"comment_status":"closed","ping_status":"closed","template":"template\/template-announcement.php","meta":{"_uag_custom_page_level_css":""},"acf":[],"yoast_head":"<!-- This site is optimized with the Yoast SEO plugin v20.13 - https:\/\/yoast.com\/wordpress\/plugins\/seo\/ -->\n<title>Nouvelles fonctionnalit\u00e9s de la solution AEC! - ATL Software<\/title>\n<meta name=\"description\" content=\"Historique des ventes en ligne, vous pouvez cr\u00e9er vous-m\u00eame vos mod\u00e8les de courrier et l&#039;historique des messages envoy\u00e9s et bien plus encore.\" \/>\n<meta name=\"robots\" content=\"index, follow, max-snippet:-1, max-image-preview:large, max-video-preview:-1\" \/>\n<link rel=\"canonical\" href=\"https:\/\/atl-software.net\/decouvrez-les-nouvelles-fonctionnalites\/\" \/>\n<meta property=\"og:locale\" content=\"es_ES\" \/>\n<meta property=\"og:type\" content=\"article\" \/>\n<meta property=\"og:title\" content=\"Nouvelles fonctionnalit\u00e9s de la solution AEC! - ATL Software\" \/>\n<meta property=\"og:description\" content=\"Historique des ventes en ligne, vous pouvez cr\u00e9er vous-m\u00eame vos mod\u00e8les de courrier et l&#039;historique des messages envoy\u00e9s et bien plus encore.\" \/>\n<meta property=\"og:url\" content=\"https:\/\/atl-software.net\/decouvrez-les-nouvelles-fonctionnalites\/\" \/>\n<meta property=\"og:site_name\" content=\"ATL Software\" \/>\n<meta property=\"article:publisher\" content=\"https:\/\/www.facebook.com\/ATL-Software-724527551053606\/\" \/>\n<meta property=\"article:modified_time\" content=\"2020-02-05T19:31:46+00:00\" \/>\n<meta name=\"twitter:card\" content=\"summary_large_image\" \/>\n<meta name=\"twitter:site\" content=\"@SoftwareAtl\" \/>\n<meta name=\"twitter:label1\" content=\"Est. reading time\" \/>\n\t<meta name=\"twitter:data1\" content=\"3 minutos\" \/>\n<script type=\"application\/ld+json\" class=\"yoast-schema-graph\">{\"@context\":\"https:\/\/schema.org\",\"@graph\":[{\"@type\":\"WebPage\",\"@id\":\"https:\/\/atl-software.net\/decouvrez-les-nouvelles-fonctionnalites\/\",\"url\":\"https:\/\/atl-software.net\/decouvrez-les-nouvelles-fonctionnalites\/\",\"name\":\"Nouvelles fonctionnalit\u00e9s de la solution AEC! - ATL Software\",\"isPartOf\":{\"@id\":\"https:\/\/atl-software.net\/#website\"},\"datePublished\":\"2020-01-08T19:31:54+00:00\",\"dateModified\":\"2020-02-05T19:31:46+00:00\",\"description\":\"Historique des ventes en ligne, vous pouvez cr\u00e9er vous-m\u00eame vos mod\u00e8les de courrier et l'historique des messages envoy\u00e9s et bien plus encore.\",\"breadcrumb\":{\"@id\":\"https:\/\/atl-software.net\/decouvrez-les-nouvelles-fonctionnalites\/#breadcrumb\"},\"inLanguage\":\"es\",\"potentialAction\":[{\"@type\":\"ReadAction\",\"target\":[\"https:\/\/atl-software.net\/decouvrez-les-nouvelles-fonctionnalites\/\"]}]},{\"@type\":\"BreadcrumbList\",\"@id\":\"https:\/\/atl-software.net\/decouvrez-les-nouvelles-fonctionnalites\/#breadcrumb\",\"itemListElement\":[{\"@type\":\"ListItem\",\"position\":1,\"name\":\"Accueil\",\"item\":\"https:\/\/atl-software.net\/en\/\"},{\"@type\":\"ListItem\",\"position\":2,\"name\":\"D\u00e9couvrez les nouvelles fonctionnalit\u00e9s !\"}]},{\"@type\":\"WebSite\",\"@id\":\"https:\/\/atl-software.net\/#website\",\"url\":\"https:\/\/atl-software.net\/\",\"name\":\"ATL Software\",\"description\":\"\",\"publisher\":{\"@id\":\"https:\/\/atl-software.net\/#organization\"},\"potentialAction\":[{\"@type\":\"SearchAction\",\"target\":{\"@type\":\"EntryPoint\",\"urlTemplate\":\"https:\/\/atl-software.net\/?s={search_term_string}\"},\"query-input\":\"required name=search_term_string\"}],\"inLanguage\":\"es\"},{\"@type\":\"Organization\",\"@id\":\"https:\/\/atl-software.net\/#organization\",\"name\":\"ATL Software\",\"url\":\"https:\/\/atl-software.net\/\",\"logo\":{\"@type\":\"ImageObject\",\"inLanguage\":\"es\",\"@id\":\"https:\/\/atl-software.net\/#\/schema\/logo\/image\/\",\"url\":\"https:\/\/atl-software.net\/wp-content\/uploads\/2023\/04\/Interfaz-moderna-AEC.png\",\"contentUrl\":\"https:\/\/atl-software.net\/wp-content\/uploads\/2023\/04\/Interfaz-moderna-AEC.png\",\"width\":918,\"height\":673,\"caption\":\"ATL Software\"},\"image\":{\"@id\":\"https:\/\/atl-software.net\/#\/schema\/logo\/image\/\"},\"sameAs\":[\"https:\/\/www.facebook.com\/ATL-Software-724527551053606\/\",\"https:\/\/twitter.com\/SoftwareAtl\",\"https:\/\/www.linkedin.com\/in\/atl-software-logiciel-arc-en-ciel-a9428b91\/\",\"https:\/\/www.youtube.com\/watch?v=prCVSFs_vZg\"]}]}<\/script>\n<!-- \/ Yoast SEO plugin. -->","yoast_head_json":{"title":"Nouvelles fonctionnalit\u00e9s de la solution AEC! - ATL Software","description":"Historique des ventes en ligne, vous pouvez cr\u00e9er vous-m\u00eame vos mod\u00e8les de courrier et l'historique des messages envoy\u00e9s et bien plus encore.","robots":{"index":"index","follow":"follow","max-snippet":"max-snippet:-1","max-image-preview":"max-image-preview:large","max-video-preview":"max-video-preview:-1"},"canonical":"https:\/\/atl-software.net\/decouvrez-les-nouvelles-fonctionnalites\/","og_locale":"es_ES","og_type":"article","og_title":"Nouvelles fonctionnalit\u00e9s de la solution AEC! - ATL Software","og_description":"Historique des ventes en ligne, vous pouvez cr\u00e9er vous-m\u00eame vos mod\u00e8les de courrier et l'historique des messages envoy\u00e9s et bien plus encore.","og_url":"https:\/\/atl-software.net\/decouvrez-les-nouvelles-fonctionnalites\/","og_site_name":"ATL Software","article_publisher":"https:\/\/www.facebook.com\/ATL-Software-724527551053606\/","article_modified_time":"2020-02-05T19:31:46+00:00","twitter_card":"summary_large_image","twitter_site":"@SoftwareAtl","twitter_misc":{"Est. reading time":"3 minutos"},"schema":{"@context":"https:\/\/schema.org","@graph":[{"@type":"WebPage","@id":"https:\/\/atl-software.net\/decouvrez-les-nouvelles-fonctionnalites\/","url":"https:\/\/atl-software.net\/decouvrez-les-nouvelles-fonctionnalites\/","name":"Nouvelles fonctionnalit\u00e9s de la solution AEC! - ATL Software","isPartOf":{"@id":"https:\/\/atl-software.net\/#website"},"datePublished":"2020-01-08T19:31:54+00:00","dateModified":"2020-02-05T19:31:46+00:00","description":"Historique des ventes en ligne, vous pouvez cr\u00e9er vous-m\u00eame vos mod\u00e8les de courrier et l'historique des messages envoy\u00e9s et bien plus encore.","breadcrumb":{"@id":"https:\/\/atl-software.net\/decouvrez-les-nouvelles-fonctionnalites\/#breadcrumb"},"inLanguage":"es","potentialAction":[{"@type":"ReadAction","target":["https:\/\/atl-software.net\/decouvrez-les-nouvelles-fonctionnalites\/"]}]},{"@type":"BreadcrumbList","@id":"https:\/\/atl-software.net\/decouvrez-les-nouvelles-fonctionnalites\/#breadcrumb","itemListElement":[{"@type":"ListItem","position":1,"name":"Accueil","item":"https:\/\/atl-software.net\/en\/"},{"@type":"ListItem","position":2,"name":"D\u00e9couvrez les nouvelles fonctionnalit\u00e9s !"}]},{"@type":"WebSite","@id":"https:\/\/atl-software.net\/#website","url":"https:\/\/atl-software.net\/","name":"ATL Software","description":"","publisher":{"@id":"https:\/\/atl-software.net\/#organization"},"potentialAction":[{"@type":"SearchAction","target":{"@type":"EntryPoint","urlTemplate":"https:\/\/atl-software.net\/?s={search_term_string}"},"query-input":"required name=search_term_string"}],"inLanguage":"es"},{"@type":"Organization","@id":"https:\/\/atl-software.net\/#organization","name":"ATL Software","url":"https:\/\/atl-software.net\/","logo":{"@type":"ImageObject","inLanguage":"es","@id":"https:\/\/atl-software.net\/#\/schema\/logo\/image\/","url":"https:\/\/atl-software.net\/wp-content\/uploads\/2023\/04\/Interfaz-moderna-AEC.png","contentUrl":"https:\/\/atl-software.net\/wp-content\/uploads\/2023\/04\/Interfaz-moderna-AEC.png","width":918,"height":673,"caption":"ATL Software"},"image":{"@id":"https:\/\/atl-software.net\/#\/schema\/logo\/image\/"},"sameAs":["https:\/\/www.facebook.com\/ATL-Software-724527551053606\/","https:\/\/twitter.com\/SoftwareAtl","https:\/\/www.linkedin.com\/in\/atl-software-logiciel-arc-en-ciel-a9428b91\/","https:\/\/www.youtube.com\/watch?v=prCVSFs_vZg"]}]}},"uagb_featured_image_src":{"full":false,"thumbnail":false,"medium":false,"medium_large":false,"large":false,"1536x1536":false,"2048x2048":false,"bones-thumb-600":false,"bones-thumb-300":false,"post-thumbnail":false},"uagb_author_info":{"display_name":"admin","author_link":"https:\/\/atl-software.net\/es\/author\/admin\/"},"uagb_comment_info":0,"uagb_excerpt":"\u00a0\u00a1Ya est\u00e1n disponibles nuevas funcionalidades en AEC! De esta forma, tenemos herramientas que har\u00e1n su trabajo diario a\u00fan m\u00e1s eficiente. \u00a0 Historial de las ventas en l\u00ednea Ahora, podr\u00e1 ver su embudo de ventas con informaci\u00f3n m\u00e1s detallada de Kiosque, a fin de analizar c\u00f3mo funciona su tienda en l\u00ednea y aprovechar al m\u00e1ximo sus...&hellip;","_links":{"self":[{"href":"https:\/\/atl-software.net\/es\/wp-json\/wp\/v2\/pages\/1824"}],"collection":[{"href":"https:\/\/atl-software.net\/es\/wp-json\/wp\/v2\/pages"}],"about":[{"href":"https:\/\/atl-software.net\/es\/wp-json\/wp\/v2\/types\/page"}],"author":[{"embeddable":true,"href":"https:\/\/atl-software.net\/es\/wp-json\/wp\/v2\/users\/2"}],"replies":[{"embeddable":true,"href":"https:\/\/atl-software.net\/es\/wp-json\/wp\/v2\/comments?post=1824"}],"version-history":[{"count":16,"href":"https:\/\/atl-software.net\/es\/wp-json\/wp\/v2\/pages\/1824\/revisions"}],"predecessor-version":[{"id":2003,"href":"https:\/\/atl-software.net\/es\/wp-json\/wp\/v2\/pages\/1824\/revisions\/2003"}],"wp:attachment":[{"href":"https:\/\/atl-software.net\/es\/wp-json\/wp\/v2\/media?parent=1824"}],"curies":[{"name":"wp","href":"https:\/\/api.w.org\/{rel}","templated":true}]}}