{"id":1726,"date":"2019-11-25T14:29:00","date_gmt":"2019-11-25T13:29:00","guid":{"rendered":"http:\/\/atl-software.net\/en\/?page_id=1726"},"modified":"2020-01-30T21:07:05","modified_gmt":"2020-01-30T20:07:05","slug":"que-trouverez-vous-dans-les-versions-aec-2019","status":"publish","type":"page","link":"https:\/\/atl-software.net\/es\/que-trouverez-vous-dans-aec-2019\/","title":{"rendered":"\u00bfQu\u00e9 encontrar\u00e1 en las versiones AEC 2019?"},"content":{"rendered":"<p><span style=\"font-weight: 400;\">Todos los d\u00edas trabajamos en mejoras a fin de optimizar nuestro sistema. En esta ocasi\u00f3n, queremos hablarle del progreso que hemos tenido en 2019, a fin de lograr que AEC sea mejor para todos nuestros leales clientes.<\/span><\/p>\n<p><span style=\"font-weight: 400;\">Acabamos de cumplir 13 a\u00f1os este pasado 6 de noviembre y algo que nos caracteriza y se ha vuelto parte de nuestra filosof\u00eda es la evoluci\u00f3n continua a nuevas tecnolog\u00edas, creando soluciones eficientes para hacer que nuestro software sea a\u00fan mejor.\u00a0<\/span><\/p>\n<p>En este mismo contexto, tenemos excelentes caracter\u00edsticas que hacen que AEC sea m\u00e1s f\u00e1cil de usar e intuitivo<\/p>\n<p>&nbsp;<\/p>\n<img decoding=\"async\" loading=\"lazy\" class=\"aligncenter wp-image-1735 \" src=\"http:\/\/atl-software.net\/wp-content\/uploads\/2019\/11\/montaje-4-1024x780.png\" alt=\"montaje-4\" width=\"755\" height=\"575\" srcset=\"https:\/\/atl-software.net\/wp-content\/uploads\/2019\/11\/montaje-4-1024x780.png 1024w, https:\/\/atl-software.net\/wp-content\/uploads\/2019\/11\/montaje-4-300x229.png 300w, https:\/\/atl-software.net\/wp-content\/uploads\/2019\/11\/montaje-4-768x585.png 768w, https:\/\/atl-software.net\/wp-content\/uploads\/2019\/11\/montaje-4.png 1272w\" sizes=\"(max-width: 755px) 100vw, 755px\" \/>\n<h2><b>Dise\u00f1o completamente optimizado<\/b><\/h2>\n<p><span style=\"font-weight: 400;\"><span style=\"font-weight: 400;\"><span style=\"font-weight: 400;\"><span style=\"font-weight: 400;\"><span style=\"font-weight: 400;\">Brindamos a\u00a0nuestros usuarios un aspecto m\u00e1s fresco y agradable de las funcionalidades. Ahora, nuestro men\u00fa est\u00e1 ubicado en el lado izquierdo de la pantalla, dejando el lado derecho para el trabajo operativo. Adem\u00e1s, tenemos iconos m\u00e1s intuitivos, que permiten una forma m\u00e1s eficiente de relacionar cada acci\u00f3n.<\/span><\/span><\/span><\/span><\/span><\/p>\n<p>Para acceder a cualquier m\u00f3dulo, haga clic en el nombre para desplegar el submen\u00fa. Estos son los m\u00f3dulos que estaba acostumbrado a ver, pero ahora tienen m\u00e1s herramientas que har\u00e1n su trabajo m\u00e1s f\u00e1cil; aqu\u00ed encontrar\u00e1 nuevas funcionalidades como:<\/p>\n<p style=\"padding-left: 60px;\"><span style=\"font-weight: 400;\">&#8211; Acceso a las fichas de los estudiantes desde el perfil del profesor<br \/>\n<\/span><span style=\"font-weight: 400;\">&#8211; M\u00f3dulo de contabilidad y agrupaci\u00f3n de cursos en el Kiosque<br \/>\n<\/span><span style=\"font-weight: 400;\">&#8211; Nuevos campos para alergias y contactos de emergencia en el perfil de los estudiantes<br \/>\n<\/span><span style=\"font-weight: 400;\">&#8211; Nueva columna de total en ventas e impresi\u00f3n para convocatoria de ex\u00e1menes<br \/>\n<\/span><span style=\"font-weight: 400;\">&#8211; Cierre de sesi\u00f3n luego de un per\u00edodo de inactividad en AEC<br \/>\n<\/span><span style=\"font-weight: 400;\">&#8211; Adici\u00f3n de la columna de correos electr\u00f3nicos en el m\u00f3dulo de corporativo<br \/>\n<\/span><span style=\"font-weight: 400;\">&#8211; Filtros para diferentes estatus de registro y tambi\u00e9n por tipos de eventos<br \/>\n<\/span><span style=\"font-weight: 400;\">&#8211; Inicio de sesi\u00f3n con un clic a Apolearn para el \u00e1rea de estudiantes<br \/>\n<\/span><span style=\"font-weight: 400;\">&#8211; Plantilla para dise\u00f1o de correos electr\u00f3nicos e hist\u00f3rico de correos electr\u00f3nicos enviados<br \/>\n<\/span><\/p>\n<p>&nbsp;<\/p>\n<p>&nbsp;<\/p>\n<img decoding=\"async\" loading=\"lazy\" class=\"aligncenter wp-image-1748 \" src=\"http:\/\/atl-software.net\/wp-content\/uploads\/2019\/11\/montaje-5_1.png\" alt=\"montaje-5_1\" width=\"663\" height=\"611\" srcset=\"https:\/\/atl-software.net\/wp-content\/uploads\/2019\/11\/montaje-5_1.png 938w, https:\/\/atl-software.net\/wp-content\/uploads\/2019\/11\/montaje-5_1-300x277.png 300w, https:\/\/atl-software.net\/wp-content\/uploads\/2019\/11\/montaje-5_1-768x708.png 768w\" sizes=\"(max-width: 663px) 100vw, 663px\" \/>\n<h2><b>Mejoras en navegaci\u00f3n y experiencia de usuario<\/b><\/h2>\n<p>De ahora en adelante, no necesitar\u00e1 navegar tanto para encontrar lo que busca, gracias a la nueva distribuci\u00f3n de las funcionalidades en el men\u00fa logrando as\u00ed una mejor experiencia de usuario. Si tiene dudas sobre las herramientas, si\u00e9ntase libre de entrar a nuestro <span style=\"font-weight: 400;\">Centro de Ayuda<\/span><span style=\"font-weight: 400;\"><span style=\"font-weight: 400;\"><span style=\"font-weight: 400;\"><span style=\"font-weight: 400;\"> para encontrar el t\u00f3pico que est\u00e1 disponible en franc\u00e9s, ingl\u00e9s y espa\u00f1ol, comunicarse con nosotros v\u00eda correo o mediante el chat de soporte directo en AEC.<\/span><\/span><\/span><\/span>Podr\u00e1 ver instant\u00e1neamente las mejoras en la distribuci\u00f3n del men\u00fa con subcategor\u00edas y submen\u00fas debajo de la categor\u00eda principal, proporcionando una mejor b\u00fasqueda y un aumento en la productividad del equipo de su organizaci\u00f3n.<\/p>\n<p>&nbsp;<\/p>\n<a href=\"http:\/\/atl-software.net\/wp-content\/uploads\/2019\/11\/Loading-copy-1.gif\"><img decoding=\"async\" loading=\"lazy\" class=\"aligncenter wp-image-1759 size-full\" src=\"http:\/\/atl-software.net\/wp-content\/uploads\/2019\/11\/Loading-copy-1.gif\" alt=\"loading-copy\" width=\"1563\" height=\"946\" \/><\/a>\n<h2><b>\u00a1M\u00e1s r\u00e1pido y eficiente!<\/b><\/h2>\n<p>Siempre estamos pensando en nuestros clientes y en la optimizaci\u00f3n de procesos para el equipo de los centros educativos que necesitan soluciones tecnol\u00f3gicas para el trabajo del d\u00eda a d\u00eda, por lo que nos complace decir que AEC ahora es m\u00e1s r\u00e1pido gracias al uso de la conexi\u00f3n websocket, que permite una comunicaci\u00f3n m\u00e1s eficiente en tiempo real. Adem\u00e1s, el proceso de migraci\u00f3n a HTML5 hace que nuestro software sea m\u00e1s r\u00e1pido y m\u00e1s vers\u00e1til.<\/p>\n<p>&nbsp;<\/p>\n<p>&nbsp;<\/p>\n<h3><b>Seguro se estar\u00e1 preguntando por qu\u00e9 todav\u00eda debe activar Flash en esta versi\u00f3n&#8230;<\/b><\/h3>\n<p><span style=\"font-weight: 400;\">Tenemos esto cubierto, ya que desde hace meses hemos estado trabajando en la migraci\u00f3n completa de manera acelerada de nuestro software y hay tiempo suficiente para seguir realizando las actualizaciones antes de que Adobe Flash finalice con su soporte y servicios. Parte de nuestros sistemas ya han sido migrados a la tecnolog\u00eda web de HTML5 y les aseguramos que todo funcionar\u00e1 perfectamente cuando llegue este\u00a0 momento.\u00a0<\/span><\/p>\n<p><span style=\"font-weight: 400;\">Si ya tiene una de nuestras versiones 2019, si\u00e9ntase libre de compartir con nosotros su experiencia de uso y d\u00e9jenos saber qu\u00e9 le parece.<\/span><\/p>\n<p>&nbsp;<\/p>\n<p>&nbsp;<\/p>","protected":false},"excerpt":{"rendered":"<p>Todos los d\u00edas trabajamos en mejoras a fin de optimizar nuestro sistema. En esta ocasi\u00f3n, queremos hablarle del progreso que hemos tenido en 2019, a fin de lograr que AEC sea mejor para todos nuestros leales clientes. Acabamos de cumplir 13 a\u00f1os este pasado 6 de noviembre y algo que nos caracteriza y se ha&#8230;  <a class=\"excerpt-read-more\" href=\"https:\/\/atl-software.net\/es\/que-trouverez-vous-dans-aec-2019\/\" title=\"Read \u00bfQu\u00e9 encontrar\u00e1 en las versiones AEC 2019?\">Leer m\u00e1s &raquo;<\/a><\/p>\n","protected":false},"author":2,"featured_media":0,"parent":0,"menu_order":0,"comment_status":"closed","ping_status":"closed","template":"template\/template-ml.php","meta":{"_uag_custom_page_level_css":""},"acf":[],"yoast_head":"<!-- This site is optimized with the Yoast SEO plugin v20.13 - https:\/\/yoast.com\/wordpress\/plugins\/seo\/ -->\n<title>\u00bfQu\u00e9 encontrar\u00e1 en las versiones AEC 2019? - ATL Software<\/title>\n<meta name=\"description\" content=\"Learn about the excellent features that makes AEC more user friendly and intuitive. These are available on the 2019 software&#039;s versions.\" \/>\n<meta name=\"robots\" content=\"index, follow, max-snippet:-1, max-image-preview:large, max-video-preview:-1\" \/>\n<link rel=\"canonical\" href=\"https:\/\/atl-software.net\/en\/que-trouverez-vous-dans-aec-2019\/\" \/>\n<meta property=\"og:locale\" content=\"es_ES\" \/>\n<meta property=\"og:type\" content=\"article\" \/>\n<meta property=\"og:title\" content=\"\u00bfQu\u00e9 encontrar\u00e1 en las versiones AEC 2019? - ATL Software\" \/>\n<meta property=\"og:description\" content=\"Learn about the excellent features that makes AEC more user friendly and intuitive. These are available on the 2019 software&#039;s versions.\" \/>\n<meta property=\"og:url\" content=\"https:\/\/atl-software.net\/en\/que-trouverez-vous-dans-aec-2019\/\" \/>\n<meta property=\"og:site_name\" content=\"ATL Software\" \/>\n<meta property=\"article:publisher\" content=\"https:\/\/www.facebook.com\/ATL-Software-724527551053606\/\" \/>\n<meta property=\"article:modified_time\" content=\"2020-01-30T20:07:05+00:00\" \/>\n<meta property=\"og:image\" content=\"http:\/\/atl-software.net\/wp-content\/uploads\/2019\/11\/montaje-4-1024x780.png\" \/>\n<meta name=\"twitter:card\" content=\"summary_large_image\" \/>\n<meta name=\"twitter:site\" content=\"@SoftwareAtl\" \/>\n<meta name=\"twitter:label1\" content=\"Est. reading time\" \/>\n\t<meta name=\"twitter:data1\" content=\"9 minutos\" \/>\n<script type=\"application\/ld+json\" class=\"yoast-schema-graph\">{\"@context\":\"https:\/\/schema.org\",\"@graph\":[{\"@type\":\"WebPage\",\"@id\":\"https:\/\/atl-software.net\/en\/que-trouverez-vous-dans-aec-2019\/\",\"url\":\"https:\/\/atl-software.net\/en\/que-trouverez-vous-dans-aec-2019\/\",\"name\":\"\u00bfQu\u00e9 encontrar\u00e1 en las versiones AEC 2019? - ATL Software\",\"isPartOf\":{\"@id\":\"https:\/\/atl-software.net\/#website\"},\"datePublished\":\"2019-11-25T13:29:00+00:00\",\"dateModified\":\"2020-01-30T20:07:05+00:00\",\"description\":\"Learn about the excellent features that makes AEC more user friendly and intuitive. These are available on the 2019 software's versions.\",\"breadcrumb\":{\"@id\":\"https:\/\/atl-software.net\/en\/que-trouverez-vous-dans-aec-2019\/#breadcrumb\"},\"inLanguage\":\"es\",\"potentialAction\":[{\"@type\":\"ReadAction\",\"target\":[\"https:\/\/atl-software.net\/en\/que-trouverez-vous-dans-aec-2019\/\"]}]},{\"@type\":\"BreadcrumbList\",\"@id\":\"https:\/\/atl-software.net\/en\/que-trouverez-vous-dans-aec-2019\/#breadcrumb\",\"itemListElement\":[{\"@type\":\"ListItem\",\"position\":1,\"name\":\"Accueil\",\"item\":\"https:\/\/atl-software.net\/en\/\"},{\"@type\":\"ListItem\",\"position\":2,\"name\":\"What will you find in AEC 2019 versions?\"}]},{\"@type\":\"WebSite\",\"@id\":\"https:\/\/atl-software.net\/#website\",\"url\":\"https:\/\/atl-software.net\/\",\"name\":\"ATL Software\",\"description\":\"\",\"publisher\":{\"@id\":\"https:\/\/atl-software.net\/#organization\"},\"potentialAction\":[{\"@type\":\"SearchAction\",\"target\":{\"@type\":\"EntryPoint\",\"urlTemplate\":\"https:\/\/atl-software.net\/?s={search_term_string}\"},\"query-input\":\"required name=search_term_string\"}],\"inLanguage\":\"es\"},{\"@type\":\"Organization\",\"@id\":\"https:\/\/atl-software.net\/#organization\",\"name\":\"ATL Software\",\"url\":\"https:\/\/atl-software.net\/\",\"logo\":{\"@type\":\"ImageObject\",\"inLanguage\":\"es\",\"@id\":\"https:\/\/atl-software.net\/#\/schema\/logo\/image\/\",\"url\":\"https:\/\/atl-software.net\/wp-content\/uploads\/2023\/04\/Interfaz-moderna-AEC.png\",\"contentUrl\":\"https:\/\/atl-software.net\/wp-content\/uploads\/2023\/04\/Interfaz-moderna-AEC.png\",\"width\":918,\"height\":673,\"caption\":\"ATL Software\"},\"image\":{\"@id\":\"https:\/\/atl-software.net\/#\/schema\/logo\/image\/\"},\"sameAs\":[\"https:\/\/www.facebook.com\/ATL-Software-724527551053606\/\",\"https:\/\/twitter.com\/SoftwareAtl\",\"https:\/\/www.linkedin.com\/in\/atl-software-logiciel-arc-en-ciel-a9428b91\/\",\"https:\/\/www.youtube.com\/watch?v=prCVSFs_vZg\"]}]}<\/script>\n<!-- \/ Yoast SEO plugin. -->","yoast_head_json":{"title":"\u00bfQu\u00e9 encontrar\u00e1 en las versiones AEC 2019? - ATL Software","description":"Learn about the excellent features that makes AEC more user friendly and intuitive. These are available on the 2019 software's versions.","robots":{"index":"index","follow":"follow","max-snippet":"max-snippet:-1","max-image-preview":"max-image-preview:large","max-video-preview":"max-video-preview:-1"},"canonical":"https:\/\/atl-software.net\/en\/que-trouverez-vous-dans-aec-2019\/","og_locale":"es_ES","og_type":"article","og_title":"\u00bfQu\u00e9 encontrar\u00e1 en las versiones AEC 2019? - ATL Software","og_description":"Learn about the excellent features that makes AEC more user friendly and intuitive. These are available on the 2019 software's versions.","og_url":"https:\/\/atl-software.net\/en\/que-trouverez-vous-dans-aec-2019\/","og_site_name":"ATL Software","article_publisher":"https:\/\/www.facebook.com\/ATL-Software-724527551053606\/","article_modified_time":"2020-01-30T20:07:05+00:00","og_image":[{"url":"http:\/\/atl-software.net\/wp-content\/uploads\/2019\/11\/montaje-4-1024x780.png"}],"twitter_card":"summary_large_image","twitter_site":"@SoftwareAtl","twitter_misc":{"Est. reading time":"9 minutos"},"schema":{"@context":"https:\/\/schema.org","@graph":[{"@type":"WebPage","@id":"https:\/\/atl-software.net\/en\/que-trouverez-vous-dans-aec-2019\/","url":"https:\/\/atl-software.net\/en\/que-trouverez-vous-dans-aec-2019\/","name":"\u00bfQu\u00e9 encontrar\u00e1 en las versiones AEC 2019? - ATL Software","isPartOf":{"@id":"https:\/\/atl-software.net\/#website"},"datePublished":"2019-11-25T13:29:00+00:00","dateModified":"2020-01-30T20:07:05+00:00","description":"Learn about the excellent features that makes AEC more user friendly and intuitive. These are available on the 2019 software's versions.","breadcrumb":{"@id":"https:\/\/atl-software.net\/en\/que-trouverez-vous-dans-aec-2019\/#breadcrumb"},"inLanguage":"es","potentialAction":[{"@type":"ReadAction","target":["https:\/\/atl-software.net\/en\/que-trouverez-vous-dans-aec-2019\/"]}]},{"@type":"BreadcrumbList","@id":"https:\/\/atl-software.net\/en\/que-trouverez-vous-dans-aec-2019\/#breadcrumb","itemListElement":[{"@type":"ListItem","position":1,"name":"Accueil","item":"https:\/\/atl-software.net\/en\/"},{"@type":"ListItem","position":2,"name":"What will you find in AEC 2019 versions?"}]},{"@type":"WebSite","@id":"https:\/\/atl-software.net\/#website","url":"https:\/\/atl-software.net\/","name":"ATL Software","description":"","publisher":{"@id":"https:\/\/atl-software.net\/#organization"},"potentialAction":[{"@type":"SearchAction","target":{"@type":"EntryPoint","urlTemplate":"https:\/\/atl-software.net\/?s={search_term_string}"},"query-input":"required name=search_term_string"}],"inLanguage":"es"},{"@type":"Organization","@id":"https:\/\/atl-software.net\/#organization","name":"ATL Software","url":"https:\/\/atl-software.net\/","logo":{"@type":"ImageObject","inLanguage":"es","@id":"https:\/\/atl-software.net\/#\/schema\/logo\/image\/","url":"https:\/\/atl-software.net\/wp-content\/uploads\/2023\/04\/Interfaz-moderna-AEC.png","contentUrl":"https:\/\/atl-software.net\/wp-content\/uploads\/2023\/04\/Interfaz-moderna-AEC.png","width":918,"height":673,"caption":"ATL Software"},"image":{"@id":"https:\/\/atl-software.net\/#\/schema\/logo\/image\/"},"sameAs":["https:\/\/www.facebook.com\/ATL-Software-724527551053606\/","https:\/\/twitter.com\/SoftwareAtl","https:\/\/www.linkedin.com\/in\/atl-software-logiciel-arc-en-ciel-a9428b91\/","https:\/\/www.youtube.com\/watch?v=prCVSFs_vZg"]}]}},"uagb_featured_image_src":{"full":false,"thumbnail":false,"medium":false,"medium_large":false,"large":false,"1536x1536":false,"2048x2048":false,"bones-thumb-600":false,"bones-thumb-300":false,"post-thumbnail":false},"uagb_author_info":{"display_name":"admin","author_link":"https:\/\/atl-software.net\/es\/author\/admin\/"},"uagb_comment_info":0,"uagb_excerpt":"Todos los d\u00edas trabajamos en mejoras a fin de optimizar nuestro sistema. En esta ocasi\u00f3n, queremos hablarle del progreso que hemos tenido en 2019, a fin de lograr que AEC sea mejor para todos nuestros leales clientes. Acabamos de cumplir 13 a\u00f1os este pasado 6 de noviembre y algo que nos caracteriza y se ha...&hellip;","_links":{"self":[{"href":"https:\/\/atl-software.net\/es\/wp-json\/wp\/v2\/pages\/1726"}],"collection":[{"href":"https:\/\/atl-software.net\/es\/wp-json\/wp\/v2\/pages"}],"about":[{"href":"https:\/\/atl-software.net\/es\/wp-json\/wp\/v2\/types\/page"}],"author":[{"embeddable":true,"href":"https:\/\/atl-software.net\/es\/wp-json\/wp\/v2\/users\/2"}],"replies":[{"embeddable":true,"href":"https:\/\/atl-software.net\/es\/wp-json\/wp\/v2\/comments?post=1726"}],"version-history":[{"count":60,"href":"https:\/\/atl-software.net\/es\/wp-json\/wp\/v2\/pages\/1726\/revisions"}],"predecessor-version":[{"id":2171,"href":"https:\/\/atl-software.net\/es\/wp-json\/wp\/v2\/pages\/1726\/revisions\/2171"}],"wp:attachment":[{"href":"https:\/\/atl-software.net\/es\/wp-json\/wp\/v2\/media?parent=1726"}],"curies":[{"name":"wp","href":"https:\/\/api.w.org\/{rel}","templated":true}]}}