{"id":1629,"date":"2019-08-07T19:40:44","date_gmt":"2019-08-07T17:40:44","guid":{"rendered":"http:\/\/atl-software.net\/?page_id=1629"},"modified":"2023-05-18T20:28:55","modified_gmt":"2023-05-18T18:28:55","slug":"tarifs-old","status":"publish","type":"page","link":"https:\/\/atl-software.net\/es\/planes-y-precios\/","title":{"rendered":"Planes y Precios"},"content":{"rendered":"<p><a href=\"http:\/\/atl-software.net\/wp-content\/uploads\/2019\/08\/Montaje-pantalla-2_1lowa.jpg\"><img decoding=\"async\" loading=\"lazy\" class=\"size-full wp-image-1958\" src=\"http:\/\/atl-software.net\/wp-content\/uploads\/2019\/08\/Montaje-pantalla-2_1lowa.jpg\" alt=\"Project management team updating Gantt chart schedule or planning on computer, two business people in office\" width=\"3337\" height=\"1030\" srcset=\"https:\/\/atl-software.net\/wp-content\/uploads\/2019\/08\/Montaje-pantalla-2_1lowa.jpg 3337w, https:\/\/atl-software.net\/wp-content\/uploads\/2019\/08\/Montaje-pantalla-2_1lowa-300x93.jpg 300w, https:\/\/atl-software.net\/wp-content\/uploads\/2019\/08\/Montaje-pantalla-2_1lowa-768x237.jpg 768w, https:\/\/atl-software.net\/wp-content\/uploads\/2019\/08\/Montaje-pantalla-2_1lowa-1024x316.jpg 1024w\" sizes=\"(max-width: 3337px) 100vw, 3337px\" \/><\/a><\/p>\n<h3>Conoce nuestros planes para que hagas crecer tu instituci\u00f3n a\u00fan m\u00e1s con las mejores herramientas.<\/h3>\n<h3>Si eres\u00a0AEC Alianza o AEC Academia, tenemos un plan personalizado para cubrir las necesidades de tu organizaci\u00f3n.<\/h3>\n<p><\/p>","protected":false},"excerpt":{"rendered":"<p>Conoce nuestros planes para que hagas crecer tu instituci\u00f3n a\u00fan m\u00e1s con las mejores herramientas. Si eres\u00a0AEC Alianza o AEC Academia, tenemos un plan personalizado para cubrir las necesidades de tu organizaci\u00f3n.<\/p>\n","protected":false},"author":2,"featured_media":0,"parent":0,"menu_order":0,"comment_status":"closed","ping_status":"closed","template":"template\/template-pricing.php","meta":{"_uag_custom_page_level_css":""},"acf":[],"yoast_head":"<!-- This site is optimized with the Yoast SEO plugin v20.13 - https:\/\/yoast.com\/wordpress\/plugins\/seo\/ -->\n<title>Planes y Precios - ATL Software<\/title>\n<meta name=\"robots\" content=\"index, follow, max-snippet:-1, max-image-preview:large, max-video-preview:-1\" \/>\n<link rel=\"canonical\" href=\"https:\/\/atl-software.net\/tarifs\/\" \/>\n<meta property=\"og:locale\" content=\"es_ES\" \/>\n<meta property=\"og:type\" content=\"article\" \/>\n<meta property=\"og:title\" content=\"Planes y Precios - ATL Software\" \/>\n<meta property=\"og:description\" content=\"Conoce nuestros planes para que hagas crecer tu instituci\u00f3n a\u00fan m\u00e1s con las mejores herramientas. Si eres\u00a0AEC Alianza o AEC Academia, tenemos un plan personalizado para cubrir las necesidades de tu organizaci\u00f3n.\" \/>\n<meta property=\"og:url\" content=\"https:\/\/atl-software.net\/tarifs\/\" \/>\n<meta property=\"og:site_name\" content=\"ATL Software\" \/>\n<meta property=\"article:publisher\" content=\"https:\/\/www.facebook.com\/ATL-Software-724527551053606\/\" \/>\n<meta property=\"article:modified_time\" content=\"2023-05-18T18:28:55+00:00\" \/>\n<meta property=\"og:image\" content=\"http:\/\/atl-software.net\/wp-content\/uploads\/2019\/08\/Montaje-pantalla-2_1lowa.jpg\" \/>\n<meta name=\"twitter:card\" content=\"summary_large_image\" \/>\n<meta name=\"twitter:site\" content=\"@SoftwareAtl\" \/>\n<meta name=\"twitter:label1\" content=\"Est. reading time\" \/>\n\t<meta name=\"twitter:data1\" content=\"1 minuto\" \/>\n<script type=\"application\/ld+json\" class=\"yoast-schema-graph\">{\"@context\":\"https:\/\/schema.org\",\"@graph\":[{\"@type\":\"WebPage\",\"@id\":\"https:\/\/atl-software.net\/tarifs\/\",\"url\":\"https:\/\/atl-software.net\/tarifs\/\",\"name\":\"Planes y Precios - ATL Software\",\"isPartOf\":{\"@id\":\"https:\/\/atl-software.net\/#website\"},\"datePublished\":\"2019-08-07T17:40:44+00:00\",\"dateModified\":\"2023-05-18T18:28:55+00:00\",\"breadcrumb\":{\"@id\":\"https:\/\/atl-software.net\/tarifs\/#breadcrumb\"},\"inLanguage\":\"es\",\"potentialAction\":[{\"@type\":\"ReadAction\",\"target\":[\"https:\/\/atl-software.net\/tarifs\/\"]}]},{\"@type\":\"BreadcrumbList\",\"@id\":\"https:\/\/atl-software.net\/tarifs\/#breadcrumb\",\"itemListElement\":[{\"@type\":\"ListItem\",\"position\":1,\"name\":\"Accueil\",\"item\":\"https:\/\/atl-software.net\/en\/\"},{\"@type\":\"ListItem\",\"position\":2,\"name\":\"[:fr]Tarifs[:en]Pricing[:es]Planes y Precios[:]\"}]},{\"@type\":\"WebSite\",\"@id\":\"https:\/\/atl-software.net\/#website\",\"url\":\"https:\/\/atl-software.net\/\",\"name\":\"ATL Software\",\"description\":\"\",\"publisher\":{\"@id\":\"https:\/\/atl-software.net\/#organization\"},\"potentialAction\":[{\"@type\":\"SearchAction\",\"target\":{\"@type\":\"EntryPoint\",\"urlTemplate\":\"https:\/\/atl-software.net\/?s={search_term_string}\"},\"query-input\":\"required name=search_term_string\"}],\"inLanguage\":\"es\"},{\"@type\":\"Organization\",\"@id\":\"https:\/\/atl-software.net\/#organization\",\"name\":\"ATL Software\",\"url\":\"https:\/\/atl-software.net\/\",\"logo\":{\"@type\":\"ImageObject\",\"inLanguage\":\"es\",\"@id\":\"https:\/\/atl-software.net\/#\/schema\/logo\/image\/\",\"url\":\"https:\/\/atl-software.net\/wp-content\/uploads\/2023\/04\/Interfaz-moderna-AEC.png\",\"contentUrl\":\"https:\/\/atl-software.net\/wp-content\/uploads\/2023\/04\/Interfaz-moderna-AEC.png\",\"width\":918,\"height\":673,\"caption\":\"ATL Software\"},\"image\":{\"@id\":\"https:\/\/atl-software.net\/#\/schema\/logo\/image\/\"},\"sameAs\":[\"https:\/\/www.facebook.com\/ATL-Software-724527551053606\/\",\"https:\/\/twitter.com\/SoftwareAtl\",\"https:\/\/www.linkedin.com\/in\/atl-software-logiciel-arc-en-ciel-a9428b91\/\",\"https:\/\/www.youtube.com\/watch?v=prCVSFs_vZg\"]}]}<\/script>\n<!-- \/ Yoast SEO plugin. -->","yoast_head_json":{"title":"Planes y Precios - ATL Software","robots":{"index":"index","follow":"follow","max-snippet":"max-snippet:-1","max-image-preview":"max-image-preview:large","max-video-preview":"max-video-preview:-1"},"canonical":"https:\/\/atl-software.net\/tarifs\/","og_locale":"es_ES","og_type":"article","og_title":"Planes y Precios - ATL Software","og_description":"Conoce nuestros planes para que hagas crecer tu instituci\u00f3n a\u00fan m\u00e1s con las mejores herramientas. Si eres\u00a0AEC Alianza o AEC Academia, tenemos un plan personalizado para cubrir las necesidades de tu organizaci\u00f3n.","og_url":"https:\/\/atl-software.net\/tarifs\/","og_site_name":"ATL Software","article_publisher":"https:\/\/www.facebook.com\/ATL-Software-724527551053606\/","article_modified_time":"2023-05-18T18:28:55+00:00","og_image":[{"url":"http:\/\/atl-software.net\/wp-content\/uploads\/2019\/08\/Montaje-pantalla-2_1lowa.jpg"}],"twitter_card":"summary_large_image","twitter_site":"@SoftwareAtl","twitter_misc":{"Est. reading time":"1 minuto"},"schema":{"@context":"https:\/\/schema.org","@graph":[{"@type":"WebPage","@id":"https:\/\/atl-software.net\/tarifs\/","url":"https:\/\/atl-software.net\/tarifs\/","name":"Planes y Precios - ATL Software","isPartOf":{"@id":"https:\/\/atl-software.net\/#website"},"datePublished":"2019-08-07T17:40:44+00:00","dateModified":"2023-05-18T18:28:55+00:00","breadcrumb":{"@id":"https:\/\/atl-software.net\/tarifs\/#breadcrumb"},"inLanguage":"es","potentialAction":[{"@type":"ReadAction","target":["https:\/\/atl-software.net\/tarifs\/"]}]},{"@type":"BreadcrumbList","@id":"https:\/\/atl-software.net\/tarifs\/#breadcrumb","itemListElement":[{"@type":"ListItem","position":1,"name":"Accueil","item":"https:\/\/atl-software.net\/en\/"},{"@type":"ListItem","position":2,"name":"[:fr]Tarifs[:en]Pricing[:es]Planes y Precios[:]"}]},{"@type":"WebSite","@id":"https:\/\/atl-software.net\/#website","url":"https:\/\/atl-software.net\/","name":"ATL Software","description":"","publisher":{"@id":"https:\/\/atl-software.net\/#organization"},"potentialAction":[{"@type":"SearchAction","target":{"@type":"EntryPoint","urlTemplate":"https:\/\/atl-software.net\/?s={search_term_string}"},"query-input":"required name=search_term_string"}],"inLanguage":"es"},{"@type":"Organization","@id":"https:\/\/atl-software.net\/#organization","name":"ATL Software","url":"https:\/\/atl-software.net\/","logo":{"@type":"ImageObject","inLanguage":"es","@id":"https:\/\/atl-software.net\/#\/schema\/logo\/image\/","url":"https:\/\/atl-software.net\/wp-content\/uploads\/2023\/04\/Interfaz-moderna-AEC.png","contentUrl":"https:\/\/atl-software.net\/wp-content\/uploads\/2023\/04\/Interfaz-moderna-AEC.png","width":918,"height":673,"caption":"ATL Software"},"image":{"@id":"https:\/\/atl-software.net\/#\/schema\/logo\/image\/"},"sameAs":["https:\/\/www.facebook.com\/ATL-Software-724527551053606\/","https:\/\/twitter.com\/SoftwareAtl","https:\/\/www.linkedin.com\/in\/atl-software-logiciel-arc-en-ciel-a9428b91\/","https:\/\/www.youtube.com\/watch?v=prCVSFs_vZg"]}]}},"uagb_featured_image_src":{"full":false,"thumbnail":false,"medium":false,"medium_large":false,"large":false,"1536x1536":false,"2048x2048":false,"bones-thumb-600":false,"bones-thumb-300":false,"post-thumbnail":false},"uagb_author_info":{"display_name":"admin","author_link":"https:\/\/atl-software.net\/es\/author\/admin\/"},"uagb_comment_info":0,"uagb_excerpt":"Conoce nuestros planes para que hagas crecer tu instituci\u00f3n a\u00fan m\u00e1s con las mejores herramientas. Si eres\u00a0AEC Alianza o AEC Academia, tenemos un plan personalizado para cubrir las necesidades de tu organizaci\u00f3n.","_links":{"self":[{"href":"https:\/\/atl-software.net\/es\/wp-json\/wp\/v2\/pages\/1629"}],"collection":[{"href":"https:\/\/atl-software.net\/es\/wp-json\/wp\/v2\/pages"}],"about":[{"href":"https:\/\/atl-software.net\/es\/wp-json\/wp\/v2\/types\/page"}],"author":[{"embeddable":true,"href":"https:\/\/atl-software.net\/es\/wp-json\/wp\/v2\/users\/2"}],"replies":[{"embeddable":true,"href":"https:\/\/atl-software.net\/es\/wp-json\/wp\/v2\/comments?post=1629"}],"version-history":[{"count":58,"href":"https:\/\/atl-software.net\/es\/wp-json\/wp\/v2\/pages\/1629\/revisions"}],"predecessor-version":[{"id":2000,"href":"https:\/\/atl-software.net\/es\/wp-json\/wp\/v2\/pages\/1629\/revisions\/2000"}],"wp:attachment":[{"href":"https:\/\/atl-software.net\/es\/wp-json\/wp\/v2\/media?parent=1629"}],"curies":[{"name":"wp","href":"https:\/\/api.w.org\/{rel}","templated":true}]}}