{"id":1532,"date":"2019-05-16T19:09:12","date_gmt":"2019-05-16T17:09:12","guid":{"rendered":"http:\/\/atl-software.net\/?page_id=1532"},"modified":"2019-05-22T02:23:25","modified_gmt":"2019-05-22T00:23:25","slug":"new-release-aec-2019","status":"publish","type":"page","link":"https:\/\/atl-software.net\/es\/new-release-aec-2019\/","title":{"rendered":"Nueva versi\u00f3n AEC 2019"},"content":{"rendered":"<p>Luego de varios meses de trabajo, estamos orgullosos de anunciarles el pronto lanzamiento de la versi\u00f3n 2019 de AEC. Esta versi\u00f3n trae muchas novedades, especialmente un dise\u00f1o gr\u00e1fico mejorado que forma parte de nuestra migraci\u00f3n completa a las \u00faltimas tecnolog\u00edas web HTML5.<\/p>\n<p>El uso de AEC ser\u00e1 m\u00e1s f\u00e1cil y m\u00e1s r\u00e1pido. \u00a1Prep\u00e1rense para una experiencia que cambiar\u00e1 su vida en el uso diario del software! Estamos ansiosos por entreg\u00e1rsela pero &#8230; un poco m\u00e1s de paciencia, esta nueva versi\u00f3n estar\u00e1 disponible a partir del 15 de julio de 2019, as\u00ed que reg\u00edstrese abajo para estar seguro de recibir todas las comunicaciones sobre este lanzamiento.<\/p>","protected":false},"excerpt":{"rendered":"<p>Luego de varios meses de trabajo, estamos orgullosos de anunciarles el pronto lanzamiento de la versi\u00f3n 2019 de AEC. Esta versi\u00f3n trae muchas novedades, especialmente un dise\u00f1o gr\u00e1fico mejorado que forma parte de nuestra migraci\u00f3n completa a las \u00faltimas tecnolog\u00edas web HTML5. El uso de AEC ser\u00e1 m\u00e1s f\u00e1cil y m\u00e1s r\u00e1pido. \u00a1Prep\u00e1rense para una&#8230;  <a class=\"excerpt-read-more\" href=\"https:\/\/atl-software.net\/es\/new-release-aec-2019\/\" title=\"Read Nueva versi\u00f3n AEC 2019\">Leer m\u00e1s &raquo;<\/a><\/p>\n","protected":false},"author":2,"featured_media":0,"parent":0,"menu_order":0,"comment_status":"closed","ping_status":"closed","template":"template\/template-announcement.php","meta":{"_uag_custom_page_level_css":""},"acf":[],"yoast_head":"<!-- This site is optimized with the Yoast SEO plugin v20.13 - https:\/\/yoast.com\/wordpress\/plugins\/seo\/ -->\n<title>Nueva versi\u00f3n AEC 2019 - ATL Software<\/title>\n<meta name=\"robots\" content=\"index, follow, max-snippet:-1, max-image-preview:large, max-video-preview:-1\" \/>\n<link rel=\"canonical\" href=\"https:\/\/atl-software.net\/new-release-aec-2019\/\" \/>\n<meta property=\"og:locale\" content=\"es_ES\" \/>\n<meta property=\"og:type\" content=\"article\" \/>\n<meta property=\"og:title\" content=\"Nueva versi\u00f3n AEC 2019 - ATL Software\" \/>\n<meta property=\"og:description\" content=\"Luego de varios meses de trabajo, estamos orgullosos de anunciarles el pronto lanzamiento de la versi\u00f3n 2019 de AEC. Esta versi\u00f3n trae muchas novedades, especialmente un dise\u00f1o gr\u00e1fico mejorado que forma parte de nuestra migraci\u00f3n completa a las \u00faltimas tecnolog\u00edas web HTML5. El uso de AEC ser\u00e1 m\u00e1s f\u00e1cil y m\u00e1s r\u00e1pido. \u00a1Prep\u00e1rense para una... Leer m\u00e1s &raquo;\" \/>\n<meta property=\"og:url\" content=\"https:\/\/atl-software.net\/new-release-aec-2019\/\" \/>\n<meta property=\"og:site_name\" content=\"ATL Software\" \/>\n<meta property=\"article:publisher\" content=\"https:\/\/www.facebook.com\/ATL-Software-724527551053606\/\" \/>\n<meta property=\"article:modified_time\" content=\"2019-05-22T00:23:25+00:00\" \/>\n<meta name=\"twitter:card\" content=\"summary_large_image\" \/>\n<meta name=\"twitter:site\" content=\"@SoftwareAtl\" \/>\n<meta name=\"twitter:label1\" content=\"Est. reading time\" \/>\n\t<meta name=\"twitter:data1\" content=\"2 minutos\" \/>\n<script type=\"application\/ld+json\" class=\"yoast-schema-graph\">{\"@context\":\"https:\/\/schema.org\",\"@graph\":[{\"@type\":\"WebPage\",\"@id\":\"https:\/\/atl-software.net\/new-release-aec-2019\/\",\"url\":\"https:\/\/atl-software.net\/new-release-aec-2019\/\",\"name\":\"Nueva versi\u00f3n AEC 2019 - ATL Software\",\"isPartOf\":{\"@id\":\"https:\/\/atl-software.net\/#website\"},\"datePublished\":\"2019-05-16T17:09:12+00:00\",\"dateModified\":\"2019-05-22T00:23:25+00:00\",\"breadcrumb\":{\"@id\":\"https:\/\/atl-software.net\/new-release-aec-2019\/#breadcrumb\"},\"inLanguage\":\"es\",\"potentialAction\":[{\"@type\":\"ReadAction\",\"target\":[\"https:\/\/atl-software.net\/new-release-aec-2019\/\"]}]},{\"@type\":\"BreadcrumbList\",\"@id\":\"https:\/\/atl-software.net\/new-release-aec-2019\/#breadcrumb\",\"itemListElement\":[{\"@type\":\"ListItem\",\"position\":1,\"name\":\"Accueil\",\"item\":\"https:\/\/atl-software.net\/en\/\"},{\"@type\":\"ListItem\",\"position\":2,\"name\":\"Nouvelle version AEC 2019\"}]},{\"@type\":\"WebSite\",\"@id\":\"https:\/\/atl-software.net\/#website\",\"url\":\"https:\/\/atl-software.net\/\",\"name\":\"ATL Software\",\"description\":\"\",\"publisher\":{\"@id\":\"https:\/\/atl-software.net\/#organization\"},\"potentialAction\":[{\"@type\":\"SearchAction\",\"target\":{\"@type\":\"EntryPoint\",\"urlTemplate\":\"https:\/\/atl-software.net\/?s={search_term_string}\"},\"query-input\":\"required name=search_term_string\"}],\"inLanguage\":\"es\"},{\"@type\":\"Organization\",\"@id\":\"https:\/\/atl-software.net\/#organization\",\"name\":\"ATL Software\",\"url\":\"https:\/\/atl-software.net\/\",\"logo\":{\"@type\":\"ImageObject\",\"inLanguage\":\"es\",\"@id\":\"https:\/\/atl-software.net\/#\/schema\/logo\/image\/\",\"url\":\"https:\/\/atl-software.net\/wp-content\/uploads\/2023\/04\/Interfaz-moderna-AEC.png\",\"contentUrl\":\"https:\/\/atl-software.net\/wp-content\/uploads\/2023\/04\/Interfaz-moderna-AEC.png\",\"width\":918,\"height\":673,\"caption\":\"ATL Software\"},\"image\":{\"@id\":\"https:\/\/atl-software.net\/#\/schema\/logo\/image\/\"},\"sameAs\":[\"https:\/\/www.facebook.com\/ATL-Software-724527551053606\/\",\"https:\/\/twitter.com\/SoftwareAtl\",\"https:\/\/www.linkedin.com\/in\/atl-software-logiciel-arc-en-ciel-a9428b91\/\",\"https:\/\/www.youtube.com\/watch?v=prCVSFs_vZg\"]}]}<\/script>\n<!-- \/ Yoast SEO plugin. -->","yoast_head_json":{"title":"Nueva versi\u00f3n AEC 2019 - ATL Software","robots":{"index":"index","follow":"follow","max-snippet":"max-snippet:-1","max-image-preview":"max-image-preview:large","max-video-preview":"max-video-preview:-1"},"canonical":"https:\/\/atl-software.net\/new-release-aec-2019\/","og_locale":"es_ES","og_type":"article","og_title":"Nueva versi\u00f3n AEC 2019 - ATL Software","og_description":"Luego de varios meses de trabajo, estamos orgullosos de anunciarles el pronto lanzamiento de la versi\u00f3n 2019 de AEC. Esta versi\u00f3n trae muchas novedades, especialmente un dise\u00f1o gr\u00e1fico mejorado que forma parte de nuestra migraci\u00f3n completa a las \u00faltimas tecnolog\u00edas web HTML5. El uso de AEC ser\u00e1 m\u00e1s f\u00e1cil y m\u00e1s r\u00e1pido. \u00a1Prep\u00e1rense para una... Leer m\u00e1s &raquo;","og_url":"https:\/\/atl-software.net\/new-release-aec-2019\/","og_site_name":"ATL Software","article_publisher":"https:\/\/www.facebook.com\/ATL-Software-724527551053606\/","article_modified_time":"2019-05-22T00:23:25+00:00","twitter_card":"summary_large_image","twitter_site":"@SoftwareAtl","twitter_misc":{"Est. reading time":"2 minutos"},"schema":{"@context":"https:\/\/schema.org","@graph":[{"@type":"WebPage","@id":"https:\/\/atl-software.net\/new-release-aec-2019\/","url":"https:\/\/atl-software.net\/new-release-aec-2019\/","name":"Nueva versi\u00f3n AEC 2019 - ATL Software","isPartOf":{"@id":"https:\/\/atl-software.net\/#website"},"datePublished":"2019-05-16T17:09:12+00:00","dateModified":"2019-05-22T00:23:25+00:00","breadcrumb":{"@id":"https:\/\/atl-software.net\/new-release-aec-2019\/#breadcrumb"},"inLanguage":"es","potentialAction":[{"@type":"ReadAction","target":["https:\/\/atl-software.net\/new-release-aec-2019\/"]}]},{"@type":"BreadcrumbList","@id":"https:\/\/atl-software.net\/new-release-aec-2019\/#breadcrumb","itemListElement":[{"@type":"ListItem","position":1,"name":"Accueil","item":"https:\/\/atl-software.net\/en\/"},{"@type":"ListItem","position":2,"name":"Nouvelle version AEC 2019"}]},{"@type":"WebSite","@id":"https:\/\/atl-software.net\/#website","url":"https:\/\/atl-software.net\/","name":"ATL Software","description":"","publisher":{"@id":"https:\/\/atl-software.net\/#organization"},"potentialAction":[{"@type":"SearchAction","target":{"@type":"EntryPoint","urlTemplate":"https:\/\/atl-software.net\/?s={search_term_string}"},"query-input":"required name=search_term_string"}],"inLanguage":"es"},{"@type":"Organization","@id":"https:\/\/atl-software.net\/#organization","name":"ATL Software","url":"https:\/\/atl-software.net\/","logo":{"@type":"ImageObject","inLanguage":"es","@id":"https:\/\/atl-software.net\/#\/schema\/logo\/image\/","url":"https:\/\/atl-software.net\/wp-content\/uploads\/2023\/04\/Interfaz-moderna-AEC.png","contentUrl":"https:\/\/atl-software.net\/wp-content\/uploads\/2023\/04\/Interfaz-moderna-AEC.png","width":918,"height":673,"caption":"ATL Software"},"image":{"@id":"https:\/\/atl-software.net\/#\/schema\/logo\/image\/"},"sameAs":["https:\/\/www.facebook.com\/ATL-Software-724527551053606\/","https:\/\/twitter.com\/SoftwareAtl","https:\/\/www.linkedin.com\/in\/atl-software-logiciel-arc-en-ciel-a9428b91\/","https:\/\/www.youtube.com\/watch?v=prCVSFs_vZg"]}]}},"uagb_featured_image_src":{"full":false,"thumbnail":false,"medium":false,"medium_large":false,"large":false,"1536x1536":false,"2048x2048":false,"bones-thumb-600":false,"bones-thumb-300":false,"post-thumbnail":false},"uagb_author_info":{"display_name":"admin","author_link":"https:\/\/atl-software.net\/es\/author\/admin\/"},"uagb_comment_info":0,"uagb_excerpt":"Luego de varios meses de trabajo, estamos orgullosos de anunciarles el pronto lanzamiento de la versi\u00f3n 2019 de AEC. Esta versi\u00f3n trae muchas novedades, especialmente un dise\u00f1o gr\u00e1fico mejorado que forma parte de nuestra migraci\u00f3n completa a las \u00faltimas tecnolog\u00edas web HTML5. El uso de AEC ser\u00e1 m\u00e1s f\u00e1cil y m\u00e1s r\u00e1pido. \u00a1Prep\u00e1rense para una...&hellip;","_links":{"self":[{"href":"https:\/\/atl-software.net\/es\/wp-json\/wp\/v2\/pages\/1532"}],"collection":[{"href":"https:\/\/atl-software.net\/es\/wp-json\/wp\/v2\/pages"}],"about":[{"href":"https:\/\/atl-software.net\/es\/wp-json\/wp\/v2\/types\/page"}],"author":[{"embeddable":true,"href":"https:\/\/atl-software.net\/es\/wp-json\/wp\/v2\/users\/2"}],"replies":[{"embeddable":true,"href":"https:\/\/atl-software.net\/es\/wp-json\/wp\/v2\/comments?post=1532"}],"version-history":[{"count":32,"href":"https:\/\/atl-software.net\/es\/wp-json\/wp\/v2\/pages\/1532\/revisions"}],"predecessor-version":[{"id":1570,"href":"https:\/\/atl-software.net\/es\/wp-json\/wp\/v2\/pages\/1532\/revisions\/1570"}],"wp:attachment":[{"href":"https:\/\/atl-software.net\/es\/wp-json\/wp\/v2\/media?parent=1532"}],"curies":[{"name":"wp","href":"https:\/\/api.w.org\/{rel}","templated":true}]}}