{"id":15,"date":"2016-09-17T18:18:03","date_gmt":"2016-09-17T16:18:03","guid":{"rendered":"http:\/\/atl-software.net\/?page_id=15"},"modified":"2025-12-09T18:28:56","modified_gmt":"2025-12-09T17:28:56","slug":"contact","status":"publish","type":"page","link":"https:\/\/atl-software.net\/es\/atl-software\/contact\/","title":{"rendered":"Contacto"},"content":{"rendered":"","protected":false},"excerpt":{"rendered":"","protected":false},"author":2,"featured_media":0,"parent":9,"menu_order":0,"comment_status":"closed","ping_status":"closed","template":"template\/template-contact.php","meta":{"_uag_custom_page_level_css":""},"acf":[],"yoast_head":"<!-- This site is optimized with the Yoast SEO plugin v20.13 - https:\/\/yoast.com\/wordpress\/plugins\/seo\/ -->\n<title>Contacto<\/title>\n<meta name=\"description\" content=\"Contacte con ATL Software, creador de software de gesti\u00f3n, por tel\u00e9fono, Skype o e-mail\" \/>\n<meta name=\"robots\" content=\"index, follow, max-snippet:-1, max-image-preview:large, max-video-preview:-1\" \/>\n<link rel=\"canonical\" href=\"https:\/\/atl-software.net\/atl-software\/contact\/\" \/>\n<meta property=\"og:locale\" content=\"es_ES\" \/>\n<meta property=\"og:type\" content=\"article\" \/>\n<meta property=\"og:title\" content=\"[:fr]Contactez-nous sans plus attendre - ATL Software[:en]Contact[:es]Contacto[:]\" \/>\n<meta property=\"og:description\" content=\"{:fr}Nous sommes joignables par t\u00e9l\u00e9phone, Skype ou par e-mail. ATL Software, cr\u00e9ateur de logiciels de gestion pour les instituts de formation{:en}Contact ATL Software, creator of management software, by telephone, Skype or e-mail{:es}Contacte con ATL Software, creador de software de gesti\u00f3n, por tel\u00e9fono, Skype o e-mail{:}\" \/>\n<meta property=\"og:url\" content=\"https:\/\/atl-software.net\/atl-software\/contact\/\" \/>\n<meta property=\"og:site_name\" content=\"ATL Software\" \/>\n<meta property=\"article:publisher\" content=\"https:\/\/www.facebook.com\/ATL-Software-724527551053606\/\" \/>\n<meta property=\"article:modified_time\" content=\"2025-12-09T17:28:56+00:00\" \/>\n<meta name=\"twitter:card\" content=\"summary_large_image\" \/>\n<meta name=\"twitter:site\" content=\"@SoftwareAtl\" \/>\n<script type=\"application\/ld+json\" class=\"yoast-schema-graph\">{\"@context\":\"https:\/\/schema.org\",\"@graph\":[{\"@type\":\"WebPage\",\"@id\":\"https:\/\/atl-software.net\/atl-software\/contact\/\",\"url\":\"https:\/\/atl-software.net\/atl-software\/contact\/\",\"name\":\"[:fr]Contactez-nous sans plus attendre - ATL Software[:en]Contact[:es]Contacto[:]\",\"isPartOf\":{\"@id\":\"https:\/\/atl-software.net\/#website\"},\"datePublished\":\"2016-09-17T16:18:03+00:00\",\"dateModified\":\"2025-12-09T17:28:56+00:00\",\"description\":\"{:fr}Nous sommes joignables par t\u00e9l\u00e9phone, Skype ou par e-mail. ATL Software, cr\u00e9ateur de logiciels de gestion pour les instituts de formation{:en}Contact ATL Software, creator of management software, by telephone, Skype or e-mail{:es}Contacte con ATL Software, creador de software de gesti\u00f3n, por tel\u00e9fono, Skype o e-mail{:}\",\"breadcrumb\":{\"@id\":\"https:\/\/atl-software.net\/atl-software\/contact\/#breadcrumb\"},\"inLanguage\":\"es\",\"potentialAction\":[{\"@type\":\"ReadAction\",\"target\":[\"https:\/\/atl-software.net\/atl-software\/contact\/\"]}]},{\"@type\":\"BreadcrumbList\",\"@id\":\"https:\/\/atl-software.net\/atl-software\/contact\/#breadcrumb\",\"itemListElement\":[{\"@type\":\"ListItem\",\"position\":1,\"name\":\"Accueil\",\"item\":\"https:\/\/atl-software.net\/en\/\"},{\"@type\":\"ListItem\",\"position\":2,\"name\":\"ATL Software\",\"item\":\"https:\/\/atl-software.net\/es\/atl-software\/\"},{\"@type\":\"ListItem\",\"position\":3,\"name\":\"Contact\"}]},{\"@type\":\"WebSite\",\"@id\":\"https:\/\/atl-software.net\/#website\",\"url\":\"https:\/\/atl-software.net\/\",\"name\":\"ATL Software\",\"description\":\"\",\"publisher\":{\"@id\":\"https:\/\/atl-software.net\/#organization\"},\"potentialAction\":[{\"@type\":\"SearchAction\",\"target\":{\"@type\":\"EntryPoint\",\"urlTemplate\":\"https:\/\/atl-software.net\/?s={search_term_string}\"},\"query-input\":\"required name=search_term_string\"}],\"inLanguage\":\"es\"},{\"@type\":\"Organization\",\"@id\":\"https:\/\/atl-software.net\/#organization\",\"name\":\"ATL Software\",\"url\":\"https:\/\/atl-software.net\/\",\"logo\":{\"@type\":\"ImageObject\",\"inLanguage\":\"es\",\"@id\":\"https:\/\/atl-software.net\/#\/schema\/logo\/image\/\",\"url\":\"https:\/\/atl-software.net\/wp-content\/uploads\/2023\/04\/Interfaz-moderna-AEC.png\",\"contentUrl\":\"https:\/\/atl-software.net\/wp-content\/uploads\/2023\/04\/Interfaz-moderna-AEC.png\",\"width\":918,\"height\":673,\"caption\":\"ATL Software\"},\"image\":{\"@id\":\"https:\/\/atl-software.net\/#\/schema\/logo\/image\/\"},\"sameAs\":[\"https:\/\/www.facebook.com\/ATL-Software-724527551053606\/\",\"https:\/\/twitter.com\/SoftwareAtl\",\"https:\/\/www.linkedin.com\/in\/atl-software-logiciel-arc-en-ciel-a9428b91\/\",\"https:\/\/www.youtube.com\/watch?v=prCVSFs_vZg\"]}]}<\/script>\n<!-- \/ Yoast SEO plugin. -->","yoast_head_json":{"title":"Contacto","description":"Contacte con ATL Software, creador de software de gesti\u00f3n, por tel\u00e9fono, Skype o e-mail","robots":{"index":"index","follow":"follow","max-snippet":"max-snippet:-1","max-image-preview":"max-image-preview:large","max-video-preview":"max-video-preview:-1"},"canonical":"https:\/\/atl-software.net\/atl-software\/contact\/","og_locale":"es_ES","og_type":"article","og_title":"[:fr]Contactez-nous sans plus attendre - ATL Software[:en]Contact[:es]Contacto[:]","og_description":"{:fr}Nous sommes joignables par t\u00e9l\u00e9phone, Skype ou par e-mail. ATL Software, cr\u00e9ateur de logiciels de gestion pour les instituts de formation{:en}Contact ATL Software, creator of management software, by telephone, Skype or e-mail{:es}Contacte con ATL Software, creador de software de gesti\u00f3n, por tel\u00e9fono, Skype o e-mail{:}","og_url":"https:\/\/atl-software.net\/atl-software\/contact\/","og_site_name":"ATL Software","article_publisher":"https:\/\/www.facebook.com\/ATL-Software-724527551053606\/","article_modified_time":"2025-12-09T17:28:56+00:00","twitter_card":"summary_large_image","twitter_site":"@SoftwareAtl","schema":{"@context":"https:\/\/schema.org","@graph":[{"@type":"WebPage","@id":"https:\/\/atl-software.net\/atl-software\/contact\/","url":"https:\/\/atl-software.net\/atl-software\/contact\/","name":"[:fr]Contactez-nous sans plus attendre - ATL Software[:en]Contact[:es]Contacto[:]","isPartOf":{"@id":"https:\/\/atl-software.net\/#website"},"datePublished":"2016-09-17T16:18:03+00:00","dateModified":"2025-12-09T17:28:56+00:00","description":"{:fr}Nous sommes joignables par t\u00e9l\u00e9phone, Skype ou par e-mail. ATL Software, cr\u00e9ateur de logiciels de gestion pour les instituts de formation{:en}Contact ATL Software, creator of management software, by telephone, Skype or e-mail{:es}Contacte con ATL Software, creador de software de gesti\u00f3n, por tel\u00e9fono, Skype o e-mail{:}","breadcrumb":{"@id":"https:\/\/atl-software.net\/atl-software\/contact\/#breadcrumb"},"inLanguage":"es","potentialAction":[{"@type":"ReadAction","target":["https:\/\/atl-software.net\/atl-software\/contact\/"]}]},{"@type":"BreadcrumbList","@id":"https:\/\/atl-software.net\/atl-software\/contact\/#breadcrumb","itemListElement":[{"@type":"ListItem","position":1,"name":"Accueil","item":"https:\/\/atl-software.net\/en\/"},{"@type":"ListItem","position":2,"name":"ATL Software","item":"https:\/\/atl-software.net\/es\/atl-software\/"},{"@type":"ListItem","position":3,"name":"Contact"}]},{"@type":"WebSite","@id":"https:\/\/atl-software.net\/#website","url":"https:\/\/atl-software.net\/","name":"ATL Software","description":"","publisher":{"@id":"https:\/\/atl-software.net\/#organization"},"potentialAction":[{"@type":"SearchAction","target":{"@type":"EntryPoint","urlTemplate":"https:\/\/atl-software.net\/?s={search_term_string}"},"query-input":"required name=search_term_string"}],"inLanguage":"es"},{"@type":"Organization","@id":"https:\/\/atl-software.net\/#organization","name":"ATL Software","url":"https:\/\/atl-software.net\/","logo":{"@type":"ImageObject","inLanguage":"es","@id":"https:\/\/atl-software.net\/#\/schema\/logo\/image\/","url":"https:\/\/atl-software.net\/wp-content\/uploads\/2023\/04\/Interfaz-moderna-AEC.png","contentUrl":"https:\/\/atl-software.net\/wp-content\/uploads\/2023\/04\/Interfaz-moderna-AEC.png","width":918,"height":673,"caption":"ATL Software"},"image":{"@id":"https:\/\/atl-software.net\/#\/schema\/logo\/image\/"},"sameAs":["https:\/\/www.facebook.com\/ATL-Software-724527551053606\/","https:\/\/twitter.com\/SoftwareAtl","https:\/\/www.linkedin.com\/in\/atl-software-logiciel-arc-en-ciel-a9428b91\/","https:\/\/www.youtube.com\/watch?v=prCVSFs_vZg"]}]}},"uagb_featured_image_src":{"full":false,"thumbnail":false,"medium":false,"medium_large":false,"large":false,"1536x1536":false,"2048x2048":false,"bones-thumb-600":false,"bones-thumb-300":false,"post-thumbnail":false},"uagb_author_info":{"display_name":"admin","author_link":"https:\/\/atl-software.net\/es\/author\/admin\/"},"uagb_comment_info":0,"uagb_excerpt":null,"_links":{"self":[{"href":"https:\/\/atl-software.net\/es\/wp-json\/wp\/v2\/pages\/15"}],"collection":[{"href":"https:\/\/atl-software.net\/es\/wp-json\/wp\/v2\/pages"}],"about":[{"href":"https:\/\/atl-software.net\/es\/wp-json\/wp\/v2\/types\/page"}],"author":[{"embeddable":true,"href":"https:\/\/atl-software.net\/es\/wp-json\/wp\/v2\/users\/2"}],"replies":[{"embeddable":true,"href":"https:\/\/atl-software.net\/es\/wp-json\/wp\/v2\/comments?post=15"}],"version-history":[{"count":41,"href":"https:\/\/atl-software.net\/es\/wp-json\/wp\/v2\/pages\/15\/revisions"}],"predecessor-version":[{"id":4267,"href":"https:\/\/atl-software.net\/es\/wp-json\/wp\/v2\/pages\/15\/revisions\/4267"}],"up":[{"embeddable":true,"href":"https:\/\/atl-software.net\/es\/wp-json\/wp\/v2\/pages\/9"}],"wp:attachment":[{"href":"https:\/\/atl-software.net\/es\/wp-json\/wp\/v2\/media?parent=15"}],"curies":[{"name":"wp","href":"https:\/\/api.w.org\/{rel}","templated":true}]}}