{"id":1462,"date":"2019-04-05T10:22:11","date_gmt":"2019-04-05T08:22:11","guid":{"rendered":"http:\/\/atl-software.net\/?page_id=1462"},"modified":"2019-10-25T17:45:29","modified_gmt":"2019-10-25T15:45:29","slug":"rationalisez-et-simplifiez-la-gestion-avec-le-paiement-en-ligne-daec","status":"publish","type":"page","link":"https:\/\/atl-software.net\/es\/agilice-y-simplifique-su-administracion-con-el-pago-en-linea-de-aec\/","title":{"rendered":"Agilice y simplifique su administraci\u00f3n con el pago en l\u00ednea de AEC"},"content":{"rendered":"<p><\/p>\n<p class=\"p1\"><strong>\u00bfSab\u00eda usted? Con AEC &amp; Kiosque agiliza y simplifica la gesti\u00f3n con pago en l\u00ednea.<\/strong><\/p>\n<p class=\"p1\">La gesti\u00f3n administrativa, de acuerdo con los vol\u00famenes que se traten y el n\u00famero de actividades de cada establecimiento puede convertirse en una tarea tediosa.<\/p>\n<p class=\"p1\">Con el uso de Internet, los procesos pueden mejorarse para que, al mismo tiempo, simplifiquen el servicio administrativo. Tambi\u00e9n para los usuarios finales, quienes est\u00e1n m\u00e1s acostumbrados a usar este tipo de transacci\u00f3n y se ha vuelto importante o incluso imperativo para que los centros puedan ofrecer este tipo de servicio.<\/p>\n<p class=\"p1\">Es por eso que <a href=\"https:\/\/atl-software.net\/es\/\">ATL Software<\/a> ha integrado la tecnolog\u00eda de pago en l\u00ednea en su oferta.<\/p>\n<p class=\"p1\"><strong>Principalmente para estos escenarios:<\/strong><\/p>\n<ul>\n<ul>\n<li>Los estudiantes tienen la oportunidad de inscribirse en los cursos, reservar clases particulares (paquete de horas, Taller), materiales de aprendizaje (libros, revistas &#8230;), los ex\u00e1menes (DELF), pueden hacer donaciones, y pagar facturas.<\/li>\n<li>Los usuarios de Internet (estudiantes o individuos externos) que est\u00e9n interesados en eventos culturales pueden reservar y comprar sus boletos directamente en el sitio web del centro.<\/li>\n<\/ul>\n<\/ul>\n<p class=\"p1\">\n<p class=\"p1\">En ambos casos, el primer paso es agregar los productos a un carrito de compras virtual y proceder al pago en l\u00ednea. El m\u00e9todo de pago incluye todas las funciones de pago est\u00e1ndar con tarjeta de cr\u00e9dito, Visa, MasterCard y PayPal con o sin un c\u00f3digo promocional, con o sin comisiones.<\/p>\n<p class=\"p1\">El proceso de pago en l\u00ednea es seguro (gracias a la solicitud de autorizaci\u00f3n) y una vez que se completa la transacci\u00f3n, el cliente tiene acceso a un resumen del pedido, que tambi\u00e9n recibe por correo electr\u00f3nico. En caso de las reservas, estas son efectivas una vez que el pago ha sido validado. Finalmente, desde su cuenta, sus clientes pueden acceder a diferentes facturas y recibos.<\/p>\n<img decoding=\"async\" loading=\"lazy\" class=\"alignnone wp-image-1478 \" src=\"http:\/\/atl-software.net\/wp-content\/uploads\/2019\/04\/Screen-Shot-2019-04-08-at-14.png\" alt=\"screen-shot-2019-04-08-at-14\" width=\"538\" height=\"469\" srcset=\"https:\/\/atl-software.net\/wp-content\/uploads\/2019\/04\/Screen-Shot-2019-04-08-at-14.png 857w, https:\/\/atl-software.net\/wp-content\/uploads\/2019\/04\/Screen-Shot-2019-04-08-at-14-300x261.png 300w, https:\/\/atl-software.net\/wp-content\/uploads\/2019\/04\/Screen-Shot-2019-04-08-at-14-768x669.png 768w\" sizes=\"(max-width: 538px) 100vw, 538px\" \/>\n<p class=\"p1\">Para configurar esta funci\u00f3n en su establecimiento, solo necesita tener un puente de enlace entre su banco y <a href=\"https:\/\/atl-software.net\/es\/nos-solutions\/kiosque\/\"><strong>Kiosque<\/strong> <\/a>(la extranet) para el procesamiento de tarjetas de cr\u00e9dito. Las caracter\u00edsticas desarrolladas por ATL Software se integran f\u00e1cilmente en su sitio web existente.<\/p>\n<p class=\"p1\">ATL Software puede ofrecer funciones integradas a su sitio web, o ayudar a su equipo a implementarlas. Unos pocos d\u00edas son suficientes para beneficiarse de una soluci\u00f3n potente, simple y f\u00e1cil de usar.<\/p>\n<p class=\"p1\">Ver\u00e1 r\u00e1pidamente un ahorro de tiempo (para su equipo de colaboradores y para sus estudiantes), una mejor calidad en recepci\u00f3n y un aumento en el n\u00famero de productos registrados y vendidos.<\/p>\n<p class=\"p1\">Con la gesti\u00f3n\u00a0del pago en l\u00ednea con AEC &amp; Kiosque, los estudiantes se capacitan para inscribirse en cursos y comprar otros productos.<\/p>\n<p class=\"p1\">Entonces, \u00bfPor qu\u00e9 no darles esta libertad y al mismo tiempo simplificar la gesti\u00f3n administrativa?<a href=\"https:\/\/atl-software.net\/es\/nos-solutions\/arc-en-ciel\/#more-infos\"> Descubre\u00a0todas las funciones\u00a0de AEC.<\/a><\/p>\n<p><\/p>","protected":false},"excerpt":{"rendered":"<p>\u00bfSab\u00eda usted? Con AEC &amp; Kiosque agiliza y simplifica la gesti\u00f3n con pago en l\u00ednea. La gesti\u00f3n administrativa, de acuerdo con los vol\u00famenes que se traten y el n\u00famero de actividades de cada establecimiento puede convertirse en una tarea tediosa. Con el uso de Internet, los procesos pueden mejorarse para que, al mismo tiempo, simplifiquen&#8230;  <a class=\"excerpt-read-more\" href=\"https:\/\/atl-software.net\/es\/agilice-y-simplifique-su-administracion-con-el-pago-en-linea-de-aec\/\" title=\"Read Agilice y simplifique su administraci\u00f3n con el pago en l\u00ednea de AEC\">Leer m\u00e1s &raquo;<\/a><\/p>\n","protected":false},"author":2,"featured_media":0,"parent":0,"menu_order":0,"comment_status":"closed","ping_status":"closed","template":"template\/template-ml.php","meta":{"_uag_custom_page_level_css":""},"acf":[],"yoast_head":"<!-- This site is optimized with the Yoast SEO plugin v20.13 - https:\/\/yoast.com\/wordpress\/plugins\/seo\/ -->\n<title>Agilice y simplifique su administraci\u00f3n con el pago en l\u00ednea de AEC - ATL Software<\/title>\n<meta name=\"robots\" content=\"index, follow, max-snippet:-1, max-image-preview:large, max-video-preview:-1\" \/>\n<link rel=\"canonical\" href=\"https:\/\/atl-software.net\/en\/make-management-tasks-easier-and-more-rational-with-online-payment\/\" \/>\n<meta property=\"og:locale\" content=\"es_ES\" \/>\n<meta property=\"og:type\" content=\"article\" \/>\n<meta property=\"og:title\" content=\"Agilice y simplifique su administraci\u00f3n con el pago en l\u00ednea de AEC - ATL Software\" \/>\n<meta property=\"og:description\" content=\"\u00bfSab\u00eda usted? Con AEC &amp; Kiosque agiliza y simplifica la gesti\u00f3n con pago en l\u00ednea. La gesti\u00f3n administrativa, de acuerdo con los vol\u00famenes que se traten y el n\u00famero de actividades de cada establecimiento puede convertirse en una tarea tediosa. Con el uso de Internet, los procesos pueden mejorarse para que, al mismo tiempo, simplifiquen... Leer m\u00e1s &raquo;\" \/>\n<meta property=\"og:url\" content=\"https:\/\/atl-software.net\/en\/make-management-tasks-easier-and-more-rational-with-online-payment\/\" \/>\n<meta property=\"og:site_name\" content=\"ATL Software\" \/>\n<meta property=\"article:publisher\" content=\"https:\/\/www.facebook.com\/ATL-Software-724527551053606\/\" \/>\n<meta property=\"article:modified_time\" content=\"2019-10-25T15:45:29+00:00\" \/>\n<meta property=\"og:image\" content=\"http:\/\/atl-software.net\/wp-content\/uploads\/2019\/04\/Screen-Shot-2019-04-08-at-14.png\" \/>\n<meta name=\"twitter:card\" content=\"summary_large_image\" \/>\n<meta name=\"twitter:site\" content=\"@SoftwareAtl\" \/>\n<meta name=\"twitter:label1\" content=\"Est. reading time\" \/>\n\t<meta name=\"twitter:data1\" content=\"6 minutos\" \/>\n<script type=\"application\/ld+json\" class=\"yoast-schema-graph\">{\"@context\":\"https:\/\/schema.org\",\"@graph\":[{\"@type\":\"WebPage\",\"@id\":\"https:\/\/atl-software.net\/en\/make-management-tasks-easier-and-more-rational-with-online-payment\/\",\"url\":\"https:\/\/atl-software.net\/en\/make-management-tasks-easier-and-more-rational-with-online-payment\/\",\"name\":\"Agilice y simplifique su administraci\u00f3n con el pago en l\u00ednea de AEC - ATL Software\",\"isPartOf\":{\"@id\":\"https:\/\/atl-software.net\/#website\"},\"datePublished\":\"2019-04-05T08:22:11+00:00\",\"dateModified\":\"2019-10-25T15:45:29+00:00\",\"breadcrumb\":{\"@id\":\"https:\/\/atl-software.net\/en\/make-management-tasks-easier-and-more-rational-with-online-payment\/#breadcrumb\"},\"inLanguage\":\"es\",\"potentialAction\":[{\"@type\":\"ReadAction\",\"target\":[\"https:\/\/atl-software.net\/en\/make-management-tasks-easier-and-more-rational-with-online-payment\/\"]}]},{\"@type\":\"BreadcrumbList\",\"@id\":\"https:\/\/atl-software.net\/en\/make-management-tasks-easier-and-more-rational-with-online-payment\/#breadcrumb\",\"itemListElement\":[{\"@type\":\"ListItem\",\"position\":1,\"name\":\"Accueil\",\"item\":\"https:\/\/atl-software.net\/en\/\"},{\"@type\":\"ListItem\",\"position\":2,\"name\":\"Make management tasks easier and more rational with online payment.\"}]},{\"@type\":\"WebSite\",\"@id\":\"https:\/\/atl-software.net\/#website\",\"url\":\"https:\/\/atl-software.net\/\",\"name\":\"ATL Software\",\"description\":\"\",\"publisher\":{\"@id\":\"https:\/\/atl-software.net\/#organization\"},\"potentialAction\":[{\"@type\":\"SearchAction\",\"target\":{\"@type\":\"EntryPoint\",\"urlTemplate\":\"https:\/\/atl-software.net\/?s={search_term_string}\"},\"query-input\":\"required name=search_term_string\"}],\"inLanguage\":\"es\"},{\"@type\":\"Organization\",\"@id\":\"https:\/\/atl-software.net\/#organization\",\"name\":\"ATL Software\",\"url\":\"https:\/\/atl-software.net\/\",\"logo\":{\"@type\":\"ImageObject\",\"inLanguage\":\"es\",\"@id\":\"https:\/\/atl-software.net\/#\/schema\/logo\/image\/\",\"url\":\"https:\/\/atl-software.net\/wp-content\/uploads\/2023\/04\/Interfaz-moderna-AEC.png\",\"contentUrl\":\"https:\/\/atl-software.net\/wp-content\/uploads\/2023\/04\/Interfaz-moderna-AEC.png\",\"width\":918,\"height\":673,\"caption\":\"ATL Software\"},\"image\":{\"@id\":\"https:\/\/atl-software.net\/#\/schema\/logo\/image\/\"},\"sameAs\":[\"https:\/\/www.facebook.com\/ATL-Software-724527551053606\/\",\"https:\/\/twitter.com\/SoftwareAtl\",\"https:\/\/www.linkedin.com\/in\/atl-software-logiciel-arc-en-ciel-a9428b91\/\",\"https:\/\/www.youtube.com\/watch?v=prCVSFs_vZg\"]}]}<\/script>\n<!-- \/ Yoast SEO plugin. -->","yoast_head_json":{"title":"Agilice y simplifique su administraci\u00f3n con el pago en l\u00ednea de AEC - ATL Software","robots":{"index":"index","follow":"follow","max-snippet":"max-snippet:-1","max-image-preview":"max-image-preview:large","max-video-preview":"max-video-preview:-1"},"canonical":"https:\/\/atl-software.net\/en\/make-management-tasks-easier-and-more-rational-with-online-payment\/","og_locale":"es_ES","og_type":"article","og_title":"Agilice y simplifique su administraci\u00f3n con el pago en l\u00ednea de AEC - ATL Software","og_description":"\u00bfSab\u00eda usted? Con AEC &amp; Kiosque agiliza y simplifica la gesti\u00f3n con pago en l\u00ednea. La gesti\u00f3n administrativa, de acuerdo con los vol\u00famenes que se traten y el n\u00famero de actividades de cada establecimiento puede convertirse en una tarea tediosa. Con el uso de Internet, los procesos pueden mejorarse para que, al mismo tiempo, simplifiquen... Leer m\u00e1s &raquo;","og_url":"https:\/\/atl-software.net\/en\/make-management-tasks-easier-and-more-rational-with-online-payment\/","og_site_name":"ATL Software","article_publisher":"https:\/\/www.facebook.com\/ATL-Software-724527551053606\/","article_modified_time":"2019-10-25T15:45:29+00:00","og_image":[{"url":"http:\/\/atl-software.net\/wp-content\/uploads\/2019\/04\/Screen-Shot-2019-04-08-at-14.png"}],"twitter_card":"summary_large_image","twitter_site":"@SoftwareAtl","twitter_misc":{"Est. reading time":"6 minutos"},"schema":{"@context":"https:\/\/schema.org","@graph":[{"@type":"WebPage","@id":"https:\/\/atl-software.net\/en\/make-management-tasks-easier-and-more-rational-with-online-payment\/","url":"https:\/\/atl-software.net\/en\/make-management-tasks-easier-and-more-rational-with-online-payment\/","name":"Agilice y simplifique su administraci\u00f3n con el pago en l\u00ednea de AEC - ATL Software","isPartOf":{"@id":"https:\/\/atl-software.net\/#website"},"datePublished":"2019-04-05T08:22:11+00:00","dateModified":"2019-10-25T15:45:29+00:00","breadcrumb":{"@id":"https:\/\/atl-software.net\/en\/make-management-tasks-easier-and-more-rational-with-online-payment\/#breadcrumb"},"inLanguage":"es","potentialAction":[{"@type":"ReadAction","target":["https:\/\/atl-software.net\/en\/make-management-tasks-easier-and-more-rational-with-online-payment\/"]}]},{"@type":"BreadcrumbList","@id":"https:\/\/atl-software.net\/en\/make-management-tasks-easier-and-more-rational-with-online-payment\/#breadcrumb","itemListElement":[{"@type":"ListItem","position":1,"name":"Accueil","item":"https:\/\/atl-software.net\/en\/"},{"@type":"ListItem","position":2,"name":"Make management tasks easier and more rational with online payment."}]},{"@type":"WebSite","@id":"https:\/\/atl-software.net\/#website","url":"https:\/\/atl-software.net\/","name":"ATL Software","description":"","publisher":{"@id":"https:\/\/atl-software.net\/#organization"},"potentialAction":[{"@type":"SearchAction","target":{"@type":"EntryPoint","urlTemplate":"https:\/\/atl-software.net\/?s={search_term_string}"},"query-input":"required name=search_term_string"}],"inLanguage":"es"},{"@type":"Organization","@id":"https:\/\/atl-software.net\/#organization","name":"ATL Software","url":"https:\/\/atl-software.net\/","logo":{"@type":"ImageObject","inLanguage":"es","@id":"https:\/\/atl-software.net\/#\/schema\/logo\/image\/","url":"https:\/\/atl-software.net\/wp-content\/uploads\/2023\/04\/Interfaz-moderna-AEC.png","contentUrl":"https:\/\/atl-software.net\/wp-content\/uploads\/2023\/04\/Interfaz-moderna-AEC.png","width":918,"height":673,"caption":"ATL Software"},"image":{"@id":"https:\/\/atl-software.net\/#\/schema\/logo\/image\/"},"sameAs":["https:\/\/www.facebook.com\/ATL-Software-724527551053606\/","https:\/\/twitter.com\/SoftwareAtl","https:\/\/www.linkedin.com\/in\/atl-software-logiciel-arc-en-ciel-a9428b91\/","https:\/\/www.youtube.com\/watch?v=prCVSFs_vZg"]}]}},"uagb_featured_image_src":{"full":false,"thumbnail":false,"medium":false,"medium_large":false,"large":false,"1536x1536":false,"2048x2048":false,"bones-thumb-600":false,"bones-thumb-300":false,"post-thumbnail":false},"uagb_author_info":{"display_name":"admin","author_link":"https:\/\/atl-software.net\/es\/author\/admin\/"},"uagb_comment_info":0,"uagb_excerpt":"\u00bfSab\u00eda usted? Con AEC &amp; Kiosque agiliza y simplifica la gesti\u00f3n con pago en l\u00ednea. La gesti\u00f3n administrativa, de acuerdo con los vol\u00famenes que se traten y el n\u00famero de actividades de cada establecimiento puede convertirse en una tarea tediosa. Con el uso de Internet, los procesos pueden mejorarse para que, al mismo tiempo, simplifiquen...&hellip;","_links":{"self":[{"href":"https:\/\/atl-software.net\/es\/wp-json\/wp\/v2\/pages\/1462"}],"collection":[{"href":"https:\/\/atl-software.net\/es\/wp-json\/wp\/v2\/pages"}],"about":[{"href":"https:\/\/atl-software.net\/es\/wp-json\/wp\/v2\/types\/page"}],"author":[{"embeddable":true,"href":"https:\/\/atl-software.net\/es\/wp-json\/wp\/v2\/users\/2"}],"replies":[{"embeddable":true,"href":"https:\/\/atl-software.net\/es\/wp-json\/wp\/v2\/comments?post=1462"}],"version-history":[{"count":10,"href":"https:\/\/atl-software.net\/es\/wp-json\/wp\/v2\/pages\/1462\/revisions"}],"predecessor-version":[{"id":1707,"href":"https:\/\/atl-software.net\/es\/wp-json\/wp\/v2\/pages\/1462\/revisions\/1707"}],"wp:attachment":[{"href":"https:\/\/atl-software.net\/es\/wp-json\/wp\/v2\/media?parent=1462"}],"curies":[{"name":"wp","href":"https:\/\/api.w.org\/{rel}","templated":true}]}}