{"id":1458,"date":"2019-04-05T09:59:01","date_gmt":"2019-04-05T07:59:01","guid":{"rendered":"http:\/\/atl-software.net\/?page_id=1458"},"modified":"2019-04-11T15:53:34","modified_gmt":"2019-04-11T13:53:34","slug":"video-les-criteres-de-choix-dun-changement-de-logiciel-de-gestion-de-cours","status":"publish","type":"page","link":"https:\/\/atl-software.net\/es\/video-les-criteres-de-choix-dun-changement-de-logiciel-de-gestion-de-cours\/","title":{"rendered":"El testimonio de Ga\u00eblle Robin, Directora de cursos del \u00abInstitut Fran\u00e7ais de Madrid\u00bb"},"content":{"rendered":"<p>\u00bfCu\u00e1les son los criterios que toma en cuenta para un cambio en el software de gesti\u00f3n de cursos?<\/p>\n<p class=\"p1\">Ga\u00eblle Robin, Directora de Cursos del <strong>Institut Fran\u00e7ais de Madrid<\/strong>, con experiencia previa en el Instituto del Reino Unido, comparte con nosotros su experiencia en la elecci\u00f3n de software de gesti\u00f3n de cursos. \u201cProbamos otras soluciones durante 6 meses hasta que, por m\u00faltiples razones, seleccionamos <strong>Arc-en-Ciel.<\/strong>\u201d<\/p>\n<p class=\"p1\">Destaca, en particular, el pago en l\u00ednea, la facilidad de la comunicaci\u00f3n y el seguimiento de los clientes. Tambi\u00e9n hace una observaci\u00f3n sobre la capacidad del equipo de <strong>ATL Software<\/strong> para responder r\u00e1pidamente a las solicitudes.<\/p>\n<a href=\"https:\/\/vimeo.com\/315619356\"><img decoding=\"async\" loading=\"lazy\" class=\"aligncenter wp-image-1459 size-full\" src=\"http:\/\/atl-software.net\/wp-content\/uploads\/2019\/04\/Capture-d\u2019\u00e9cran-2019-04-05-\u00e0-09.57.15-e1554990741541.png\" alt=\"capture-decran-2019-04-05-a-09-57-15\" width=\"565\" height=\"319\" srcset=\"https:\/\/atl-software.net\/wp-content\/uploads\/2019\/04\/Capture-d\u2019\u00e9cran-2019-04-05-\u00e0-09.57.15-e1554990741541.png 565w, https:\/\/atl-software.net\/wp-content\/uploads\/2019\/04\/Capture-d\u2019\u00e9cran-2019-04-05-\u00e0-09.57.15-e1554990741541-300x169.png 300w\" sizes=\"(max-width: 565px) 100vw, 565px\" \/><\/a>\n<p style=\"text-align: left;\"><a href=\"https:\/\/vimeo.com\/315619356\">Ver el v\u00eddeo\u00a0<\/a><\/p>\n<p class=\"p1\">Menciona que la facilidad de manejo tambi\u00e9n fue un criterio de selecci\u00f3n importante. El software ha respondido con una interfaz intuitiva, bien hecha, con valor agregado. Finalmente, fue importante en la elecci\u00f3n poder confiar en funciones de pago en l\u00ednea, la seguridad es muy importante.<\/p>\n<p class=\"p1\">En cuanto al precio, se consider\u00f3 bastante apropiado en comparaci\u00f3n con la confiabilidad y la calidad proporcionadas por la soluci\u00f3n. Todos estos puntos permitieron sentirse seguros sobre la calidad de la soluci\u00f3n y sobre el personal de <a href=\"https:\/\/atl-software.net\/es\/\">ATL Software<\/a>.<\/p>\n<p class=\"p1\">El instituto de Madrid ha estado usando Arc-en-Ciel durante varios a\u00f1os con un despliegue continuo en otras instituciones&#8230; Una opci\u00f3n ganadora, sin duda.<\/p>\n<p class=\"p1\">\u00bfQuieres saber m\u00e1s sobre AEC? P\u00f3ngase en <a href=\"http:\/\/atl-software.net\/es\/atl-software\/contact\/\">contacto<\/a><a href=\"http:\/\/atl-software.net\/es\/atl-software\/contact\/\"> con nosotros.<\/a><\/p>\n<p><\/p>","protected":false},"excerpt":{"rendered":"<p>\u00bfCu\u00e1les son los criterios que toma en cuenta para un cambio en el software de gesti\u00f3n de cursos? Ga\u00eblle Robin, Directora de Cursos del Institut Fran\u00e7ais de Madrid, con experiencia previa en el Instituto del Reino Unido, comparte con nosotros su experiencia en la elecci\u00f3n de software de gesti\u00f3n de cursos. \u201cProbamos otras soluciones durante&#8230;  <a class=\"excerpt-read-more\" href=\"https:\/\/atl-software.net\/es\/video-les-criteres-de-choix-dun-changement-de-logiciel-de-gestion-de-cours\/\" title=\"Read El testimonio de Ga\u00eblle Robin, Directora de cursos del \u00abInstitut Fran\u00e7ais de Madrid\u00bb\">Leer m\u00e1s &raquo;<\/a><\/p>\n","protected":false},"author":2,"featured_media":0,"parent":0,"menu_order":0,"comment_status":"closed","ping_status":"closed","template":"template\/template-ml.php","meta":{"_uag_custom_page_level_css":""},"acf":[],"yoast_head":"<!-- This site is optimized with the Yoast SEO plugin v20.13 - https:\/\/yoast.com\/wordpress\/plugins\/seo\/ -->\n<title>El testimonio de Ga\u00eblle Robin, Directora de cursos del &quot;Institut Fran\u00e7ais de Madrid&quot; - ATL Software<\/title>\n<meta name=\"robots\" content=\"index, follow, max-snippet:-1, max-image-preview:large, max-video-preview:-1\" \/>\n<link rel=\"canonical\" href=\"https:\/\/atl-software.net\/video-les-criteres-de-choix-dun-changement-de-logiciel-de-gestion-de-cours\/\" \/>\n<meta property=\"og:locale\" content=\"es_ES\" \/>\n<meta property=\"og:type\" content=\"article\" \/>\n<meta property=\"og:title\" content=\"El testimonio de Ga\u00eblle Robin, Directora de cursos del &quot;Institut Fran\u00e7ais de Madrid&quot; - ATL Software\" \/>\n<meta property=\"og:description\" content=\"\u00bfCu\u00e1les son los criterios que toma en cuenta para un cambio en el software de gesti\u00f3n de cursos? Ga\u00eblle Robin, Directora de Cursos del Institut Fran\u00e7ais de Madrid, con experiencia previa en el Instituto del Reino Unido, comparte con nosotros su experiencia en la elecci\u00f3n de software de gesti\u00f3n de cursos. \u201cProbamos otras soluciones durante... Leer m\u00e1s &raquo;\" \/>\n<meta property=\"og:url\" content=\"https:\/\/atl-software.net\/video-les-criteres-de-choix-dun-changement-de-logiciel-de-gestion-de-cours\/\" \/>\n<meta property=\"og:site_name\" content=\"ATL Software\" \/>\n<meta property=\"article:publisher\" content=\"https:\/\/www.facebook.com\/ATL-Software-724527551053606\/\" \/>\n<meta property=\"article:modified_time\" content=\"2019-04-11T13:53:34+00:00\" \/>\n<meta name=\"twitter:card\" content=\"summary_large_image\" \/>\n<meta name=\"twitter:site\" content=\"@SoftwareAtl\" \/>\n<meta name=\"twitter:label1\" content=\"Est. reading time\" \/>\n\t<meta name=\"twitter:data1\" content=\"3 minutos\" \/>\n<script type=\"application\/ld+json\" class=\"yoast-schema-graph\">{\"@context\":\"https:\/\/schema.org\",\"@graph\":[{\"@type\":\"WebPage\",\"@id\":\"https:\/\/atl-software.net\/video-les-criteres-de-choix-dun-changement-de-logiciel-de-gestion-de-cours\/\",\"url\":\"https:\/\/atl-software.net\/video-les-criteres-de-choix-dun-changement-de-logiciel-de-gestion-de-cours\/\",\"name\":\"El testimonio de Ga\u00eblle Robin, Directora de cursos del \\\"Institut Fran\u00e7ais de Madrid\\\" - ATL Software\",\"isPartOf\":{\"@id\":\"https:\/\/atl-software.net\/#website\"},\"datePublished\":\"2019-04-05T07:59:01+00:00\",\"dateModified\":\"2019-04-11T13:53:34+00:00\",\"breadcrumb\":{\"@id\":\"https:\/\/atl-software.net\/video-les-criteres-de-choix-dun-changement-de-logiciel-de-gestion-de-cours\/#breadcrumb\"},\"inLanguage\":\"es\",\"potentialAction\":[{\"@type\":\"ReadAction\",\"target\":[\"https:\/\/atl-software.net\/video-les-criteres-de-choix-dun-changement-de-logiciel-de-gestion-de-cours\/\"]}]},{\"@type\":\"BreadcrumbList\",\"@id\":\"https:\/\/atl-software.net\/video-les-criteres-de-choix-dun-changement-de-logiciel-de-gestion-de-cours\/#breadcrumb\",\"itemListElement\":[{\"@type\":\"ListItem\",\"position\":1,\"name\":\"Accueil\",\"item\":\"https:\/\/atl-software.net\/en\/\"},{\"@type\":\"ListItem\",\"position\":2,\"name\":\"Vid\u00e9o : Les crit\u00e8res de choix d&rsquo;un changement de logiciel de gestion de cours\"}]},{\"@type\":\"WebSite\",\"@id\":\"https:\/\/atl-software.net\/#website\",\"url\":\"https:\/\/atl-software.net\/\",\"name\":\"ATL Software\",\"description\":\"\",\"publisher\":{\"@id\":\"https:\/\/atl-software.net\/#organization\"},\"potentialAction\":[{\"@type\":\"SearchAction\",\"target\":{\"@type\":\"EntryPoint\",\"urlTemplate\":\"https:\/\/atl-software.net\/?s={search_term_string}\"},\"query-input\":\"required name=search_term_string\"}],\"inLanguage\":\"es\"},{\"@type\":\"Organization\",\"@id\":\"https:\/\/atl-software.net\/#organization\",\"name\":\"ATL Software\",\"url\":\"https:\/\/atl-software.net\/\",\"logo\":{\"@type\":\"ImageObject\",\"inLanguage\":\"es\",\"@id\":\"https:\/\/atl-software.net\/#\/schema\/logo\/image\/\",\"url\":\"https:\/\/atl-software.net\/wp-content\/uploads\/2023\/04\/Interfaz-moderna-AEC.png\",\"contentUrl\":\"https:\/\/atl-software.net\/wp-content\/uploads\/2023\/04\/Interfaz-moderna-AEC.png\",\"width\":918,\"height\":673,\"caption\":\"ATL Software\"},\"image\":{\"@id\":\"https:\/\/atl-software.net\/#\/schema\/logo\/image\/\"},\"sameAs\":[\"https:\/\/www.facebook.com\/ATL-Software-724527551053606\/\",\"https:\/\/twitter.com\/SoftwareAtl\",\"https:\/\/www.linkedin.com\/in\/atl-software-logiciel-arc-en-ciel-a9428b91\/\",\"https:\/\/www.youtube.com\/watch?v=prCVSFs_vZg\"]}]}<\/script>\n<!-- \/ Yoast SEO plugin. -->","yoast_head_json":{"title":"El testimonio de Ga\u00eblle Robin, Directora de cursos del \"Institut Fran\u00e7ais de Madrid\" - ATL Software","robots":{"index":"index","follow":"follow","max-snippet":"max-snippet:-1","max-image-preview":"max-image-preview:large","max-video-preview":"max-video-preview:-1"},"canonical":"https:\/\/atl-software.net\/video-les-criteres-de-choix-dun-changement-de-logiciel-de-gestion-de-cours\/","og_locale":"es_ES","og_type":"article","og_title":"El testimonio de Ga\u00eblle Robin, Directora de cursos del \"Institut Fran\u00e7ais de Madrid\" - ATL Software","og_description":"\u00bfCu\u00e1les son los criterios que toma en cuenta para un cambio en el software de gesti\u00f3n de cursos? Ga\u00eblle Robin, Directora de Cursos del Institut Fran\u00e7ais de Madrid, con experiencia previa en el Instituto del Reino Unido, comparte con nosotros su experiencia en la elecci\u00f3n de software de gesti\u00f3n de cursos. \u201cProbamos otras soluciones durante... Leer m\u00e1s &raquo;","og_url":"https:\/\/atl-software.net\/video-les-criteres-de-choix-dun-changement-de-logiciel-de-gestion-de-cours\/","og_site_name":"ATL Software","article_publisher":"https:\/\/www.facebook.com\/ATL-Software-724527551053606\/","article_modified_time":"2019-04-11T13:53:34+00:00","twitter_card":"summary_large_image","twitter_site":"@SoftwareAtl","twitter_misc":{"Est. reading time":"3 minutos"},"schema":{"@context":"https:\/\/schema.org","@graph":[{"@type":"WebPage","@id":"https:\/\/atl-software.net\/video-les-criteres-de-choix-dun-changement-de-logiciel-de-gestion-de-cours\/","url":"https:\/\/atl-software.net\/video-les-criteres-de-choix-dun-changement-de-logiciel-de-gestion-de-cours\/","name":"El testimonio de Ga\u00eblle Robin, Directora de cursos del \"Institut Fran\u00e7ais de Madrid\" - ATL Software","isPartOf":{"@id":"https:\/\/atl-software.net\/#website"},"datePublished":"2019-04-05T07:59:01+00:00","dateModified":"2019-04-11T13:53:34+00:00","breadcrumb":{"@id":"https:\/\/atl-software.net\/video-les-criteres-de-choix-dun-changement-de-logiciel-de-gestion-de-cours\/#breadcrumb"},"inLanguage":"es","potentialAction":[{"@type":"ReadAction","target":["https:\/\/atl-software.net\/video-les-criteres-de-choix-dun-changement-de-logiciel-de-gestion-de-cours\/"]}]},{"@type":"BreadcrumbList","@id":"https:\/\/atl-software.net\/video-les-criteres-de-choix-dun-changement-de-logiciel-de-gestion-de-cours\/#breadcrumb","itemListElement":[{"@type":"ListItem","position":1,"name":"Accueil","item":"https:\/\/atl-software.net\/en\/"},{"@type":"ListItem","position":2,"name":"Vid\u00e9o : Les crit\u00e8res de choix d&rsquo;un changement de logiciel de gestion de cours"}]},{"@type":"WebSite","@id":"https:\/\/atl-software.net\/#website","url":"https:\/\/atl-software.net\/","name":"ATL Software","description":"","publisher":{"@id":"https:\/\/atl-software.net\/#organization"},"potentialAction":[{"@type":"SearchAction","target":{"@type":"EntryPoint","urlTemplate":"https:\/\/atl-software.net\/?s={search_term_string}"},"query-input":"required name=search_term_string"}],"inLanguage":"es"},{"@type":"Organization","@id":"https:\/\/atl-software.net\/#organization","name":"ATL Software","url":"https:\/\/atl-software.net\/","logo":{"@type":"ImageObject","inLanguage":"es","@id":"https:\/\/atl-software.net\/#\/schema\/logo\/image\/","url":"https:\/\/atl-software.net\/wp-content\/uploads\/2023\/04\/Interfaz-moderna-AEC.png","contentUrl":"https:\/\/atl-software.net\/wp-content\/uploads\/2023\/04\/Interfaz-moderna-AEC.png","width":918,"height":673,"caption":"ATL Software"},"image":{"@id":"https:\/\/atl-software.net\/#\/schema\/logo\/image\/"},"sameAs":["https:\/\/www.facebook.com\/ATL-Software-724527551053606\/","https:\/\/twitter.com\/SoftwareAtl","https:\/\/www.linkedin.com\/in\/atl-software-logiciel-arc-en-ciel-a9428b91\/","https:\/\/www.youtube.com\/watch?v=prCVSFs_vZg"]}]}},"uagb_featured_image_src":{"full":false,"thumbnail":false,"medium":false,"medium_large":false,"large":false,"1536x1536":false,"2048x2048":false,"bones-thumb-600":false,"bones-thumb-300":false,"post-thumbnail":false},"uagb_author_info":{"display_name":"admin","author_link":"https:\/\/atl-software.net\/es\/author\/admin\/"},"uagb_comment_info":0,"uagb_excerpt":"\u00bfCu\u00e1les son los criterios que toma en cuenta para un cambio en el software de gesti\u00f3n de cursos? Ga\u00eblle Robin, Directora de Cursos del Institut Fran\u00e7ais de Madrid, con experiencia previa en el Instituto del Reino Unido, comparte con nosotros su experiencia en la elecci\u00f3n de software de gesti\u00f3n de cursos. \u201cProbamos otras soluciones durante...&hellip;","_links":{"self":[{"href":"https:\/\/atl-software.net\/es\/wp-json\/wp\/v2\/pages\/1458"}],"collection":[{"href":"https:\/\/atl-software.net\/es\/wp-json\/wp\/v2\/pages"}],"about":[{"href":"https:\/\/atl-software.net\/es\/wp-json\/wp\/v2\/types\/page"}],"author":[{"embeddable":true,"href":"https:\/\/atl-software.net\/es\/wp-json\/wp\/v2\/users\/2"}],"replies":[{"embeddable":true,"href":"https:\/\/atl-software.net\/es\/wp-json\/wp\/v2\/comments?post=1458"}],"version-history":[{"count":11,"href":"https:\/\/atl-software.net\/es\/wp-json\/wp\/v2\/pages\/1458\/revisions"}],"predecessor-version":[{"id":1504,"href":"https:\/\/atl-software.net\/es\/wp-json\/wp\/v2\/pages\/1458\/revisions\/1504"}],"wp:attachment":[{"href":"https:\/\/atl-software.net\/es\/wp-json\/wp\/v2\/media?parent=1458"}],"curies":[{"name":"wp","href":"https:\/\/api.w.org\/{rel}","templated":true}]}}