{"id":1451,"date":"2019-04-04T17:35:31","date_gmt":"2019-04-04T15:35:31","guid":{"rendered":"http:\/\/atl-software.net\/?page_id=1451"},"modified":"2019-04-10T11:44:03","modified_gmt":"2019-04-10T09:44:03","slug":"formation-a-linstitut-francais-dathenes-en-grece","status":"publish","type":"page","link":"https:\/\/atl-software.net\/es\/formation-a-linstitut-francais-dathenes-en-grece\/","title":{"rendered":"Capacitaci\u00f3n sobre Arc-en-Ciel en Atenas, Grecia."},"content":{"rendered":"<p><\/p>\n<p class=\"p1\">El\u00a0<strong>Instituto Franc\u00e9s de Grecia<\/strong>\u00a0es el lugar principal para los intercambios culturales y cient\u00edficos franco-hel\u00e9nicos. El instrumento de cooperaci\u00f3n entre los dos pa\u00edses. Su objetivo es garantizar que, a largo plazo, las \u00e9lites intelectuales, administrativas, creativas e incluso econ\u00f3micas de Grecia sigan refiri\u00e9ndose a Francia como una fuente de inspiraci\u00f3n. Vi\u00e9ndole como un pa\u00eds portador de valores, un polo de excelencia intelectual y cient\u00edfica, motor e hito en la evoluci\u00f3n del mundo. Arc-en-Ciel pretende aportar en la carrera hacia este objetivo. Gracias a la optimizaci\u00f3n de la gesti\u00f3n de cursos.<\/p>\n<h3>ATL Software lleva capacitaci\u00f3n sobre Arc-en-Ciel a Grecia<\/h3>\n<p class=\"p1\">En su esmero por la modernizaci\u00f3n de los procesos administrativos, el IFG ha optado por utilizar el software de gesti\u00f3n de cursos\u00a0<strong>Arc-en-Ciel<\/strong>. Este cambio significa un gran paso para la optimizaci\u00f3n de los procesos administrativos. En miras a mejorar la gesti\u00f3n de maestros, cursos, alumnos, y otras especialidades de la instituci\u00f3n. Este programa facilita la gesti\u00f3n administrativa. Con una gesti\u00f3n m\u00e1s r\u00e1pida, la instituci\u00f3n puede enfocarse mejor en sus objetivos.<\/p>\n<p class=\"p1\">Para garantizar la efectividad del paso a utilizar el software AEC, la empresa\u00a0<a href=\"https:\/\/atl-software.net\/es\/\"><strong>ATL Software<\/strong><\/a>\u00a0ha ofrecido una capacitaci\u00f3n de\u00a03 d\u00edas en Grecia. Los usuarios aprendieron los principios b\u00e1sicos de\u00a0<strong><a href=\"https:\/\/atl-software.net\/es\/nos-solutions\/arc-en-ciel\/\">AEC<\/a>.<\/strong>\u00a0Tambi\u00e9n aprendieron sobre las operaciones m\u00e1s importantes que puede gestionar la instituci\u00f3n a trav\u00e9s de este software. As\u00ed mismo disfrutaron de los consejos y el intercambio de conocimientos. ATL Software\u00a0tambi\u00e9n present\u00f3 un entorno personalizado para el Instituto Franc\u00e9s de Grecia.\u00a0 Al final de la capacitaci\u00f3n, los usuarios estaban listos para operar dentro de Arc-en-Ciel.<\/p>\n<p class=\"p1 alignnone\"><img decoding=\"async\" loading=\"lazy\" class=\"alignnone wp-image-1291 size-medium\" src=\"http:\/\/atl-software.net\/wp-content\/uploads\/2019\/02\/Capacitador-225x300.jpg\" alt=\"Capacitador\" width=\"225\" height=\"300\" srcset=\"https:\/\/atl-software.net\/wp-content\/uploads\/2019\/02\/Capacitador-225x300.jpg 225w, https:\/\/atl-software.net\/wp-content\/uploads\/2019\/02\/Capacitador-768x1024.jpg 768w\" sizes=\"(max-width: 225px) 100vw, 225px\" \/>\u00a0 \u00a0\u00a0<img decoding=\"async\" loading=\"lazy\" class=\"alignnone wp-image-1293 size-full\" src=\"http:\/\/atl-software.net\/wp-content\/uploads\/2019\/02\/IMG_20190116_173942_resized_20190116_054100546-e1549471345913.jpg\" alt=\"Usuarios de Arc-en-Ciel\" width=\"451\" height=\"300\" \/><\/p>\n<p class=\"p1\">\u00bfLe gustar\u00eda optimizar sus procesos administrativos con un\u00a0software moderno?\u00a0<a href=\"https:\/\/atl-software.net\/es\/atl-software\/contact\/\"><strong>\u00a1P\u00f3ngase en contacto con nosotros!<\/strong><\/a><\/p>\n<p><\/p>","protected":false},"excerpt":{"rendered":"<p>El\u00a0Instituto Franc\u00e9s de Grecia\u00a0es el lugar principal para los intercambios culturales y cient\u00edficos franco-hel\u00e9nicos. El instrumento de cooperaci\u00f3n entre los dos pa\u00edses. Su objetivo es garantizar que, a largo plazo, las \u00e9lites intelectuales, administrativas, creativas e incluso econ\u00f3micas de Grecia sigan refiri\u00e9ndose a Francia como una fuente de inspiraci\u00f3n. Vi\u00e9ndole como un pa\u00eds portador de&#8230;  <a class=\"excerpt-read-more\" href=\"https:\/\/atl-software.net\/es\/formation-a-linstitut-francais-dathenes-en-grece\/\" title=\"Read Capacitaci\u00f3n sobre Arc-en-Ciel en Atenas, Grecia.\">Leer m\u00e1s &raquo;<\/a><\/p>\n","protected":false},"author":2,"featured_media":0,"parent":0,"menu_order":0,"comment_status":"closed","ping_status":"closed","template":"template\/template-ml.php","meta":{"_uag_custom_page_level_css":""},"acf":[],"yoast_head":"<!-- This site is optimized with the Yoast SEO plugin v20.13 - https:\/\/yoast.com\/wordpress\/plugins\/seo\/ -->\n<title>Capacitaci\u00f3n sobre Arc-en-Ciel en Atenas, Grecia. - ATL Software<\/title>\n<meta name=\"robots\" content=\"index, follow, max-snippet:-1, max-image-preview:large, max-video-preview:-1\" \/>\n<link rel=\"canonical\" href=\"https:\/\/atl-software.net\/formation-a-linstitut-francais-dathenes-en-grece\/\" \/>\n<meta property=\"og:locale\" content=\"es_ES\" \/>\n<meta property=\"og:type\" content=\"article\" \/>\n<meta property=\"og:title\" content=\"Capacitaci\u00f3n sobre Arc-en-Ciel en Atenas, Grecia. - ATL Software\" \/>\n<meta property=\"og:description\" content=\"El\u00a0Instituto Franc\u00e9s de Grecia\u00a0es el lugar principal para los intercambios culturales y cient\u00edficos franco-hel\u00e9nicos. El instrumento de cooperaci\u00f3n entre los dos pa\u00edses. Su objetivo es garantizar que, a largo plazo, las \u00e9lites intelectuales, administrativas, creativas e incluso econ\u00f3micas de Grecia sigan refiri\u00e9ndose a Francia como una fuente de inspiraci\u00f3n. Vi\u00e9ndole como un pa\u00eds portador de... Leer m\u00e1s &raquo;\" \/>\n<meta property=\"og:url\" content=\"https:\/\/atl-software.net\/formation-a-linstitut-francais-dathenes-en-grece\/\" \/>\n<meta property=\"og:site_name\" content=\"ATL Software\" \/>\n<meta property=\"article:publisher\" content=\"https:\/\/www.facebook.com\/ATL-Software-724527551053606\/\" \/>\n<meta property=\"article:modified_time\" content=\"2019-04-10T09:44:03+00:00\" \/>\n<meta property=\"og:image\" content=\"http:\/\/atl-software.net\/wp-content\/uploads\/2019\/04\/IMG_20190116_173942_resized_20190116_054100546-e1554392365431.jpg\" \/>\n<meta name=\"twitter:card\" content=\"summary_large_image\" \/>\n<meta name=\"twitter:site\" content=\"@SoftwareAtl\" \/>\n<meta name=\"twitter:label1\" content=\"Est. reading time\" \/>\n\t<meta name=\"twitter:data1\" content=\"5 minutos\" \/>\n<script type=\"application\/ld+json\" class=\"yoast-schema-graph\">{\"@context\":\"https:\/\/schema.org\",\"@graph\":[{\"@type\":\"WebPage\",\"@id\":\"https:\/\/atl-software.net\/formation-a-linstitut-francais-dathenes-en-grece\/\",\"url\":\"https:\/\/atl-software.net\/formation-a-linstitut-francais-dathenes-en-grece\/\",\"name\":\"Capacitaci\u00f3n sobre Arc-en-Ciel en Atenas, Grecia. - ATL Software\",\"isPartOf\":{\"@id\":\"https:\/\/atl-software.net\/#website\"},\"datePublished\":\"2019-04-04T15:35:31+00:00\",\"dateModified\":\"2019-04-10T09:44:03+00:00\",\"breadcrumb\":{\"@id\":\"https:\/\/atl-software.net\/formation-a-linstitut-francais-dathenes-en-grece\/#breadcrumb\"},\"inLanguage\":\"es\",\"potentialAction\":[{\"@type\":\"ReadAction\",\"target\":[\"https:\/\/atl-software.net\/formation-a-linstitut-francais-dathenes-en-grece\/\"]}]},{\"@type\":\"BreadcrumbList\",\"@id\":\"https:\/\/atl-software.net\/formation-a-linstitut-francais-dathenes-en-grece\/#breadcrumb\",\"itemListElement\":[{\"@type\":\"ListItem\",\"position\":1,\"name\":\"Accueil\",\"item\":\"https:\/\/atl-software.net\/en\/\"},{\"@type\":\"ListItem\",\"position\":2,\"name\":\"Formation \u00e0 l&rsquo;Institut Fran\u00e7ais d&rsquo;Ath\u00e8nes en Gr\u00e8ce\"}]},{\"@type\":\"WebSite\",\"@id\":\"https:\/\/atl-software.net\/#website\",\"url\":\"https:\/\/atl-software.net\/\",\"name\":\"ATL Software\",\"description\":\"\",\"publisher\":{\"@id\":\"https:\/\/atl-software.net\/#organization\"},\"potentialAction\":[{\"@type\":\"SearchAction\",\"target\":{\"@type\":\"EntryPoint\",\"urlTemplate\":\"https:\/\/atl-software.net\/?s={search_term_string}\"},\"query-input\":\"required name=search_term_string\"}],\"inLanguage\":\"es\"},{\"@type\":\"Organization\",\"@id\":\"https:\/\/atl-software.net\/#organization\",\"name\":\"ATL Software\",\"url\":\"https:\/\/atl-software.net\/\",\"logo\":{\"@type\":\"ImageObject\",\"inLanguage\":\"es\",\"@id\":\"https:\/\/atl-software.net\/#\/schema\/logo\/image\/\",\"url\":\"https:\/\/atl-software.net\/wp-content\/uploads\/2023\/04\/Interfaz-moderna-AEC.png\",\"contentUrl\":\"https:\/\/atl-software.net\/wp-content\/uploads\/2023\/04\/Interfaz-moderna-AEC.png\",\"width\":918,\"height\":673,\"caption\":\"ATL Software\"},\"image\":{\"@id\":\"https:\/\/atl-software.net\/#\/schema\/logo\/image\/\"},\"sameAs\":[\"https:\/\/www.facebook.com\/ATL-Software-724527551053606\/\",\"https:\/\/twitter.com\/SoftwareAtl\",\"https:\/\/www.linkedin.com\/in\/atl-software-logiciel-arc-en-ciel-a9428b91\/\",\"https:\/\/www.youtube.com\/watch?v=prCVSFs_vZg\"]}]}<\/script>\n<!-- \/ Yoast SEO plugin. -->","yoast_head_json":{"title":"Capacitaci\u00f3n sobre Arc-en-Ciel en Atenas, Grecia. - ATL Software","robots":{"index":"index","follow":"follow","max-snippet":"max-snippet:-1","max-image-preview":"max-image-preview:large","max-video-preview":"max-video-preview:-1"},"canonical":"https:\/\/atl-software.net\/formation-a-linstitut-francais-dathenes-en-grece\/","og_locale":"es_ES","og_type":"article","og_title":"Capacitaci\u00f3n sobre Arc-en-Ciel en Atenas, Grecia. - ATL Software","og_description":"El\u00a0Instituto Franc\u00e9s de Grecia\u00a0es el lugar principal para los intercambios culturales y cient\u00edficos franco-hel\u00e9nicos. El instrumento de cooperaci\u00f3n entre los dos pa\u00edses. Su objetivo es garantizar que, a largo plazo, las \u00e9lites intelectuales, administrativas, creativas e incluso econ\u00f3micas de Grecia sigan refiri\u00e9ndose a Francia como una fuente de inspiraci\u00f3n. Vi\u00e9ndole como un pa\u00eds portador de... Leer m\u00e1s &raquo;","og_url":"https:\/\/atl-software.net\/formation-a-linstitut-francais-dathenes-en-grece\/","og_site_name":"ATL Software","article_publisher":"https:\/\/www.facebook.com\/ATL-Software-724527551053606\/","article_modified_time":"2019-04-10T09:44:03+00:00","og_image":[{"url":"http:\/\/atl-software.net\/wp-content\/uploads\/2019\/04\/IMG_20190116_173942_resized_20190116_054100546-e1554392365431.jpg"}],"twitter_card":"summary_large_image","twitter_site":"@SoftwareAtl","twitter_misc":{"Est. reading time":"5 minutos"},"schema":{"@context":"https:\/\/schema.org","@graph":[{"@type":"WebPage","@id":"https:\/\/atl-software.net\/formation-a-linstitut-francais-dathenes-en-grece\/","url":"https:\/\/atl-software.net\/formation-a-linstitut-francais-dathenes-en-grece\/","name":"Capacitaci\u00f3n sobre Arc-en-Ciel en Atenas, Grecia. - ATL Software","isPartOf":{"@id":"https:\/\/atl-software.net\/#website"},"datePublished":"2019-04-04T15:35:31+00:00","dateModified":"2019-04-10T09:44:03+00:00","breadcrumb":{"@id":"https:\/\/atl-software.net\/formation-a-linstitut-francais-dathenes-en-grece\/#breadcrumb"},"inLanguage":"es","potentialAction":[{"@type":"ReadAction","target":["https:\/\/atl-software.net\/formation-a-linstitut-francais-dathenes-en-grece\/"]}]},{"@type":"BreadcrumbList","@id":"https:\/\/atl-software.net\/formation-a-linstitut-francais-dathenes-en-grece\/#breadcrumb","itemListElement":[{"@type":"ListItem","position":1,"name":"Accueil","item":"https:\/\/atl-software.net\/en\/"},{"@type":"ListItem","position":2,"name":"Formation \u00e0 l&rsquo;Institut Fran\u00e7ais d&rsquo;Ath\u00e8nes en Gr\u00e8ce"}]},{"@type":"WebSite","@id":"https:\/\/atl-software.net\/#website","url":"https:\/\/atl-software.net\/","name":"ATL Software","description":"","publisher":{"@id":"https:\/\/atl-software.net\/#organization"},"potentialAction":[{"@type":"SearchAction","target":{"@type":"EntryPoint","urlTemplate":"https:\/\/atl-software.net\/?s={search_term_string}"},"query-input":"required name=search_term_string"}],"inLanguage":"es"},{"@type":"Organization","@id":"https:\/\/atl-software.net\/#organization","name":"ATL Software","url":"https:\/\/atl-software.net\/","logo":{"@type":"ImageObject","inLanguage":"es","@id":"https:\/\/atl-software.net\/#\/schema\/logo\/image\/","url":"https:\/\/atl-software.net\/wp-content\/uploads\/2023\/04\/Interfaz-moderna-AEC.png","contentUrl":"https:\/\/atl-software.net\/wp-content\/uploads\/2023\/04\/Interfaz-moderna-AEC.png","width":918,"height":673,"caption":"ATL Software"},"image":{"@id":"https:\/\/atl-software.net\/#\/schema\/logo\/image\/"},"sameAs":["https:\/\/www.facebook.com\/ATL-Software-724527551053606\/","https:\/\/twitter.com\/SoftwareAtl","https:\/\/www.linkedin.com\/in\/atl-software-logiciel-arc-en-ciel-a9428b91\/","https:\/\/www.youtube.com\/watch?v=prCVSFs_vZg"]}]}},"uagb_featured_image_src":{"full":false,"thumbnail":false,"medium":false,"medium_large":false,"large":false,"1536x1536":false,"2048x2048":false,"bones-thumb-600":false,"bones-thumb-300":false,"post-thumbnail":false},"uagb_author_info":{"display_name":"admin","author_link":"https:\/\/atl-software.net\/es\/author\/admin\/"},"uagb_comment_info":0,"uagb_excerpt":"El\u00a0Instituto Franc\u00e9s de Grecia\u00a0es el lugar principal para los intercambios culturales y cient\u00edficos franco-hel\u00e9nicos. El instrumento de cooperaci\u00f3n entre los dos pa\u00edses. Su objetivo es garantizar que, a largo plazo, las \u00e9lites intelectuales, administrativas, creativas e incluso econ\u00f3micas de Grecia sigan refiri\u00e9ndose a Francia como una fuente de inspiraci\u00f3n. Vi\u00e9ndole como un pa\u00eds portador de...&hellip;","_links":{"self":[{"href":"https:\/\/atl-software.net\/es\/wp-json\/wp\/v2\/pages\/1451"}],"collection":[{"href":"https:\/\/atl-software.net\/es\/wp-json\/wp\/v2\/pages"}],"about":[{"href":"https:\/\/atl-software.net\/es\/wp-json\/wp\/v2\/types\/page"}],"author":[{"embeddable":true,"href":"https:\/\/atl-software.net\/es\/wp-json\/wp\/v2\/users\/2"}],"replies":[{"embeddable":true,"href":"https:\/\/atl-software.net\/es\/wp-json\/wp\/v2\/comments?post=1451"}],"version-history":[{"count":8,"href":"https:\/\/atl-software.net\/es\/wp-json\/wp\/v2\/pages\/1451\/revisions"}],"predecessor-version":[{"id":1495,"href":"https:\/\/atl-software.net\/es\/wp-json\/wp\/v2\/pages\/1451\/revisions\/1495"}],"wp:attachment":[{"href":"https:\/\/atl-software.net\/es\/wp-json\/wp\/v2\/media?parent=1451"}],"curies":[{"name":"wp","href":"https:\/\/api.w.org\/{rel}","templated":true}]}}