{"id":1358,"date":"2019-02-26T11:37:19","date_gmt":"2019-02-26T10:37:19","guid":{"rendered":"http:\/\/atl-software.net\/?page_id=1358"},"modified":"2019-03-06T14:13:14","modified_gmt":"2019-03-06T13:13:14","slug":"le-saviez-vous-tous-vos-eleves-attendent-et-revent-de-pouvoir-sinscrire-en-ligne","status":"publish","type":"page","link":"https:\/\/atl-software.net\/es\/le-saviez-vous-tous-vos-eleves-attendent-et-revent-de-pouvoir-sinscrire-en-ligne\/","title":{"rendered":"\u00bfSab\u00eda usted? Todos sus estudiantes est\u00e1n esperando (y so\u00f1ando) poder inscribirse en l\u00ednea\u2026"},"content":{"rendered":"<p><\/p>\n<p class=\"p1\">\u00bfC\u00f3mo reducir las colas durante las inscripciones y optimizar la recopilaci\u00f3n de informaci\u00f3n de los solicitantes? Existen varias opciones: la contrataci\u00f3n de agentes de recepci\u00f3n, la creaci\u00f3n de quioscos interactivos, el registro en l\u00ednea &#8230;<\/p>\n<p class=\"p1\">Para gestionar las inscripciones con facilidad, los centros de idiomas, las alianzas y los centros culturales pueden utilizar una variedad de soluciones diferentes.<\/p>\n<p class=\"p1\">Cualquiera que sea la soluci\u00f3n, el desaf\u00edo es administrar las colas inherentes al proceso de registro \u201cen el mostrador\u201c para mejorar la calidad de la informaci\u00f3n obtenida. De hecho, la falta de tiempo y la presi\u00f3n de la cola empujan al alumno y al personal de recepci\u00f3n a \u201cprecipitar\u201d la inscripci\u00f3n.<\/p>\n<p class=\"p1\">Por lo tanto, no existen condiciones para facilitar la recopilaci\u00f3n de informaci\u00f3n. Para enfrentar el desaf\u00edo dual de la cola y la recopilaci\u00f3n de informaci\u00f3n cualitativa, <strong>ATL Software ha desarrollado un programa de gesti\u00f3n de cursos que integra la inscripci\u00f3n en l\u00ednea<\/strong>. Por un lado, esta soluci\u00f3n hace posible minimizar las colas y los mostradores de recepci\u00f3n: una importante ganancia de tiempo para los centros de idiomas y los estudiantes.<\/p>\n<p class=\"p1\">Por otro lado, hace posible optimizar la recopilaci\u00f3n de informaci\u00f3n, ya que los alumnos pueden tomarse el tiempo necesario para completar su registro y, por lo tanto, proporcionar informaci\u00f3n altamente cualitativa. A diferencia de un registro \u201cen ventanilla\u201c donde la falta de tiempo y la presi\u00f3n en la cola empujan al personal a recopilar informaci\u00f3n r\u00e1pidamente, el registro en l\u00ednea les da a los estudiantes una autonom\u00eda real. Se pueden registrar f\u00e1cilmente.<\/p>\n<img decoding=\"async\" loading=\"lazy\" class=\"alignnone wp-image-1399 size-full\" src=\"http:\/\/atl-software.net\/wp-content\/uploads\/2019\/02\/inscriptions-IF-Tunis.jpg\" alt=\"Inscription AF Tunisia - ATL Software\" width=\"1500\" height=\"473\" srcset=\"https:\/\/atl-software.net\/wp-content\/uploads\/2019\/02\/inscriptions-IF-Tunis.jpg 1500w, https:\/\/atl-software.net\/wp-content\/uploads\/2019\/02\/inscriptions-IF-Tunis-300x95.jpg 300w, https:\/\/atl-software.net\/wp-content\/uploads\/2019\/02\/inscriptions-IF-Tunis-768x242.jpg 768w, https:\/\/atl-software.net\/wp-content\/uploads\/2019\/02\/inscriptions-IF-Tunis-1024x323.jpg 1024w\" sizes=\"(max-width: 1500px) 100vw, 1500px\" \/>\n<p class=\"p1\">La informaci\u00f3n recopilada de esta manera gana en calidad y permite al centro de idiomas conocer mejor a sus estudiantes y establecer una comunicaci\u00f3n verdaderamente personalizada. Los alumnos podr\u00e1n recibir informaci\u00f3n personalizada.<\/p>\n<p class=\"p1\">En las soluciones propuestas por ATL Software, tambi\u00e9n es posible integrar la funci\u00f3n de registro en l\u00ednea en el sitio web existente del establecimiento o rehacer el sitio si es necesario. Por lo tanto, la aplicaci\u00f3n web se puede utilizar desde kioscos interactivos instalados en la entrada de los establecimientos.<\/p>\n<p class=\"p1\">ATL Software trae una soluci\u00f3n personalizada a cada establecimiento. Para obtener m\u00e1s informaci\u00f3n sobre el registro en l\u00ednea, con o sin redise\u00f1ar su sitio web o configurar quioscos interactivos, no dude en escribirnos a trav\u00e9s de nuestro formulario de contacto.<\/p>\n<p class=\"p1\"><a href=\"https:\/\/atl-software.net\/es\/atl-software\/contact\/\">\u00a1P\u00f3ngase en contacto con nosotros!<\/a><\/p>\n<p><\/p>","protected":false},"excerpt":{"rendered":"<p>\u00bfC\u00f3mo reducir las colas durante las inscripciones y optimizar la recopilaci\u00f3n de informaci\u00f3n de los solicitantes? Existen varias opciones: la contrataci\u00f3n de agentes de recepci\u00f3n, la creaci\u00f3n de quioscos interactivos, el registro en l\u00ednea &#8230; Para gestionar las inscripciones con facilidad, los centros de idiomas, las alianzas y los centros culturales pueden utilizar una variedad&#8230;  <a class=\"excerpt-read-more\" href=\"https:\/\/atl-software.net\/es\/le-saviez-vous-tous-vos-eleves-attendent-et-revent-de-pouvoir-sinscrire-en-ligne\/\" title=\"Read \u00bfSab\u00eda usted? Todos sus estudiantes est\u00e1n esperando (y so\u00f1ando) poder inscribirse en l\u00ednea\u2026\">Leer m\u00e1s &raquo;<\/a><\/p>\n","protected":false},"author":2,"featured_media":0,"parent":0,"menu_order":0,"comment_status":"closed","ping_status":"closed","template":"template\/template-ml.php","meta":{"_uag_custom_page_level_css":""},"acf":[],"yoast_head":"<!-- This site is optimized with the Yoast SEO plugin v20.13 - https:\/\/yoast.com\/wordpress\/plugins\/seo\/ -->\n<title>\u00bfSab\u00eda usted? Todos sus estudiantes est\u00e1n esperando (y so\u00f1ando) poder inscribirse en l\u00ednea\u2026 - ATL Software<\/title>\n<meta name=\"robots\" content=\"index, follow, max-snippet:-1, max-image-preview:large, max-video-preview:-1\" \/>\n<link rel=\"canonical\" href=\"https:\/\/atl-software.net\/le-saviez-vous-tous-vos-eleves-attendent-et-revent-de-pouvoir-sinscrire-en-ligne\/\" \/>\n<meta property=\"og:locale\" content=\"es_ES\" \/>\n<meta property=\"og:type\" content=\"article\" \/>\n<meta property=\"og:title\" content=\"\u00bfSab\u00eda usted? Todos sus estudiantes est\u00e1n esperando (y so\u00f1ando) poder inscribirse en l\u00ednea\u2026 - ATL Software\" \/>\n<meta property=\"og:description\" content=\"\u00bfC\u00f3mo reducir las colas durante las inscripciones y optimizar la recopilaci\u00f3n de informaci\u00f3n de los solicitantes? Existen varias opciones: la contrataci\u00f3n de agentes de recepci\u00f3n, la creaci\u00f3n de quioscos interactivos, el registro en l\u00ednea &#8230; Para gestionar las inscripciones con facilidad, los centros de idiomas, las alianzas y los centros culturales pueden utilizar una variedad... Leer m\u00e1s &raquo;\" \/>\n<meta property=\"og:url\" content=\"https:\/\/atl-software.net\/le-saviez-vous-tous-vos-eleves-attendent-et-revent-de-pouvoir-sinscrire-en-ligne\/\" \/>\n<meta property=\"og:site_name\" content=\"ATL Software\" \/>\n<meta property=\"article:publisher\" content=\"https:\/\/www.facebook.com\/ATL-Software-724527551053606\/\" \/>\n<meta property=\"article:modified_time\" content=\"2019-03-06T13:13:14+00:00\" \/>\n<meta property=\"og:image\" content=\"http:\/\/atl-software.net\/wp-content\/uploads\/2019\/02\/inscriptions-IF-Tunis.jpg\" \/>\n<meta name=\"twitter:card\" content=\"summary_large_image\" \/>\n<meta name=\"twitter:site\" content=\"@SoftwareAtl\" \/>\n<meta name=\"twitter:label1\" content=\"Est. reading time\" \/>\n\t<meta name=\"twitter:data1\" content=\"5 minutos\" \/>\n<script type=\"application\/ld+json\" class=\"yoast-schema-graph\">{\"@context\":\"https:\/\/schema.org\",\"@graph\":[{\"@type\":\"WebPage\",\"@id\":\"https:\/\/atl-software.net\/le-saviez-vous-tous-vos-eleves-attendent-et-revent-de-pouvoir-sinscrire-en-ligne\/\",\"url\":\"https:\/\/atl-software.net\/le-saviez-vous-tous-vos-eleves-attendent-et-revent-de-pouvoir-sinscrire-en-ligne\/\",\"name\":\"\u00bfSab\u00eda usted? Todos sus estudiantes est\u00e1n esperando (y so\u00f1ando) poder inscribirse en l\u00ednea\u2026 - ATL Software\",\"isPartOf\":{\"@id\":\"https:\/\/atl-software.net\/#website\"},\"datePublished\":\"2019-02-26T10:37:19+00:00\",\"dateModified\":\"2019-03-06T13:13:14+00:00\",\"breadcrumb\":{\"@id\":\"https:\/\/atl-software.net\/le-saviez-vous-tous-vos-eleves-attendent-et-revent-de-pouvoir-sinscrire-en-ligne\/#breadcrumb\"},\"inLanguage\":\"es\",\"potentialAction\":[{\"@type\":\"ReadAction\",\"target\":[\"https:\/\/atl-software.net\/le-saviez-vous-tous-vos-eleves-attendent-et-revent-de-pouvoir-sinscrire-en-ligne\/\"]}]},{\"@type\":\"BreadcrumbList\",\"@id\":\"https:\/\/atl-software.net\/le-saviez-vous-tous-vos-eleves-attendent-et-revent-de-pouvoir-sinscrire-en-ligne\/#breadcrumb\",\"itemListElement\":[{\"@type\":\"ListItem\",\"position\":1,\"name\":\"Accueil\",\"item\":\"https:\/\/atl-software.net\/en\/\"},{\"@type\":\"ListItem\",\"position\":2,\"name\":\"Le saviez-vous ? Tous vos \u00e9l\u00e8ves attendent (et r\u00eavent) de pouvoir s&rsquo;inscrire en ligne\"}]},{\"@type\":\"WebSite\",\"@id\":\"https:\/\/atl-software.net\/#website\",\"url\":\"https:\/\/atl-software.net\/\",\"name\":\"ATL Software\",\"description\":\"\",\"publisher\":{\"@id\":\"https:\/\/atl-software.net\/#organization\"},\"potentialAction\":[{\"@type\":\"SearchAction\",\"target\":{\"@type\":\"EntryPoint\",\"urlTemplate\":\"https:\/\/atl-software.net\/?s={search_term_string}\"},\"query-input\":\"required name=search_term_string\"}],\"inLanguage\":\"es\"},{\"@type\":\"Organization\",\"@id\":\"https:\/\/atl-software.net\/#organization\",\"name\":\"ATL Software\",\"url\":\"https:\/\/atl-software.net\/\",\"logo\":{\"@type\":\"ImageObject\",\"inLanguage\":\"es\",\"@id\":\"https:\/\/atl-software.net\/#\/schema\/logo\/image\/\",\"url\":\"https:\/\/atl-software.net\/wp-content\/uploads\/2023\/04\/Interfaz-moderna-AEC.png\",\"contentUrl\":\"https:\/\/atl-software.net\/wp-content\/uploads\/2023\/04\/Interfaz-moderna-AEC.png\",\"width\":918,\"height\":673,\"caption\":\"ATL Software\"},\"image\":{\"@id\":\"https:\/\/atl-software.net\/#\/schema\/logo\/image\/\"},\"sameAs\":[\"https:\/\/www.facebook.com\/ATL-Software-724527551053606\/\",\"https:\/\/twitter.com\/SoftwareAtl\",\"https:\/\/www.linkedin.com\/in\/atl-software-logiciel-arc-en-ciel-a9428b91\/\",\"https:\/\/www.youtube.com\/watch?v=prCVSFs_vZg\"]}]}<\/script>\n<!-- \/ Yoast SEO plugin. -->","yoast_head_json":{"title":"\u00bfSab\u00eda usted? Todos sus estudiantes est\u00e1n esperando (y so\u00f1ando) poder inscribirse en l\u00ednea\u2026 - ATL Software","robots":{"index":"index","follow":"follow","max-snippet":"max-snippet:-1","max-image-preview":"max-image-preview:large","max-video-preview":"max-video-preview:-1"},"canonical":"https:\/\/atl-software.net\/le-saviez-vous-tous-vos-eleves-attendent-et-revent-de-pouvoir-sinscrire-en-ligne\/","og_locale":"es_ES","og_type":"article","og_title":"\u00bfSab\u00eda usted? Todos sus estudiantes est\u00e1n esperando (y so\u00f1ando) poder inscribirse en l\u00ednea\u2026 - ATL Software","og_description":"\u00bfC\u00f3mo reducir las colas durante las inscripciones y optimizar la recopilaci\u00f3n de informaci\u00f3n de los solicitantes? Existen varias opciones: la contrataci\u00f3n de agentes de recepci\u00f3n, la creaci\u00f3n de quioscos interactivos, el registro en l\u00ednea &#8230; Para gestionar las inscripciones con facilidad, los centros de idiomas, las alianzas y los centros culturales pueden utilizar una variedad... Leer m\u00e1s &raquo;","og_url":"https:\/\/atl-software.net\/le-saviez-vous-tous-vos-eleves-attendent-et-revent-de-pouvoir-sinscrire-en-ligne\/","og_site_name":"ATL Software","article_publisher":"https:\/\/www.facebook.com\/ATL-Software-724527551053606\/","article_modified_time":"2019-03-06T13:13:14+00:00","og_image":[{"url":"http:\/\/atl-software.net\/wp-content\/uploads\/2019\/02\/inscriptions-IF-Tunis.jpg"}],"twitter_card":"summary_large_image","twitter_site":"@SoftwareAtl","twitter_misc":{"Est. reading time":"5 minutos"},"schema":{"@context":"https:\/\/schema.org","@graph":[{"@type":"WebPage","@id":"https:\/\/atl-software.net\/le-saviez-vous-tous-vos-eleves-attendent-et-revent-de-pouvoir-sinscrire-en-ligne\/","url":"https:\/\/atl-software.net\/le-saviez-vous-tous-vos-eleves-attendent-et-revent-de-pouvoir-sinscrire-en-ligne\/","name":"\u00bfSab\u00eda usted? Todos sus estudiantes est\u00e1n esperando (y so\u00f1ando) poder inscribirse en l\u00ednea\u2026 - ATL Software","isPartOf":{"@id":"https:\/\/atl-software.net\/#website"},"datePublished":"2019-02-26T10:37:19+00:00","dateModified":"2019-03-06T13:13:14+00:00","breadcrumb":{"@id":"https:\/\/atl-software.net\/le-saviez-vous-tous-vos-eleves-attendent-et-revent-de-pouvoir-sinscrire-en-ligne\/#breadcrumb"},"inLanguage":"es","potentialAction":[{"@type":"ReadAction","target":["https:\/\/atl-software.net\/le-saviez-vous-tous-vos-eleves-attendent-et-revent-de-pouvoir-sinscrire-en-ligne\/"]}]},{"@type":"BreadcrumbList","@id":"https:\/\/atl-software.net\/le-saviez-vous-tous-vos-eleves-attendent-et-revent-de-pouvoir-sinscrire-en-ligne\/#breadcrumb","itemListElement":[{"@type":"ListItem","position":1,"name":"Accueil","item":"https:\/\/atl-software.net\/en\/"},{"@type":"ListItem","position":2,"name":"Le saviez-vous ? Tous vos \u00e9l\u00e8ves attendent (et r\u00eavent) de pouvoir s&rsquo;inscrire en ligne"}]},{"@type":"WebSite","@id":"https:\/\/atl-software.net\/#website","url":"https:\/\/atl-software.net\/","name":"ATL Software","description":"","publisher":{"@id":"https:\/\/atl-software.net\/#organization"},"potentialAction":[{"@type":"SearchAction","target":{"@type":"EntryPoint","urlTemplate":"https:\/\/atl-software.net\/?s={search_term_string}"},"query-input":"required name=search_term_string"}],"inLanguage":"es"},{"@type":"Organization","@id":"https:\/\/atl-software.net\/#organization","name":"ATL Software","url":"https:\/\/atl-software.net\/","logo":{"@type":"ImageObject","inLanguage":"es","@id":"https:\/\/atl-software.net\/#\/schema\/logo\/image\/","url":"https:\/\/atl-software.net\/wp-content\/uploads\/2023\/04\/Interfaz-moderna-AEC.png","contentUrl":"https:\/\/atl-software.net\/wp-content\/uploads\/2023\/04\/Interfaz-moderna-AEC.png","width":918,"height":673,"caption":"ATL Software"},"image":{"@id":"https:\/\/atl-software.net\/#\/schema\/logo\/image\/"},"sameAs":["https:\/\/www.facebook.com\/ATL-Software-724527551053606\/","https:\/\/twitter.com\/SoftwareAtl","https:\/\/www.linkedin.com\/in\/atl-software-logiciel-arc-en-ciel-a9428b91\/","https:\/\/www.youtube.com\/watch?v=prCVSFs_vZg"]}]}},"uagb_featured_image_src":{"full":false,"thumbnail":false,"medium":false,"medium_large":false,"large":false,"1536x1536":false,"2048x2048":false,"bones-thumb-600":false,"bones-thumb-300":false,"post-thumbnail":false},"uagb_author_info":{"display_name":"admin","author_link":"https:\/\/atl-software.net\/es\/author\/admin\/"},"uagb_comment_info":0,"uagb_excerpt":"\u00bfC\u00f3mo reducir las colas durante las inscripciones y optimizar la recopilaci\u00f3n de informaci\u00f3n de los solicitantes? Existen varias opciones: la contrataci\u00f3n de agentes de recepci\u00f3n, la creaci\u00f3n de quioscos interactivos, el registro en l\u00ednea &#8230; Para gestionar las inscripciones con facilidad, los centros de idiomas, las alianzas y los centros culturales pueden utilizar una variedad...&hellip;","_links":{"self":[{"href":"https:\/\/atl-software.net\/es\/wp-json\/wp\/v2\/pages\/1358"}],"collection":[{"href":"https:\/\/atl-software.net\/es\/wp-json\/wp\/v2\/pages"}],"about":[{"href":"https:\/\/atl-software.net\/es\/wp-json\/wp\/v2\/types\/page"}],"author":[{"embeddable":true,"href":"https:\/\/atl-software.net\/es\/wp-json\/wp\/v2\/users\/2"}],"replies":[{"embeddable":true,"href":"https:\/\/atl-software.net\/es\/wp-json\/wp\/v2\/comments?post=1358"}],"version-history":[{"count":15,"href":"https:\/\/atl-software.net\/es\/wp-json\/wp\/v2\/pages\/1358\/revisions"}],"predecessor-version":[{"id":1418,"href":"https:\/\/atl-software.net\/es\/wp-json\/wp\/v2\/pages\/1358\/revisions\/1418"}],"wp:attachment":[{"href":"https:\/\/atl-software.net\/es\/wp-json\/wp\/v2\/media?parent=1358"}],"curies":[{"name":"wp","href":"https:\/\/api.w.org\/{rel}","templated":true}]}}