{"id":1354,"date":"2019-02-26T11:30:15","date_gmt":"2019-02-26T10:30:15","guid":{"rendered":"http:\/\/atl-software.net\/?page_id=1354"},"modified":"2019-02-28T17:25:31","modified_gmt":"2019-02-28T16:25:31","slug":"temoignage-video-aec-de-stephane-giraud-responsable-federal-des-cours-de-langues-des-if-allemagne","status":"publish","type":"page","link":"https:\/\/atl-software.net\/es\/temoignage-video-aec-de-stephane-giraud-responsable-federal-des-cours-de-langues-des-if-allemagne\/","title":{"rendered":"Testimonio de St\u00e9phane Giraud"},"content":{"rendered":"<p><\/p>\n<p class=\"p1\">St\u00e9phane Giraud, Responsable Federal de marketing y desarrollo de los cursos de idiomas del Instituto Franc\u00e9s de Alemania y su coordinaci\u00f3n, comparte hoy sus comentarios sobre el software Arc-en-Ciel (AEC). Destaca los puntos fuertes del software dirigi\u00e9ndose sobre AEC como una soluci\u00f3n eficaz y completa para administrar un centro de idiomas.<\/p>\n<p class=\"p1\">El software AEC hizo posible satisfacer dos necesidades: la necesidad de gestionar la actividad de los centros de cursos a trav\u00e9s de la recopilaci\u00f3n y an\u00e1lisis de datos, y la necesidad de racionalizar los procesos.<\/p>\n<p><iframe loading=\"lazy\" src=\"https:\/\/player.vimeo.com\/video\/318854142?app_id=122963\" width=\"680\" height=\"383\" frameborder=\"0\" title=\"Arc-en-Ciel - Ste\u0301phane Giraud\" allow=\"autoplay; fullscreen\" allowfullscreen><\/iframe><\/p>\n<p class=\"p1\"><strong><a href=\"https:\/\/vimeo.com\/318854142\">Mira el video<\/a><\/strong><\/p>\n<p>El programa de gesti\u00f3n de cursos Arc-en-Ciel ha hecho posible tener un mejor panorama sobre la dimensi\u00f3n del costo y la posibilidad de trabajar eficientemente en la rentabilidad de los cursos. Como tal, es un valioso indicador de rendimiento. Adem\u00e1s, AEC tuvo un efecto real en la estructuraci\u00f3n de la actividad, ya que ha ayudado a respaldar efectivamente el proceso de fusi\u00f3n de los IF en Alemania. St\u00e9phane Giraud tambi\u00e9n elogia lo intuitivo que es el programa y la facilidad con la que se puede navegar entre m\u00f3dulos.<\/p>\n<p class=\"p1\">Es que ha sido dise\u00f1ado para un inicio r\u00e1pido. Las caracter\u00edsticas est\u00e1n claramente identificadas, la interfaz es atractiva y colorida para una necesidad de capacitaci\u00f3n m\u00ednima. Como tal, AEC es una soluci\u00f3n efectiva e integral para la gesti\u00f3n de un centro de idiomas. El costo del software es \u00abrid\u00edculo en t\u00e9rminos de beneficios\u00bb, ya que representa solo el 0.017% de la facturaci\u00f3n. St\u00e9phane Giraud finalmente da la bienvenida a la capacidad de los equipos de ATL Software para adaptarse a los nuevos desarrollos y satisfacer las necesidades de los centros de idiomas.<\/p>\n<p class=\"p1\">La reuni\u00f3n celebrada en <span style=\"text-decoration: underline;\"><a href=\"https:\/\/atl-software.net\/es\/juin-2018-atl-software-rencontre-ses-clients-a-madrid\/\" target=\"_blank\">Madrid en 2018<\/a><\/span> con ATL Software fue una oportunidad para comparar pr\u00e1cticas y obtener informaci\u00f3n sobre futuras mejoras de software. Le complaci\u00f3 ver que ATL Sotfware ya estaba anticipando el aumento de las necesidades de los centros de idiomas para la funcionalidad de marketing. El hecho de que las necesidades converjan en el corto plazo es, a sus ojos, muy tranquilizador.<\/p>\n<p class=\"p1\">\u00bfQuieres saber m\u00e1s sobre Arc-en-Ciel? P\u00f3ngase en <a href=\"https:\/\/atl-software.net\/es\/atl-software\/contact\/\">contacto con nosotros.<\/a><\/p>\n<p><\/p>","protected":false},"excerpt":{"rendered":"<p>St\u00e9phane Giraud, Responsable Federal de marketing y desarrollo de los cursos de idiomas del Instituto Franc\u00e9s de Alemania y su coordinaci\u00f3n, comparte hoy sus comentarios sobre el software Arc-en-Ciel (AEC). Destaca los puntos fuertes del software dirigi\u00e9ndose sobre AEC como una soluci\u00f3n eficaz y completa para administrar un centro de idiomas. El software AEC hizo&#8230;  <a class=\"excerpt-read-more\" href=\"https:\/\/atl-software.net\/es\/temoignage-video-aec-de-stephane-giraud-responsable-federal-des-cours-de-langues-des-if-allemagne\/\" title=\"Read Testimonio de St\u00e9phane Giraud\">Leer m\u00e1s &raquo;<\/a><\/p>\n","protected":false},"author":2,"featured_media":0,"parent":0,"menu_order":0,"comment_status":"closed","ping_status":"closed","template":"template\/template-ml.php","meta":{"_uag_custom_page_level_css":""},"acf":[],"yoast_head":"<!-- This site is optimized with the Yoast SEO plugin v20.13 - https:\/\/yoast.com\/wordpress\/plugins\/seo\/ -->\n<title>Testimonio de St\u00e9phane Giraud - ATL Software<\/title>\n<meta name=\"robots\" content=\"index, follow, max-snippet:-1, max-image-preview:large, max-video-preview:-1\" \/>\n<link rel=\"canonical\" href=\"https:\/\/atl-software.net\/en\/temoignage-video-aec-de-stephane-giraud-responsable-federal-des-cours-de-langues-des-if-allemagne\/\" \/>\n<meta property=\"og:locale\" content=\"es_ES\" \/>\n<meta property=\"og:type\" content=\"article\" \/>\n<meta property=\"og:title\" content=\"Testimonio de St\u00e9phane Giraud - ATL Software\" \/>\n<meta property=\"og:description\" content=\"St\u00e9phane Giraud, Responsable Federal de marketing y desarrollo de los cursos de idiomas del Instituto Franc\u00e9s de Alemania y su coordinaci\u00f3n, comparte hoy sus comentarios sobre el software Arc-en-Ciel (AEC). Destaca los puntos fuertes del software dirigi\u00e9ndose sobre AEC como una soluci\u00f3n eficaz y completa para administrar un centro de idiomas. El software AEC hizo... Leer m\u00e1s &raquo;\" \/>\n<meta property=\"og:url\" content=\"https:\/\/atl-software.net\/en\/temoignage-video-aec-de-stephane-giraud-responsable-federal-des-cours-de-langues-des-if-allemagne\/\" \/>\n<meta property=\"og:site_name\" content=\"ATL Software\" \/>\n<meta property=\"article:publisher\" content=\"https:\/\/www.facebook.com\/ATL-Software-724527551053606\/\" \/>\n<meta property=\"article:modified_time\" content=\"2019-02-28T16:25:31+00:00\" \/>\n<meta name=\"twitter:card\" content=\"summary_large_image\" \/>\n<meta name=\"twitter:site\" content=\"@SoftwareAtl\" \/>\n<meta name=\"twitter:label1\" content=\"Est. reading time\" \/>\n\t<meta name=\"twitter:data1\" content=\"5 minutos\" \/>\n<script type=\"application\/ld+json\" class=\"yoast-schema-graph\">{\"@context\":\"https:\/\/schema.org\",\"@graph\":[{\"@type\":\"WebPage\",\"@id\":\"https:\/\/atl-software.net\/en\/temoignage-video-aec-de-stephane-giraud-responsable-federal-des-cours-de-langues-des-if-allemagne\/\",\"url\":\"https:\/\/atl-software.net\/en\/temoignage-video-aec-de-stephane-giraud-responsable-federal-des-cours-de-langues-des-if-allemagne\/\",\"name\":\"Testimonio de St\u00e9phane Giraud - ATL Software\",\"isPartOf\":{\"@id\":\"https:\/\/atl-software.net\/#website\"},\"datePublished\":\"2019-02-26T10:30:15+00:00\",\"dateModified\":\"2019-02-28T16:25:31+00:00\",\"breadcrumb\":{\"@id\":\"https:\/\/atl-software.net\/en\/temoignage-video-aec-de-stephane-giraud-responsable-federal-des-cours-de-langues-des-if-allemagne\/#breadcrumb\"},\"inLanguage\":\"es\",\"potentialAction\":[{\"@type\":\"ReadAction\",\"target\":[\"https:\/\/atl-software.net\/en\/temoignage-video-aec-de-stephane-giraud-responsable-federal-des-cours-de-langues-des-if-allemagne\/\"]}]},{\"@type\":\"BreadcrumbList\",\"@id\":\"https:\/\/atl-software.net\/en\/temoignage-video-aec-de-stephane-giraud-responsable-federal-des-cours-de-langues-des-if-allemagne\/#breadcrumb\",\"itemListElement\":[{\"@type\":\"ListItem\",\"position\":1,\"name\":\"Accueil\",\"item\":\"https:\/\/atl-software.net\/en\/\"},{\"@type\":\"ListItem\",\"position\":2,\"name\":\"AEC user &#8216;s Video Testimonial: St\u00e9phane Giraud: Federal Manager of Language courses by IF &#8211; Germany\"}]},{\"@type\":\"WebSite\",\"@id\":\"https:\/\/atl-software.net\/#website\",\"url\":\"https:\/\/atl-software.net\/\",\"name\":\"ATL Software\",\"description\":\"\",\"publisher\":{\"@id\":\"https:\/\/atl-software.net\/#organization\"},\"potentialAction\":[{\"@type\":\"SearchAction\",\"target\":{\"@type\":\"EntryPoint\",\"urlTemplate\":\"https:\/\/atl-software.net\/?s={search_term_string}\"},\"query-input\":\"required name=search_term_string\"}],\"inLanguage\":\"es\"},{\"@type\":\"Organization\",\"@id\":\"https:\/\/atl-software.net\/#organization\",\"name\":\"ATL Software\",\"url\":\"https:\/\/atl-software.net\/\",\"logo\":{\"@type\":\"ImageObject\",\"inLanguage\":\"es\",\"@id\":\"https:\/\/atl-software.net\/#\/schema\/logo\/image\/\",\"url\":\"https:\/\/atl-software.net\/wp-content\/uploads\/2023\/04\/Interfaz-moderna-AEC.png\",\"contentUrl\":\"https:\/\/atl-software.net\/wp-content\/uploads\/2023\/04\/Interfaz-moderna-AEC.png\",\"width\":918,\"height\":673,\"caption\":\"ATL Software\"},\"image\":{\"@id\":\"https:\/\/atl-software.net\/#\/schema\/logo\/image\/\"},\"sameAs\":[\"https:\/\/www.facebook.com\/ATL-Software-724527551053606\/\",\"https:\/\/twitter.com\/SoftwareAtl\",\"https:\/\/www.linkedin.com\/in\/atl-software-logiciel-arc-en-ciel-a9428b91\/\",\"https:\/\/www.youtube.com\/watch?v=prCVSFs_vZg\"]}]}<\/script>\n<!-- \/ Yoast SEO plugin. -->","yoast_head_json":{"title":"Testimonio de St\u00e9phane Giraud - ATL Software","robots":{"index":"index","follow":"follow","max-snippet":"max-snippet:-1","max-image-preview":"max-image-preview:large","max-video-preview":"max-video-preview:-1"},"canonical":"https:\/\/atl-software.net\/en\/temoignage-video-aec-de-stephane-giraud-responsable-federal-des-cours-de-langues-des-if-allemagne\/","og_locale":"es_ES","og_type":"article","og_title":"Testimonio de St\u00e9phane Giraud - ATL Software","og_description":"St\u00e9phane Giraud, Responsable Federal de marketing y desarrollo de los cursos de idiomas del Instituto Franc\u00e9s de Alemania y su coordinaci\u00f3n, comparte hoy sus comentarios sobre el software Arc-en-Ciel (AEC). Destaca los puntos fuertes del software dirigi\u00e9ndose sobre AEC como una soluci\u00f3n eficaz y completa para administrar un centro de idiomas. El software AEC hizo... Leer m\u00e1s &raquo;","og_url":"https:\/\/atl-software.net\/en\/temoignage-video-aec-de-stephane-giraud-responsable-federal-des-cours-de-langues-des-if-allemagne\/","og_site_name":"ATL Software","article_publisher":"https:\/\/www.facebook.com\/ATL-Software-724527551053606\/","article_modified_time":"2019-02-28T16:25:31+00:00","twitter_card":"summary_large_image","twitter_site":"@SoftwareAtl","twitter_misc":{"Est. reading time":"5 minutos"},"schema":{"@context":"https:\/\/schema.org","@graph":[{"@type":"WebPage","@id":"https:\/\/atl-software.net\/en\/temoignage-video-aec-de-stephane-giraud-responsable-federal-des-cours-de-langues-des-if-allemagne\/","url":"https:\/\/atl-software.net\/en\/temoignage-video-aec-de-stephane-giraud-responsable-federal-des-cours-de-langues-des-if-allemagne\/","name":"Testimonio de St\u00e9phane Giraud - ATL Software","isPartOf":{"@id":"https:\/\/atl-software.net\/#website"},"datePublished":"2019-02-26T10:30:15+00:00","dateModified":"2019-02-28T16:25:31+00:00","breadcrumb":{"@id":"https:\/\/atl-software.net\/en\/temoignage-video-aec-de-stephane-giraud-responsable-federal-des-cours-de-langues-des-if-allemagne\/#breadcrumb"},"inLanguage":"es","potentialAction":[{"@type":"ReadAction","target":["https:\/\/atl-software.net\/en\/temoignage-video-aec-de-stephane-giraud-responsable-federal-des-cours-de-langues-des-if-allemagne\/"]}]},{"@type":"BreadcrumbList","@id":"https:\/\/atl-software.net\/en\/temoignage-video-aec-de-stephane-giraud-responsable-federal-des-cours-de-langues-des-if-allemagne\/#breadcrumb","itemListElement":[{"@type":"ListItem","position":1,"name":"Accueil","item":"https:\/\/atl-software.net\/en\/"},{"@type":"ListItem","position":2,"name":"AEC user &#8216;s Video Testimonial: St\u00e9phane Giraud: Federal Manager of Language courses by IF &#8211; Germany"}]},{"@type":"WebSite","@id":"https:\/\/atl-software.net\/#website","url":"https:\/\/atl-software.net\/","name":"ATL Software","description":"","publisher":{"@id":"https:\/\/atl-software.net\/#organization"},"potentialAction":[{"@type":"SearchAction","target":{"@type":"EntryPoint","urlTemplate":"https:\/\/atl-software.net\/?s={search_term_string}"},"query-input":"required name=search_term_string"}],"inLanguage":"es"},{"@type":"Organization","@id":"https:\/\/atl-software.net\/#organization","name":"ATL Software","url":"https:\/\/atl-software.net\/","logo":{"@type":"ImageObject","inLanguage":"es","@id":"https:\/\/atl-software.net\/#\/schema\/logo\/image\/","url":"https:\/\/atl-software.net\/wp-content\/uploads\/2023\/04\/Interfaz-moderna-AEC.png","contentUrl":"https:\/\/atl-software.net\/wp-content\/uploads\/2023\/04\/Interfaz-moderna-AEC.png","width":918,"height":673,"caption":"ATL Software"},"image":{"@id":"https:\/\/atl-software.net\/#\/schema\/logo\/image\/"},"sameAs":["https:\/\/www.facebook.com\/ATL-Software-724527551053606\/","https:\/\/twitter.com\/SoftwareAtl","https:\/\/www.linkedin.com\/in\/atl-software-logiciel-arc-en-ciel-a9428b91\/","https:\/\/www.youtube.com\/watch?v=prCVSFs_vZg"]}]}},"uagb_featured_image_src":{"full":false,"thumbnail":false,"medium":false,"medium_large":false,"large":false,"1536x1536":false,"2048x2048":false,"bones-thumb-600":false,"bones-thumb-300":false,"post-thumbnail":false},"uagb_author_info":{"display_name":"admin","author_link":"https:\/\/atl-software.net\/es\/author\/admin\/"},"uagb_comment_info":0,"uagb_excerpt":"St\u00e9phane Giraud, Responsable Federal de marketing y desarrollo de los cursos de idiomas del Instituto Franc\u00e9s de Alemania y su coordinaci\u00f3n, comparte hoy sus comentarios sobre el software Arc-en-Ciel (AEC). Destaca los puntos fuertes del software dirigi\u00e9ndose sobre AEC como una soluci\u00f3n eficaz y completa para administrar un centro de idiomas. El software AEC hizo...&hellip;","_links":{"self":[{"href":"https:\/\/atl-software.net\/es\/wp-json\/wp\/v2\/pages\/1354"}],"collection":[{"href":"https:\/\/atl-software.net\/es\/wp-json\/wp\/v2\/pages"}],"about":[{"href":"https:\/\/atl-software.net\/es\/wp-json\/wp\/v2\/types\/page"}],"author":[{"embeddable":true,"href":"https:\/\/atl-software.net\/es\/wp-json\/wp\/v2\/users\/2"}],"replies":[{"embeddable":true,"href":"https:\/\/atl-software.net\/es\/wp-json\/wp\/v2\/comments?post=1354"}],"version-history":[{"count":11,"href":"https:\/\/atl-software.net\/es\/wp-json\/wp\/v2\/pages\/1354\/revisions"}],"predecessor-version":[{"id":1406,"href":"https:\/\/atl-software.net\/es\/wp-json\/wp\/v2\/pages\/1354\/revisions\/1406"}],"wp:attachment":[{"href":"https:\/\/atl-software.net\/es\/wp-json\/wp\/v2\/media?parent=1354"}],"curies":[{"name":"wp","href":"https:\/\/api.w.org\/{rel}","templated":true}]}}