{"id":1352,"date":"2019-02-26T11:13:13","date_gmt":"2019-02-26T10:13:13","guid":{"rendered":"http:\/\/atl-software.net\/?page_id=1352"},"modified":"2019-02-28T17:56:32","modified_gmt":"2019-02-28T16:56:32","slug":"formation-au-cilec-saint-etienne-une-opportunite-nouvelle-pour-atl-software","status":"publish","type":"page","link":"https:\/\/atl-software.net\/es\/formation-au-cilec-saint-etienne-une-opportunite-nouvelle-pour-atl-software\/","title":{"rendered":"Formaci\u00f3n en el CILEC en Saint Etienne, una nueva oportunidad para ATL Software"},"content":{"rendered":"<p><\/p>\n<p class=\"p1\">El Centro Internacional de Lenguaje y Civilizaci\u00f3n, integrado en la Universidad Jean Monnet (UJM) de Saint Etienne, recibe estudiantes durante todo el a\u00f1o, de septiembre a agosto, tanto durante el a\u00f1o acad\u00e9mico como durante el verano. Ofreciendo una formaci\u00f3n adaptada al nivel de los estudiantes, as\u00ed como muchas actividades culturales para asegurar la integraci\u00f3n y la inmersi\u00f3n del estudiante en la cultura francesa.<\/p>\n<p class=\"p1\">Cada a\u00f1o, el centro recibe a unos 300 estudiantes de todo el mundo. La apertura internacional en el CILEC es una realidad gracias a su asociaci\u00f3n SaVa (Saint\u00e9 Ville d\u2019Accueil) y a sus programas de integraci\u00f3n, tutor\u00eda y apoyo log\u00edstico, que permiten a los estudiantes interactuar libremente con los estudiantes franceses de Saint Etienne.<\/p>\n<p class=\"p1\"><strong>ATL Software y el Centro Internacional de Lengua y Civilizaci\u00f3n<\/strong><\/p>\n<p class=\"p1\">En octubre de 2018, nuestro capacitador en ATL Software fue a CILEC para realizar un curso de capacitaci\u00f3n de varios d\u00edas sobre el software de gesti\u00f3n de cursos Arc-en-Ciel (AEC). La capacitaci\u00f3n cubri\u00f3 las funciones de administraci\u00f3n diarias, como la administraci\u00f3n del calendario, el seguimiento de cursos y la inscripci\u00f3n. El intercambio de conocimientos fue particularmente apreciado por los usuarios que pudieron compartir y hacer preguntas para un manejo \u00f3ptimo del software.<\/p>\n<p class=\"p1\">La capacitaci\u00f3n realizada en CILEC es parte de la estrategia de ATL Software de proponer soluciones a todos los involucrados en la capacitaci\u00f3n, tanto en los idiomas como en todas las disciplinas que se imparten, ya sean institutos franceses, Alianzas francesas o Cualquier otro tipo de centro.<\/p>\n<p class=\"p1 alignnone\"><img decoding=\"async\" loading=\"lazy\" class=\"alignnone size-medium wp-image-1237\" src=\"http:\/\/atl-software.net\/wp-content\/uploads\/2019\/01\/CILEC-3-300x224.jpg\" alt=\"cilec-3\" width=\"300\" height=\"224\" srcset=\"https:\/\/atl-software.net\/wp-content\/uploads\/2019\/01\/CILEC-3-300x224.jpg 300w, https:\/\/atl-software.net\/wp-content\/uploads\/2019\/01\/CILEC-3-768x574.jpg 768w, https:\/\/atl-software.net\/wp-content\/uploads\/2019\/01\/CILEC-3-1024x765.jpg 1024w\" sizes=\"(max-width: 300px) 100vw, 300px\" \/> <img decoding=\"async\" loading=\"lazy\" class=\"alignnone size-medium wp-image-1235\" src=\"http:\/\/atl-software.net\/wp-content\/uploads\/2019\/01\/CILEC-1-300x224.jpg\" alt=\"cilec-1\" width=\"300\" height=\"224\" srcset=\"https:\/\/atl-software.net\/wp-content\/uploads\/2019\/01\/CILEC-1-300x224.jpg 300w, https:\/\/atl-software.net\/wp-content\/uploads\/2019\/01\/CILEC-1-768x574.jpg 768w, https:\/\/atl-software.net\/wp-content\/uploads\/2019\/01\/CILEC-1-1024x765.jpg 1024w\" sizes=\"(max-width: 300px) 100vw, 300px\" \/><\/p>\n<p class=\"p1\">Esta formaci\u00f3n abre nuevas perspectivas para ATL Software ya que, en Francia, muchos centros de idiomas se integran en una universidad.<\/p>\n<p class=\"p1\">\u00bfQuiere una sesi\u00f3n de entrenamiento en su red?<a href=\"https:\/\/atl-software.net\/es\/atl-software\/contact\/\"> \u00a1Cont\u00e1ctenos!<\/a><\/p>\n<p><\/p>","protected":false},"excerpt":{"rendered":"<p>El Centro Internacional de Lenguaje y Civilizaci\u00f3n, integrado en la Universidad Jean Monnet (UJM) de Saint Etienne, recibe estudiantes durante todo el a\u00f1o, de septiembre a agosto, tanto durante el a\u00f1o acad\u00e9mico como durante el verano. Ofreciendo una formaci\u00f3n adaptada al nivel de los estudiantes, as\u00ed como muchas actividades culturales para asegurar la integraci\u00f3n y&#8230;  <a class=\"excerpt-read-more\" href=\"https:\/\/atl-software.net\/es\/formation-au-cilec-saint-etienne-une-opportunite-nouvelle-pour-atl-software\/\" title=\"Read Formaci\u00f3n en el CILEC en Saint Etienne, una nueva oportunidad para ATL Software\">Leer m\u00e1s &raquo;<\/a><\/p>\n","protected":false},"author":2,"featured_media":0,"parent":0,"menu_order":0,"comment_status":"closed","ping_status":"closed","template":"template\/template-ml.php","meta":{"_uag_custom_page_level_css":""},"acf":[],"yoast_head":"<!-- This site is optimized with the Yoast SEO plugin v20.13 - https:\/\/yoast.com\/wordpress\/plugins\/seo\/ -->\n<title>Formaci\u00f3n en el CILEC en Saint Etienne, una nueva oportunidad para ATL Software - ATL Software<\/title>\n<meta name=\"description\" content=\"(Fran\u00e7ais) Le CILEC est un centre \u00e0 taille humaine avec la particularit\u00e9 d&#039;\u00eatre int\u00e9gr\u00e9 \u00e0 l&#039;universit\u00e9 Jean Monnet de St Etienne.\" \/>\n<meta name=\"robots\" content=\"index, follow, max-snippet:-1, max-image-preview:large, max-video-preview:-1\" \/>\n<link rel=\"canonical\" href=\"https:\/\/atl-software.net\/en\/formation-au-cilec-saint-etienne-une-opportunite-nouvelle-pour-atl-software\/\" \/>\n<meta property=\"og:locale\" content=\"es_ES\" \/>\n<meta property=\"og:type\" content=\"article\" \/>\n<meta property=\"og:title\" content=\"Formaci\u00f3n en el CILEC en Saint Etienne, una nueva oportunidad para ATL Software - ATL Software\" \/>\n<meta property=\"og:description\" content=\"(Fran\u00e7ais) Le CILEC est un centre \u00e0 taille humaine avec la particularit\u00e9 d&#039;\u00eatre int\u00e9gr\u00e9 \u00e0 l&#039;universit\u00e9 Jean Monnet de St Etienne.\" \/>\n<meta property=\"og:url\" content=\"https:\/\/atl-software.net\/en\/formation-au-cilec-saint-etienne-une-opportunite-nouvelle-pour-atl-software\/\" \/>\n<meta property=\"og:site_name\" content=\"ATL Software\" \/>\n<meta property=\"article:publisher\" content=\"https:\/\/www.facebook.com\/ATL-Software-724527551053606\/\" \/>\n<meta property=\"article:modified_time\" content=\"2019-02-28T16:56:32+00:00\" \/>\n<meta property=\"og:image\" content=\"http:\/\/atl-software.net\/wp-content\/uploads\/2019\/02\/IMG_3348-300x224.jpg\" \/>\n<meta name=\"twitter:card\" content=\"summary_large_image\" \/>\n<meta name=\"twitter:site\" content=\"@SoftwareAtl\" \/>\n<meta name=\"twitter:label1\" content=\"Est. reading time\" \/>\n\t<meta name=\"twitter:data1\" content=\"4 minutos\" \/>\n<script type=\"application\/ld+json\" class=\"yoast-schema-graph\">{\"@context\":\"https:\/\/schema.org\",\"@graph\":[{\"@type\":\"WebPage\",\"@id\":\"https:\/\/atl-software.net\/en\/formation-au-cilec-saint-etienne-une-opportunite-nouvelle-pour-atl-software\/\",\"url\":\"https:\/\/atl-software.net\/en\/formation-au-cilec-saint-etienne-une-opportunite-nouvelle-pour-atl-software\/\",\"name\":\"Formaci\u00f3n en el CILEC en Saint Etienne, una nueva oportunidad para ATL Software - ATL Software\",\"isPartOf\":{\"@id\":\"https:\/\/atl-software.net\/#website\"},\"datePublished\":\"2019-02-26T10:13:13+00:00\",\"dateModified\":\"2019-02-28T16:56:32+00:00\",\"description\":\"(Fran\u00e7ais) Le CILEC est un centre \u00e0 taille humaine avec la particularit\u00e9 d'\u00eatre int\u00e9gr\u00e9 \u00e0 l'universit\u00e9 Jean Monnet de St Etienne.\",\"breadcrumb\":{\"@id\":\"https:\/\/atl-software.net\/en\/formation-au-cilec-saint-etienne-une-opportunite-nouvelle-pour-atl-software\/#breadcrumb\"},\"inLanguage\":\"es\",\"potentialAction\":[{\"@type\":\"ReadAction\",\"target\":[\"https:\/\/atl-software.net\/en\/formation-au-cilec-saint-etienne-une-opportunite-nouvelle-pour-atl-software\/\"]}]},{\"@type\":\"BreadcrumbList\",\"@id\":\"https:\/\/atl-software.net\/en\/formation-au-cilec-saint-etienne-une-opportunite-nouvelle-pour-atl-software\/#breadcrumb\",\"itemListElement\":[{\"@type\":\"ListItem\",\"position\":1,\"name\":\"Accueil\",\"item\":\"https:\/\/atl-software.net\/en\/\"},{\"@type\":\"ListItem\",\"position\":2,\"name\":\"New Challenge for ATL Software: Training at CILEC, a school within a University\"}]},{\"@type\":\"WebSite\",\"@id\":\"https:\/\/atl-software.net\/#website\",\"url\":\"https:\/\/atl-software.net\/\",\"name\":\"ATL Software\",\"description\":\"\",\"publisher\":{\"@id\":\"https:\/\/atl-software.net\/#organization\"},\"potentialAction\":[{\"@type\":\"SearchAction\",\"target\":{\"@type\":\"EntryPoint\",\"urlTemplate\":\"https:\/\/atl-software.net\/?s={search_term_string}\"},\"query-input\":\"required name=search_term_string\"}],\"inLanguage\":\"es\"},{\"@type\":\"Organization\",\"@id\":\"https:\/\/atl-software.net\/#organization\",\"name\":\"ATL Software\",\"url\":\"https:\/\/atl-software.net\/\",\"logo\":{\"@type\":\"ImageObject\",\"inLanguage\":\"es\",\"@id\":\"https:\/\/atl-software.net\/#\/schema\/logo\/image\/\",\"url\":\"https:\/\/atl-software.net\/wp-content\/uploads\/2023\/04\/Interfaz-moderna-AEC.png\",\"contentUrl\":\"https:\/\/atl-software.net\/wp-content\/uploads\/2023\/04\/Interfaz-moderna-AEC.png\",\"width\":918,\"height\":673,\"caption\":\"ATL Software\"},\"image\":{\"@id\":\"https:\/\/atl-software.net\/#\/schema\/logo\/image\/\"},\"sameAs\":[\"https:\/\/www.facebook.com\/ATL-Software-724527551053606\/\",\"https:\/\/twitter.com\/SoftwareAtl\",\"https:\/\/www.linkedin.com\/in\/atl-software-logiciel-arc-en-ciel-a9428b91\/\",\"https:\/\/www.youtube.com\/watch?v=prCVSFs_vZg\"]}]}<\/script>\n<!-- \/ Yoast SEO plugin. -->","yoast_head_json":{"title":"Formaci\u00f3n en el CILEC en Saint Etienne, una nueva oportunidad para ATL Software - ATL Software","description":"(Fran\u00e7ais) Le CILEC est un centre \u00e0 taille humaine avec la particularit\u00e9 d'\u00eatre int\u00e9gr\u00e9 \u00e0 l'universit\u00e9 Jean Monnet de St Etienne.","robots":{"index":"index","follow":"follow","max-snippet":"max-snippet:-1","max-image-preview":"max-image-preview:large","max-video-preview":"max-video-preview:-1"},"canonical":"https:\/\/atl-software.net\/en\/formation-au-cilec-saint-etienne-une-opportunite-nouvelle-pour-atl-software\/","og_locale":"es_ES","og_type":"article","og_title":"Formaci\u00f3n en el CILEC en Saint Etienne, una nueva oportunidad para ATL Software - ATL Software","og_description":"(Fran\u00e7ais) Le CILEC est un centre \u00e0 taille humaine avec la particularit\u00e9 d'\u00eatre int\u00e9gr\u00e9 \u00e0 l'universit\u00e9 Jean Monnet de St Etienne.","og_url":"https:\/\/atl-software.net\/en\/formation-au-cilec-saint-etienne-une-opportunite-nouvelle-pour-atl-software\/","og_site_name":"ATL Software","article_publisher":"https:\/\/www.facebook.com\/ATL-Software-724527551053606\/","article_modified_time":"2019-02-28T16:56:32+00:00","og_image":[{"url":"http:\/\/atl-software.net\/wp-content\/uploads\/2019\/02\/IMG_3348-300x224.jpg"}],"twitter_card":"summary_large_image","twitter_site":"@SoftwareAtl","twitter_misc":{"Est. reading time":"4 minutos"},"schema":{"@context":"https:\/\/schema.org","@graph":[{"@type":"WebPage","@id":"https:\/\/atl-software.net\/en\/formation-au-cilec-saint-etienne-une-opportunite-nouvelle-pour-atl-software\/","url":"https:\/\/atl-software.net\/en\/formation-au-cilec-saint-etienne-une-opportunite-nouvelle-pour-atl-software\/","name":"Formaci\u00f3n en el CILEC en Saint Etienne, una nueva oportunidad para ATL Software - ATL Software","isPartOf":{"@id":"https:\/\/atl-software.net\/#website"},"datePublished":"2019-02-26T10:13:13+00:00","dateModified":"2019-02-28T16:56:32+00:00","description":"(Fran\u00e7ais) Le CILEC est un centre \u00e0 taille humaine avec la particularit\u00e9 d'\u00eatre int\u00e9gr\u00e9 \u00e0 l'universit\u00e9 Jean Monnet de St Etienne.","breadcrumb":{"@id":"https:\/\/atl-software.net\/en\/formation-au-cilec-saint-etienne-une-opportunite-nouvelle-pour-atl-software\/#breadcrumb"},"inLanguage":"es","potentialAction":[{"@type":"ReadAction","target":["https:\/\/atl-software.net\/en\/formation-au-cilec-saint-etienne-une-opportunite-nouvelle-pour-atl-software\/"]}]},{"@type":"BreadcrumbList","@id":"https:\/\/atl-software.net\/en\/formation-au-cilec-saint-etienne-une-opportunite-nouvelle-pour-atl-software\/#breadcrumb","itemListElement":[{"@type":"ListItem","position":1,"name":"Accueil","item":"https:\/\/atl-software.net\/en\/"},{"@type":"ListItem","position":2,"name":"New Challenge for ATL Software: Training at CILEC, a school within a University"}]},{"@type":"WebSite","@id":"https:\/\/atl-software.net\/#website","url":"https:\/\/atl-software.net\/","name":"ATL Software","description":"","publisher":{"@id":"https:\/\/atl-software.net\/#organization"},"potentialAction":[{"@type":"SearchAction","target":{"@type":"EntryPoint","urlTemplate":"https:\/\/atl-software.net\/?s={search_term_string}"},"query-input":"required name=search_term_string"}],"inLanguage":"es"},{"@type":"Organization","@id":"https:\/\/atl-software.net\/#organization","name":"ATL Software","url":"https:\/\/atl-software.net\/","logo":{"@type":"ImageObject","inLanguage":"es","@id":"https:\/\/atl-software.net\/#\/schema\/logo\/image\/","url":"https:\/\/atl-software.net\/wp-content\/uploads\/2023\/04\/Interfaz-moderna-AEC.png","contentUrl":"https:\/\/atl-software.net\/wp-content\/uploads\/2023\/04\/Interfaz-moderna-AEC.png","width":918,"height":673,"caption":"ATL Software"},"image":{"@id":"https:\/\/atl-software.net\/#\/schema\/logo\/image\/"},"sameAs":["https:\/\/www.facebook.com\/ATL-Software-724527551053606\/","https:\/\/twitter.com\/SoftwareAtl","https:\/\/www.linkedin.com\/in\/atl-software-logiciel-arc-en-ciel-a9428b91\/","https:\/\/www.youtube.com\/watch?v=prCVSFs_vZg"]}]}},"uagb_featured_image_src":{"full":false,"thumbnail":false,"medium":false,"medium_large":false,"large":false,"1536x1536":false,"2048x2048":false,"bones-thumb-600":false,"bones-thumb-300":false,"post-thumbnail":false},"uagb_author_info":{"display_name":"admin","author_link":"https:\/\/atl-software.net\/es\/author\/admin\/"},"uagb_comment_info":0,"uagb_excerpt":"El Centro Internacional de Lenguaje y Civilizaci\u00f3n, integrado en la Universidad Jean Monnet (UJM) de Saint Etienne, recibe estudiantes durante todo el a\u00f1o, de septiembre a agosto, tanto durante el a\u00f1o acad\u00e9mico como durante el verano. Ofreciendo una formaci\u00f3n adaptada al nivel de los estudiantes, as\u00ed como muchas actividades culturales para asegurar la integraci\u00f3n y...&hellip;","_links":{"self":[{"href":"https:\/\/atl-software.net\/es\/wp-json\/wp\/v2\/pages\/1352"}],"collection":[{"href":"https:\/\/atl-software.net\/es\/wp-json\/wp\/v2\/pages"}],"about":[{"href":"https:\/\/atl-software.net\/es\/wp-json\/wp\/v2\/types\/page"}],"author":[{"embeddable":true,"href":"https:\/\/atl-software.net\/es\/wp-json\/wp\/v2\/users\/2"}],"replies":[{"embeddable":true,"href":"https:\/\/atl-software.net\/es\/wp-json\/wp\/v2\/comments?post=1352"}],"version-history":[{"count":13,"href":"https:\/\/atl-software.net\/es\/wp-json\/wp\/v2\/pages\/1352\/revisions"}],"predecessor-version":[{"id":1411,"href":"https:\/\/atl-software.net\/es\/wp-json\/wp\/v2\/pages\/1352\/revisions\/1411"}],"wp:attachment":[{"href":"https:\/\/atl-software.net\/es\/wp-json\/wp\/v2\/media?parent=1352"}],"curies":[{"name":"wp","href":"https:\/\/api.w.org\/{rel}","templated":true}]}}