{"id":1297,"date":"2019-02-25T13:50:06","date_gmt":"2019-02-25T12:50:06","guid":{"rendered":"http:\/\/atl-software.net\/?page_id=1297"},"modified":"2019-02-25T14:02:11","modified_gmt":"2019-02-25T13:02:11","slug":"arc-en-ciel-en-strasbourg","status":"publish","type":"page","link":"https:\/\/atl-software.net\/es\/arc-en-ciel-en-strasbourg\/","title":{"rendered":"ATL Software lleva Arc-en-Ciel a Estrasburgo"},"content":{"rendered":"<p><\/p>\n<p class=\"p1\">La <strong>Alianza Francesa de Estrasburgo<\/strong>, es una de las 800 Alianzas Francesas presentes en el mundo. Esta, re\u00fane un n\u00famero importante de voluntarios deseando invertir en la promoci\u00f3n de la lengua francesa. Cargada de una diversidad cultural inmensa, de amantes a la lengua francesa. Es la Alianza Francesa de Estrasburgo una joya cultural, que cada d\u00eda avanza en sus metas de crecimiento. En su af\u00e1n por crecer, en un ambiente tan diverso, los ha llevado buscar opciones para la administraci\u00f3n de la instituci\u00f3n. Es por eso que llega Arc-en-Ciel a Estrasburgo.<\/p>\n<p class=\"p1\">Arc-en-Ciel es un software de gesti\u00f3n de cursos. Este programa promete optimizar los procesos de gesti\u00f3n administrativa en su centro. Esta acci\u00f3n significa un gran paso para la optimizaci\u00f3n de los procesos administrativos. Mejorando la gesti\u00f3n de maestros, cursos, alumnos, y otras especialidades de la instituci\u00f3n.<\/p>\n<h3>Capacitaci\u00f3n sobre Arc-en-Ciel en Estrasburgo<\/h3>\n<p class=\"p1\">Para hacer m\u00e1s efectivo el inicio a utilizar Arc-en-Ciel, la empresa <a href=\"https:\/\/atl-software.net\/es\/\"><strong>ATL Software<\/strong><\/a> ha ofrecido una capacitaci\u00f3n de\u00a02 d\u00edas en Estrasburgo. Los usuarios aprendieron todas las acciones que pueden realizar con <a href=\"https:\/\/atl-software.net\/es\/nos-solutions\/arc-en-ciel\/\"><strong>AEC<\/strong><\/a>. Tambi\u00e9n aprendieron sobre las operaciones m\u00e1s importantes que puede gestionar la instituci\u00f3n a trav\u00e9s de este software. Nuestro facilitador interno brind\u00f3 un curso de capacitaci\u00f3n de 2 d\u00edas sobre el uso del software de gesti\u00f3n de cursos. Tiempo en el que los usuarios disfrutaron de los consejos y el intercambio de conocimientos. ATL Software tambi\u00e9n present\u00f3 un entorno personalizado para la Alliance Fran\u00e7aise de Strasbourg.<\/p>\n<p class=\"p1\">Al final de la capacitaci\u00f3n, los docentes y personal administrativo estaban listos para operar dentro de Arc-en-Ciel. Expresaron su contento respecto a la capacitaci\u00f3n, por los casos pr\u00e1cticos y ejemplos espec\u00edficos de la Alianza.<\/p>\n<p class=\"p1\"><img decoding=\"async\" loading=\"lazy\" class=\"alignnone wp-image-1300 size-large\" src=\"http:\/\/atl-software.net\/wp-content\/uploads\/2019\/02\/IMG_3787-1024x609.jpg\" alt=\"Usuarios aprendiendo Arc-en-Ciel\" width=\"680\" height=\"404\" srcset=\"https:\/\/atl-software.net\/wp-content\/uploads\/2019\/02\/IMG_3787-1024x609.jpg 1024w, https:\/\/atl-software.net\/wp-content\/uploads\/2019\/02\/IMG_3787-300x178.jpg 300w, https:\/\/atl-software.net\/wp-content\/uploads\/2019\/02\/IMG_3787-768x457.jpg 768w\" sizes=\"(max-width: 680px) 100vw, 680px\" \/><\/p>\n<div id=\"content\">\n<p class=\"p1\">\u00bfTambi\u00e9n necesita una soluci\u00f3n moderna para su gesti\u00f3n administrativa?\u00a0<strong><a href=\"https:\/\/atl-software.net\/es\/atl-software\/contact\/\">\u00a1Cont\u00e1ctenos!<\/a><\/strong><\/p>\n<\/div>\n<p><\/p>","protected":false},"excerpt":{"rendered":"<p>La Alianza Francesa de Estrasburgo, es una de las 800 Alianzas Francesas presentes en el mundo. Esta, re\u00fane un n\u00famero importante de voluntarios deseando invertir en la promoci\u00f3n de la lengua francesa. Cargada de una diversidad cultural inmensa, de amantes a la lengua francesa. Es la Alianza Francesa de Estrasburgo una joya cultural, que cada&#8230;  <a class=\"excerpt-read-more\" href=\"https:\/\/atl-software.net\/es\/arc-en-ciel-en-strasbourg\/\" title=\"Read ATL Software lleva Arc-en-Ciel a Estrasburgo\">Leer m\u00e1s &raquo;<\/a><\/p>\n","protected":false},"author":2,"featured_media":0,"parent":0,"menu_order":0,"comment_status":"closed","ping_status":"closed","template":"template\/template-ml.php","meta":{"_uag_custom_page_level_css":""},"acf":[],"yoast_head":"<!-- This site is optimized with the Yoast SEO plugin v20.13 - https:\/\/yoast.com\/wordpress\/plugins\/seo\/ -->\n<title>ATL Software lleva Arc-en-Ciel a Estrasburgo - ATL Software<\/title>\n<meta name=\"description\" content=\"(Espa\u00f1ol) Para hacer m\u00e1s efectivo el inicio a utilizar Arc-en-Ciel, la empresa ATL Software ha ofrecido una capacitaci\u00f3n de 2 d\u00edas en Estrasburgo.\" \/>\n<meta name=\"robots\" content=\"index, follow, max-snippet:-1, max-image-preview:large, max-video-preview:-1\" \/>\n<link rel=\"canonical\" href=\"https:\/\/atl-software.net\/arc-en-ciel-en-strasbourg\/\" \/>\n<meta property=\"og:locale\" content=\"es_ES\" \/>\n<meta property=\"og:type\" content=\"article\" \/>\n<meta property=\"og:title\" content=\"ATL Software lleva Arc-en-Ciel a Estrasburgo - ATL Software\" \/>\n<meta property=\"og:description\" content=\"(Espa\u00f1ol) Para hacer m\u00e1s efectivo el inicio a utilizar Arc-en-Ciel, la empresa ATL Software ha ofrecido una capacitaci\u00f3n de 2 d\u00edas en Estrasburgo.\" \/>\n<meta property=\"og:url\" content=\"https:\/\/atl-software.net\/arc-en-ciel-en-strasbourg\/\" \/>\n<meta property=\"og:site_name\" content=\"ATL Software\" \/>\n<meta property=\"article:publisher\" content=\"https:\/\/www.facebook.com\/ATL-Software-724527551053606\/\" \/>\n<meta property=\"article:modified_time\" content=\"2019-02-25T13:02:11+00:00\" \/>\n<meta property=\"og:image\" content=\"http:\/\/atl-software.net\/wp-content\/uploads\/2019\/02\/IMG_3787-1024x609.jpg\" \/>\n<meta name=\"twitter:card\" content=\"summary_large_image\" \/>\n<meta name=\"twitter:site\" content=\"@SoftwareAtl\" \/>\n<meta name=\"twitter:label1\" content=\"Est. reading time\" \/>\n\t<meta name=\"twitter:data1\" content=\"4 minutos\" \/>\n<script type=\"application\/ld+json\" class=\"yoast-schema-graph\">{\"@context\":\"https:\/\/schema.org\",\"@graph\":[{\"@type\":\"WebPage\",\"@id\":\"https:\/\/atl-software.net\/arc-en-ciel-en-strasbourg\/\",\"url\":\"https:\/\/atl-software.net\/arc-en-ciel-en-strasbourg\/\",\"name\":\"ATL Software lleva Arc-en-Ciel a Estrasburgo - ATL Software\",\"isPartOf\":{\"@id\":\"https:\/\/atl-software.net\/#website\"},\"datePublished\":\"2019-02-25T12:50:06+00:00\",\"dateModified\":\"2019-02-25T13:02:11+00:00\",\"description\":\"(Espa\u00f1ol) Para hacer m\u00e1s efectivo el inicio a utilizar Arc-en-Ciel, la empresa ATL Software ha ofrecido una capacitaci\u00f3n de 2 d\u00edas en Estrasburgo.\",\"breadcrumb\":{\"@id\":\"https:\/\/atl-software.net\/arc-en-ciel-en-strasbourg\/#breadcrumb\"},\"inLanguage\":\"es\",\"potentialAction\":[{\"@type\":\"ReadAction\",\"target\":[\"https:\/\/atl-software.net\/arc-en-ciel-en-strasbourg\/\"]}]},{\"@type\":\"BreadcrumbList\",\"@id\":\"https:\/\/atl-software.net\/arc-en-ciel-en-strasbourg\/#breadcrumb\",\"itemListElement\":[{\"@type\":\"ListItem\",\"position\":1,\"name\":\"Accueil\",\"item\":\"https:\/\/atl-software.net\/en\/\"},{\"@type\":\"ListItem\",\"position\":2,\"name\":\"Formation Arc-En-Ciel \u00e0 L&rsquo;Alliance fran\u00e7aise de Strasbourg\"}]},{\"@type\":\"WebSite\",\"@id\":\"https:\/\/atl-software.net\/#website\",\"url\":\"https:\/\/atl-software.net\/\",\"name\":\"ATL Software\",\"description\":\"\",\"publisher\":{\"@id\":\"https:\/\/atl-software.net\/#organization\"},\"potentialAction\":[{\"@type\":\"SearchAction\",\"target\":{\"@type\":\"EntryPoint\",\"urlTemplate\":\"https:\/\/atl-software.net\/?s={search_term_string}\"},\"query-input\":\"required name=search_term_string\"}],\"inLanguage\":\"es\"},{\"@type\":\"Organization\",\"@id\":\"https:\/\/atl-software.net\/#organization\",\"name\":\"ATL Software\",\"url\":\"https:\/\/atl-software.net\/\",\"logo\":{\"@type\":\"ImageObject\",\"inLanguage\":\"es\",\"@id\":\"https:\/\/atl-software.net\/#\/schema\/logo\/image\/\",\"url\":\"https:\/\/atl-software.net\/wp-content\/uploads\/2023\/04\/Interfaz-moderna-AEC.png\",\"contentUrl\":\"https:\/\/atl-software.net\/wp-content\/uploads\/2023\/04\/Interfaz-moderna-AEC.png\",\"width\":918,\"height\":673,\"caption\":\"ATL Software\"},\"image\":{\"@id\":\"https:\/\/atl-software.net\/#\/schema\/logo\/image\/\"},\"sameAs\":[\"https:\/\/www.facebook.com\/ATL-Software-724527551053606\/\",\"https:\/\/twitter.com\/SoftwareAtl\",\"https:\/\/www.linkedin.com\/in\/atl-software-logiciel-arc-en-ciel-a9428b91\/\",\"https:\/\/www.youtube.com\/watch?v=prCVSFs_vZg\"]}]}<\/script>\n<!-- \/ Yoast SEO plugin. -->","yoast_head_json":{"title":"ATL Software lleva Arc-en-Ciel a Estrasburgo - ATL Software","description":"(Espa\u00f1ol) Para hacer m\u00e1s efectivo el inicio a utilizar Arc-en-Ciel, la empresa ATL Software ha ofrecido una capacitaci\u00f3n de 2 d\u00edas en Estrasburgo.","robots":{"index":"index","follow":"follow","max-snippet":"max-snippet:-1","max-image-preview":"max-image-preview:large","max-video-preview":"max-video-preview:-1"},"canonical":"https:\/\/atl-software.net\/arc-en-ciel-en-strasbourg\/","og_locale":"es_ES","og_type":"article","og_title":"ATL Software lleva Arc-en-Ciel a Estrasburgo - ATL Software","og_description":"(Espa\u00f1ol) Para hacer m\u00e1s efectivo el inicio a utilizar Arc-en-Ciel, la empresa ATL Software ha ofrecido una capacitaci\u00f3n de 2 d\u00edas en Estrasburgo.","og_url":"https:\/\/atl-software.net\/arc-en-ciel-en-strasbourg\/","og_site_name":"ATL Software","article_publisher":"https:\/\/www.facebook.com\/ATL-Software-724527551053606\/","article_modified_time":"2019-02-25T13:02:11+00:00","og_image":[{"url":"http:\/\/atl-software.net\/wp-content\/uploads\/2019\/02\/IMG_3787-1024x609.jpg"}],"twitter_card":"summary_large_image","twitter_site":"@SoftwareAtl","twitter_misc":{"Est. reading time":"4 minutos"},"schema":{"@context":"https:\/\/schema.org","@graph":[{"@type":"WebPage","@id":"https:\/\/atl-software.net\/arc-en-ciel-en-strasbourg\/","url":"https:\/\/atl-software.net\/arc-en-ciel-en-strasbourg\/","name":"ATL Software lleva Arc-en-Ciel a Estrasburgo - ATL Software","isPartOf":{"@id":"https:\/\/atl-software.net\/#website"},"datePublished":"2019-02-25T12:50:06+00:00","dateModified":"2019-02-25T13:02:11+00:00","description":"(Espa\u00f1ol) Para hacer m\u00e1s efectivo el inicio a utilizar Arc-en-Ciel, la empresa ATL Software ha ofrecido una capacitaci\u00f3n de 2 d\u00edas en Estrasburgo.","breadcrumb":{"@id":"https:\/\/atl-software.net\/arc-en-ciel-en-strasbourg\/#breadcrumb"},"inLanguage":"es","potentialAction":[{"@type":"ReadAction","target":["https:\/\/atl-software.net\/arc-en-ciel-en-strasbourg\/"]}]},{"@type":"BreadcrumbList","@id":"https:\/\/atl-software.net\/arc-en-ciel-en-strasbourg\/#breadcrumb","itemListElement":[{"@type":"ListItem","position":1,"name":"Accueil","item":"https:\/\/atl-software.net\/en\/"},{"@type":"ListItem","position":2,"name":"Formation Arc-En-Ciel \u00e0 L&rsquo;Alliance fran\u00e7aise de Strasbourg"}]},{"@type":"WebSite","@id":"https:\/\/atl-software.net\/#website","url":"https:\/\/atl-software.net\/","name":"ATL Software","description":"","publisher":{"@id":"https:\/\/atl-software.net\/#organization"},"potentialAction":[{"@type":"SearchAction","target":{"@type":"EntryPoint","urlTemplate":"https:\/\/atl-software.net\/?s={search_term_string}"},"query-input":"required name=search_term_string"}],"inLanguage":"es"},{"@type":"Organization","@id":"https:\/\/atl-software.net\/#organization","name":"ATL Software","url":"https:\/\/atl-software.net\/","logo":{"@type":"ImageObject","inLanguage":"es","@id":"https:\/\/atl-software.net\/#\/schema\/logo\/image\/","url":"https:\/\/atl-software.net\/wp-content\/uploads\/2023\/04\/Interfaz-moderna-AEC.png","contentUrl":"https:\/\/atl-software.net\/wp-content\/uploads\/2023\/04\/Interfaz-moderna-AEC.png","width":918,"height":673,"caption":"ATL Software"},"image":{"@id":"https:\/\/atl-software.net\/#\/schema\/logo\/image\/"},"sameAs":["https:\/\/www.facebook.com\/ATL-Software-724527551053606\/","https:\/\/twitter.com\/SoftwareAtl","https:\/\/www.linkedin.com\/in\/atl-software-logiciel-arc-en-ciel-a9428b91\/","https:\/\/www.youtube.com\/watch?v=prCVSFs_vZg"]}]}},"uagb_featured_image_src":{"full":false,"thumbnail":false,"medium":false,"medium_large":false,"large":false,"1536x1536":false,"2048x2048":false,"bones-thumb-600":false,"bones-thumb-300":false,"post-thumbnail":false},"uagb_author_info":{"display_name":"admin","author_link":"https:\/\/atl-software.net\/es\/author\/admin\/"},"uagb_comment_info":0,"uagb_excerpt":"La Alianza Francesa de Estrasburgo, es una de las 800 Alianzas Francesas presentes en el mundo. Esta, re\u00fane un n\u00famero importante de voluntarios deseando invertir en la promoci\u00f3n de la lengua francesa. Cargada de una diversidad cultural inmensa, de amantes a la lengua francesa. Es la Alianza Francesa de Estrasburgo una joya cultural, que cada...&hellip;","_links":{"self":[{"href":"https:\/\/atl-software.net\/es\/wp-json\/wp\/v2\/pages\/1297"}],"collection":[{"href":"https:\/\/atl-software.net\/es\/wp-json\/wp\/v2\/pages"}],"about":[{"href":"https:\/\/atl-software.net\/es\/wp-json\/wp\/v2\/types\/page"}],"author":[{"embeddable":true,"href":"https:\/\/atl-software.net\/es\/wp-json\/wp\/v2\/users\/2"}],"replies":[{"embeddable":true,"href":"https:\/\/atl-software.net\/es\/wp-json\/wp\/v2\/comments?post=1297"}],"version-history":[{"count":16,"href":"https:\/\/atl-software.net\/es\/wp-json\/wp\/v2\/pages\/1297\/revisions"}],"predecessor-version":[{"id":1349,"href":"https:\/\/atl-software.net\/es\/wp-json\/wp\/v2\/pages\/1297\/revisions\/1349"}],"wp:attachment":[{"href":"https:\/\/atl-software.net\/es\/wp-json\/wp\/v2\/media?parent=1297"}],"curies":[{"name":"wp","href":"https:\/\/api.w.org\/{rel}","templated":true}]}}