{"id":1281,"date":"2019-02-04T14:34:03","date_gmt":"2019-02-04T13:34:03","guid":{"rendered":"http:\/\/atl-software.net\/?page_id=1281"},"modified":"2020-01-13T17:01:03","modified_gmt":"2020-01-13T16:01:03","slug":"arc-en-ciel-a-grenoble","status":"publish","type":"page","link":"https:\/\/atl-software.net\/es\/arc-en-ciel-llega-a-la-alianza-francesa-de-grenoble\/","title":{"rendered":"Arc-en-Ciel llega a la Alianza francesa de Grenoble"},"content":{"rendered":"<p><\/p>\n<p class=\"p1\">En su preocupaci\u00f3n por la gesti\u00f3n de cursos y la <strong>modernizaci\u00f3n<\/strong> de los procesos administrativos, la Alianza Francesa de Grenoble ha optado por implementar el uso del software de gesti\u00f3n de cursos <strong>Arc-en-Ciel<\/strong>. Con esta decisi\u00f3n han dado un gran paso en el camino a la optimizaci\u00f3n de sus procesos administrativos, como la inscripci\u00f3n de estudiantes, la gesti\u00f3n de cursos para empresas, la facturaci\u00f3n de servicios y de productos de inventario, como libros y material de apoyo.<\/p>\n<p class=\"p1\">La Alianza Francesa de Grenoble (AFG) es una instituci\u00f3n privada de educaci\u00f3n superior, una organizaci\u00f3n de formaci\u00f3n reconocida y, sobre todo, una asociaci\u00f3n en virtud de la Ley de inter\u00e9s general de 1901. Fundada en 1967 y desde hace m\u00e1s de medio siglo,\u00a0la\u00a0AFG ha estado difundiendo el idioma y la cultura francesa en Grenoble.<\/p>\n<p class=\"p1\">La AFG ha basado su acci\u00f3n y reputaci\u00f3n en la calidad de su ense\u00f1anza y formaci\u00f3n, y desde sus inicios ha ido adaptando constantemente su actividad, teniendo en cuenta las realidades contempor\u00e1neas, el auge de las tecnolog\u00edas y manteniendo el n\u00facleo de sus actividades: La ense\u00f1anza del franc\u00e9s, lengua de cultura y de intercambio.<\/p>\n<p class=\"p1\"><strong><a href=\"https:\/\/atl-software.net\/es\/\">ATL Software<\/a><\/strong> ha brindado una sesi\u00f3n de capacitaci\u00f3n durante varios d\u00edas en la AFG, luego de implementar el software de administraci\u00f3n <strong>Arc-en-Ciel<\/strong>. Nuestro facilitador interno brind\u00f3 un curso de capacitaci\u00f3n de 2 d\u00edas sobre el uso del software de gesti\u00f3n de cursos Arc-en-Ciel <strong><a href=\"https:\/\/atl-software.net\/es\/nos-solutions\/arc-en-ciel\/\">(AEC)<\/a><\/strong>. Durante esta sesi\u00f3n, se revisaron todas las funciones de gesti\u00f3n actuales, como la gesti\u00f3n de la agenda y el seguimiento de los cursos, la inscripci\u00f3n, etc. Los usuarios disfrutaron de los consejos y el intercambio de conocimientos. Al final de la capacitaci\u00f3n, los usuarios estaban listos para operar dentro del entorno totalmente personalizado de Arc-en-Ciel, establecido para la Alianza Francesa de Grenoble.<\/p>\n<p class=\"p1\"><img decoding=\"async\" loading=\"lazy\" class=\"alignnone wp-image-1244 size-medium\" title=\"\u00b4\u00b4\" src=\"http:\/\/atl-software.net\/wp-content\/uploads\/2019\/01\/GRENOBLE-45-300x217.jpg\" alt=\"Entrenamiento Arc-en-Ciel en Grenoble\" width=\"300\" height=\"217\" srcset=\"https:\/\/atl-software.net\/wp-content\/uploads\/2019\/01\/GRENOBLE-45-300x217.jpg 300w, https:\/\/atl-software.net\/wp-content\/uploads\/2019\/01\/GRENOBLE-45-768x555.jpg 768w, https:\/\/atl-software.net\/wp-content\/uploads\/2019\/01\/GRENOBLE-45-1024x739.jpg 1024w\" sizes=\"(max-width: 300px) 100vw, 300px\" \/>\u00a0<img decoding=\"async\" loading=\"lazy\" class=\"alignnone size-medium wp-image-1239\" src=\"http:\/\/atl-software.net\/wp-content\/uploads\/2019\/01\/Grenoble1-300x216.jpg\" alt=\"grenoble1\" width=\"300\" height=\"216\" srcset=\"https:\/\/atl-software.net\/wp-content\/uploads\/2019\/01\/Grenoble1-300x216.jpg 300w, https:\/\/atl-software.net\/wp-content\/uploads\/2019\/01\/Grenoble1-768x554.jpg 768w, https:\/\/atl-software.net\/wp-content\/uploads\/2019\/01\/Grenoble1-1024x739.jpg 1024w, https:\/\/atl-software.net\/wp-content\/uploads\/2019\/01\/Grenoble1.jpg 1936w\" sizes=\"(max-width: 300px) 100vw, 300px\" \/>\u00a0<img decoding=\"async\" loading=\"lazy\" class=\"alignnone wp-image-1241 size-medium\" src=\"http:\/\/atl-software.net\/wp-content\/uploads\/2019\/01\/GRENOBLE3-300x216.jpg\" alt=\"Entrenamiento Arc-en-Ciel en Grenoble 3\" width=\"300\" height=\"216\" \/><\/p>\n<p class=\"p1\">\u00bfTambi\u00e9n necesita una sesi\u00f3n de entrenamiento en su centro? <a href=\"https:\/\/atl-software.net\/es\/atl-software\/contact\/\">\u00a1Cont\u00e1ctenos!<\/a><\/p>\n<p><\/p>","protected":false},"excerpt":{"rendered":"<p>En su preocupaci\u00f3n por la gesti\u00f3n de cursos y la modernizaci\u00f3n de los procesos administrativos, la Alianza Francesa de Grenoble ha optado por implementar el uso del software de gesti\u00f3n de cursos Arc-en-Ciel. Con esta decisi\u00f3n han dado un gran paso en el camino a la optimizaci\u00f3n de sus procesos administrativos, como la inscripci\u00f3n de&#8230;  <a class=\"excerpt-read-more\" href=\"https:\/\/atl-software.net\/es\/arc-en-ciel-llega-a-la-alianza-francesa-de-grenoble\/\" title=\"Read Arc-en-Ciel llega a la Alianza francesa de Grenoble\">Leer m\u00e1s &raquo;<\/a><\/p>\n","protected":false},"author":2,"featured_media":0,"parent":0,"menu_order":0,"comment_status":"closed","ping_status":"closed","template":"template\/template-ml.php","meta":{"_uag_custom_page_level_css":""},"acf":[],"yoast_head":"<!-- This site is optimized with the Yoast SEO plugin v20.13 - https:\/\/yoast.com\/wordpress\/plugins\/seo\/ -->\n<title>Arc-en-Ciel llega a la Alianza francesa de Grenoble - ATL Software<\/title>\n<meta name=\"description\" content=\"ATL Software ofrece capacitaci\u00f3n sobre el software de gesti\u00f3n de cursos Arc-en-Ciel (AEC) a la Alianza Francesa de Grenoble.\" \/>\n<meta name=\"robots\" content=\"index, follow, max-snippet:-1, max-image-preview:large, max-video-preview:-1\" \/>\n<link rel=\"canonical\" href=\"https:\/\/atl-software.net\/es\/arc-en-ciel-llega-a-la-alianza-francesa-de-grenoble\/\" \/>\n<meta property=\"og:locale\" content=\"es_ES\" \/>\n<meta property=\"og:type\" content=\"article\" \/>\n<meta property=\"og:title\" content=\"Arc-en-Ciel llega a la Alianza francesa de Grenoble - ATL Software\" \/>\n<meta property=\"og:description\" content=\"ATL Software ofrece capacitaci\u00f3n sobre el software de gesti\u00f3n de cursos Arc-en-Ciel (AEC) a la Alianza Francesa de Grenoble.\" \/>\n<meta property=\"og:url\" content=\"https:\/\/atl-software.net\/es\/arc-en-ciel-llega-a-la-alianza-francesa-de-grenoble\/\" \/>\n<meta property=\"og:site_name\" content=\"ATL Software\" \/>\n<meta property=\"article:publisher\" content=\"https:\/\/www.facebook.com\/ATL-Software-724527551053606\/\" \/>\n<meta property=\"article:modified_time\" content=\"2020-01-13T16:01:03+00:00\" \/>\n<meta property=\"og:image\" content=\"http:\/\/atl-software.net\/wp-content\/uploads\/2019\/01\/GRENOBLE-45-300x217.jpg\" \/>\n<meta name=\"twitter:card\" content=\"summary_large_image\" \/>\n<meta name=\"twitter:site\" content=\"@SoftwareAtl\" \/>\n<meta name=\"twitter:label1\" content=\"Est. reading time\" \/>\n\t<meta name=\"twitter:data1\" content=\"5 minutos\" \/>\n<script type=\"application\/ld+json\" class=\"yoast-schema-graph\">{\"@context\":\"https:\/\/schema.org\",\"@graph\":[{\"@type\":\"WebPage\",\"@id\":\"https:\/\/atl-software.net\/es\/arc-en-ciel-llega-a-la-alianza-francesa-de-grenoble\/\",\"url\":\"https:\/\/atl-software.net\/es\/arc-en-ciel-llega-a-la-alianza-francesa-de-grenoble\/\",\"name\":\"Arc-en-Ciel llega a la Alianza francesa de Grenoble - ATL Software\",\"isPartOf\":{\"@id\":\"https:\/\/atl-software.net\/#website\"},\"datePublished\":\"2019-02-04T13:34:03+00:00\",\"dateModified\":\"2020-01-13T16:01:03+00:00\",\"description\":\"ATL Software ofrece capacitaci\u00f3n sobre el software de gesti\u00f3n de cursos Arc-en-Ciel (AEC) a la Alianza Francesa de Grenoble.\",\"breadcrumb\":{\"@id\":\"https:\/\/atl-software.net\/es\/arc-en-ciel-llega-a-la-alianza-francesa-de-grenoble\/#breadcrumb\"},\"inLanguage\":\"es\",\"potentialAction\":[{\"@type\":\"ReadAction\",\"target\":[\"https:\/\/atl-software.net\/es\/arc-en-ciel-llega-a-la-alianza-francesa-de-grenoble\/\"]}]},{\"@type\":\"BreadcrumbList\",\"@id\":\"https:\/\/atl-software.net\/es\/arc-en-ciel-llega-a-la-alianza-francesa-de-grenoble\/#breadcrumb\",\"itemListElement\":[{\"@type\":\"ListItem\",\"position\":1,\"name\":\"Accueil\",\"item\":\"https:\/\/atl-software.net\/en\/\"},{\"@type\":\"ListItem\",\"position\":2,\"name\":\"Arc-en-Ciel llega a la Alianza francesa de Grenoble\"}]},{\"@type\":\"WebSite\",\"@id\":\"https:\/\/atl-software.net\/#website\",\"url\":\"https:\/\/atl-software.net\/\",\"name\":\"ATL Software\",\"description\":\"\",\"publisher\":{\"@id\":\"https:\/\/atl-software.net\/#organization\"},\"potentialAction\":[{\"@type\":\"SearchAction\",\"target\":{\"@type\":\"EntryPoint\",\"urlTemplate\":\"https:\/\/atl-software.net\/?s={search_term_string}\"},\"query-input\":\"required name=search_term_string\"}],\"inLanguage\":\"es\"},{\"@type\":\"Organization\",\"@id\":\"https:\/\/atl-software.net\/#organization\",\"name\":\"ATL Software\",\"url\":\"https:\/\/atl-software.net\/\",\"logo\":{\"@type\":\"ImageObject\",\"inLanguage\":\"es\",\"@id\":\"https:\/\/atl-software.net\/#\/schema\/logo\/image\/\",\"url\":\"https:\/\/atl-software.net\/wp-content\/uploads\/2023\/04\/Interfaz-moderna-AEC.png\",\"contentUrl\":\"https:\/\/atl-software.net\/wp-content\/uploads\/2023\/04\/Interfaz-moderna-AEC.png\",\"width\":918,\"height\":673,\"caption\":\"ATL Software\"},\"image\":{\"@id\":\"https:\/\/atl-software.net\/#\/schema\/logo\/image\/\"},\"sameAs\":[\"https:\/\/www.facebook.com\/ATL-Software-724527551053606\/\",\"https:\/\/twitter.com\/SoftwareAtl\",\"https:\/\/www.linkedin.com\/in\/atl-software-logiciel-arc-en-ciel-a9428b91\/\",\"https:\/\/www.youtube.com\/watch?v=prCVSFs_vZg\"]}]}<\/script>\n<!-- \/ Yoast SEO plugin. -->","yoast_head_json":{"title":"Arc-en-Ciel llega a la Alianza francesa de Grenoble - ATL Software","description":"ATL Software ofrece capacitaci\u00f3n sobre el software de gesti\u00f3n de cursos Arc-en-Ciel (AEC) a la Alianza Francesa de Grenoble.","robots":{"index":"index","follow":"follow","max-snippet":"max-snippet:-1","max-image-preview":"max-image-preview:large","max-video-preview":"max-video-preview:-1"},"canonical":"https:\/\/atl-software.net\/es\/arc-en-ciel-llega-a-la-alianza-francesa-de-grenoble\/","og_locale":"es_ES","og_type":"article","og_title":"Arc-en-Ciel llega a la Alianza francesa de Grenoble - ATL Software","og_description":"ATL Software ofrece capacitaci\u00f3n sobre el software de gesti\u00f3n de cursos Arc-en-Ciel (AEC) a la Alianza Francesa de Grenoble.","og_url":"https:\/\/atl-software.net\/es\/arc-en-ciel-llega-a-la-alianza-francesa-de-grenoble\/","og_site_name":"ATL Software","article_publisher":"https:\/\/www.facebook.com\/ATL-Software-724527551053606\/","article_modified_time":"2020-01-13T16:01:03+00:00","og_image":[{"url":"http:\/\/atl-software.net\/wp-content\/uploads\/2019\/01\/GRENOBLE-45-300x217.jpg"}],"twitter_card":"summary_large_image","twitter_site":"@SoftwareAtl","twitter_misc":{"Est. reading time":"5 minutos"},"schema":{"@context":"https:\/\/schema.org","@graph":[{"@type":"WebPage","@id":"https:\/\/atl-software.net\/es\/arc-en-ciel-llega-a-la-alianza-francesa-de-grenoble\/","url":"https:\/\/atl-software.net\/es\/arc-en-ciel-llega-a-la-alianza-francesa-de-grenoble\/","name":"Arc-en-Ciel llega a la Alianza francesa de Grenoble - ATL Software","isPartOf":{"@id":"https:\/\/atl-software.net\/#website"},"datePublished":"2019-02-04T13:34:03+00:00","dateModified":"2020-01-13T16:01:03+00:00","description":"ATL Software ofrece capacitaci\u00f3n sobre el software de gesti\u00f3n de cursos Arc-en-Ciel (AEC) a la Alianza Francesa de Grenoble.","breadcrumb":{"@id":"https:\/\/atl-software.net\/es\/arc-en-ciel-llega-a-la-alianza-francesa-de-grenoble\/#breadcrumb"},"inLanguage":"es","potentialAction":[{"@type":"ReadAction","target":["https:\/\/atl-software.net\/es\/arc-en-ciel-llega-a-la-alianza-francesa-de-grenoble\/"]}]},{"@type":"BreadcrumbList","@id":"https:\/\/atl-software.net\/es\/arc-en-ciel-llega-a-la-alianza-francesa-de-grenoble\/#breadcrumb","itemListElement":[{"@type":"ListItem","position":1,"name":"Accueil","item":"https:\/\/atl-software.net\/en\/"},{"@type":"ListItem","position":2,"name":"Arc-en-Ciel llega a la Alianza francesa de Grenoble"}]},{"@type":"WebSite","@id":"https:\/\/atl-software.net\/#website","url":"https:\/\/atl-software.net\/","name":"ATL Software","description":"","publisher":{"@id":"https:\/\/atl-software.net\/#organization"},"potentialAction":[{"@type":"SearchAction","target":{"@type":"EntryPoint","urlTemplate":"https:\/\/atl-software.net\/?s={search_term_string}"},"query-input":"required name=search_term_string"}],"inLanguage":"es"},{"@type":"Organization","@id":"https:\/\/atl-software.net\/#organization","name":"ATL Software","url":"https:\/\/atl-software.net\/","logo":{"@type":"ImageObject","inLanguage":"es","@id":"https:\/\/atl-software.net\/#\/schema\/logo\/image\/","url":"https:\/\/atl-software.net\/wp-content\/uploads\/2023\/04\/Interfaz-moderna-AEC.png","contentUrl":"https:\/\/atl-software.net\/wp-content\/uploads\/2023\/04\/Interfaz-moderna-AEC.png","width":918,"height":673,"caption":"ATL Software"},"image":{"@id":"https:\/\/atl-software.net\/#\/schema\/logo\/image\/"},"sameAs":["https:\/\/www.facebook.com\/ATL-Software-724527551053606\/","https:\/\/twitter.com\/SoftwareAtl","https:\/\/www.linkedin.com\/in\/atl-software-logiciel-arc-en-ciel-a9428b91\/","https:\/\/www.youtube.com\/watch?v=prCVSFs_vZg"]}]}},"uagb_featured_image_src":{"full":false,"thumbnail":false,"medium":false,"medium_large":false,"large":false,"1536x1536":false,"2048x2048":false,"bones-thumb-600":false,"bones-thumb-300":false,"post-thumbnail":false},"uagb_author_info":{"display_name":"admin","author_link":"https:\/\/atl-software.net\/es\/author\/admin\/"},"uagb_comment_info":0,"uagb_excerpt":"En su preocupaci\u00f3n por la gesti\u00f3n de cursos y la modernizaci\u00f3n de los procesos administrativos, la Alianza Francesa de Grenoble ha optado por implementar el uso del software de gesti\u00f3n de cursos Arc-en-Ciel. Con esta decisi\u00f3n han dado un gran paso en el camino a la optimizaci\u00f3n de sus procesos administrativos, como la inscripci\u00f3n de...&hellip;","_links":{"self":[{"href":"https:\/\/atl-software.net\/es\/wp-json\/wp\/v2\/pages\/1281"}],"collection":[{"href":"https:\/\/atl-software.net\/es\/wp-json\/wp\/v2\/pages"}],"about":[{"href":"https:\/\/atl-software.net\/es\/wp-json\/wp\/v2\/types\/page"}],"author":[{"embeddable":true,"href":"https:\/\/atl-software.net\/es\/wp-json\/wp\/v2\/users\/2"}],"replies":[{"embeddable":true,"href":"https:\/\/atl-software.net\/es\/wp-json\/wp\/v2\/comments?post=1281"}],"version-history":[{"count":10,"href":"https:\/\/atl-software.net\/es\/wp-json\/wp\/v2\/pages\/1281\/revisions"}],"predecessor-version":[{"id":1321,"href":"https:\/\/atl-software.net\/es\/wp-json\/wp\/v2\/pages\/1281\/revisions\/1321"}],"wp:attachment":[{"href":"https:\/\/atl-software.net\/es\/wp-json\/wp\/v2\/media?parent=1281"}],"curies":[{"name":"wp","href":"https:\/\/api.w.org\/{rel}","templated":true}]}}