{"id":1220,"date":"2019-01-24T11:22:17","date_gmt":"2019-01-24T10:22:17","guid":{"rendered":"http:\/\/atl-software.net\/?page_id=1220"},"modified":"2019-01-29T10:39:14","modified_gmt":"2019-01-29T09:39:14","slug":"temoignage-video-aec-de-linstitut-francais-en-espagne-abdou-belarbi","status":"publish","type":"page","link":"https:\/\/atl-software.net\/es\/temoignage-video-aec-de-linstitut-francais-en-espagne-abdou-belarbi\/","title":{"rendered":"V\u00eddeo testimonio de AEC en el Instituto Franc\u00e9s en Espa\u00f1a: Abdou Belarbi"},"content":{"rendered":"<p><strong>\u00bfC\u00f3mo hacer feliz al personal del centro?<\/strong><\/p>\n<p>Vea el testimonio de Abdou Belarbi, recepcionista del IF Madrid, para quien volver atr\u00e1s sin Arc-en-Ciel ser\u00eda dif\u00edcil.<\/p>\n<p><iframe loading=\"lazy\" src=\"https:\/\/player.vimeo.com\/video\/312105068?app_id=122963\" width=\"680\" height=\"383\" frameborder=\"0\" title=\"Arc-en-Ciel - Abdou Belarbi\" allow=\"autoplay; fullscreen\" allowfullscreen><\/iframe><\/p>\n<p>Por su funci\u00f3n, Abdou tiene un papel importante para informar y optimizar el tr\u00e1fico en el centro.<\/p>\n<p>Con el\u00a0programa de gesti\u00f3n AEC, cualquier persona puede ser informada y dirigida simplemente con un simple clic, todo est\u00e1 disponible en la interfaz.<\/p>\n<p>AEC ayuda a organizar el sistema educativo muy r\u00e1pidamente, y Abdou aprecia los beneficios todos los d\u00edas. Para \u00e9l, es innegable, AEC hace que su trabajo sea a\u00fan m\u00e1s agradable. Por los servicios prestados, hace felices a los empleados y, en consecuencia, tambi\u00e9n a los clientes.<\/p>\n<p>\u00bfQuieres saber m\u00e1s sobre <a href=\"https:\/\/atl-software.net\/es\/nos-solutions\/arc-en-ciel\/\">AEC<\/a>? <a href=\"https:\/\/atl-software.net\/es\/atl-software\/contact\/\">P\u00f3ngase en contacto con nosotros.<\/a><\/p>\n<p>&nbsp;<\/p>","protected":false},"excerpt":{"rendered":"<p>\u00bfC\u00f3mo hacer feliz al personal del centro? Vea el testimonio de Abdou Belarbi, recepcionista del IF Madrid, para quien volver atr\u00e1s sin Arc-en-Ciel ser\u00eda dif\u00edcil. Por su funci\u00f3n, Abdou tiene un papel importante para informar y optimizar el tr\u00e1fico en el centro. Con el\u00a0programa de gesti\u00f3n AEC, cualquier persona puede ser informada y dirigida simplemente&#8230;  <a class=\"excerpt-read-more\" href=\"https:\/\/atl-software.net\/es\/temoignage-video-aec-de-linstitut-francais-en-espagne-abdou-belarbi\/\" title=\"Read V\u00eddeo testimonio de AEC en el Instituto Franc\u00e9s en Espa\u00f1a: Abdou Belarbi\">Leer m\u00e1s &raquo;<\/a><\/p>\n","protected":false},"author":2,"featured_media":0,"parent":0,"menu_order":0,"comment_status":"closed","ping_status":"closed","template":"template\/template-ml.php","meta":{"_uag_custom_page_level_css":""},"acf":[],"yoast_head":"<!-- This site is optimized with the Yoast SEO plugin v20.13 - https:\/\/yoast.com\/wordpress\/plugins\/seo\/ -->\n<title>V\u00eddeo testimonio de AEC en el Instituto Franc\u00e9s en Espa\u00f1a: Abdou Belarbi - ATL Software<\/title>\n<meta name=\"robots\" content=\"index, follow, max-snippet:-1, max-image-preview:large, max-video-preview:-1\" \/>\n<link rel=\"canonical\" href=\"https:\/\/atl-software.net\/en\/temoignage-video-aec-de-linstitut-francais-en-espagne-abdou-belarbi\/\" \/>\n<meta property=\"og:locale\" content=\"es_ES\" \/>\n<meta property=\"og:type\" content=\"article\" \/>\n<meta property=\"og:title\" content=\"V\u00eddeo testimonio de AEC en el Instituto Franc\u00e9s en Espa\u00f1a: Abdou Belarbi - ATL Software\" \/>\n<meta property=\"og:description\" content=\"\u00bfC\u00f3mo hacer feliz al personal del centro? Vea el testimonio de Abdou Belarbi, recepcionista del IF Madrid, para quien volver atr\u00e1s sin Arc-en-Ciel ser\u00eda dif\u00edcil. Por su funci\u00f3n, Abdou tiene un papel importante para informar y optimizar el tr\u00e1fico en el centro. Con el\u00a0programa de gesti\u00f3n AEC, cualquier persona puede ser informada y dirigida simplemente... Leer m\u00e1s &raquo;\" \/>\n<meta property=\"og:url\" content=\"https:\/\/atl-software.net\/en\/temoignage-video-aec-de-linstitut-francais-en-espagne-abdou-belarbi\/\" \/>\n<meta property=\"og:site_name\" content=\"ATL Software\" \/>\n<meta property=\"article:publisher\" content=\"https:\/\/www.facebook.com\/ATL-Software-724527551053606\/\" \/>\n<meta property=\"article:modified_time\" content=\"2019-01-29T09:39:14+00:00\" \/>\n<meta name=\"twitter:card\" content=\"summary_large_image\" \/>\n<meta name=\"twitter:site\" content=\"@SoftwareAtl\" \/>\n<meta name=\"twitter:label1\" content=\"Est. reading time\" \/>\n\t<meta name=\"twitter:data1\" content=\"2 minutos\" \/>\n<script type=\"application\/ld+json\" class=\"yoast-schema-graph\">{\"@context\":\"https:\/\/schema.org\",\"@graph\":[{\"@type\":\"WebPage\",\"@id\":\"https:\/\/atl-software.net\/en\/temoignage-video-aec-de-linstitut-francais-en-espagne-abdou-belarbi\/\",\"url\":\"https:\/\/atl-software.net\/en\/temoignage-video-aec-de-linstitut-francais-en-espagne-abdou-belarbi\/\",\"name\":\"V\u00eddeo testimonio de AEC en el Instituto Franc\u00e9s en Espa\u00f1a: Abdou Belarbi - ATL Software\",\"isPartOf\":{\"@id\":\"https:\/\/atl-software.net\/#website\"},\"datePublished\":\"2019-01-24T10:22:17+00:00\",\"dateModified\":\"2019-01-29T09:39:14+00:00\",\"breadcrumb\":{\"@id\":\"https:\/\/atl-software.net\/en\/temoignage-video-aec-de-linstitut-francais-en-espagne-abdou-belarbi\/#breadcrumb\"},\"inLanguage\":\"es\",\"potentialAction\":[{\"@type\":\"ReadAction\",\"target\":[\"https:\/\/atl-software.net\/en\/temoignage-video-aec-de-linstitut-francais-en-espagne-abdou-belarbi\/\"]}]},{\"@type\":\"BreadcrumbList\",\"@id\":\"https:\/\/atl-software.net\/en\/temoignage-video-aec-de-linstitut-francais-en-espagne-abdou-belarbi\/#breadcrumb\",\"itemListElement\":[{\"@type\":\"ListItem\",\"position\":1,\"name\":\"Accueil\",\"item\":\"https:\/\/atl-software.net\/en\/\"},{\"@type\":\"ListItem\",\"position\":2,\"name\":\"AEC video testimony of the French Institute in Spain: Abdu Belarbi\"}]},{\"@type\":\"WebSite\",\"@id\":\"https:\/\/atl-software.net\/#website\",\"url\":\"https:\/\/atl-software.net\/\",\"name\":\"ATL Software\",\"description\":\"\",\"publisher\":{\"@id\":\"https:\/\/atl-software.net\/#organization\"},\"potentialAction\":[{\"@type\":\"SearchAction\",\"target\":{\"@type\":\"EntryPoint\",\"urlTemplate\":\"https:\/\/atl-software.net\/?s={search_term_string}\"},\"query-input\":\"required name=search_term_string\"}],\"inLanguage\":\"es\"},{\"@type\":\"Organization\",\"@id\":\"https:\/\/atl-software.net\/#organization\",\"name\":\"ATL Software\",\"url\":\"https:\/\/atl-software.net\/\",\"logo\":{\"@type\":\"ImageObject\",\"inLanguage\":\"es\",\"@id\":\"https:\/\/atl-software.net\/#\/schema\/logo\/image\/\",\"url\":\"https:\/\/atl-software.net\/wp-content\/uploads\/2023\/04\/Interfaz-moderna-AEC.png\",\"contentUrl\":\"https:\/\/atl-software.net\/wp-content\/uploads\/2023\/04\/Interfaz-moderna-AEC.png\",\"width\":918,\"height\":673,\"caption\":\"ATL Software\"},\"image\":{\"@id\":\"https:\/\/atl-software.net\/#\/schema\/logo\/image\/\"},\"sameAs\":[\"https:\/\/www.facebook.com\/ATL-Software-724527551053606\/\",\"https:\/\/twitter.com\/SoftwareAtl\",\"https:\/\/www.linkedin.com\/in\/atl-software-logiciel-arc-en-ciel-a9428b91\/\",\"https:\/\/www.youtube.com\/watch?v=prCVSFs_vZg\"]}]}<\/script>\n<!-- \/ Yoast SEO plugin. -->","yoast_head_json":{"title":"V\u00eddeo testimonio de AEC en el Instituto Franc\u00e9s en Espa\u00f1a: Abdou Belarbi - ATL Software","robots":{"index":"index","follow":"follow","max-snippet":"max-snippet:-1","max-image-preview":"max-image-preview:large","max-video-preview":"max-video-preview:-1"},"canonical":"https:\/\/atl-software.net\/en\/temoignage-video-aec-de-linstitut-francais-en-espagne-abdou-belarbi\/","og_locale":"es_ES","og_type":"article","og_title":"V\u00eddeo testimonio de AEC en el Instituto Franc\u00e9s en Espa\u00f1a: Abdou Belarbi - ATL Software","og_description":"\u00bfC\u00f3mo hacer feliz al personal del centro? Vea el testimonio de Abdou Belarbi, recepcionista del IF Madrid, para quien volver atr\u00e1s sin Arc-en-Ciel ser\u00eda dif\u00edcil. Por su funci\u00f3n, Abdou tiene un papel importante para informar y optimizar el tr\u00e1fico en el centro. Con el\u00a0programa de gesti\u00f3n AEC, cualquier persona puede ser informada y dirigida simplemente... Leer m\u00e1s &raquo;","og_url":"https:\/\/atl-software.net\/en\/temoignage-video-aec-de-linstitut-francais-en-espagne-abdou-belarbi\/","og_site_name":"ATL Software","article_publisher":"https:\/\/www.facebook.com\/ATL-Software-724527551053606\/","article_modified_time":"2019-01-29T09:39:14+00:00","twitter_card":"summary_large_image","twitter_site":"@SoftwareAtl","twitter_misc":{"Est. reading time":"2 minutos"},"schema":{"@context":"https:\/\/schema.org","@graph":[{"@type":"WebPage","@id":"https:\/\/atl-software.net\/en\/temoignage-video-aec-de-linstitut-francais-en-espagne-abdou-belarbi\/","url":"https:\/\/atl-software.net\/en\/temoignage-video-aec-de-linstitut-francais-en-espagne-abdou-belarbi\/","name":"V\u00eddeo testimonio de AEC en el Instituto Franc\u00e9s en Espa\u00f1a: Abdou Belarbi - ATL Software","isPartOf":{"@id":"https:\/\/atl-software.net\/#website"},"datePublished":"2019-01-24T10:22:17+00:00","dateModified":"2019-01-29T09:39:14+00:00","breadcrumb":{"@id":"https:\/\/atl-software.net\/en\/temoignage-video-aec-de-linstitut-francais-en-espagne-abdou-belarbi\/#breadcrumb"},"inLanguage":"es","potentialAction":[{"@type":"ReadAction","target":["https:\/\/atl-software.net\/en\/temoignage-video-aec-de-linstitut-francais-en-espagne-abdou-belarbi\/"]}]},{"@type":"BreadcrumbList","@id":"https:\/\/atl-software.net\/en\/temoignage-video-aec-de-linstitut-francais-en-espagne-abdou-belarbi\/#breadcrumb","itemListElement":[{"@type":"ListItem","position":1,"name":"Accueil","item":"https:\/\/atl-software.net\/en\/"},{"@type":"ListItem","position":2,"name":"AEC video testimony of the French Institute in Spain: Abdu Belarbi"}]},{"@type":"WebSite","@id":"https:\/\/atl-software.net\/#website","url":"https:\/\/atl-software.net\/","name":"ATL Software","description":"","publisher":{"@id":"https:\/\/atl-software.net\/#organization"},"potentialAction":[{"@type":"SearchAction","target":{"@type":"EntryPoint","urlTemplate":"https:\/\/atl-software.net\/?s={search_term_string}"},"query-input":"required name=search_term_string"}],"inLanguage":"es"},{"@type":"Organization","@id":"https:\/\/atl-software.net\/#organization","name":"ATL Software","url":"https:\/\/atl-software.net\/","logo":{"@type":"ImageObject","inLanguage":"es","@id":"https:\/\/atl-software.net\/#\/schema\/logo\/image\/","url":"https:\/\/atl-software.net\/wp-content\/uploads\/2023\/04\/Interfaz-moderna-AEC.png","contentUrl":"https:\/\/atl-software.net\/wp-content\/uploads\/2023\/04\/Interfaz-moderna-AEC.png","width":918,"height":673,"caption":"ATL Software"},"image":{"@id":"https:\/\/atl-software.net\/#\/schema\/logo\/image\/"},"sameAs":["https:\/\/www.facebook.com\/ATL-Software-724527551053606\/","https:\/\/twitter.com\/SoftwareAtl","https:\/\/www.linkedin.com\/in\/atl-software-logiciel-arc-en-ciel-a9428b91\/","https:\/\/www.youtube.com\/watch?v=prCVSFs_vZg"]}]}},"uagb_featured_image_src":{"full":false,"thumbnail":false,"medium":false,"medium_large":false,"large":false,"1536x1536":false,"2048x2048":false,"bones-thumb-600":false,"bones-thumb-300":false,"post-thumbnail":false},"uagb_author_info":{"display_name":"admin","author_link":"https:\/\/atl-software.net\/es\/author\/admin\/"},"uagb_comment_info":0,"uagb_excerpt":"\u00bfC\u00f3mo hacer feliz al personal del centro? Vea el testimonio de Abdou Belarbi, recepcionista del IF Madrid, para quien volver atr\u00e1s sin Arc-en-Ciel ser\u00eda dif\u00edcil. Por su funci\u00f3n, Abdou tiene un papel importante para informar y optimizar el tr\u00e1fico en el centro. Con el\u00a0programa de gesti\u00f3n AEC, cualquier persona puede ser informada y dirigida simplemente...&hellip;","_links":{"self":[{"href":"https:\/\/atl-software.net\/es\/wp-json\/wp\/v2\/pages\/1220"}],"collection":[{"href":"https:\/\/atl-software.net\/es\/wp-json\/wp\/v2\/pages"}],"about":[{"href":"https:\/\/atl-software.net\/es\/wp-json\/wp\/v2\/types\/page"}],"author":[{"embeddable":true,"href":"https:\/\/atl-software.net\/es\/wp-json\/wp\/v2\/users\/2"}],"replies":[{"embeddable":true,"href":"https:\/\/atl-software.net\/es\/wp-json\/wp\/v2\/comments?post=1220"}],"version-history":[{"count":10,"href":"https:\/\/atl-software.net\/es\/wp-json\/wp\/v2\/pages\/1220\/revisions"}],"predecessor-version":[{"id":1274,"href":"https:\/\/atl-software.net\/es\/wp-json\/wp\/v2\/pages\/1220\/revisions\/1274"}],"wp:attachment":[{"href":"https:\/\/atl-software.net\/es\/wp-json\/wp\/v2\/media?parent=1220"}],"curies":[{"name":"wp","href":"https:\/\/api.w.org\/{rel}","templated":true}]}}