{"id":1214,"date":"2019-01-24T11:16:08","date_gmt":"2019-01-24T10:16:08","guid":{"rendered":"http:\/\/atl-software.net\/?page_id=1214"},"modified":"2019-02-08T13:41:10","modified_gmt":"2019-02-08T12:41:10","slug":"developper-de-nouveaux-services-digitaux-grace-a-aec","status":"publish","type":"page","link":"https:\/\/atl-software.net\/es\/developper-de-nouveaux-services-digitaux-grace-a-aec\/","title":{"rendered":"Desarrollo de nuevos servicios digitales a trav\u00e9s de AEC."},"content":{"rendered":"<p><\/p>\n<p class=\"p1\">La creciente demanda de los usuarios de servicios en l\u00ednea est\u00e1 impulsando al m\u00e1ximo el desarrollo de las posibilidades de: supervisi\u00f3n, registro y pago en l\u00ednea, incluso en los centros de cursos.<\/p>\n<p class=\"p1\"><b>\u00bfC\u00f3mo ofrecer nuevos servicios a los usuarios, al tiempo que simplifica las tareas contables y administrativas de su centro?<\/b><\/p>\n<p class=\"p1\">Esto puede incluir funciones tales como membres\u00eda en l\u00ednea, registro de cursos, emisi\u00f3n de boletos para eventos y pagos.<\/p>\n<p class=\"p1\">El Instituto, la Alianza, y toda clase de centro cultural tiene la capacidad de integrar funciones digitales para agilizar la gesti\u00f3n de sus actividades, simplificando su administraci\u00f3n y siendo m\u00e1s eficiente. Esto se puede hacer ya sea por desarrollo o por la incorporaci\u00f3n de bloques existentes. Sea cual sea la soluci\u00f3n elegida, al implementar este tipo de proyecto, es importante prestar atenci\u00f3n a la integraci\u00f3n y la no redundancia de la informaci\u00f3n.<\/p>\n<p class=\"p1\">De hecho, el objetivo no es solo brindar servicios a los alumnos para simplificar su actividad, sino tambi\u00e9n ayudar al personal interno en tareas que pueden ser sumamente tediosas y abrumadoras.<\/p>\n<p class=\"p1\">En este sentido, es importante asegurarse de que se integren herramientas que encajen perfectamente con las existentes. Para que no haya una \u00abduplicaci\u00f3n\u00bb de datos, ni una nueva codificaci\u00f3n de la informaci\u00f3n, y sea posible tener acceso en tiempo real a la informaci\u00f3n correcta. Es en este sentido que ATL Software ha desarrollado un conjunto de servicios web para comerciantes, conectados al software de gesti\u00f3n de cursos Arc-en-Ciel.<\/p>\n<p class=\"p1\">Este complemento es una herramienta poderosa para desarrollar la actividad, la visibilidad y facilitar la gesti\u00f3n administrativa diaria del centro. Tambi\u00e9n facilita la vida a los usuarios al proporcionar acceso inmediato a la informaci\u00f3n del centro.<\/p>\n<p class=\"p1\">La interfaz es intuitiva y configurable, adem\u00e1s de que permite, por ejemplo, ofrecer inscripci\u00f3n para un curso programado o privado, cursos de consultor\u00eda abiertos a inscripci\u00f3n, pago en l\u00ednea con tarjeta de cr\u00e9dito, transferencia o PayPal, venta de boletos para sus eventos culturales, inscripci\u00f3n para ex\u00e1menes, consulta de calificaciones y resultados.<\/p>\n<p class=\"p1\">Tambi\u00e9n es posible administrar promociones autom\u00e1ticas o condicionales y ofrecer una tienda en l\u00ednea real gracias a muchos m\u00f3dulos: m\u00f3dulo de compras, m\u00f3dulo de donaci\u00f3n, m\u00f3dulo de carrito de compras, etc.<\/p>\n<p class=\"p1\">\u00bfA\u00fan no tiene este tipo de servicios en su sitio web y desea implementarlo r\u00e1pidamente?<\/p>\n<table align=\"center\">\n<tbody>\n<tr>\n<td><\/td>\n<td><img decoding=\"async\" loading=\"lazy\" class=\"aligncenter wp-image-1215 size-full\" src=\"http:\/\/atl-software.net\/wp-content\/uploads\/2019\/01\/Capture-d\u2019e\u0301cran-2019-01-23-a\u0300-11.30.51.png\" alt=\"made by ATL Software\" width=\"734\" height=\"505\" srcset=\"https:\/\/atl-software.net\/wp-content\/uploads\/2019\/01\/Capture-d\u2019e\u0301cran-2019-01-23-a\u0300-11.30.51.png 734w, https:\/\/atl-software.net\/wp-content\/uploads\/2019\/01\/Capture-d\u2019e\u0301cran-2019-01-23-a\u0300-11.30.51-300x206.png 300w\" sizes=\"(max-width: 734px) 100vw, 734px\" \/><\/td>\n<td><\/td>\n<\/tr>\n<\/tbody>\n<\/table>\n<p class=\"p1\">\u00a1ATL Software trae funciones listas para usar!\u00a0<a href=\"https:\/\/atl-software.net\/es\/atl-software\/contact\/\"><span class=\"s1\">Cont\u00e1ctanos<\/span><\/a><\/p>\n<p><\/p>","protected":false},"excerpt":{"rendered":"<p>La creciente demanda de los usuarios de servicios en l\u00ednea est\u00e1 impulsando al m\u00e1ximo el desarrollo de las posibilidades de: supervisi\u00f3n, registro y pago en l\u00ednea, incluso en los centros de cursos. \u00bfC\u00f3mo ofrecer nuevos servicios a los usuarios, al tiempo que simplifica las tareas contables y administrativas de su centro? Esto puede incluir funciones&#8230;  <a class=\"excerpt-read-more\" href=\"https:\/\/atl-software.net\/es\/developper-de-nouveaux-services-digitaux-grace-a-aec\/\" title=\"Read Desarrollo de nuevos servicios digitales a trav\u00e9s de AEC.\">Leer m\u00e1s &raquo;<\/a><\/p>\n","protected":false},"author":2,"featured_media":0,"parent":0,"menu_order":0,"comment_status":"closed","ping_status":"closed","template":"template\/template-ml.php","meta":{"_uag_custom_page_level_css":""},"acf":[],"yoast_head":"<!-- This site is optimized with the Yoast SEO plugin v20.13 - https:\/\/yoast.com\/wordpress\/plugins\/seo\/ -->\n<title>Desarrollo de nuevos servicios digitales a trav\u00e9s de AEC. - ATL Software<\/title>\n<meta name=\"robots\" content=\"index, follow, max-snippet:-1, max-image-preview:large, max-video-preview:-1\" \/>\n<link rel=\"canonical\" href=\"https:\/\/atl-software.net\/es\/developper-de-nouveaux-services-digitaux-grace-a-aec\/\" \/>\n<meta property=\"og:locale\" content=\"es_ES\" \/>\n<meta property=\"og:type\" content=\"article\" \/>\n<meta property=\"og:title\" content=\"Desarrollo de nuevos servicios digitales a trav\u00e9s de AEC. - ATL Software\" \/>\n<meta property=\"og:description\" content=\"La creciente demanda de los usuarios de servicios en l\u00ednea est\u00e1 impulsando al m\u00e1ximo el desarrollo de las posibilidades de: supervisi\u00f3n, registro y pago en l\u00ednea, incluso en los centros de cursos. \u00bfC\u00f3mo ofrecer nuevos servicios a los usuarios, al tiempo que simplifica las tareas contables y administrativas de su centro? Esto puede incluir funciones... Leer m\u00e1s &raquo;\" \/>\n<meta property=\"og:url\" content=\"https:\/\/atl-software.net\/es\/developper-de-nouveaux-services-digitaux-grace-a-aec\/\" \/>\n<meta property=\"og:site_name\" content=\"ATL Software\" \/>\n<meta property=\"article:publisher\" content=\"https:\/\/www.facebook.com\/ATL-Software-724527551053606\/\" \/>\n<meta property=\"article:modified_time\" content=\"2019-02-08T12:41:10+00:00\" \/>\n<meta name=\"twitter:card\" content=\"summary_large_image\" \/>\n<meta name=\"twitter:site\" content=\"@SoftwareAtl\" \/>\n<meta name=\"twitter:label1\" content=\"Est. reading time\" \/>\n\t<meta name=\"twitter:data1\" content=\"6 minutos\" \/>\n<script type=\"application\/ld+json\" class=\"yoast-schema-graph\">{\"@context\":\"https:\/\/schema.org\",\"@graph\":[{\"@type\":\"WebPage\",\"@id\":\"https:\/\/atl-software.net\/es\/developper-de-nouveaux-services-digitaux-grace-a-aec\/\",\"url\":\"https:\/\/atl-software.net\/es\/developper-de-nouveaux-services-digitaux-grace-a-aec\/\",\"name\":\"Desarrollo de nuevos servicios digitales a trav\u00e9s de AEC. - ATL Software\",\"isPartOf\":{\"@id\":\"https:\/\/atl-software.net\/#website\"},\"datePublished\":\"2019-01-24T10:16:08+00:00\",\"dateModified\":\"2019-02-08T12:41:10+00:00\",\"breadcrumb\":{\"@id\":\"https:\/\/atl-software.net\/es\/developper-de-nouveaux-services-digitaux-grace-a-aec\/#breadcrumb\"},\"inLanguage\":\"es\",\"potentialAction\":[{\"@type\":\"ReadAction\",\"target\":[\"https:\/\/atl-software.net\/es\/developper-de-nouveaux-services-digitaux-grace-a-aec\/\"]}]},{\"@type\":\"BreadcrumbList\",\"@id\":\"https:\/\/atl-software.net\/es\/developper-de-nouveaux-services-digitaux-grace-a-aec\/#breadcrumb\",\"itemListElement\":[{\"@type\":\"ListItem\",\"position\":1,\"name\":\"Accueil\",\"item\":\"https:\/\/atl-software.net\/en\/\"},{\"@type\":\"ListItem\",\"position\":2,\"name\":\"Desarrollo de nuevos servicios digitales a trav\u00e9s de AEC.\"}]},{\"@type\":\"WebSite\",\"@id\":\"https:\/\/atl-software.net\/#website\",\"url\":\"https:\/\/atl-software.net\/\",\"name\":\"ATL Software\",\"description\":\"\",\"publisher\":{\"@id\":\"https:\/\/atl-software.net\/#organization\"},\"potentialAction\":[{\"@type\":\"SearchAction\",\"target\":{\"@type\":\"EntryPoint\",\"urlTemplate\":\"https:\/\/atl-software.net\/?s={search_term_string}\"},\"query-input\":\"required name=search_term_string\"}],\"inLanguage\":\"es\"},{\"@type\":\"Organization\",\"@id\":\"https:\/\/atl-software.net\/#organization\",\"name\":\"ATL Software\",\"url\":\"https:\/\/atl-software.net\/\",\"logo\":{\"@type\":\"ImageObject\",\"inLanguage\":\"es\",\"@id\":\"https:\/\/atl-software.net\/#\/schema\/logo\/image\/\",\"url\":\"https:\/\/atl-software.net\/wp-content\/uploads\/2023\/04\/Interfaz-moderna-AEC.png\",\"contentUrl\":\"https:\/\/atl-software.net\/wp-content\/uploads\/2023\/04\/Interfaz-moderna-AEC.png\",\"width\":918,\"height\":673,\"caption\":\"ATL Software\"},\"image\":{\"@id\":\"https:\/\/atl-software.net\/#\/schema\/logo\/image\/\"},\"sameAs\":[\"https:\/\/www.facebook.com\/ATL-Software-724527551053606\/\",\"https:\/\/twitter.com\/SoftwareAtl\",\"https:\/\/www.linkedin.com\/in\/atl-software-logiciel-arc-en-ciel-a9428b91\/\",\"https:\/\/www.youtube.com\/watch?v=prCVSFs_vZg\"]}]}<\/script>\n<!-- \/ Yoast SEO plugin. -->","yoast_head_json":{"title":"Desarrollo de nuevos servicios digitales a trav\u00e9s de AEC. - ATL Software","robots":{"index":"index","follow":"follow","max-snippet":"max-snippet:-1","max-image-preview":"max-image-preview:large","max-video-preview":"max-video-preview:-1"},"canonical":"https:\/\/atl-software.net\/es\/developper-de-nouveaux-services-digitaux-grace-a-aec\/","og_locale":"es_ES","og_type":"article","og_title":"Desarrollo de nuevos servicios digitales a trav\u00e9s de AEC. - ATL Software","og_description":"La creciente demanda de los usuarios de servicios en l\u00ednea est\u00e1 impulsando al m\u00e1ximo el desarrollo de las posibilidades de: supervisi\u00f3n, registro y pago en l\u00ednea, incluso en los centros de cursos. \u00bfC\u00f3mo ofrecer nuevos servicios a los usuarios, al tiempo que simplifica las tareas contables y administrativas de su centro? Esto puede incluir funciones... Leer m\u00e1s &raquo;","og_url":"https:\/\/atl-software.net\/es\/developper-de-nouveaux-services-digitaux-grace-a-aec\/","og_site_name":"ATL Software","article_publisher":"https:\/\/www.facebook.com\/ATL-Software-724527551053606\/","article_modified_time":"2019-02-08T12:41:10+00:00","twitter_card":"summary_large_image","twitter_site":"@SoftwareAtl","twitter_misc":{"Est. reading time":"6 minutos"},"schema":{"@context":"https:\/\/schema.org","@graph":[{"@type":"WebPage","@id":"https:\/\/atl-software.net\/es\/developper-de-nouveaux-services-digitaux-grace-a-aec\/","url":"https:\/\/atl-software.net\/es\/developper-de-nouveaux-services-digitaux-grace-a-aec\/","name":"Desarrollo de nuevos servicios digitales a trav\u00e9s de AEC. - ATL Software","isPartOf":{"@id":"https:\/\/atl-software.net\/#website"},"datePublished":"2019-01-24T10:16:08+00:00","dateModified":"2019-02-08T12:41:10+00:00","breadcrumb":{"@id":"https:\/\/atl-software.net\/es\/developper-de-nouveaux-services-digitaux-grace-a-aec\/#breadcrumb"},"inLanguage":"es","potentialAction":[{"@type":"ReadAction","target":["https:\/\/atl-software.net\/es\/developper-de-nouveaux-services-digitaux-grace-a-aec\/"]}]},{"@type":"BreadcrumbList","@id":"https:\/\/atl-software.net\/es\/developper-de-nouveaux-services-digitaux-grace-a-aec\/#breadcrumb","itemListElement":[{"@type":"ListItem","position":1,"name":"Accueil","item":"https:\/\/atl-software.net\/en\/"},{"@type":"ListItem","position":2,"name":"Desarrollo de nuevos servicios digitales a trav\u00e9s de AEC."}]},{"@type":"WebSite","@id":"https:\/\/atl-software.net\/#website","url":"https:\/\/atl-software.net\/","name":"ATL Software","description":"","publisher":{"@id":"https:\/\/atl-software.net\/#organization"},"potentialAction":[{"@type":"SearchAction","target":{"@type":"EntryPoint","urlTemplate":"https:\/\/atl-software.net\/?s={search_term_string}"},"query-input":"required name=search_term_string"}],"inLanguage":"es"},{"@type":"Organization","@id":"https:\/\/atl-software.net\/#organization","name":"ATL Software","url":"https:\/\/atl-software.net\/","logo":{"@type":"ImageObject","inLanguage":"es","@id":"https:\/\/atl-software.net\/#\/schema\/logo\/image\/","url":"https:\/\/atl-software.net\/wp-content\/uploads\/2023\/04\/Interfaz-moderna-AEC.png","contentUrl":"https:\/\/atl-software.net\/wp-content\/uploads\/2023\/04\/Interfaz-moderna-AEC.png","width":918,"height":673,"caption":"ATL Software"},"image":{"@id":"https:\/\/atl-software.net\/#\/schema\/logo\/image\/"},"sameAs":["https:\/\/www.facebook.com\/ATL-Software-724527551053606\/","https:\/\/twitter.com\/SoftwareAtl","https:\/\/www.linkedin.com\/in\/atl-software-logiciel-arc-en-ciel-a9428b91\/","https:\/\/www.youtube.com\/watch?v=prCVSFs_vZg"]}]}},"uagb_featured_image_src":{"full":false,"thumbnail":false,"medium":false,"medium_large":false,"large":false,"1536x1536":false,"2048x2048":false,"bones-thumb-600":false,"bones-thumb-300":false,"post-thumbnail":false},"uagb_author_info":{"display_name":"admin","author_link":"https:\/\/atl-software.net\/es\/author\/admin\/"},"uagb_comment_info":0,"uagb_excerpt":"La creciente demanda de los usuarios de servicios en l\u00ednea est\u00e1 impulsando al m\u00e1ximo el desarrollo de las posibilidades de: supervisi\u00f3n, registro y pago en l\u00ednea, incluso en los centros de cursos. \u00bfC\u00f3mo ofrecer nuevos servicios a los usuarios, al tiempo que simplifica las tareas contables y administrativas de su centro? Esto puede incluir funciones...&hellip;","_links":{"self":[{"href":"https:\/\/atl-software.net\/es\/wp-json\/wp\/v2\/pages\/1214"}],"collection":[{"href":"https:\/\/atl-software.net\/es\/wp-json\/wp\/v2\/pages"}],"about":[{"href":"https:\/\/atl-software.net\/es\/wp-json\/wp\/v2\/types\/page"}],"author":[{"embeddable":true,"href":"https:\/\/atl-software.net\/es\/wp-json\/wp\/v2\/users\/2"}],"replies":[{"embeddable":true,"href":"https:\/\/atl-software.net\/es\/wp-json\/wp\/v2\/comments?post=1214"}],"version-history":[{"count":17,"href":"https:\/\/atl-software.net\/es\/wp-json\/wp\/v2\/pages\/1214\/revisions"}],"predecessor-version":[{"id":1316,"href":"https:\/\/atl-software.net\/es\/wp-json\/wp\/v2\/pages\/1214\/revisions\/1316"}],"wp:attachment":[{"href":"https:\/\/atl-software.net\/es\/wp-json\/wp\/v2\/media?parent=1214"}],"curies":[{"name":"wp","href":"https:\/\/api.w.org\/{rel}","templated":true}]}}