{"id":1156,"date":"2018-12-12T14:59:16","date_gmt":"2018-12-12T13:59:16","guid":{"rendered":"http:\/\/atl-software.net\/?page_id=1156"},"modified":"2018-12-14T11:50:46","modified_gmt":"2018-12-14T10:50:46","slug":"lapplication-mobile-billetterie-pour-les-evenements-culturels","status":"publish","type":"page","link":"https:\/\/atl-software.net\/es\/lapplication-mobile-billetterie-pour-les-evenements-culturels\/","title":{"rendered":"Sab\u00edas ? Aplicaci\u00f3n de tickets en su m\u00f3vil"},"content":{"rendered":"<p>\u00bfEst\u00e1 planeando eventos culturales y quiere simplificar el seguimiento de las entradas y asistencias? \u00bfQuiere evitar listas de papel y colas de espera? \u00bfConocer en tiempo real a las personas presentes? Es f\u00e1cil con la aplicaci\u00f3n de tickets conectada al software Arc-en-Ciel. Esta aplicaci\u00f3n es poco conocida pero, sin embargo, le da una gran ventaja a sus equipos para administrar f\u00e1cilmente las entradas y asistencias a los eventos.<\/p>\n<p>Primero, le recordamos que en Arc-en-Ciel hay dos formas de vender tickets. Ya sea a trav\u00e9s del software AEC en un punto de venta f\u00edsico o sino a trav\u00e9s del sitio web extranet \u00abKiosque. De las dos formas, el boleto vendido se emite con un c\u00f3digo de barra QR.<\/p>\n<img decoding=\"async\" loading=\"lazy\" class=\"alignnone size-medium wp-image-1164\" src=\"http:\/\/atl-software.net\/wp-content\/uploads\/2018\/12\/scanner-home-158x300.jpg\" alt=\"scanner-home\" width=\"158\" height=\"300\" srcset=\"https:\/\/atl-software.net\/wp-content\/uploads\/2018\/12\/scanner-home-158x300.jpg 158w, https:\/\/atl-software.net\/wp-content\/uploads\/2018\/12\/scanner-home.jpg 402w\" sizes=\"(max-width: 158px) 100vw, 158px\" \/> <img decoding=\"async\" loading=\"lazy\" class=\"alignnone size-medium wp-image-1160\" src=\"http:\/\/atl-software.net\/wp-content\/uploads\/2018\/12\/Event-ticket-95x300.png\" alt=\"event-ticket\" width=\"95\" height=\"300\" srcset=\"https:\/\/atl-software.net\/wp-content\/uploads\/2018\/12\/Event-ticket-95x300.png 95w, https:\/\/atl-software.net\/wp-content\/uploads\/2018\/12\/Event-ticket-324x1024.png 324w, https:\/\/atl-software.net\/wp-content\/uploads\/2018\/12\/Event-ticket.png 337w\" sizes=\"(max-width: 95px) 100vw, 95px\" \/>\n<p>&nbsp;<\/p>\n<p><span lang=\"ES-TRAD\">Cuando tienen instalado la aplicaci\u00f3n de boleter\u00eda AEC en su m\u00f3vil o tableta, el personal de la entrada del evento solo tiene que escanear el c\u00f3digo de barra QR impreso en los tickets. El registro es posible desde los tickets f\u00edsicos (factura impresa), as\u00ed como en los tickets electr\u00f3nicos (correo electr\u00f3nico recibido con el c\u00f3digo de barra QR anexo).<\/span><\/p>\n<p><span lang=\"ES-TRAD\">Desde el men\u00fa de la aplicaci\u00f3n m\u00f3vil, tambi\u00e9n es posible ver el estado de los participantes en el evento y agregar nuevos participantes que se presentan sin ticket previamente comprado. Estos registros se guardan en el software AEC y mediante un informe se obtiene inmediato el listado de los participantes o ausentes del evento. Ya no tiene que hacer dobles operaciones y actualizaciones manuales para tener dichos reportes. Toda la informaci\u00f3n se sincroniza<a name=\"_GoBack\"><\/a>\u00a0autom\u00e1ticamente hac\u00eda AEC.<\/span><\/p>\n<p><span lang=\"ES-TRAD\">Entonces ? \u00bfCu\u00e1ndo planea usted su pr\u00f3ximo evento?<\/span><\/p>","protected":false},"excerpt":{"rendered":"<p>\u00bfEst\u00e1 planeando eventos culturales y quiere simplificar el seguimiento de las entradas y asistencias? \u00bfQuiere evitar listas de papel y colas de espera? \u00bfConocer en tiempo real a las personas presentes? Es f\u00e1cil con la aplicaci\u00f3n de tickets conectada al software Arc-en-Ciel. Esta aplicaci\u00f3n es poco conocida pero, sin embargo, le da una gran ventaja&#8230;  <a class=\"excerpt-read-more\" href=\"https:\/\/atl-software.net\/es\/lapplication-mobile-billetterie-pour-les-evenements-culturels\/\" title=\"Read Sab\u00edas ? Aplicaci\u00f3n de tickets en su m\u00f3vil\">Leer m\u00e1s &raquo;<\/a><\/p>\n","protected":false},"author":2,"featured_media":0,"parent":0,"menu_order":0,"comment_status":"closed","ping_status":"closed","template":"template\/template-ml.php","meta":{"_uag_custom_page_level_css":""},"acf":[],"yoast_head":"<!-- This site is optimized with the Yoast SEO plugin v20.13 - https:\/\/yoast.com\/wordpress\/plugins\/seo\/ -->\n<title>Sab\u00edas ? Aplicaci\u00f3n de tickets en su m\u00f3vil - ATL Software<\/title>\n<meta name=\"description\" content=\"Si vous programmez des \u00e9v\u00e9nements culturels et que vous souhaitez simplifier le suivi de ceux-ci utilisez l&#039;application mobile de billetterie d&#039;Arc En Ciel.\" \/>\n<meta name=\"robots\" content=\"index, follow, max-snippet:-1, max-image-preview:large, max-video-preview:-1\" \/>\n<link rel=\"canonical\" href=\"https:\/\/atl-software.net\/lapplication-mobile-billetterie-pour-les-evenements-culturels\/\" \/>\n<meta property=\"og:locale\" content=\"es_ES\" \/>\n<meta property=\"og:type\" content=\"article\" \/>\n<meta property=\"og:title\" content=\"Sab\u00edas ? Aplicaci\u00f3n de tickets en su m\u00f3vil - ATL Software\" \/>\n<meta property=\"og:description\" content=\"Si vous programmez des \u00e9v\u00e9nements culturels et que vous souhaitez simplifier le suivi de ceux-ci utilisez l&#039;application mobile de billetterie d&#039;Arc En Ciel.\" \/>\n<meta property=\"og:url\" content=\"https:\/\/atl-software.net\/lapplication-mobile-billetterie-pour-les-evenements-culturels\/\" \/>\n<meta property=\"og:site_name\" content=\"ATL Software\" \/>\n<meta property=\"article:publisher\" content=\"https:\/\/www.facebook.com\/ATL-Software-724527551053606\/\" \/>\n<meta property=\"article:modified_time\" content=\"2018-12-14T10:50:46+00:00\" \/>\n<meta property=\"og:image\" content=\"http:\/\/atl-software.net\/wp-content\/uploads\/2018\/12\/Event-ticket-95x300.png\" \/>\n<meta name=\"twitter:card\" content=\"summary_large_image\" \/>\n<meta name=\"twitter:site\" content=\"@SoftwareAtl\" \/>\n<meta name=\"twitter:label1\" content=\"Est. reading time\" \/>\n\t<meta name=\"twitter:data1\" content=\"4 minutos\" \/>\n<script type=\"application\/ld+json\" class=\"yoast-schema-graph\">{\"@context\":\"https:\/\/schema.org\",\"@graph\":[{\"@type\":\"WebPage\",\"@id\":\"https:\/\/atl-software.net\/lapplication-mobile-billetterie-pour-les-evenements-culturels\/\",\"url\":\"https:\/\/atl-software.net\/lapplication-mobile-billetterie-pour-les-evenements-culturels\/\",\"name\":\"Sab\u00edas ? Aplicaci\u00f3n de tickets en su m\u00f3vil - ATL Software\",\"isPartOf\":{\"@id\":\"https:\/\/atl-software.net\/#website\"},\"datePublished\":\"2018-12-12T13:59:16+00:00\",\"dateModified\":\"2018-12-14T10:50:46+00:00\",\"description\":\"Si vous programmez des \u00e9v\u00e9nements culturels et que vous souhaitez simplifier le suivi de ceux-ci utilisez l'application mobile de billetterie d'Arc En Ciel.\",\"breadcrumb\":{\"@id\":\"https:\/\/atl-software.net\/lapplication-mobile-billetterie-pour-les-evenements-culturels\/#breadcrumb\"},\"inLanguage\":\"es\",\"potentialAction\":[{\"@type\":\"ReadAction\",\"target\":[\"https:\/\/atl-software.net\/lapplication-mobile-billetterie-pour-les-evenements-culturels\/\"]}]},{\"@type\":\"BreadcrumbList\",\"@id\":\"https:\/\/atl-software.net\/lapplication-mobile-billetterie-pour-les-evenements-culturels\/#breadcrumb\",\"itemListElement\":[{\"@type\":\"ListItem\",\"position\":1,\"name\":\"Accueil\",\"item\":\"https:\/\/atl-software.net\/en\/\"},{\"@type\":\"ListItem\",\"position\":2,\"name\":\"L&rsquo;Application mobile billetterie pour les \u00e9v\u00e9nements culturels\"}]},{\"@type\":\"WebSite\",\"@id\":\"https:\/\/atl-software.net\/#website\",\"url\":\"https:\/\/atl-software.net\/\",\"name\":\"ATL Software\",\"description\":\"\",\"publisher\":{\"@id\":\"https:\/\/atl-software.net\/#organization\"},\"potentialAction\":[{\"@type\":\"SearchAction\",\"target\":{\"@type\":\"EntryPoint\",\"urlTemplate\":\"https:\/\/atl-software.net\/?s={search_term_string}\"},\"query-input\":\"required name=search_term_string\"}],\"inLanguage\":\"es\"},{\"@type\":\"Organization\",\"@id\":\"https:\/\/atl-software.net\/#organization\",\"name\":\"ATL Software\",\"url\":\"https:\/\/atl-software.net\/\",\"logo\":{\"@type\":\"ImageObject\",\"inLanguage\":\"es\",\"@id\":\"https:\/\/atl-software.net\/#\/schema\/logo\/image\/\",\"url\":\"https:\/\/atl-software.net\/wp-content\/uploads\/2023\/04\/Interfaz-moderna-AEC.png\",\"contentUrl\":\"https:\/\/atl-software.net\/wp-content\/uploads\/2023\/04\/Interfaz-moderna-AEC.png\",\"width\":918,\"height\":673,\"caption\":\"ATL Software\"},\"image\":{\"@id\":\"https:\/\/atl-software.net\/#\/schema\/logo\/image\/\"},\"sameAs\":[\"https:\/\/www.facebook.com\/ATL-Software-724527551053606\/\",\"https:\/\/twitter.com\/SoftwareAtl\",\"https:\/\/www.linkedin.com\/in\/atl-software-logiciel-arc-en-ciel-a9428b91\/\",\"https:\/\/www.youtube.com\/watch?v=prCVSFs_vZg\"]}]}<\/script>\n<!-- \/ Yoast SEO plugin. -->","yoast_head_json":{"title":"Sab\u00edas ? Aplicaci\u00f3n de tickets en su m\u00f3vil - ATL Software","description":"Si vous programmez des \u00e9v\u00e9nements culturels et que vous souhaitez simplifier le suivi de ceux-ci utilisez l'application mobile de billetterie d'Arc En Ciel.","robots":{"index":"index","follow":"follow","max-snippet":"max-snippet:-1","max-image-preview":"max-image-preview:large","max-video-preview":"max-video-preview:-1"},"canonical":"https:\/\/atl-software.net\/lapplication-mobile-billetterie-pour-les-evenements-culturels\/","og_locale":"es_ES","og_type":"article","og_title":"Sab\u00edas ? Aplicaci\u00f3n de tickets en su m\u00f3vil - ATL Software","og_description":"Si vous programmez des \u00e9v\u00e9nements culturels et que vous souhaitez simplifier le suivi de ceux-ci utilisez l'application mobile de billetterie d'Arc En Ciel.","og_url":"https:\/\/atl-software.net\/lapplication-mobile-billetterie-pour-les-evenements-culturels\/","og_site_name":"ATL Software","article_publisher":"https:\/\/www.facebook.com\/ATL-Software-724527551053606\/","article_modified_time":"2018-12-14T10:50:46+00:00","og_image":[{"url":"http:\/\/atl-software.net\/wp-content\/uploads\/2018\/12\/Event-ticket-95x300.png"}],"twitter_card":"summary_large_image","twitter_site":"@SoftwareAtl","twitter_misc":{"Est. reading time":"4 minutos"},"schema":{"@context":"https:\/\/schema.org","@graph":[{"@type":"WebPage","@id":"https:\/\/atl-software.net\/lapplication-mobile-billetterie-pour-les-evenements-culturels\/","url":"https:\/\/atl-software.net\/lapplication-mobile-billetterie-pour-les-evenements-culturels\/","name":"Sab\u00edas ? Aplicaci\u00f3n de tickets en su m\u00f3vil - ATL Software","isPartOf":{"@id":"https:\/\/atl-software.net\/#website"},"datePublished":"2018-12-12T13:59:16+00:00","dateModified":"2018-12-14T10:50:46+00:00","description":"Si vous programmez des \u00e9v\u00e9nements culturels et que vous souhaitez simplifier le suivi de ceux-ci utilisez l'application mobile de billetterie d'Arc En Ciel.","breadcrumb":{"@id":"https:\/\/atl-software.net\/lapplication-mobile-billetterie-pour-les-evenements-culturels\/#breadcrumb"},"inLanguage":"es","potentialAction":[{"@type":"ReadAction","target":["https:\/\/atl-software.net\/lapplication-mobile-billetterie-pour-les-evenements-culturels\/"]}]},{"@type":"BreadcrumbList","@id":"https:\/\/atl-software.net\/lapplication-mobile-billetterie-pour-les-evenements-culturels\/#breadcrumb","itemListElement":[{"@type":"ListItem","position":1,"name":"Accueil","item":"https:\/\/atl-software.net\/en\/"},{"@type":"ListItem","position":2,"name":"L&rsquo;Application mobile billetterie pour les \u00e9v\u00e9nements culturels"}]},{"@type":"WebSite","@id":"https:\/\/atl-software.net\/#website","url":"https:\/\/atl-software.net\/","name":"ATL Software","description":"","publisher":{"@id":"https:\/\/atl-software.net\/#organization"},"potentialAction":[{"@type":"SearchAction","target":{"@type":"EntryPoint","urlTemplate":"https:\/\/atl-software.net\/?s={search_term_string}"},"query-input":"required name=search_term_string"}],"inLanguage":"es"},{"@type":"Organization","@id":"https:\/\/atl-software.net\/#organization","name":"ATL Software","url":"https:\/\/atl-software.net\/","logo":{"@type":"ImageObject","inLanguage":"es","@id":"https:\/\/atl-software.net\/#\/schema\/logo\/image\/","url":"https:\/\/atl-software.net\/wp-content\/uploads\/2023\/04\/Interfaz-moderna-AEC.png","contentUrl":"https:\/\/atl-software.net\/wp-content\/uploads\/2023\/04\/Interfaz-moderna-AEC.png","width":918,"height":673,"caption":"ATL Software"},"image":{"@id":"https:\/\/atl-software.net\/#\/schema\/logo\/image\/"},"sameAs":["https:\/\/www.facebook.com\/ATL-Software-724527551053606\/","https:\/\/twitter.com\/SoftwareAtl","https:\/\/www.linkedin.com\/in\/atl-software-logiciel-arc-en-ciel-a9428b91\/","https:\/\/www.youtube.com\/watch?v=prCVSFs_vZg"]}]}},"uagb_featured_image_src":{"full":false,"thumbnail":false,"medium":false,"medium_large":false,"large":false,"1536x1536":false,"2048x2048":false,"bones-thumb-600":false,"bones-thumb-300":false,"post-thumbnail":false},"uagb_author_info":{"display_name":"admin","author_link":"https:\/\/atl-software.net\/es\/author\/admin\/"},"uagb_comment_info":0,"uagb_excerpt":"\u00bfEst\u00e1 planeando eventos culturales y quiere simplificar el seguimiento de las entradas y asistencias? \u00bfQuiere evitar listas de papel y colas de espera? \u00bfConocer en tiempo real a las personas presentes? Es f\u00e1cil con la aplicaci\u00f3n de tickets conectada al software Arc-en-Ciel. Esta aplicaci\u00f3n es poco conocida pero, sin embargo, le da una gran ventaja...&hellip;","_links":{"self":[{"href":"https:\/\/atl-software.net\/es\/wp-json\/wp\/v2\/pages\/1156"}],"collection":[{"href":"https:\/\/atl-software.net\/es\/wp-json\/wp\/v2\/pages"}],"about":[{"href":"https:\/\/atl-software.net\/es\/wp-json\/wp\/v2\/types\/page"}],"author":[{"embeddable":true,"href":"https:\/\/atl-software.net\/es\/wp-json\/wp\/v2\/users\/2"}],"replies":[{"embeddable":true,"href":"https:\/\/atl-software.net\/es\/wp-json\/wp\/v2\/comments?post=1156"}],"version-history":[{"count":8,"href":"https:\/\/atl-software.net\/es\/wp-json\/wp\/v2\/pages\/1156\/revisions"}],"predecessor-version":[{"id":1193,"href":"https:\/\/atl-software.net\/es\/wp-json\/wp\/v2\/pages\/1156\/revisions\/1193"}],"wp:attachment":[{"href":"https:\/\/atl-software.net\/es\/wp-json\/wp\/v2\/media?parent=1156"}],"curies":[{"name":"wp","href":"https:\/\/api.w.org\/{rel}","templated":true}]}}