{"id":1076,"date":"2018-11-19T12:04:22","date_gmt":"2018-11-19T11:04:22","guid":{"rendered":"http:\/\/atl-software.net\/?page_id=1076"},"modified":"2018-12-07T14:27:59","modified_gmt":"2018-12-07T13:27:59","slug":"version-2-10-12","status":"publish","type":"page","link":"https:\/\/atl-software.net\/es\/version-2-10-12\/","title":{"rendered":"La versi\u00f3n 2.10.12 del software de gesti\u00f3n de cursos AEC ya est\u00e1 disponible"},"content":{"rendered":"<p>ATL Software hace evolucionar de manera constante su oferta de acuerdo a sus peticiones.<\/p>\n<p>Estamos orgullosos de presentarles las <strong>funcionalidades<\/strong> claves de la <strong>nueva<\/strong> <strong>versi\u00f3n<\/strong> del <a href=\"https:\/\/atl-software.net\/es\/nos-solutions\/arc-en-ciel\/\"><strong>programa<\/strong> de <strong>gesti\u00f3n<\/strong> <strong>de<\/strong> <strong>cursos<\/strong> <strong>Arc-en-Ciel<\/strong> (AEC)<\/a> :<\/p>\n<p>1\/ Complementos del m\u00f3dulo de <strong>gesti\u00f3n<\/strong> de los <strong>ex\u00e1menes<\/strong> :<\/p>\n<p>&#8211; Gesti\u00f3n de los jurados, tomando en cuenta las horas en el reporte de horas,<\/p>\n<img decoding=\"async\" loading=\"lazy\" class=\"alignnone wp-image-1031 size-full\" src=\"http:\/\/atl-software.net\/wp-content\/uploads\/2018\/10\/Heures-jury-enseignant.jpg\" alt=\"heures-jury-enseignant\" width=\"800\" height=\"205\" srcset=\"https:\/\/atl-software.net\/wp-content\/uploads\/2018\/10\/Heures-jury-enseignant.jpg 800w, https:\/\/atl-software.net\/wp-content\/uploads\/2018\/10\/Heures-jury-enseignant-300x77.jpg 300w, https:\/\/atl-software.net\/wp-content\/uploads\/2018\/10\/Heures-jury-enseignant-768x197.jpg 768w\" sizes=\"(max-width: 800px) 100vw, 800px\" \/>\n<p>&nbsp;<\/p>\n<p>&#8211; <strong>Inscripci\u00f3n<\/strong> <strong>en<\/strong> <strong>l\u00ednea<\/strong> a los ex\u00e1menes en la <strong><a href=\"https:\/\/atl-software.net\/es\/nos-solutions\/kiosque\/\">plataforma Kiosque<\/a><\/strong>, con <strong>pagos<\/strong> <strong>en<\/strong> <strong>l\u00ednea<\/strong> por <strong>tarjeta<\/strong> <strong>bancaria,<\/strong><\/p>\n<img decoding=\"async\" loading=\"lazy\" class=\"alignnone wp-image-1030 size-full\" src=\"http:\/\/atl-software.net\/wp-content\/uploads\/2018\/10\/Formulaire-inscription-examen.jpg\" alt=\"formulaire-inscription-examen\" width=\"730\" height=\"586\" srcset=\"https:\/\/atl-software.net\/wp-content\/uploads\/2018\/10\/Formulaire-inscription-examen.jpg 730w, https:\/\/atl-software.net\/wp-content\/uploads\/2018\/10\/Formulaire-inscription-examen-300x241.jpg 300w\" sizes=\"(max-width: 730px) 100vw, 730px\" \/>\n<p>&nbsp;<\/p>\n<p>&#8211; Exportaci\u00f3n de los candidatos inscritos hacia el <strong>programa<\/strong> <strong>DELF<\/strong> <strong>Prog<\/strong> del <strong>CIEP.<\/strong><\/p>\n<img decoding=\"async\" loading=\"lazy\" class=\"alignnone size-medium wp-image-1029\" src=\"http:\/\/atl-software.net\/wp-content\/uploads\/2018\/10\/Export-DELF-Prog-CIEP-300x218.jpg\" alt=\"export-delf-prog-ciep\" width=\"300\" height=\"218\" \/>\n<p>&nbsp;<\/p>\n<p>2\/ <strong>Exportaci\u00f3n<\/strong> <strong>Excel<\/strong> :<br \/>\n&#8211; Ejemplo : El reporte de horas de los docentes se exporta hacia Excel y el archivo est\u00e1 divido en 3 pesta\u00f1as : vista del reporte, detalles y total.<\/p>\n<img decoding=\"async\" loading=\"lazy\" class=\"alignnone wp-image-1028 size-full\" src=\"http:\/\/atl-software.net\/wp-content\/uploads\/2018\/10\/3-onglets-enseignants.jpg\" alt=\"3-onglets-enseignants_AEC_ATL\" width=\"747\" height=\"300\" srcset=\"https:\/\/atl-software.net\/wp-content\/uploads\/2018\/10\/3-onglets-enseignants.jpg 747w, https:\/\/atl-software.net\/wp-content\/uploads\/2018\/10\/3-onglets-enseignants-300x120.jpg 300w\" sizes=\"(max-width: 747px) 100vw, 747px\" \/>\n<p>&nbsp;<\/p>\n<p>3\/ <strong>Nueva visualizaci\u00f3n<\/strong> <strong>disponible<\/strong> para el cat\u00e1logo de cursos :<br \/>\n&#8211; Puede elegir entre 3 opciones disponibles para la visualizaci\u00f3n de su cat\u00e1logo de cursos en la plataforma Kiosque.<\/p>\n<img decoding=\"async\" loading=\"lazy\" class=\"alignnone wp-image-1032 size-full\" src=\"http:\/\/atl-software.net\/wp-content\/uploads\/2018\/10\/Nouvelle-webapp-avec-filtres.jpg\" alt=\"nouvelle-webapp-avec-filtres\" width=\"823\" height=\"843\" srcset=\"https:\/\/atl-software.net\/wp-content\/uploads\/2018\/10\/Nouvelle-webapp-avec-filtres.jpg 823w, https:\/\/atl-software.net\/wp-content\/uploads\/2018\/10\/Nouvelle-webapp-avec-filtres-293x300.jpg 293w, https:\/\/atl-software.net\/wp-content\/uploads\/2018\/10\/Nouvelle-webapp-avec-filtres-768x787.jpg 768w\" sizes=\"(max-width: 823px) 100vw, 823px\" \/>\n<p>&nbsp;<\/p>\n<p>4\/ <strong>Nuevo<\/strong> <strong>bot\u00f3n<\/strong> \u201c<strong>Pagar<\/strong>\u201d disponibe en el espacio personal Kiosque para los alumnos.<\/p>\n<img decoding=\"async\" loading=\"lazy\" class=\"alignnone wp-image-1033 size-full\" src=\"http:\/\/atl-software.net\/wp-content\/uploads\/2018\/10\/Payer-r\u00e9servation-en-ligne.jpg\" alt=\"payer-reservation-en-ligne\" width=\"1127\" height=\"406\" srcset=\"https:\/\/atl-software.net\/wp-content\/uploads\/2018\/10\/Payer-r\u00e9servation-en-ligne.jpg 1127w, https:\/\/atl-software.net\/wp-content\/uploads\/2018\/10\/Payer-r\u00e9servation-en-ligne-300x108.jpg 300w, https:\/\/atl-software.net\/wp-content\/uploads\/2018\/10\/Payer-r\u00e9servation-en-ligne-768x277.jpg 768w, https:\/\/atl-software.net\/wp-content\/uploads\/2018\/10\/Payer-r\u00e9servation-en-ligne-1024x369.jpg 1024w\" sizes=\"(max-width: 1127px) 100vw, 1127px\" \/>\n<p>&nbsp;<\/p>\n<p>El objetivo es de poder proceder a <strong>pagar<\/strong> <strong>en<\/strong> <strong>l\u00ednea<\/strong>, por <strong>tarjeta bancaria, inscripciones<\/strong> que estar\u00edan pendientes de confirmaci\u00f3n (ejemplo : reservaciones realizadas en l\u00ednea, por tel\u00e9fono o directamente desde el establecimiento).<\/p>\n<p>\u00bf Est\u00e1 interesado en <strong>nuestro<\/strong> <strong>programa<\/strong> <strong>de<\/strong> <strong>gesti\u00f3n<\/strong> <strong>de<\/strong> <strong>cursos Arc-en-Ciel<\/strong> ?<br \/>\n\u00bf Desea obtener a\u00fan m\u00e1s informaciones acerca de esta nueva versi\u00f3n ? \u00a1 <a href=\"https:\/\/atl-software.net\/es\/atl-software\/contact\/\">Cont\u00e1ctenos<\/a> !<\/p>","protected":false},"excerpt":{"rendered":"<p>ATL Software hace evolucionar de manera constante su oferta de acuerdo a sus peticiones. Estamos orgullosos de presentarles las funcionalidades claves de la nueva versi\u00f3n del programa de gesti\u00f3n de cursos Arc-en-Ciel (AEC) : 1\/ Complementos del m\u00f3dulo de gesti\u00f3n de los ex\u00e1menes : &#8211; Gesti\u00f3n de los jurados, tomando en cuenta las horas en&#8230;  <a class=\"excerpt-read-more\" href=\"https:\/\/atl-software.net\/es\/version-2-10-12\/\" title=\"Read La versi\u00f3n 2.10.12 del software de gesti\u00f3n de cursos AEC ya est\u00e1 disponible\">Leer m\u00e1s &raquo;<\/a><\/p>\n","protected":false},"author":2,"featured_media":0,"parent":0,"menu_order":0,"comment_status":"closed","ping_status":"closed","template":"template\/template-ml.php","meta":{"_uag_custom_page_level_css":""},"acf":[],"yoast_head":"<!-- This site is optimized with the Yoast SEO plugin v20.13 - https:\/\/yoast.com\/wordpress\/plugins\/seo\/ -->\n<title>La nueva versi\u00f3n del software de gesti\u00f3n de cursos AEC ya est\u00e1 disponible<\/title>\n<meta name=\"robots\" content=\"index, follow, max-snippet:-1, max-image-preview:large, max-video-preview:-1\" \/>\n<link rel=\"canonical\" href=\"https:\/\/atl-software.net\/es\/version-2-10-12\/\" \/>\n<meta property=\"og:locale\" content=\"es_ES\" \/>\n<meta property=\"og:type\" content=\"article\" \/>\n<meta property=\"og:title\" content=\"La nueva versi\u00f3n del software de gesti\u00f3n de cursos AEC ya est\u00e1 disponible\" \/>\n<meta property=\"og:description\" content=\"ATL Software hace evolucionar de manera constante su oferta de acuerdo a sus peticiones. Estamos orgullosos de presentarles las funcionalidades claves de la nueva versi\u00f3n del programa de gesti\u00f3n de cursos Arc-en-Ciel (AEC) : 1\/ Complementos del m\u00f3dulo de gesti\u00f3n de los ex\u00e1menes : &#8211; Gesti\u00f3n de los jurados, tomando en cuenta las horas en... Leer m\u00e1s &raquo;\" \/>\n<meta property=\"og:url\" content=\"https:\/\/atl-software.net\/es\/version-2-10-12\/\" \/>\n<meta property=\"og:site_name\" content=\"ATL Software\" \/>\n<meta property=\"article:publisher\" content=\"https:\/\/www.facebook.com\/ATL-Software-724527551053606\/\" \/>\n<meta property=\"article:modified_time\" content=\"2018-12-07T13:27:59+00:00\" \/>\n<meta property=\"og:image\" content=\"http:\/\/atl-software.net\/wp-content\/uploads\/2018\/10\/Heures-jury-enseignant.jpg\" \/>\n<meta name=\"twitter:card\" content=\"summary_large_image\" \/>\n<meta name=\"twitter:site\" content=\"@SoftwareAtl\" \/>\n<meta name=\"twitter:label1\" content=\"Est. reading time\" \/>\n\t<meta name=\"twitter:data1\" content=\"3 minutos\" \/>\n<script type=\"application\/ld+json\" class=\"yoast-schema-graph\">{\"@context\":\"https:\/\/schema.org\",\"@graph\":[{\"@type\":\"WebPage\",\"@id\":\"https:\/\/atl-software.net\/es\/version-2-10-12\/\",\"url\":\"https:\/\/atl-software.net\/es\/version-2-10-12\/\",\"name\":\"La nueva versi\u00f3n del software de gesti\u00f3n de cursos AEC ya est\u00e1 disponible\",\"isPartOf\":{\"@id\":\"https:\/\/atl-software.net\/#website\"},\"datePublished\":\"2018-11-19T11:04:22+00:00\",\"dateModified\":\"2018-12-07T13:27:59+00:00\",\"breadcrumb\":{\"@id\":\"https:\/\/atl-software.net\/es\/version-2-10-12\/#breadcrumb\"},\"inLanguage\":\"es\",\"potentialAction\":[{\"@type\":\"ReadAction\",\"target\":[\"https:\/\/atl-software.net\/es\/version-2-10-12\/\"]}]},{\"@type\":\"BreadcrumbList\",\"@id\":\"https:\/\/atl-software.net\/es\/version-2-10-12\/#breadcrumb\",\"itemListElement\":[{\"@type\":\"ListItem\",\"position\":1,\"name\":\"Accueil\",\"item\":\"https:\/\/atl-software.net\/en\/\"},{\"@type\":\"ListItem\",\"position\":2,\"name\":\"La versi\u00f3n 2.10.12 del software de gesti\u00f3n de cursos AEC ya est\u00e1 disponible\"}]},{\"@type\":\"WebSite\",\"@id\":\"https:\/\/atl-software.net\/#website\",\"url\":\"https:\/\/atl-software.net\/\",\"name\":\"ATL Software\",\"description\":\"\",\"publisher\":{\"@id\":\"https:\/\/atl-software.net\/#organization\"},\"potentialAction\":[{\"@type\":\"SearchAction\",\"target\":{\"@type\":\"EntryPoint\",\"urlTemplate\":\"https:\/\/atl-software.net\/?s={search_term_string}\"},\"query-input\":\"required name=search_term_string\"}],\"inLanguage\":\"es\"},{\"@type\":\"Organization\",\"@id\":\"https:\/\/atl-software.net\/#organization\",\"name\":\"ATL Software\",\"url\":\"https:\/\/atl-software.net\/\",\"logo\":{\"@type\":\"ImageObject\",\"inLanguage\":\"es\",\"@id\":\"https:\/\/atl-software.net\/#\/schema\/logo\/image\/\",\"url\":\"https:\/\/atl-software.net\/wp-content\/uploads\/2023\/04\/Interfaz-moderna-AEC.png\",\"contentUrl\":\"https:\/\/atl-software.net\/wp-content\/uploads\/2023\/04\/Interfaz-moderna-AEC.png\",\"width\":918,\"height\":673,\"caption\":\"ATL Software\"},\"image\":{\"@id\":\"https:\/\/atl-software.net\/#\/schema\/logo\/image\/\"},\"sameAs\":[\"https:\/\/www.facebook.com\/ATL-Software-724527551053606\/\",\"https:\/\/twitter.com\/SoftwareAtl\",\"https:\/\/www.linkedin.com\/in\/atl-software-logiciel-arc-en-ciel-a9428b91\/\",\"https:\/\/www.youtube.com\/watch?v=prCVSFs_vZg\"]}]}<\/script>\n<!-- \/ Yoast SEO plugin. -->","yoast_head_json":{"title":"La nueva versi\u00f3n del software de gesti\u00f3n de cursos AEC ya est\u00e1 disponible","robots":{"index":"index","follow":"follow","max-snippet":"max-snippet:-1","max-image-preview":"max-image-preview:large","max-video-preview":"max-video-preview:-1"},"canonical":"https:\/\/atl-software.net\/es\/version-2-10-12\/","og_locale":"es_ES","og_type":"article","og_title":"La nueva versi\u00f3n del software de gesti\u00f3n de cursos AEC ya est\u00e1 disponible","og_description":"ATL Software hace evolucionar de manera constante su oferta de acuerdo a sus peticiones. Estamos orgullosos de presentarles las funcionalidades claves de la nueva versi\u00f3n del programa de gesti\u00f3n de cursos Arc-en-Ciel (AEC) : 1\/ Complementos del m\u00f3dulo de gesti\u00f3n de los ex\u00e1menes : &#8211; Gesti\u00f3n de los jurados, tomando en cuenta las horas en... Leer m\u00e1s &raquo;","og_url":"https:\/\/atl-software.net\/es\/version-2-10-12\/","og_site_name":"ATL Software","article_publisher":"https:\/\/www.facebook.com\/ATL-Software-724527551053606\/","article_modified_time":"2018-12-07T13:27:59+00:00","og_image":[{"url":"http:\/\/atl-software.net\/wp-content\/uploads\/2018\/10\/Heures-jury-enseignant.jpg"}],"twitter_card":"summary_large_image","twitter_site":"@SoftwareAtl","twitter_misc":{"Est. reading time":"3 minutos"},"schema":{"@context":"https:\/\/schema.org","@graph":[{"@type":"WebPage","@id":"https:\/\/atl-software.net\/es\/version-2-10-12\/","url":"https:\/\/atl-software.net\/es\/version-2-10-12\/","name":"La nueva versi\u00f3n del software de gesti\u00f3n de cursos AEC ya est\u00e1 disponible","isPartOf":{"@id":"https:\/\/atl-software.net\/#website"},"datePublished":"2018-11-19T11:04:22+00:00","dateModified":"2018-12-07T13:27:59+00:00","breadcrumb":{"@id":"https:\/\/atl-software.net\/es\/version-2-10-12\/#breadcrumb"},"inLanguage":"es","potentialAction":[{"@type":"ReadAction","target":["https:\/\/atl-software.net\/es\/version-2-10-12\/"]}]},{"@type":"BreadcrumbList","@id":"https:\/\/atl-software.net\/es\/version-2-10-12\/#breadcrumb","itemListElement":[{"@type":"ListItem","position":1,"name":"Accueil","item":"https:\/\/atl-software.net\/en\/"},{"@type":"ListItem","position":2,"name":"La versi\u00f3n 2.10.12 del software de gesti\u00f3n de cursos AEC ya est\u00e1 disponible"}]},{"@type":"WebSite","@id":"https:\/\/atl-software.net\/#website","url":"https:\/\/atl-software.net\/","name":"ATL Software","description":"","publisher":{"@id":"https:\/\/atl-software.net\/#organization"},"potentialAction":[{"@type":"SearchAction","target":{"@type":"EntryPoint","urlTemplate":"https:\/\/atl-software.net\/?s={search_term_string}"},"query-input":"required name=search_term_string"}],"inLanguage":"es"},{"@type":"Organization","@id":"https:\/\/atl-software.net\/#organization","name":"ATL Software","url":"https:\/\/atl-software.net\/","logo":{"@type":"ImageObject","inLanguage":"es","@id":"https:\/\/atl-software.net\/#\/schema\/logo\/image\/","url":"https:\/\/atl-software.net\/wp-content\/uploads\/2023\/04\/Interfaz-moderna-AEC.png","contentUrl":"https:\/\/atl-software.net\/wp-content\/uploads\/2023\/04\/Interfaz-moderna-AEC.png","width":918,"height":673,"caption":"ATL Software"},"image":{"@id":"https:\/\/atl-software.net\/#\/schema\/logo\/image\/"},"sameAs":["https:\/\/www.facebook.com\/ATL-Software-724527551053606\/","https:\/\/twitter.com\/SoftwareAtl","https:\/\/www.linkedin.com\/in\/atl-software-logiciel-arc-en-ciel-a9428b91\/","https:\/\/www.youtube.com\/watch?v=prCVSFs_vZg"]}]}},"uagb_featured_image_src":{"full":false,"thumbnail":false,"medium":false,"medium_large":false,"large":false,"1536x1536":false,"2048x2048":false,"bones-thumb-600":false,"bones-thumb-300":false,"post-thumbnail":false},"uagb_author_info":{"display_name":"admin","author_link":"https:\/\/atl-software.net\/es\/author\/admin\/"},"uagb_comment_info":0,"uagb_excerpt":"ATL Software hace evolucionar de manera constante su oferta de acuerdo a sus peticiones. Estamos orgullosos de presentarles las funcionalidades claves de la nueva versi\u00f3n del programa de gesti\u00f3n de cursos Arc-en-Ciel (AEC) : 1\/ Complementos del m\u00f3dulo de gesti\u00f3n de los ex\u00e1menes : &#8211; Gesti\u00f3n de los jurados, tomando en cuenta las horas en...&hellip;","_links":{"self":[{"href":"https:\/\/atl-software.net\/es\/wp-json\/wp\/v2\/pages\/1076"}],"collection":[{"href":"https:\/\/atl-software.net\/es\/wp-json\/wp\/v2\/pages"}],"about":[{"href":"https:\/\/atl-software.net\/es\/wp-json\/wp\/v2\/types\/page"}],"author":[{"embeddable":true,"href":"https:\/\/atl-software.net\/es\/wp-json\/wp\/v2\/users\/2"}],"replies":[{"embeddable":true,"href":"https:\/\/atl-software.net\/es\/wp-json\/wp\/v2\/comments?post=1076"}],"version-history":[{"count":48,"href":"https:\/\/atl-software.net\/es\/wp-json\/wp\/v2\/pages\/1076\/revisions"}],"predecessor-version":[{"id":1143,"href":"https:\/\/atl-software.net\/es\/wp-json\/wp\/v2\/pages\/1076\/revisions\/1143"}],"wp:attachment":[{"href":"https:\/\/atl-software.net\/es\/wp-json\/wp\/v2\/media?parent=1076"}],"curies":[{"name":"wp","href":"https:\/\/api.w.org\/{rel}","templated":true}]}}