{"id":1004,"date":"2018-12-12T15:01:59","date_gmt":"2018-12-12T14:01:59","guid":{"rendered":"http:\/\/atl-software.net\/?page_id=1004"},"modified":"2018-12-14T11:43:39","modified_gmt":"2018-12-14T10:43:39","slug":"formation-arc-en-ciel-a-lecole-aaa-de-paris","status":"publish","type":"page","link":"https:\/\/atl-software.net\/es\/formation-arc-en-ciel-a-lecole-aaa-de-paris\/","title":{"rendered":"Capacitaci\u00f3n Arc-en-Ciel en la escuela AAA de Par\u00eds"},"content":{"rendered":"<p><a href=\"https:\/\/aaaparis.net\/fr\/\">La escuela AAA en Par\u00eds<\/a> es un instituto especializado en la ense\u00f1anza de idiomas y el intercambio cultural. La escuela ofrece un lugar de encuentro y de intercambio entre los expatriados asi\u00e1ticos y los amantes franceses de Asia. Fundado en el a\u00f1o 1989 por la Asociaci\u00f3n de Amistades Asi\u00e1ticas, el establecimiento propone capacitaci\u00f3n en franc\u00e9s, chino, coreano, japon\u00e9s y tambi\u00e9n clases de manga (1\u00aa escuela en Francia). Este singular programa de aprendizaje de Manga, que dura 3 a\u00f1os, est\u00e1 animado en franc\u00e9s por un mangaka japon\u00e9s. Los cursos les permiten a los estudiantes forjar sus propios estilos y, tal vez, como algunos ex alumnos, entrar en el segundo mercado de manga m\u00e1s grande del mundo : Francia. La escuela AAA est\u00e1 en perpetua evoluci\u00f3n. La oferta de curso cubre todos los niveles y las clases le permiten aprender de una manera innovadora. Adem\u00e1s de los m\u00e9todos de ense\u00f1anza tradicionales, la escuela ha desarrollado nuevas herramientas educativas, como el aprendizaje electr\u00f3nico. Muy apreciados, estos cursos demuestran la voluntad de la escuela de pensar en vanguardia para satisfacer mejor las necesidades de los estudiantes al incorporar los \u00faltimos avances tecnol\u00f3gicos. Por lo tanto, era importante que la AAA en Par\u00eds tuviera un software de gesti\u00f3n de cursos que se ajustara a sus ambiciones y que fuera f\u00e1cil de implementar.<\/p>\n<p>&nbsp;<\/p>\n<img decoding=\"async\" loading=\"lazy\" class=\"alignnone size-medium wp-image-1169\" src=\"http:\/\/atl-software.net\/wp-content\/uploads\/2018\/12\/photo-3-300x224.jpg\" alt=\"photo-3\" width=\"300\" height=\"224\" srcset=\"https:\/\/atl-software.net\/wp-content\/uploads\/2018\/12\/photo-3-300x224.jpg 300w, https:\/\/atl-software.net\/wp-content\/uploads\/2018\/12\/photo-3-768x574.jpg 768w, https:\/\/atl-software.net\/wp-content\/uploads\/2018\/12\/photo-3-1024x765.jpg 1024w, https:\/\/atl-software.net\/wp-content\/uploads\/2018\/12\/photo-3.jpg 1296w\" sizes=\"(max-width: 300px) 100vw, 300px\" \/> <img decoding=\"async\" loading=\"lazy\" class=\"alignnone size-medium wp-image-1168\" src=\"http:\/\/atl-software.net\/wp-content\/uploads\/2018\/12\/photo-2-300x224.jpg\" alt=\"photo-2\" width=\"300\" height=\"224\" srcset=\"https:\/\/atl-software.net\/wp-content\/uploads\/2018\/12\/photo-2-300x224.jpg 300w, https:\/\/atl-software.net\/wp-content\/uploads\/2018\/12\/photo-2-768x574.jpg 768w, https:\/\/atl-software.net\/wp-content\/uploads\/2018\/12\/photo-2-1024x765.jpg 1024w, https:\/\/atl-software.net\/wp-content\/uploads\/2018\/12\/photo-2.jpg 1296w\" sizes=\"(max-width: 300px) 100vw, 300px\" \/> <img decoding=\"async\" loading=\"lazy\" class=\"alignnone size-medium wp-image-1167\" src=\"http:\/\/atl-software.net\/wp-content\/uploads\/2018\/12\/photo-1-300x224.jpg\" alt=\"photo-1\" width=\"300\" height=\"224\" srcset=\"https:\/\/atl-software.net\/wp-content\/uploads\/2018\/12\/photo-1-300x224.jpg 300w, https:\/\/atl-software.net\/wp-content\/uploads\/2018\/12\/photo-1-768x574.jpg 768w, https:\/\/atl-software.net\/wp-content\/uploads\/2018\/12\/photo-1-1024x765.jpg 1024w, https:\/\/atl-software.net\/wp-content\/uploads\/2018\/12\/photo-1.jpg 1296w\" sizes=\"(max-width: 300px) 100vw, 300px\" \/>\n<p><strong>ATL Software y AAA Par\u00eds <\/strong><\/p>\n<p>Nuestro capacitador en <strong>ATL Software<\/strong> imparti\u00f3 un taller de capacitaci\u00f3n de 2 d\u00edas sobre el uso del programa de gesti\u00f3n de cursos <strong>Arc-en-Ciel (AEC).<\/strong> Durante esta sesi\u00f3n, se revisaron todas las funciones de gesti\u00f3n actuales, como la gesti\u00f3n de la agenda, la gesti\u00f3n y el seguimiento de los cursos, la inscripci\u00f3n, etc. Los usuarios pudieron apreciar el asesoramiento y la transferencia de habilidades realizadas. Al final de la capacitaci\u00f3n sobre el software AEC, los usuarios estuvieron operacionales de inmediato en el entorno personalizado para el contexto de AAA. El siguiente paso ser\u00e1 la integraci\u00f3n del software AEC en el sitio web de la escuela AAA mediante el m\u00f3dulo AEC \u00abKiosque\u00bb. Esto permitir\u00e1 ofrecer nuevos servicios, como registro y pago en l\u00ednea, y tambi\u00e9n promover la oferta de cursos de AAA para ampliar la cantidad de alumnos.<\/p>\n<p>\u00bfLe interesa una de nuestras capacitaciones? \u00bfPiensa usted organizar o proponer una capacitaci\u00f3n en su centro o en su red de establecimiento? <span style=\"color: #2a7de2;\">Cont\u00e1ctenos<\/span><\/p>","protected":false},"excerpt":{"rendered":"<p>La escuela AAA en Par\u00eds es un instituto especializado en la ense\u00f1anza de idiomas y el intercambio cultural. La escuela ofrece un lugar de encuentro y de intercambio entre los expatriados asi\u00e1ticos y los amantes franceses de Asia. Fundado en el a\u00f1o 1989 por la Asociaci\u00f3n de Amistades Asi\u00e1ticas, el establecimiento propone capacitaci\u00f3n en franc\u00e9s,&#8230;  <a class=\"excerpt-read-more\" href=\"https:\/\/atl-software.net\/es\/formation-arc-en-ciel-a-lecole-aaa-de-paris\/\" title=\"Read Capacitaci\u00f3n Arc-en-Ciel en la escuela AAA de Par\u00eds\">Leer m\u00e1s &raquo;<\/a><\/p>\n","protected":false},"author":2,"featured_media":0,"parent":0,"menu_order":0,"comment_status":"closed","ping_status":"closed","template":"template\/template-ml.php","meta":{"_uag_custom_page_level_css":""},"acf":[],"yoast_head":"<!-- This site is optimized with the Yoast SEO plugin v20.13 - https:\/\/yoast.com\/wordpress\/plugins\/seo\/ -->\n<title>(Fran\u00e7ais) Formation au logiciel de gestion Arc-en-Ciel \u00e0 l&#039;\u00e9cole AAA de Paris<\/title>\n<meta name=\"description\" content=\"(Fran\u00e7ais) ATL Software s&#039;est rendu \u00e0 l&#039;\u00e9cole AAA de Paris afin de former le personnel \u00e0 l&#039;utilisation du logiciel de gestion de cours Arc-en-Ciel (AEC).\" \/>\n<meta name=\"robots\" content=\"index, follow, max-snippet:-1, max-image-preview:large, max-video-preview:-1\" \/>\n<link rel=\"canonical\" href=\"https:\/\/atl-software.net\/es\/formation-arc-en-ciel-a-lecole-aaa-de-paris\/\" \/>\n<meta property=\"og:locale\" content=\"es_ES\" \/>\n<meta property=\"og:type\" content=\"article\" \/>\n<meta property=\"og:title\" content=\"(Fran\u00e7ais) Formation au logiciel de gestion Arc-en-Ciel \u00e0 l&#039;\u00e9cole AAA de Paris\" \/>\n<meta property=\"og:description\" content=\"(Fran\u00e7ais) ATL Software s&#039;est rendu \u00e0 l&#039;\u00e9cole AAA de Paris afin de former le personnel \u00e0 l&#039;utilisation du logiciel de gestion de cours Arc-en-Ciel (AEC).\" \/>\n<meta property=\"og:url\" content=\"https:\/\/atl-software.net\/es\/formation-arc-en-ciel-a-lecole-aaa-de-paris\/\" \/>\n<meta property=\"og:site_name\" content=\"ATL Software\" \/>\n<meta property=\"article:publisher\" content=\"https:\/\/www.facebook.com\/ATL-Software-724527551053606\/\" \/>\n<meta property=\"article:modified_time\" content=\"2018-12-14T10:43:39+00:00\" \/>\n<meta property=\"og:image\" content=\"http:\/\/atl-software.net\/wp-content\/uploads\/2018\/12\/photo-1-300x224.jpg\" \/>\n<meta name=\"twitter:card\" content=\"summary_large_image\" \/>\n<meta name=\"twitter:site\" content=\"@SoftwareAtl\" \/>\n<meta name=\"twitter:label1\" content=\"Est. reading time\" \/>\n\t<meta name=\"twitter:data1\" content=\"6 minutos\" \/>\n<script type=\"application\/ld+json\" class=\"yoast-schema-graph\">{\"@context\":\"https:\/\/schema.org\",\"@graph\":[{\"@type\":\"WebPage\",\"@id\":\"https:\/\/atl-software.net\/es\/formation-arc-en-ciel-a-lecole-aaa-de-paris\/\",\"url\":\"https:\/\/atl-software.net\/es\/formation-arc-en-ciel-a-lecole-aaa-de-paris\/\",\"name\":\"(Fran\u00e7ais) Formation au logiciel de gestion Arc-en-Ciel \u00e0 l'\u00e9cole AAA de Paris\",\"isPartOf\":{\"@id\":\"https:\/\/atl-software.net\/#website\"},\"datePublished\":\"2018-12-12T14:01:59+00:00\",\"dateModified\":\"2018-12-14T10:43:39+00:00\",\"description\":\"(Fran\u00e7ais) ATL Software s'est rendu \u00e0 l'\u00e9cole AAA de Paris afin de former le personnel \u00e0 l'utilisation du logiciel de gestion de cours Arc-en-Ciel (AEC).\",\"breadcrumb\":{\"@id\":\"https:\/\/atl-software.net\/es\/formation-arc-en-ciel-a-lecole-aaa-de-paris\/#breadcrumb\"},\"inLanguage\":\"es\",\"potentialAction\":[{\"@type\":\"ReadAction\",\"target\":[\"https:\/\/atl-software.net\/es\/formation-arc-en-ciel-a-lecole-aaa-de-paris\/\"]}]},{\"@type\":\"BreadcrumbList\",\"@id\":\"https:\/\/atl-software.net\/es\/formation-arc-en-ciel-a-lecole-aaa-de-paris\/#breadcrumb\",\"itemListElement\":[{\"@type\":\"ListItem\",\"position\":1,\"name\":\"Accueil\",\"item\":\"https:\/\/atl-software.net\/en\/\"},{\"@type\":\"ListItem\",\"position\":2,\"name\":\"Capacitaci\u00f3n Arc-en-Ciel en la escuela AAA de Par\u00eds\"}]},{\"@type\":\"WebSite\",\"@id\":\"https:\/\/atl-software.net\/#website\",\"url\":\"https:\/\/atl-software.net\/\",\"name\":\"ATL Software\",\"description\":\"\",\"publisher\":{\"@id\":\"https:\/\/atl-software.net\/#organization\"},\"potentialAction\":[{\"@type\":\"SearchAction\",\"target\":{\"@type\":\"EntryPoint\",\"urlTemplate\":\"https:\/\/atl-software.net\/?s={search_term_string}\"},\"query-input\":\"required name=search_term_string\"}],\"inLanguage\":\"es\"},{\"@type\":\"Organization\",\"@id\":\"https:\/\/atl-software.net\/#organization\",\"name\":\"ATL Software\",\"url\":\"https:\/\/atl-software.net\/\",\"logo\":{\"@type\":\"ImageObject\",\"inLanguage\":\"es\",\"@id\":\"https:\/\/atl-software.net\/#\/schema\/logo\/image\/\",\"url\":\"https:\/\/atl-software.net\/wp-content\/uploads\/2023\/04\/Interfaz-moderna-AEC.png\",\"contentUrl\":\"https:\/\/atl-software.net\/wp-content\/uploads\/2023\/04\/Interfaz-moderna-AEC.png\",\"width\":918,\"height\":673,\"caption\":\"ATL Software\"},\"image\":{\"@id\":\"https:\/\/atl-software.net\/#\/schema\/logo\/image\/\"},\"sameAs\":[\"https:\/\/www.facebook.com\/ATL-Software-724527551053606\/\",\"https:\/\/twitter.com\/SoftwareAtl\",\"https:\/\/www.linkedin.com\/in\/atl-software-logiciel-arc-en-ciel-a9428b91\/\",\"https:\/\/www.youtube.com\/watch?v=prCVSFs_vZg\"]}]}<\/script>\n<!-- \/ Yoast SEO plugin. -->","yoast_head_json":{"title":"(Fran\u00e7ais) Formation au logiciel de gestion Arc-en-Ciel \u00e0 l'\u00e9cole AAA de Paris","description":"(Fran\u00e7ais) ATL Software s'est rendu \u00e0 l'\u00e9cole AAA de Paris afin de former le personnel \u00e0 l'utilisation du logiciel de gestion de cours Arc-en-Ciel (AEC).","robots":{"index":"index","follow":"follow","max-snippet":"max-snippet:-1","max-image-preview":"max-image-preview:large","max-video-preview":"max-video-preview:-1"},"canonical":"https:\/\/atl-software.net\/es\/formation-arc-en-ciel-a-lecole-aaa-de-paris\/","og_locale":"es_ES","og_type":"article","og_title":"(Fran\u00e7ais) Formation au logiciel de gestion Arc-en-Ciel \u00e0 l'\u00e9cole AAA de Paris","og_description":"(Fran\u00e7ais) ATL Software s'est rendu \u00e0 l'\u00e9cole AAA de Paris afin de former le personnel \u00e0 l'utilisation du logiciel de gestion de cours Arc-en-Ciel (AEC).","og_url":"https:\/\/atl-software.net\/es\/formation-arc-en-ciel-a-lecole-aaa-de-paris\/","og_site_name":"ATL Software","article_publisher":"https:\/\/www.facebook.com\/ATL-Software-724527551053606\/","article_modified_time":"2018-12-14T10:43:39+00:00","og_image":[{"url":"http:\/\/atl-software.net\/wp-content\/uploads\/2018\/12\/photo-1-300x224.jpg"}],"twitter_card":"summary_large_image","twitter_site":"@SoftwareAtl","twitter_misc":{"Est. reading time":"6 minutos"},"schema":{"@context":"https:\/\/schema.org","@graph":[{"@type":"WebPage","@id":"https:\/\/atl-software.net\/es\/formation-arc-en-ciel-a-lecole-aaa-de-paris\/","url":"https:\/\/atl-software.net\/es\/formation-arc-en-ciel-a-lecole-aaa-de-paris\/","name":"(Fran\u00e7ais) Formation au logiciel de gestion Arc-en-Ciel \u00e0 l'\u00e9cole AAA de Paris","isPartOf":{"@id":"https:\/\/atl-software.net\/#website"},"datePublished":"2018-12-12T14:01:59+00:00","dateModified":"2018-12-14T10:43:39+00:00","description":"(Fran\u00e7ais) ATL Software s'est rendu \u00e0 l'\u00e9cole AAA de Paris afin de former le personnel \u00e0 l'utilisation du logiciel de gestion de cours Arc-en-Ciel (AEC).","breadcrumb":{"@id":"https:\/\/atl-software.net\/es\/formation-arc-en-ciel-a-lecole-aaa-de-paris\/#breadcrumb"},"inLanguage":"es","potentialAction":[{"@type":"ReadAction","target":["https:\/\/atl-software.net\/es\/formation-arc-en-ciel-a-lecole-aaa-de-paris\/"]}]},{"@type":"BreadcrumbList","@id":"https:\/\/atl-software.net\/es\/formation-arc-en-ciel-a-lecole-aaa-de-paris\/#breadcrumb","itemListElement":[{"@type":"ListItem","position":1,"name":"Accueil","item":"https:\/\/atl-software.net\/en\/"},{"@type":"ListItem","position":2,"name":"Capacitaci\u00f3n Arc-en-Ciel en la escuela AAA de Par\u00eds"}]},{"@type":"WebSite","@id":"https:\/\/atl-software.net\/#website","url":"https:\/\/atl-software.net\/","name":"ATL Software","description":"","publisher":{"@id":"https:\/\/atl-software.net\/#organization"},"potentialAction":[{"@type":"SearchAction","target":{"@type":"EntryPoint","urlTemplate":"https:\/\/atl-software.net\/?s={search_term_string}"},"query-input":"required name=search_term_string"}],"inLanguage":"es"},{"@type":"Organization","@id":"https:\/\/atl-software.net\/#organization","name":"ATL Software","url":"https:\/\/atl-software.net\/","logo":{"@type":"ImageObject","inLanguage":"es","@id":"https:\/\/atl-software.net\/#\/schema\/logo\/image\/","url":"https:\/\/atl-software.net\/wp-content\/uploads\/2023\/04\/Interfaz-moderna-AEC.png","contentUrl":"https:\/\/atl-software.net\/wp-content\/uploads\/2023\/04\/Interfaz-moderna-AEC.png","width":918,"height":673,"caption":"ATL Software"},"image":{"@id":"https:\/\/atl-software.net\/#\/schema\/logo\/image\/"},"sameAs":["https:\/\/www.facebook.com\/ATL-Software-724527551053606\/","https:\/\/twitter.com\/SoftwareAtl","https:\/\/www.linkedin.com\/in\/atl-software-logiciel-arc-en-ciel-a9428b91\/","https:\/\/www.youtube.com\/watch?v=prCVSFs_vZg"]}]}},"uagb_featured_image_src":{"full":false,"thumbnail":false,"medium":false,"medium_large":false,"large":false,"1536x1536":false,"2048x2048":false,"bones-thumb-600":false,"bones-thumb-300":false,"post-thumbnail":false},"uagb_author_info":{"display_name":"admin","author_link":"https:\/\/atl-software.net\/es\/author\/admin\/"},"uagb_comment_info":0,"uagb_excerpt":"La escuela AAA en Par\u00eds es un instituto especializado en la ense\u00f1anza de idiomas y el intercambio cultural. La escuela ofrece un lugar de encuentro y de intercambio entre los expatriados asi\u00e1ticos y los amantes franceses de Asia. Fundado en el a\u00f1o 1989 por la Asociaci\u00f3n de Amistades Asi\u00e1ticas, el establecimiento propone capacitaci\u00f3n en franc\u00e9s,...&hellip;","_links":{"self":[{"href":"https:\/\/atl-software.net\/es\/wp-json\/wp\/v2\/pages\/1004"}],"collection":[{"href":"https:\/\/atl-software.net\/es\/wp-json\/wp\/v2\/pages"}],"about":[{"href":"https:\/\/atl-software.net\/es\/wp-json\/wp\/v2\/types\/page"}],"author":[{"embeddable":true,"href":"https:\/\/atl-software.net\/es\/wp-json\/wp\/v2\/users\/2"}],"replies":[{"embeddable":true,"href":"https:\/\/atl-software.net\/es\/wp-json\/wp\/v2\/comments?post=1004"}],"version-history":[{"count":21,"href":"https:\/\/atl-software.net\/es\/wp-json\/wp\/v2\/pages\/1004\/revisions"}],"predecessor-version":[{"id":1188,"href":"https:\/\/atl-software.net\/es\/wp-json\/wp\/v2\/pages\/1004\/revisions\/1188"}],"wp:attachment":[{"href":"https:\/\/atl-software.net\/es\/wp-json\/wp\/v2\/media?parent=1004"}],"curies":[{"name":"wp","href":"https:\/\/api.w.org\/{rel}","templated":true}]}}