{"id":948,"date":"2018-10-04T12:05:00","date_gmt":"2018-10-04T10:05:00","guid":{"rendered":"http:\/\/atl-software.net\/?page_id=948"},"modified":"2018-12-07T14:56:25","modified_gmt":"2018-12-07T13:56:25","slug":"formation-arc-en-ciel-a-lalliance-francaise-de-tunis","status":"publish","type":"page","link":"https:\/\/atl-software.net\/en\/actualites-atl-software\/formation-arc-en-ciel-a-lalliance-francaise-de-tunis\/","title":{"rendered":"ATL at The Alliance Fran\u00e7aise of Tunis"},"content":{"rendered":"<p>The Alliance Fran\u00e7aise of Tunis (AFT) has opened its doors last August.\u2028\u2028 The Tunis office is the first to be opened by theTunisian network, which has planned to open other institutions by the end of the year in the country.<\/p>\n<p>Classified as the 137th country affiliated to the Alliance Fran\u00e7aise Foundation, the AFT offers French classes of different levels, cultural activities and a modern media library opened to the Tunisians.\u2028\u2028A maximum of 18 students per class is planned to make exchanges between students and teachers easier and to create a harmonious working atmosphere.<\/p>\n<p>Consequently, it was much important for AFT to have an easy to be implemented course management software that fully matchs with its ambition.<\/p>\n<p><strong>ATL Software and the Alliance Fran\u00e7aise of Tunis<\/strong><\/p>\n<p>ATL Software has provided a training session for several days at the Alliance Fran\u00e7aise in Tunis, after deploying the Arc En Ciel Training Center Management Software.<\/p>\n<p>The future staff of these Alliances attended the session along with some representatives of the French Institute (IF) of Tunisia (12 national centers) who have been using AEC since 2013, for an upgrade.<\/p>\n<p>During these 3 days, our trainer introduced all the features of the AEC course management software and also reviewed the management tools for the activity.<\/p>\n<p>Do you also need a training session in your network? <a href=\"https:\/\/atl-software.net\/en\/atl-software\/contact\/\">Contact us!<\/a><\/p>\n<p><strong>The French Alliances<\/strong><\/p>\n<p>The Alliances Fran\u00e7aises is an international network, born in 1883, contributing to the teaching of French as a foreign language.\u2028The Alliance Fran\u00e7aise is an organization that aims at promoting French and French culture around the world.\u2028\u2028In 2018, the Alliance Fran\u00e7aise Foundation has coordinated 835 French Alliances in more than 130 countries.\u2028With nearly 500,000 learners worldwide, all classes combined, French is the 5th most widely spoken language in the world.<\/p>","protected":false},"excerpt":{"rendered":"<p>The Alliance Fran\u00e7aise of Tunis (AFT) has opened its doors last August.\u2028\u2028 The Tunis office is the first to be opened by theTunisian network, which has planned to open other institutions by the end of the year in the country. Classified as the 137th country affiliated to the Alliance Fran\u00e7aise Foundation, the AFT offers French&#8230;  <a class=\"excerpt-read-more\" href=\"https:\/\/atl-software.net\/en\/actualites-atl-software\/formation-arc-en-ciel-a-lalliance-francaise-de-tunis\/\" title=\"Read ATL at The Alliance Fran\u00e7aise of Tunis\">Read more &raquo;<\/a><\/p>\n","protected":false},"author":2,"featured_media":0,"parent":741,"menu_order":0,"comment_status":"closed","ping_status":"closed","template":"template\/template-ml.php","meta":{"_uag_custom_page_level_css":""},"acf":[],"yoast_head":"<!-- This site is optimized with the Yoast SEO plugin v20.13 - https:\/\/yoast.com\/wordpress\/plugins\/seo\/ -->\n<title>(Fran\u00e7ais) Formation Arc-En-Ciel \u00e0 l&#039;Alliance Fran\u00e7aise de Tunis<\/title>\n<meta name=\"description\" content=\"(Fran\u00e7ais) ATL Software s\u2019est rendu \u00e0 l\u2019AF de Tunis afin de former le personnel \u00e0 l\u2019utilisation du logiciel de gestion de cours Arc-en-Ciel (AEC).\" \/>\n<meta name=\"robots\" content=\"index, follow, max-snippet:-1, max-image-preview:large, max-video-preview:-1\" \/>\n<link rel=\"canonical\" href=\"https:\/\/atl-software.net\/es\/actualites-atl-software\/formation-arc-en-ciel-a-lalliance-francaise-de-tunis\/\" \/>\n<meta property=\"og:locale\" content=\"en_US\" \/>\n<meta property=\"og:type\" content=\"article\" \/>\n<meta property=\"og:title\" content=\"(Fran\u00e7ais) Formation Arc-En-Ciel \u00e0 l&#039;Alliance Fran\u00e7aise de Tunis\" \/>\n<meta property=\"og:description\" content=\"(Fran\u00e7ais) ATL Software s\u2019est rendu \u00e0 l\u2019AF de Tunis afin de former le personnel \u00e0 l\u2019utilisation du logiciel de gestion de cours Arc-en-Ciel (AEC).\" \/>\n<meta property=\"og:url\" content=\"https:\/\/atl-software.net\/es\/actualites-atl-software\/formation-arc-en-ciel-a-lalliance-francaise-de-tunis\/\" \/>\n<meta property=\"og:site_name\" content=\"ATL Software\" \/>\n<meta property=\"article:publisher\" content=\"https:\/\/www.facebook.com\/ATL-Software-724527551053606\/\" \/>\n<meta property=\"article:modified_time\" content=\"2018-12-07T13:56:25+00:00\" \/>\n<meta property=\"og:image\" content=\"http:\/\/atl-software.net\/wp-content\/uploads\/2018\/10\/Formation-AF-Tunis-1-300x218.jpg\" \/>\n<meta name=\"twitter:card\" content=\"summary_large_image\" \/>\n<meta name=\"twitter:site\" content=\"@SoftwareAtl\" \/>\n<meta name=\"twitter:label1\" content=\"Est. reading time\" \/>\n\t<meta name=\"twitter:data1\" content=\"5 minutes\" \/>\n<script type=\"application\/ld+json\" class=\"yoast-schema-graph\">{\"@context\":\"https:\/\/schema.org\",\"@graph\":[{\"@type\":\"WebPage\",\"@id\":\"https:\/\/atl-software.net\/es\/actualites-atl-software\/formation-arc-en-ciel-a-lalliance-francaise-de-tunis\/\",\"url\":\"https:\/\/atl-software.net\/es\/actualites-atl-software\/formation-arc-en-ciel-a-lalliance-francaise-de-tunis\/\",\"name\":\"(Fran\u00e7ais) Formation Arc-En-Ciel \u00e0 l'Alliance Fran\u00e7aise de Tunis\",\"isPartOf\":{\"@id\":\"https:\/\/atl-software.net\/#website\"},\"datePublished\":\"2018-10-04T10:05:00+00:00\",\"dateModified\":\"2018-12-07T13:56:25+00:00\",\"description\":\"(Fran\u00e7ais) ATL Software s\u2019est rendu \u00e0 l\u2019AF de Tunis afin de former le personnel \u00e0 l\u2019utilisation du logiciel de gestion de cours Arc-en-Ciel (AEC).\",\"breadcrumb\":{\"@id\":\"https:\/\/atl-software.net\/es\/actualites-atl-software\/formation-arc-en-ciel-a-lalliance-francaise-de-tunis\/#breadcrumb\"},\"inLanguage\":\"en-US\",\"potentialAction\":[{\"@type\":\"ReadAction\",\"target\":[\"https:\/\/atl-software.net\/es\/actualites-atl-software\/formation-arc-en-ciel-a-lalliance-francaise-de-tunis\/\"]}]},{\"@type\":\"BreadcrumbList\",\"@id\":\"https:\/\/atl-software.net\/es\/actualites-atl-software\/formation-arc-en-ciel-a-lalliance-francaise-de-tunis\/#breadcrumb\",\"itemListElement\":[{\"@type\":\"ListItem\",\"position\":1,\"name\":\"Accueil\",\"item\":\"https:\/\/atl-software.net\/en\/\"},{\"@type\":\"ListItem\",\"position\":2,\"name\":\"Actualit\u00e9s ATL Software\",\"item\":\"https:\/\/atl-software.net\/actualites-atl-software\/\"},{\"@type\":\"ListItem\",\"position\":3,\"name\":\"Capacitaci\u00f3n Arc-en-Ciel en la Alianza Francesa de T\u00fanez\"}]},{\"@type\":\"WebSite\",\"@id\":\"https:\/\/atl-software.net\/#website\",\"url\":\"https:\/\/atl-software.net\/\",\"name\":\"ATL Software\",\"description\":\"\",\"publisher\":{\"@id\":\"https:\/\/atl-software.net\/#organization\"},\"potentialAction\":[{\"@type\":\"SearchAction\",\"target\":{\"@type\":\"EntryPoint\",\"urlTemplate\":\"https:\/\/atl-software.net\/?s={search_term_string}\"},\"query-input\":\"required name=search_term_string\"}],\"inLanguage\":\"en-US\"},{\"@type\":\"Organization\",\"@id\":\"https:\/\/atl-software.net\/#organization\",\"name\":\"ATL Software\",\"url\":\"https:\/\/atl-software.net\/\",\"logo\":{\"@type\":\"ImageObject\",\"inLanguage\":\"en-US\",\"@id\":\"https:\/\/atl-software.net\/#\/schema\/logo\/image\/\",\"url\":\"https:\/\/atl-software.net\/wp-content\/uploads\/2023\/04\/Interfaz-moderna-AEC.png\",\"contentUrl\":\"https:\/\/atl-software.net\/wp-content\/uploads\/2023\/04\/Interfaz-moderna-AEC.png\",\"width\":918,\"height\":673,\"caption\":\"ATL Software\"},\"image\":{\"@id\":\"https:\/\/atl-software.net\/#\/schema\/logo\/image\/\"},\"sameAs\":[\"https:\/\/www.facebook.com\/ATL-Software-724527551053606\/\",\"https:\/\/twitter.com\/SoftwareAtl\",\"https:\/\/www.linkedin.com\/in\/atl-software-logiciel-arc-en-ciel-a9428b91\/\",\"https:\/\/www.youtube.com\/watch?v=prCVSFs_vZg\"]}]}<\/script>\n<!-- \/ Yoast SEO plugin. -->","yoast_head_json":{"title":"(Fran\u00e7ais) Formation Arc-En-Ciel \u00e0 l'Alliance Fran\u00e7aise de Tunis","description":"(Fran\u00e7ais) ATL Software s\u2019est rendu \u00e0 l\u2019AF de Tunis afin de former le personnel \u00e0 l\u2019utilisation du logiciel de gestion de cours Arc-en-Ciel (AEC).","robots":{"index":"index","follow":"follow","max-snippet":"max-snippet:-1","max-image-preview":"max-image-preview:large","max-video-preview":"max-video-preview:-1"},"canonical":"https:\/\/atl-software.net\/es\/actualites-atl-software\/formation-arc-en-ciel-a-lalliance-francaise-de-tunis\/","og_locale":"en_US","og_type":"article","og_title":"(Fran\u00e7ais) Formation Arc-En-Ciel \u00e0 l'Alliance Fran\u00e7aise de Tunis","og_description":"(Fran\u00e7ais) ATL Software s\u2019est rendu \u00e0 l\u2019AF de Tunis afin de former le personnel \u00e0 l\u2019utilisation du logiciel de gestion de cours Arc-en-Ciel (AEC).","og_url":"https:\/\/atl-software.net\/es\/actualites-atl-software\/formation-arc-en-ciel-a-lalliance-francaise-de-tunis\/","og_site_name":"ATL Software","article_publisher":"https:\/\/www.facebook.com\/ATL-Software-724527551053606\/","article_modified_time":"2018-12-07T13:56:25+00:00","og_image":[{"url":"http:\/\/atl-software.net\/wp-content\/uploads\/2018\/10\/Formation-AF-Tunis-1-300x218.jpg"}],"twitter_card":"summary_large_image","twitter_site":"@SoftwareAtl","twitter_misc":{"Est. reading time":"5 minutes"},"schema":{"@context":"https:\/\/schema.org","@graph":[{"@type":"WebPage","@id":"https:\/\/atl-software.net\/es\/actualites-atl-software\/formation-arc-en-ciel-a-lalliance-francaise-de-tunis\/","url":"https:\/\/atl-software.net\/es\/actualites-atl-software\/formation-arc-en-ciel-a-lalliance-francaise-de-tunis\/","name":"(Fran\u00e7ais) Formation Arc-En-Ciel \u00e0 l'Alliance Fran\u00e7aise de Tunis","isPartOf":{"@id":"https:\/\/atl-software.net\/#website"},"datePublished":"2018-10-04T10:05:00+00:00","dateModified":"2018-12-07T13:56:25+00:00","description":"(Fran\u00e7ais) ATL Software s\u2019est rendu \u00e0 l\u2019AF de Tunis afin de former le personnel \u00e0 l\u2019utilisation du logiciel de gestion de cours Arc-en-Ciel (AEC).","breadcrumb":{"@id":"https:\/\/atl-software.net\/es\/actualites-atl-software\/formation-arc-en-ciel-a-lalliance-francaise-de-tunis\/#breadcrumb"},"inLanguage":"en-US","potentialAction":[{"@type":"ReadAction","target":["https:\/\/atl-software.net\/es\/actualites-atl-software\/formation-arc-en-ciel-a-lalliance-francaise-de-tunis\/"]}]},{"@type":"BreadcrumbList","@id":"https:\/\/atl-software.net\/es\/actualites-atl-software\/formation-arc-en-ciel-a-lalliance-francaise-de-tunis\/#breadcrumb","itemListElement":[{"@type":"ListItem","position":1,"name":"Accueil","item":"https:\/\/atl-software.net\/en\/"},{"@type":"ListItem","position":2,"name":"Actualit\u00e9s ATL Software","item":"https:\/\/atl-software.net\/actualites-atl-software\/"},{"@type":"ListItem","position":3,"name":"Capacitaci\u00f3n Arc-en-Ciel en la Alianza Francesa de T\u00fanez"}]},{"@type":"WebSite","@id":"https:\/\/atl-software.net\/#website","url":"https:\/\/atl-software.net\/","name":"ATL Software","description":"","publisher":{"@id":"https:\/\/atl-software.net\/#organization"},"potentialAction":[{"@type":"SearchAction","target":{"@type":"EntryPoint","urlTemplate":"https:\/\/atl-software.net\/?s={search_term_string}"},"query-input":"required name=search_term_string"}],"inLanguage":"en-US"},{"@type":"Organization","@id":"https:\/\/atl-software.net\/#organization","name":"ATL Software","url":"https:\/\/atl-software.net\/","logo":{"@type":"ImageObject","inLanguage":"en-US","@id":"https:\/\/atl-software.net\/#\/schema\/logo\/image\/","url":"https:\/\/atl-software.net\/wp-content\/uploads\/2023\/04\/Interfaz-moderna-AEC.png","contentUrl":"https:\/\/atl-software.net\/wp-content\/uploads\/2023\/04\/Interfaz-moderna-AEC.png","width":918,"height":673,"caption":"ATL Software"},"image":{"@id":"https:\/\/atl-software.net\/#\/schema\/logo\/image\/"},"sameAs":["https:\/\/www.facebook.com\/ATL-Software-724527551053606\/","https:\/\/twitter.com\/SoftwareAtl","https:\/\/www.linkedin.com\/in\/atl-software-logiciel-arc-en-ciel-a9428b91\/","https:\/\/www.youtube.com\/watch?v=prCVSFs_vZg"]}]}},"uagb_featured_image_src":{"full":false,"thumbnail":false,"medium":false,"medium_large":false,"large":false,"1536x1536":false,"2048x2048":false,"bones-thumb-600":false,"bones-thumb-300":false,"post-thumbnail":false},"uagb_author_info":{"display_name":"admin","author_link":"https:\/\/atl-software.net\/en\/author\/admin\/"},"uagb_comment_info":0,"uagb_excerpt":"The Alliance Fran\u00e7aise of Tunis (AFT) has opened its doors last August.\u2028\u2028 The Tunis office is the first to be opened by theTunisian network, which has planned to open other institutions by the end of the year in the country. Classified as the 137th country affiliated to the Alliance Fran\u00e7aise Foundation, the AFT offers French...&hellip;","_links":{"self":[{"href":"https:\/\/atl-software.net\/en\/wp-json\/wp\/v2\/pages\/948"}],"collection":[{"href":"https:\/\/atl-software.net\/en\/wp-json\/wp\/v2\/pages"}],"about":[{"href":"https:\/\/atl-software.net\/en\/wp-json\/wp\/v2\/types\/page"}],"author":[{"embeddable":true,"href":"https:\/\/atl-software.net\/en\/wp-json\/wp\/v2\/users\/2"}],"replies":[{"embeddable":true,"href":"https:\/\/atl-software.net\/en\/wp-json\/wp\/v2\/comments?post=948"}],"version-history":[{"count":41,"href":"https:\/\/atl-software.net\/en\/wp-json\/wp\/v2\/pages\/948\/revisions"}],"predecessor-version":[{"id":1145,"href":"https:\/\/atl-software.net\/en\/wp-json\/wp\/v2\/pages\/948\/revisions\/1145"}],"up":[{"embeddable":true,"href":"https:\/\/atl-software.net\/en\/wp-json\/wp\/v2\/pages\/741"}],"wp:attachment":[{"href":"https:\/\/atl-software.net\/en\/wp-json\/wp\/v2\/media?parent=948"}],"curies":[{"name":"wp","href":"https:\/\/api.w.org\/{rel}","templated":true}]}}