{"id":1451,"date":"2019-04-04T17:35:31","date_gmt":"2019-04-04T15:35:31","guid":{"rendered":"http:\/\/atl-software.net\/?page_id=1451"},"modified":"2019-04-10T11:44:03","modified_gmt":"2019-04-10T09:44:03","slug":"formation-a-linstitut-francais-dathenes-en-grece","status":"publish","type":"page","link":"https:\/\/atl-software.net\/en\/formation-a-linstitut-francais-dathenes-en-grece\/","title":{"rendered":"How The Institut Fran\u00e7ais of Athens- Greece moved for AEC Course Management Software."},"content":{"rendered":"<p>The Institut Fran\u00e7ais of Athens was founded early 1907. Since then it has become one of the elder and more active institutes of the network thanks to a strong and ancient French-greek friendship.In addition to the main site in Athens, \u00a0The IF boasts 3 other centers located in Larissa, Patras and Thessalonica.<\/p>\n<p>The so-called IFG ideally bridges with France and offers in\u00a0 Greece a unique School of rich French Language and culture.<\/p>\n<p>French cooperation Policy combined with cultural activities is based around 3 main topics:<\/p>\n<ul>\n<li>Yearly French Language competition, on every March 21<sup>st <\/sup> From everywhere In Greece, 7,000 French speaking people from more than 450 schools are expected to participate in the competition.<\/li>\n<li>Learning French as a foreign Language, with all level courses, for all ages, with classes such as general French, professional training, remote courses, individual sessions, and even courses to prepare a journey to France, and university partnership for co-jointed French-Greek masters.<\/li>\n<\/ul>\n<p>The Institut fran\u00e7ais of\u00a0 Greece is also missioned to promote cooperation with Greek organizations and enterprises.<\/p>\n<p><strong>ATL Software and L\u2019Institut Fran\u00e7ais of Athens\u00a0<\/strong><\/p>\n<p>Recently the Institut Fran\u00e7ais of Athens has decided for changing its software for courses management. What a difficult challenge!<\/p>\n<p>The change was obvious as the existing tool did not match anymore technology evolutions, users\u2019 requests for new usages such as the Internet or smartphone access, or changes in regulations.<\/p>\n<p>Software change requires to clearly understand the\u00a0features brought by the new system, to be ready for change management applied to external and internal users, not to mention to keep guaranteeing service continuity with data recovery from the former solution.<\/p>\n<p>Our <strong>ATL software Trainer<\/strong> made sure this transition project was successful and trained users within the IFG to guarantee a soft migration to AEC.<\/p>\n<p>To what is related to\u00a0the implementation process, data were first migrated so to allow real working conditions. Then after only, users were trained to features.<\/p>\n<p>Do you want to animate a training session on AEC within your network,<a href=\"http:\/\/atl-software.net\/atl-software\/contact\/\"> click here.<\/a><\/p>","protected":false},"excerpt":{"rendered":"<p>The Institut Fran\u00e7ais of Athens was founded early 1907. Since then it has become one of the elder and more active institutes of the network thanks to a strong and ancient French-greek friendship.In addition to the main site in Athens, \u00a0The IF boasts 3 other centers located in Larissa, Patras and Thessalonica. The so-called IFG&#8230;  <a class=\"excerpt-read-more\" href=\"https:\/\/atl-software.net\/en\/formation-a-linstitut-francais-dathenes-en-grece\/\" title=\"Read How The Institut Fran\u00e7ais of Athens- Greece moved for AEC Course Management Software.\">Read more &raquo;<\/a><\/p>\n","protected":false},"author":2,"featured_media":0,"parent":0,"menu_order":0,"comment_status":"closed","ping_status":"closed","template":"template\/template-ml.php","meta":{"_uag_custom_page_level_css":""},"acf":[],"yoast_head":"<!-- This site is optimized with the Yoast SEO plugin v20.13 - https:\/\/yoast.com\/wordpress\/plugins\/seo\/ -->\n<title>How The Institut Fran\u00e7ais of Athens- Greece moved for AEC Course Management Software. - ATL Software<\/title>\n<meta name=\"robots\" content=\"index, follow, max-snippet:-1, max-image-preview:large, max-video-preview:-1\" \/>\n<link rel=\"canonical\" href=\"https:\/\/atl-software.net\/formation-a-linstitut-francais-dathenes-en-grece\/\" \/>\n<meta property=\"og:locale\" content=\"en_US\" \/>\n<meta property=\"og:type\" content=\"article\" \/>\n<meta property=\"og:title\" content=\"How The Institut Fran\u00e7ais of Athens- Greece moved for AEC Course Management Software. - ATL Software\" \/>\n<meta property=\"og:description\" content=\"The Institut Fran\u00e7ais of Athens was founded early 1907. Since then it has become one of the elder and more active institutes of the network thanks to a strong and ancient French-greek friendship.In addition to the main site in Athens, \u00a0The IF boasts 3 other centers located in Larissa, Patras and Thessalonica. The so-called IFG... Read more &raquo;\" \/>\n<meta property=\"og:url\" content=\"https:\/\/atl-software.net\/formation-a-linstitut-francais-dathenes-en-grece\/\" \/>\n<meta property=\"og:site_name\" content=\"ATL Software\" \/>\n<meta property=\"article:publisher\" content=\"https:\/\/www.facebook.com\/ATL-Software-724527551053606\/\" \/>\n<meta property=\"article:modified_time\" content=\"2019-04-10T09:44:03+00:00\" \/>\n<meta property=\"og:image\" content=\"http:\/\/atl-software.net\/wp-content\/uploads\/2019\/04\/IMG_20190116_173942_resized_20190116_054100546-e1554392365431.jpg\" \/>\n<meta name=\"twitter:card\" content=\"summary_large_image\" \/>\n<meta name=\"twitter:site\" content=\"@SoftwareAtl\" \/>\n<meta name=\"twitter:label1\" content=\"Est. reading time\" \/>\n\t<meta name=\"twitter:data1\" content=\"5 minutes\" \/>\n<script type=\"application\/ld+json\" class=\"yoast-schema-graph\">{\"@context\":\"https:\/\/schema.org\",\"@graph\":[{\"@type\":\"WebPage\",\"@id\":\"https:\/\/atl-software.net\/formation-a-linstitut-francais-dathenes-en-grece\/\",\"url\":\"https:\/\/atl-software.net\/formation-a-linstitut-francais-dathenes-en-grece\/\",\"name\":\"How The Institut Fran\u00e7ais of Athens- Greece moved for AEC Course Management Software. - ATL Software\",\"isPartOf\":{\"@id\":\"https:\/\/atl-software.net\/#website\"},\"datePublished\":\"2019-04-04T15:35:31+00:00\",\"dateModified\":\"2019-04-10T09:44:03+00:00\",\"breadcrumb\":{\"@id\":\"https:\/\/atl-software.net\/formation-a-linstitut-francais-dathenes-en-grece\/#breadcrumb\"},\"inLanguage\":\"en-US\",\"potentialAction\":[{\"@type\":\"ReadAction\",\"target\":[\"https:\/\/atl-software.net\/formation-a-linstitut-francais-dathenes-en-grece\/\"]}]},{\"@type\":\"BreadcrumbList\",\"@id\":\"https:\/\/atl-software.net\/formation-a-linstitut-francais-dathenes-en-grece\/#breadcrumb\",\"itemListElement\":[{\"@type\":\"ListItem\",\"position\":1,\"name\":\"Accueil\",\"item\":\"https:\/\/atl-software.net\/en\/\"},{\"@type\":\"ListItem\",\"position\":2,\"name\":\"Formation \u00e0 l&rsquo;Institut Fran\u00e7ais d&rsquo;Ath\u00e8nes en Gr\u00e8ce\"}]},{\"@type\":\"WebSite\",\"@id\":\"https:\/\/atl-software.net\/#website\",\"url\":\"https:\/\/atl-software.net\/\",\"name\":\"ATL Software\",\"description\":\"\",\"publisher\":{\"@id\":\"https:\/\/atl-software.net\/#organization\"},\"potentialAction\":[{\"@type\":\"SearchAction\",\"target\":{\"@type\":\"EntryPoint\",\"urlTemplate\":\"https:\/\/atl-software.net\/?s={search_term_string}\"},\"query-input\":\"required name=search_term_string\"}],\"inLanguage\":\"en-US\"},{\"@type\":\"Organization\",\"@id\":\"https:\/\/atl-software.net\/#organization\",\"name\":\"ATL Software\",\"url\":\"https:\/\/atl-software.net\/\",\"logo\":{\"@type\":\"ImageObject\",\"inLanguage\":\"en-US\",\"@id\":\"https:\/\/atl-software.net\/#\/schema\/logo\/image\/\",\"url\":\"https:\/\/atl-software.net\/wp-content\/uploads\/2023\/04\/Interfaz-moderna-AEC.png\",\"contentUrl\":\"https:\/\/atl-software.net\/wp-content\/uploads\/2023\/04\/Interfaz-moderna-AEC.png\",\"width\":918,\"height\":673,\"caption\":\"ATL Software\"},\"image\":{\"@id\":\"https:\/\/atl-software.net\/#\/schema\/logo\/image\/\"},\"sameAs\":[\"https:\/\/www.facebook.com\/ATL-Software-724527551053606\/\",\"https:\/\/twitter.com\/SoftwareAtl\",\"https:\/\/www.linkedin.com\/in\/atl-software-logiciel-arc-en-ciel-a9428b91\/\",\"https:\/\/www.youtube.com\/watch?v=prCVSFs_vZg\"]}]}<\/script>\n<!-- \/ Yoast SEO plugin. -->","yoast_head_json":{"title":"How The Institut Fran\u00e7ais of Athens- Greece moved for AEC Course Management Software. - ATL Software","robots":{"index":"index","follow":"follow","max-snippet":"max-snippet:-1","max-image-preview":"max-image-preview:large","max-video-preview":"max-video-preview:-1"},"canonical":"https:\/\/atl-software.net\/formation-a-linstitut-francais-dathenes-en-grece\/","og_locale":"en_US","og_type":"article","og_title":"How The Institut Fran\u00e7ais of Athens- Greece moved for AEC Course Management Software. - ATL Software","og_description":"The Institut Fran\u00e7ais of Athens was founded early 1907. Since then it has become one of the elder and more active institutes of the network thanks to a strong and ancient French-greek friendship.In addition to the main site in Athens, \u00a0The IF boasts 3 other centers located in Larissa, Patras and Thessalonica. The so-called IFG... Read more &raquo;","og_url":"https:\/\/atl-software.net\/formation-a-linstitut-francais-dathenes-en-grece\/","og_site_name":"ATL Software","article_publisher":"https:\/\/www.facebook.com\/ATL-Software-724527551053606\/","article_modified_time":"2019-04-10T09:44:03+00:00","og_image":[{"url":"http:\/\/atl-software.net\/wp-content\/uploads\/2019\/04\/IMG_20190116_173942_resized_20190116_054100546-e1554392365431.jpg"}],"twitter_card":"summary_large_image","twitter_site":"@SoftwareAtl","twitter_misc":{"Est. reading time":"5 minutes"},"schema":{"@context":"https:\/\/schema.org","@graph":[{"@type":"WebPage","@id":"https:\/\/atl-software.net\/formation-a-linstitut-francais-dathenes-en-grece\/","url":"https:\/\/atl-software.net\/formation-a-linstitut-francais-dathenes-en-grece\/","name":"How The Institut Fran\u00e7ais of Athens- Greece moved for AEC Course Management Software. - ATL Software","isPartOf":{"@id":"https:\/\/atl-software.net\/#website"},"datePublished":"2019-04-04T15:35:31+00:00","dateModified":"2019-04-10T09:44:03+00:00","breadcrumb":{"@id":"https:\/\/atl-software.net\/formation-a-linstitut-francais-dathenes-en-grece\/#breadcrumb"},"inLanguage":"en-US","potentialAction":[{"@type":"ReadAction","target":["https:\/\/atl-software.net\/formation-a-linstitut-francais-dathenes-en-grece\/"]}]},{"@type":"BreadcrumbList","@id":"https:\/\/atl-software.net\/formation-a-linstitut-francais-dathenes-en-grece\/#breadcrumb","itemListElement":[{"@type":"ListItem","position":1,"name":"Accueil","item":"https:\/\/atl-software.net\/en\/"},{"@type":"ListItem","position":2,"name":"Formation \u00e0 l&rsquo;Institut Fran\u00e7ais d&rsquo;Ath\u00e8nes en Gr\u00e8ce"}]},{"@type":"WebSite","@id":"https:\/\/atl-software.net\/#website","url":"https:\/\/atl-software.net\/","name":"ATL Software","description":"","publisher":{"@id":"https:\/\/atl-software.net\/#organization"},"potentialAction":[{"@type":"SearchAction","target":{"@type":"EntryPoint","urlTemplate":"https:\/\/atl-software.net\/?s={search_term_string}"},"query-input":"required name=search_term_string"}],"inLanguage":"en-US"},{"@type":"Organization","@id":"https:\/\/atl-software.net\/#organization","name":"ATL Software","url":"https:\/\/atl-software.net\/","logo":{"@type":"ImageObject","inLanguage":"en-US","@id":"https:\/\/atl-software.net\/#\/schema\/logo\/image\/","url":"https:\/\/atl-software.net\/wp-content\/uploads\/2023\/04\/Interfaz-moderna-AEC.png","contentUrl":"https:\/\/atl-software.net\/wp-content\/uploads\/2023\/04\/Interfaz-moderna-AEC.png","width":918,"height":673,"caption":"ATL Software"},"image":{"@id":"https:\/\/atl-software.net\/#\/schema\/logo\/image\/"},"sameAs":["https:\/\/www.facebook.com\/ATL-Software-724527551053606\/","https:\/\/twitter.com\/SoftwareAtl","https:\/\/www.linkedin.com\/in\/atl-software-logiciel-arc-en-ciel-a9428b91\/","https:\/\/www.youtube.com\/watch?v=prCVSFs_vZg"]}]}},"uagb_featured_image_src":{"full":false,"thumbnail":false,"medium":false,"medium_large":false,"large":false,"1536x1536":false,"2048x2048":false,"bones-thumb-600":false,"bones-thumb-300":false,"post-thumbnail":false},"uagb_author_info":{"display_name":"admin","author_link":"https:\/\/atl-software.net\/en\/author\/admin\/"},"uagb_comment_info":0,"uagb_excerpt":"The Institut Fran\u00e7ais of Athens was founded early 1907. Since then it has become one of the elder and more active institutes of the network thanks to a strong and ancient French-greek friendship.In addition to the main site in Athens, \u00a0The IF boasts 3 other centers located in Larissa, Patras and Thessalonica. The so-called IFG...&hellip;","_links":{"self":[{"href":"https:\/\/atl-software.net\/en\/wp-json\/wp\/v2\/pages\/1451"}],"collection":[{"href":"https:\/\/atl-software.net\/en\/wp-json\/wp\/v2\/pages"}],"about":[{"href":"https:\/\/atl-software.net\/en\/wp-json\/wp\/v2\/types\/page"}],"author":[{"embeddable":true,"href":"https:\/\/atl-software.net\/en\/wp-json\/wp\/v2\/users\/2"}],"replies":[{"embeddable":true,"href":"https:\/\/atl-software.net\/en\/wp-json\/wp\/v2\/comments?post=1451"}],"version-history":[{"count":8,"href":"https:\/\/atl-software.net\/en\/wp-json\/wp\/v2\/pages\/1451\/revisions"}],"predecessor-version":[{"id":1495,"href":"https:\/\/atl-software.net\/en\/wp-json\/wp\/v2\/pages\/1451\/revisions\/1495"}],"wp:attachment":[{"href":"https:\/\/atl-software.net\/en\/wp-json\/wp\/v2\/media?parent=1451"}],"curies":[{"name":"wp","href":"https:\/\/api.w.org\/{rel}","templated":true}]}}