{"id":1358,"date":"2019-02-26T11:37:19","date_gmt":"2019-02-26T10:37:19","guid":{"rendered":"http:\/\/atl-software.net\/?page_id=1358"},"modified":"2019-03-06T14:13:14","modified_gmt":"2019-03-06T13:13:14","slug":"le-saviez-vous-tous-vos-eleves-attendent-et-revent-de-pouvoir-sinscrire-en-ligne","status":"publish","type":"page","link":"https:\/\/atl-software.net\/en\/le-saviez-vous-tous-vos-eleves-attendent-et-revent-de-pouvoir-sinscrire-en-ligne\/","title":{"rendered":"Reduce Registration Queues with ATL Software"},"content":{"rendered":"<p>At subscription periods, all your students wait (and surely dream of&#8230;) for an on-line subscription process, that will reduce queues and deadlines whilst improving student&#8217;s data collecting processes. At least 3 options can help among which: recruiting reception clerks, installing interactive kiosks, deploying on-line subscriptions.<\/p>\n<p>Whatever solution is chosen, make sure it helps with optimizing lines and that it improves data collection. Indeed, surveys show that queue pressure and lack of time both lead students&#8217; and staff&#8217;s to precipitate the subscription process and rush data collection.<\/p>\n<p>To answer this double challenge, <strong>ATL Software<\/strong> has developed on-line subscription features within its software suite, that dramatically reduce lines and enhance data collection quality.<\/p>\n<img decoding=\"async\" loading=\"lazy\" class=\"alignnone size-full wp-image-1399\" src=\"http:\/\/atl-software.net\/wp-content\/uploads\/2019\/02\/inscriptions-IF-Tunis.jpg\" alt=\"inscriptions-if-tunis\" width=\"1500\" height=\"473\" srcset=\"https:\/\/atl-software.net\/wp-content\/uploads\/2019\/02\/inscriptions-IF-Tunis.jpg 1500w, https:\/\/atl-software.net\/wp-content\/uploads\/2019\/02\/inscriptions-IF-Tunis-300x95.jpg 300w, https:\/\/atl-software.net\/wp-content\/uploads\/2019\/02\/inscriptions-IF-Tunis-768x242.jpg 768w, https:\/\/atl-software.net\/wp-content\/uploads\/2019\/02\/inscriptions-IF-Tunis-1024x323.jpg 1024w\" sizes=\"(max-width: 1500px) 100vw, 1500px\" \/>\n<p><strong>Queue during registration\u00a0at the Institut Fran\u00e7ais in Tunisia<\/strong><\/p>\n<p>Appropriate data collecting at this time is essential to better know the students so the School may customize and individualize communication further, accordingly.<\/p>\n<p>The on-line solutions developed by ATL Software allow for integrating subscription forms onto the School&#8217;s website, or also develop the site from scratch again if necessary. The web application may be used from interactive kiosks at school entrance too.<\/p>\n<p><strong>ATL Software<\/strong> brings a customized solution to every school.<\/p>\n<p>To learn more about on-line subscription features brought by ATL Software, website reengineering, or interactive kiosk implementation, <a href=\"http:\/\/atl-software.net\/atl-software\/contact\/\">contact us using the form here<\/a>.<\/p>","protected":false},"excerpt":{"rendered":"<p>At subscription periods, all your students wait (and surely dream of&#8230;) for an on-line subscription process, that will reduce queues and deadlines whilst improving student&#8217;s data collecting processes. At least 3 options can help among which: recruiting reception clerks, installing interactive kiosks, deploying on-line subscriptions. Whatever solution is chosen, make sure it helps with optimizing&#8230;  <a class=\"excerpt-read-more\" href=\"https:\/\/atl-software.net\/en\/le-saviez-vous-tous-vos-eleves-attendent-et-revent-de-pouvoir-sinscrire-en-ligne\/\" title=\"Read Reduce Registration Queues with ATL Software\">Read more &raquo;<\/a><\/p>\n","protected":false},"author":2,"featured_media":0,"parent":0,"menu_order":0,"comment_status":"closed","ping_status":"closed","template":"template\/template-ml.php","meta":{"_uag_custom_page_level_css":""},"acf":[],"yoast_head":"<!-- This site is optimized with the Yoast SEO plugin v20.13 - https:\/\/yoast.com\/wordpress\/plugins\/seo\/ -->\n<title>Reduce Registration Queues with ATL Software - ATL Software<\/title>\n<meta name=\"robots\" content=\"index, follow, max-snippet:-1, max-image-preview:large, max-video-preview:-1\" \/>\n<link rel=\"canonical\" href=\"https:\/\/atl-software.net\/le-saviez-vous-tous-vos-eleves-attendent-et-revent-de-pouvoir-sinscrire-en-ligne\/\" \/>\n<meta property=\"og:locale\" content=\"en_US\" \/>\n<meta property=\"og:type\" content=\"article\" \/>\n<meta property=\"og:title\" content=\"Reduce Registration Queues with ATL Software - ATL Software\" \/>\n<meta property=\"og:description\" content=\"At subscription periods, all your students wait (and surely dream of&#8230;) for an on-line subscription process, that will reduce queues and deadlines whilst improving student&#8217;s data collecting processes. At least 3 options can help among which: recruiting reception clerks, installing interactive kiosks, deploying on-line subscriptions. Whatever solution is chosen, make sure it helps with optimizing... Read more &raquo;\" \/>\n<meta property=\"og:url\" content=\"https:\/\/atl-software.net\/le-saviez-vous-tous-vos-eleves-attendent-et-revent-de-pouvoir-sinscrire-en-ligne\/\" \/>\n<meta property=\"og:site_name\" content=\"ATL Software\" \/>\n<meta property=\"article:publisher\" content=\"https:\/\/www.facebook.com\/ATL-Software-724527551053606\/\" \/>\n<meta property=\"article:modified_time\" content=\"2019-03-06T13:13:14+00:00\" \/>\n<meta property=\"og:image\" content=\"http:\/\/atl-software.net\/wp-content\/uploads\/2019\/02\/inscriptions-IF-Tunis.jpg\" \/>\n<meta name=\"twitter:card\" content=\"summary_large_image\" \/>\n<meta name=\"twitter:site\" content=\"@SoftwareAtl\" \/>\n<meta name=\"twitter:label1\" content=\"Est. reading time\" \/>\n\t<meta name=\"twitter:data1\" content=\"5 minutes\" \/>\n<script type=\"application\/ld+json\" class=\"yoast-schema-graph\">{\"@context\":\"https:\/\/schema.org\",\"@graph\":[{\"@type\":\"WebPage\",\"@id\":\"https:\/\/atl-software.net\/le-saviez-vous-tous-vos-eleves-attendent-et-revent-de-pouvoir-sinscrire-en-ligne\/\",\"url\":\"https:\/\/atl-software.net\/le-saviez-vous-tous-vos-eleves-attendent-et-revent-de-pouvoir-sinscrire-en-ligne\/\",\"name\":\"Reduce Registration Queues with ATL Software - ATL Software\",\"isPartOf\":{\"@id\":\"https:\/\/atl-software.net\/#website\"},\"datePublished\":\"2019-02-26T10:37:19+00:00\",\"dateModified\":\"2019-03-06T13:13:14+00:00\",\"breadcrumb\":{\"@id\":\"https:\/\/atl-software.net\/le-saviez-vous-tous-vos-eleves-attendent-et-revent-de-pouvoir-sinscrire-en-ligne\/#breadcrumb\"},\"inLanguage\":\"en-US\",\"potentialAction\":[{\"@type\":\"ReadAction\",\"target\":[\"https:\/\/atl-software.net\/le-saviez-vous-tous-vos-eleves-attendent-et-revent-de-pouvoir-sinscrire-en-ligne\/\"]}]},{\"@type\":\"BreadcrumbList\",\"@id\":\"https:\/\/atl-software.net\/le-saviez-vous-tous-vos-eleves-attendent-et-revent-de-pouvoir-sinscrire-en-ligne\/#breadcrumb\",\"itemListElement\":[{\"@type\":\"ListItem\",\"position\":1,\"name\":\"Accueil\",\"item\":\"https:\/\/atl-software.net\/en\/\"},{\"@type\":\"ListItem\",\"position\":2,\"name\":\"Le saviez-vous ? Tous vos \u00e9l\u00e8ves attendent (et r\u00eavent) de pouvoir s&rsquo;inscrire en ligne\"}]},{\"@type\":\"WebSite\",\"@id\":\"https:\/\/atl-software.net\/#website\",\"url\":\"https:\/\/atl-software.net\/\",\"name\":\"ATL Software\",\"description\":\"\",\"publisher\":{\"@id\":\"https:\/\/atl-software.net\/#organization\"},\"potentialAction\":[{\"@type\":\"SearchAction\",\"target\":{\"@type\":\"EntryPoint\",\"urlTemplate\":\"https:\/\/atl-software.net\/?s={search_term_string}\"},\"query-input\":\"required name=search_term_string\"}],\"inLanguage\":\"en-US\"},{\"@type\":\"Organization\",\"@id\":\"https:\/\/atl-software.net\/#organization\",\"name\":\"ATL Software\",\"url\":\"https:\/\/atl-software.net\/\",\"logo\":{\"@type\":\"ImageObject\",\"inLanguage\":\"en-US\",\"@id\":\"https:\/\/atl-software.net\/#\/schema\/logo\/image\/\",\"url\":\"https:\/\/atl-software.net\/wp-content\/uploads\/2023\/04\/Interfaz-moderna-AEC.png\",\"contentUrl\":\"https:\/\/atl-software.net\/wp-content\/uploads\/2023\/04\/Interfaz-moderna-AEC.png\",\"width\":918,\"height\":673,\"caption\":\"ATL Software\"},\"image\":{\"@id\":\"https:\/\/atl-software.net\/#\/schema\/logo\/image\/\"},\"sameAs\":[\"https:\/\/www.facebook.com\/ATL-Software-724527551053606\/\",\"https:\/\/twitter.com\/SoftwareAtl\",\"https:\/\/www.linkedin.com\/in\/atl-software-logiciel-arc-en-ciel-a9428b91\/\",\"https:\/\/www.youtube.com\/watch?v=prCVSFs_vZg\"]}]}<\/script>\n<!-- \/ Yoast SEO plugin. -->","yoast_head_json":{"title":"Reduce Registration Queues with ATL Software - ATL Software","robots":{"index":"index","follow":"follow","max-snippet":"max-snippet:-1","max-image-preview":"max-image-preview:large","max-video-preview":"max-video-preview:-1"},"canonical":"https:\/\/atl-software.net\/le-saviez-vous-tous-vos-eleves-attendent-et-revent-de-pouvoir-sinscrire-en-ligne\/","og_locale":"en_US","og_type":"article","og_title":"Reduce Registration Queues with ATL Software - ATL Software","og_description":"At subscription periods, all your students wait (and surely dream of&#8230;) for an on-line subscription process, that will reduce queues and deadlines whilst improving student&#8217;s data collecting processes. At least 3 options can help among which: recruiting reception clerks, installing interactive kiosks, deploying on-line subscriptions. Whatever solution is chosen, make sure it helps with optimizing... Read more &raquo;","og_url":"https:\/\/atl-software.net\/le-saviez-vous-tous-vos-eleves-attendent-et-revent-de-pouvoir-sinscrire-en-ligne\/","og_site_name":"ATL Software","article_publisher":"https:\/\/www.facebook.com\/ATL-Software-724527551053606\/","article_modified_time":"2019-03-06T13:13:14+00:00","og_image":[{"url":"http:\/\/atl-software.net\/wp-content\/uploads\/2019\/02\/inscriptions-IF-Tunis.jpg"}],"twitter_card":"summary_large_image","twitter_site":"@SoftwareAtl","twitter_misc":{"Est. reading time":"5 minutes"},"schema":{"@context":"https:\/\/schema.org","@graph":[{"@type":"WebPage","@id":"https:\/\/atl-software.net\/le-saviez-vous-tous-vos-eleves-attendent-et-revent-de-pouvoir-sinscrire-en-ligne\/","url":"https:\/\/atl-software.net\/le-saviez-vous-tous-vos-eleves-attendent-et-revent-de-pouvoir-sinscrire-en-ligne\/","name":"Reduce Registration Queues with ATL Software - ATL Software","isPartOf":{"@id":"https:\/\/atl-software.net\/#website"},"datePublished":"2019-02-26T10:37:19+00:00","dateModified":"2019-03-06T13:13:14+00:00","breadcrumb":{"@id":"https:\/\/atl-software.net\/le-saviez-vous-tous-vos-eleves-attendent-et-revent-de-pouvoir-sinscrire-en-ligne\/#breadcrumb"},"inLanguage":"en-US","potentialAction":[{"@type":"ReadAction","target":["https:\/\/atl-software.net\/le-saviez-vous-tous-vos-eleves-attendent-et-revent-de-pouvoir-sinscrire-en-ligne\/"]}]},{"@type":"BreadcrumbList","@id":"https:\/\/atl-software.net\/le-saviez-vous-tous-vos-eleves-attendent-et-revent-de-pouvoir-sinscrire-en-ligne\/#breadcrumb","itemListElement":[{"@type":"ListItem","position":1,"name":"Accueil","item":"https:\/\/atl-software.net\/en\/"},{"@type":"ListItem","position":2,"name":"Le saviez-vous ? Tous vos \u00e9l\u00e8ves attendent (et r\u00eavent) de pouvoir s&rsquo;inscrire en ligne"}]},{"@type":"WebSite","@id":"https:\/\/atl-software.net\/#website","url":"https:\/\/atl-software.net\/","name":"ATL Software","description":"","publisher":{"@id":"https:\/\/atl-software.net\/#organization"},"potentialAction":[{"@type":"SearchAction","target":{"@type":"EntryPoint","urlTemplate":"https:\/\/atl-software.net\/?s={search_term_string}"},"query-input":"required name=search_term_string"}],"inLanguage":"en-US"},{"@type":"Organization","@id":"https:\/\/atl-software.net\/#organization","name":"ATL Software","url":"https:\/\/atl-software.net\/","logo":{"@type":"ImageObject","inLanguage":"en-US","@id":"https:\/\/atl-software.net\/#\/schema\/logo\/image\/","url":"https:\/\/atl-software.net\/wp-content\/uploads\/2023\/04\/Interfaz-moderna-AEC.png","contentUrl":"https:\/\/atl-software.net\/wp-content\/uploads\/2023\/04\/Interfaz-moderna-AEC.png","width":918,"height":673,"caption":"ATL Software"},"image":{"@id":"https:\/\/atl-software.net\/#\/schema\/logo\/image\/"},"sameAs":["https:\/\/www.facebook.com\/ATL-Software-724527551053606\/","https:\/\/twitter.com\/SoftwareAtl","https:\/\/www.linkedin.com\/in\/atl-software-logiciel-arc-en-ciel-a9428b91\/","https:\/\/www.youtube.com\/watch?v=prCVSFs_vZg"]}]}},"uagb_featured_image_src":{"full":false,"thumbnail":false,"medium":false,"medium_large":false,"large":false,"1536x1536":false,"2048x2048":false,"bones-thumb-600":false,"bones-thumb-300":false,"post-thumbnail":false},"uagb_author_info":{"display_name":"admin","author_link":"https:\/\/atl-software.net\/en\/author\/admin\/"},"uagb_comment_info":0,"uagb_excerpt":"At subscription periods, all your students wait (and surely dream of&#8230;) for an on-line subscription process, that will reduce queues and deadlines whilst improving student&#8217;s data collecting processes. At least 3 options can help among which: recruiting reception clerks, installing interactive kiosks, deploying on-line subscriptions. Whatever solution is chosen, make sure it helps with optimizing...&hellip;","_links":{"self":[{"href":"https:\/\/atl-software.net\/en\/wp-json\/wp\/v2\/pages\/1358"}],"collection":[{"href":"https:\/\/atl-software.net\/en\/wp-json\/wp\/v2\/pages"}],"about":[{"href":"https:\/\/atl-software.net\/en\/wp-json\/wp\/v2\/types\/page"}],"author":[{"embeddable":true,"href":"https:\/\/atl-software.net\/en\/wp-json\/wp\/v2\/users\/2"}],"replies":[{"embeddable":true,"href":"https:\/\/atl-software.net\/en\/wp-json\/wp\/v2\/comments?post=1358"}],"version-history":[{"count":15,"href":"https:\/\/atl-software.net\/en\/wp-json\/wp\/v2\/pages\/1358\/revisions"}],"predecessor-version":[{"id":1418,"href":"https:\/\/atl-software.net\/en\/wp-json\/wp\/v2\/pages\/1358\/revisions\/1418"}],"wp:attachment":[{"href":"https:\/\/atl-software.net\/en\/wp-json\/wp\/v2\/media?parent=1358"}],"curies":[{"name":"wp","href":"https:\/\/api.w.org\/{rel}","templated":true}]}}