{"id":1354,"date":"2019-02-26T11:30:15","date_gmt":"2019-02-26T10:30:15","guid":{"rendered":"http:\/\/atl-software.net\/?page_id=1354"},"modified":"2019-02-28T17:25:31","modified_gmt":"2019-02-28T16:25:31","slug":"temoignage-video-aec-de-stephane-giraud-responsable-federal-des-cours-de-langues-des-if-allemagne","status":"publish","type":"page","link":"https:\/\/atl-software.net\/en\/temoignage-video-aec-de-stephane-giraud-responsable-federal-des-cours-de-langues-des-if-allemagne\/","title":{"rendered":"AEC user &#8216;s Video Testimonial: St\u00e9phane Giraud: Federal Manager of Language courses by IF &#8211; Germany"},"content":{"rendered":"<p>St\u00e9phane Giraud, Federal Manager of Language Courses and Coordination at the Instituts Fran\u00e7ais in Germany shares with us his feedback on the AEC Software.<\/p>\n<p>He highlights the strengths of AEC, a complete software solution to manage Language Schools on a large country as\u00a0Germany.<\/p>\n<p>Stephane explains how the AEC software has allowed to meet two expectations: the need for driving the daily activity of the courses schools, collecting and analyzing data, and the need for setting up a rational organization.<\/p>\n<p><iframe loading=\"lazy\" src=\"https:\/\/player.vimeo.com\/video\/318854142?app_id=122963\" width=\"680\" height=\"383\" frameborder=\"0\" title=\"Arc-en-Ciel - Ste\u0301phane Giraud\" allow=\"autoplay; fullscreen\" allowfullscreen><\/iframe><\/p>\n<p>&nbsp;<\/p>\n<p>Indeed, AEC has made possible to comprehend costs in parallel with courses profitability, more efficiently. Consequently the software has provided precious performance indicators.<\/p>\n<p>In addition, the AEC Software has helped and structured the activity at a time when\u00a0the\u00a0numerous Instituts Fran\u00e7ais in Germany were to merge.<\/p>\n<p>St\u00e9phane Giraud also underlines the Software user-friendliness.<\/p>\n<p>AEC has been especially designed for users to get started easily and fast. Features are clearly displayed, the interface is friendly and colorful so the training process is short and the usage easy.<\/p>\n<p>As a result AEC is seen as an efficient and complete solution to manage a language school efficiently.<\/p>\n<p>The ROI is quick and large, as the software has cost the IF less than 0,02% of the Schools revenue.<\/p>\n<p>St\u00e9phane Giraud has also enjoyed\u00a0much the ATL Teams&#8217; ability to adapt quickly and to meet\u00a0the needs of all the language schools within the group.<\/p>\n<p>Do you want to learn more about the <a href=\"http:\/\/atl-software.net\/atl-software\/contact\/\"><strong>AEC Software? Contact us<\/strong><\/a>.<\/p>","protected":false},"excerpt":{"rendered":"<p>St\u00e9phane Giraud, Federal Manager of Language Courses and Coordination at the Instituts Fran\u00e7ais in Germany shares with us his feedback on the AEC Software. He highlights the strengths of AEC, a complete software solution to manage Language Schools on a large country as\u00a0Germany. Stephane explains how the AEC software has allowed to meet two expectations:&#8230;  <a class=\"excerpt-read-more\" href=\"https:\/\/atl-software.net\/en\/temoignage-video-aec-de-stephane-giraud-responsable-federal-des-cours-de-langues-des-if-allemagne\/\" title=\"Read AEC user &#8216;s Video Testimonial: St\u00e9phane Giraud: Federal Manager of Language courses by IF &#8211; Germany\">Read more &raquo;<\/a><\/p>\n","protected":false},"author":2,"featured_media":0,"parent":0,"menu_order":0,"comment_status":"closed","ping_status":"closed","template":"template\/template-ml.php","meta":{"_uag_custom_page_level_css":""},"acf":[],"yoast_head":"<!-- This site is optimized with the Yoast SEO plugin v20.13 - https:\/\/yoast.com\/wordpress\/plugins\/seo\/ -->\n<title>AEC user &#039;s Video Testimonial: St\u00e9phane Giraud: Federal Manager of Language courses by IF - Germany - ATL Software<\/title>\n<meta name=\"robots\" content=\"index, follow, max-snippet:-1, max-image-preview:large, max-video-preview:-1\" \/>\n<link rel=\"canonical\" href=\"https:\/\/atl-software.net\/en\/temoignage-video-aec-de-stephane-giraud-responsable-federal-des-cours-de-langues-des-if-allemagne\/\" \/>\n<meta property=\"og:locale\" content=\"en_US\" \/>\n<meta property=\"og:type\" content=\"article\" \/>\n<meta property=\"og:title\" content=\"AEC user &#039;s Video Testimonial: St\u00e9phane Giraud: Federal Manager of Language courses by IF - Germany - ATL Software\" \/>\n<meta property=\"og:description\" content=\"St\u00e9phane Giraud, Federal Manager of Language Courses and Coordination at the Instituts Fran\u00e7ais in Germany shares with us his feedback on the AEC Software. He highlights the strengths of AEC, a complete software solution to manage Language Schools on a large country as\u00a0Germany. Stephane explains how the AEC software has allowed to meet two expectations:... Read more &raquo;\" \/>\n<meta property=\"og:url\" content=\"https:\/\/atl-software.net\/en\/temoignage-video-aec-de-stephane-giraud-responsable-federal-des-cours-de-langues-des-if-allemagne\/\" \/>\n<meta property=\"og:site_name\" content=\"ATL Software\" \/>\n<meta property=\"article:publisher\" content=\"https:\/\/www.facebook.com\/ATL-Software-724527551053606\/\" \/>\n<meta property=\"article:modified_time\" content=\"2019-02-28T16:25:31+00:00\" \/>\n<meta name=\"twitter:card\" content=\"summary_large_image\" \/>\n<meta name=\"twitter:site\" content=\"@SoftwareAtl\" \/>\n<meta name=\"twitter:label1\" content=\"Est. reading time\" \/>\n\t<meta name=\"twitter:data1\" content=\"5 minutes\" \/>\n<script type=\"application\/ld+json\" class=\"yoast-schema-graph\">{\"@context\":\"https:\/\/schema.org\",\"@graph\":[{\"@type\":\"WebPage\",\"@id\":\"https:\/\/atl-software.net\/en\/temoignage-video-aec-de-stephane-giraud-responsable-federal-des-cours-de-langues-des-if-allemagne\/\",\"url\":\"https:\/\/atl-software.net\/en\/temoignage-video-aec-de-stephane-giraud-responsable-federal-des-cours-de-langues-des-if-allemagne\/\",\"name\":\"AEC user 's Video Testimonial: St\u00e9phane Giraud: Federal Manager of Language courses by IF - Germany - ATL Software\",\"isPartOf\":{\"@id\":\"https:\/\/atl-software.net\/#website\"},\"datePublished\":\"2019-02-26T10:30:15+00:00\",\"dateModified\":\"2019-02-28T16:25:31+00:00\",\"breadcrumb\":{\"@id\":\"https:\/\/atl-software.net\/en\/temoignage-video-aec-de-stephane-giraud-responsable-federal-des-cours-de-langues-des-if-allemagne\/#breadcrumb\"},\"inLanguage\":\"en-US\",\"potentialAction\":[{\"@type\":\"ReadAction\",\"target\":[\"https:\/\/atl-software.net\/en\/temoignage-video-aec-de-stephane-giraud-responsable-federal-des-cours-de-langues-des-if-allemagne\/\"]}]},{\"@type\":\"BreadcrumbList\",\"@id\":\"https:\/\/atl-software.net\/en\/temoignage-video-aec-de-stephane-giraud-responsable-federal-des-cours-de-langues-des-if-allemagne\/#breadcrumb\",\"itemListElement\":[{\"@type\":\"ListItem\",\"position\":1,\"name\":\"Accueil\",\"item\":\"https:\/\/atl-software.net\/en\/\"},{\"@type\":\"ListItem\",\"position\":2,\"name\":\"AEC user &#8216;s Video Testimonial: St\u00e9phane Giraud: Federal Manager of Language courses by IF &#8211; Germany\"}]},{\"@type\":\"WebSite\",\"@id\":\"https:\/\/atl-software.net\/#website\",\"url\":\"https:\/\/atl-software.net\/\",\"name\":\"ATL Software\",\"description\":\"\",\"publisher\":{\"@id\":\"https:\/\/atl-software.net\/#organization\"},\"potentialAction\":[{\"@type\":\"SearchAction\",\"target\":{\"@type\":\"EntryPoint\",\"urlTemplate\":\"https:\/\/atl-software.net\/?s={search_term_string}\"},\"query-input\":\"required name=search_term_string\"}],\"inLanguage\":\"en-US\"},{\"@type\":\"Organization\",\"@id\":\"https:\/\/atl-software.net\/#organization\",\"name\":\"ATL Software\",\"url\":\"https:\/\/atl-software.net\/\",\"logo\":{\"@type\":\"ImageObject\",\"inLanguage\":\"en-US\",\"@id\":\"https:\/\/atl-software.net\/#\/schema\/logo\/image\/\",\"url\":\"https:\/\/atl-software.net\/wp-content\/uploads\/2023\/04\/Interfaz-moderna-AEC.png\",\"contentUrl\":\"https:\/\/atl-software.net\/wp-content\/uploads\/2023\/04\/Interfaz-moderna-AEC.png\",\"width\":918,\"height\":673,\"caption\":\"ATL Software\"},\"image\":{\"@id\":\"https:\/\/atl-software.net\/#\/schema\/logo\/image\/\"},\"sameAs\":[\"https:\/\/www.facebook.com\/ATL-Software-724527551053606\/\",\"https:\/\/twitter.com\/SoftwareAtl\",\"https:\/\/www.linkedin.com\/in\/atl-software-logiciel-arc-en-ciel-a9428b91\/\",\"https:\/\/www.youtube.com\/watch?v=prCVSFs_vZg\"]}]}<\/script>\n<!-- \/ Yoast SEO plugin. -->","yoast_head_json":{"title":"AEC user 's Video Testimonial: St\u00e9phane Giraud: Federal Manager of Language courses by IF - Germany - ATL Software","robots":{"index":"index","follow":"follow","max-snippet":"max-snippet:-1","max-image-preview":"max-image-preview:large","max-video-preview":"max-video-preview:-1"},"canonical":"https:\/\/atl-software.net\/en\/temoignage-video-aec-de-stephane-giraud-responsable-federal-des-cours-de-langues-des-if-allemagne\/","og_locale":"en_US","og_type":"article","og_title":"AEC user 's Video Testimonial: St\u00e9phane Giraud: Federal Manager of Language courses by IF - Germany - ATL Software","og_description":"St\u00e9phane Giraud, Federal Manager of Language Courses and Coordination at the Instituts Fran\u00e7ais in Germany shares with us his feedback on the AEC Software. He highlights the strengths of AEC, a complete software solution to manage Language Schools on a large country as\u00a0Germany. Stephane explains how the AEC software has allowed to meet two expectations:... Read more &raquo;","og_url":"https:\/\/atl-software.net\/en\/temoignage-video-aec-de-stephane-giraud-responsable-federal-des-cours-de-langues-des-if-allemagne\/","og_site_name":"ATL Software","article_publisher":"https:\/\/www.facebook.com\/ATL-Software-724527551053606\/","article_modified_time":"2019-02-28T16:25:31+00:00","twitter_card":"summary_large_image","twitter_site":"@SoftwareAtl","twitter_misc":{"Est. reading time":"5 minutes"},"schema":{"@context":"https:\/\/schema.org","@graph":[{"@type":"WebPage","@id":"https:\/\/atl-software.net\/en\/temoignage-video-aec-de-stephane-giraud-responsable-federal-des-cours-de-langues-des-if-allemagne\/","url":"https:\/\/atl-software.net\/en\/temoignage-video-aec-de-stephane-giraud-responsable-federal-des-cours-de-langues-des-if-allemagne\/","name":"AEC user 's Video Testimonial: St\u00e9phane Giraud: Federal Manager of Language courses by IF - Germany - ATL Software","isPartOf":{"@id":"https:\/\/atl-software.net\/#website"},"datePublished":"2019-02-26T10:30:15+00:00","dateModified":"2019-02-28T16:25:31+00:00","breadcrumb":{"@id":"https:\/\/atl-software.net\/en\/temoignage-video-aec-de-stephane-giraud-responsable-federal-des-cours-de-langues-des-if-allemagne\/#breadcrumb"},"inLanguage":"en-US","potentialAction":[{"@type":"ReadAction","target":["https:\/\/atl-software.net\/en\/temoignage-video-aec-de-stephane-giraud-responsable-federal-des-cours-de-langues-des-if-allemagne\/"]}]},{"@type":"BreadcrumbList","@id":"https:\/\/atl-software.net\/en\/temoignage-video-aec-de-stephane-giraud-responsable-federal-des-cours-de-langues-des-if-allemagne\/#breadcrumb","itemListElement":[{"@type":"ListItem","position":1,"name":"Accueil","item":"https:\/\/atl-software.net\/en\/"},{"@type":"ListItem","position":2,"name":"AEC user &#8216;s Video Testimonial: St\u00e9phane Giraud: Federal Manager of Language courses by IF &#8211; Germany"}]},{"@type":"WebSite","@id":"https:\/\/atl-software.net\/#website","url":"https:\/\/atl-software.net\/","name":"ATL Software","description":"","publisher":{"@id":"https:\/\/atl-software.net\/#organization"},"potentialAction":[{"@type":"SearchAction","target":{"@type":"EntryPoint","urlTemplate":"https:\/\/atl-software.net\/?s={search_term_string}"},"query-input":"required name=search_term_string"}],"inLanguage":"en-US"},{"@type":"Organization","@id":"https:\/\/atl-software.net\/#organization","name":"ATL Software","url":"https:\/\/atl-software.net\/","logo":{"@type":"ImageObject","inLanguage":"en-US","@id":"https:\/\/atl-software.net\/#\/schema\/logo\/image\/","url":"https:\/\/atl-software.net\/wp-content\/uploads\/2023\/04\/Interfaz-moderna-AEC.png","contentUrl":"https:\/\/atl-software.net\/wp-content\/uploads\/2023\/04\/Interfaz-moderna-AEC.png","width":918,"height":673,"caption":"ATL Software"},"image":{"@id":"https:\/\/atl-software.net\/#\/schema\/logo\/image\/"},"sameAs":["https:\/\/www.facebook.com\/ATL-Software-724527551053606\/","https:\/\/twitter.com\/SoftwareAtl","https:\/\/www.linkedin.com\/in\/atl-software-logiciel-arc-en-ciel-a9428b91\/","https:\/\/www.youtube.com\/watch?v=prCVSFs_vZg"]}]}},"uagb_featured_image_src":{"full":false,"thumbnail":false,"medium":false,"medium_large":false,"large":false,"1536x1536":false,"2048x2048":false,"bones-thumb-600":false,"bones-thumb-300":false,"post-thumbnail":false},"uagb_author_info":{"display_name":"admin","author_link":"https:\/\/atl-software.net\/en\/author\/admin\/"},"uagb_comment_info":0,"uagb_excerpt":"St\u00e9phane Giraud, Federal Manager of Language Courses and Coordination at the Instituts Fran\u00e7ais in Germany shares with us his feedback on the AEC Software. He highlights the strengths of AEC, a complete software solution to manage Language Schools on a large country as\u00a0Germany. Stephane explains how the AEC software has allowed to meet two expectations:...&hellip;","_links":{"self":[{"href":"https:\/\/atl-software.net\/en\/wp-json\/wp\/v2\/pages\/1354"}],"collection":[{"href":"https:\/\/atl-software.net\/en\/wp-json\/wp\/v2\/pages"}],"about":[{"href":"https:\/\/atl-software.net\/en\/wp-json\/wp\/v2\/types\/page"}],"author":[{"embeddable":true,"href":"https:\/\/atl-software.net\/en\/wp-json\/wp\/v2\/users\/2"}],"replies":[{"embeddable":true,"href":"https:\/\/atl-software.net\/en\/wp-json\/wp\/v2\/comments?post=1354"}],"version-history":[{"count":11,"href":"https:\/\/atl-software.net\/en\/wp-json\/wp\/v2\/pages\/1354\/revisions"}],"predecessor-version":[{"id":1406,"href":"https:\/\/atl-software.net\/en\/wp-json\/wp\/v2\/pages\/1354\/revisions\/1406"}],"wp:attachment":[{"href":"https:\/\/atl-software.net\/en\/wp-json\/wp\/v2\/media?parent=1354"}],"curies":[{"name":"wp","href":"https:\/\/api.w.org\/{rel}","templated":true}]}}