{"id":1352,"date":"2019-02-26T11:13:13","date_gmt":"2019-02-26T10:13:13","guid":{"rendered":"http:\/\/atl-software.net\/?page_id=1352"},"modified":"2019-02-28T17:56:32","modified_gmt":"2019-02-28T16:56:32","slug":"formation-au-cilec-saint-etienne-une-opportunite-nouvelle-pour-atl-software","status":"publish","type":"page","link":"https:\/\/atl-software.net\/en\/formation-au-cilec-saint-etienne-une-opportunite-nouvelle-pour-atl-software\/","title":{"rendered":"New Challenge for ATL Software: Training at CILEC,  a school within a University"},"content":{"rendered":"<p>The CILEC: Centre International de Langue Et de Civilisation, &#8211; International Centre of French language and civilization is a small size school integrated within the University Jean Monnet in Saint Etienne (France), what is rare.<\/p>\n<p>Created in 1977, CILEC offers more than 30 years of experience teaching the French language. Each year, more than 300 foreign students, of various citizenships, come and learn. From intensive courses all year long, to evening courses, internship, bachelors, or summer camps, there is always a course at CILEC that suits every student&#8217;s level, need and availability.<\/p>\n<p>When searching for the software solution that would best\u00a0meet its ambitions and implementation requirements, CILEC has naturally chosen ATL Software, best of breed software to manage language courses.<\/p>\n<p>Last October 2018, our trainer was on the deck to lead a multiday training session on AEC. During the training, users were trained at operating with\u00a0daily software features: agenda management, courses follow-up, and registration.<\/p>\n<img decoding=\"async\" loading=\"lazy\" class=\"wp-image-1365 size-medium alignnone\" src=\"http:\/\/atl-software.net\/wp-content\/uploads\/2019\/02\/IMG_3344-300x224.jpg\" alt=\"img_3344\" width=\"300\" height=\"224\" srcset=\"https:\/\/atl-software.net\/wp-content\/uploads\/2019\/02\/IMG_3344-300x224.jpg 300w, https:\/\/atl-software.net\/wp-content\/uploads\/2019\/02\/IMG_3344-768x574.jpg 768w, https:\/\/atl-software.net\/wp-content\/uploads\/2019\/02\/IMG_3344-1024x765.jpg 1024w\" sizes=\"(max-width: 300px) 100vw, 300px\" \/> <img decoding=\"async\" loading=\"lazy\" class=\"wp-image-1366 size-medium alignnone\" src=\"http:\/\/atl-software.net\/wp-content\/uploads\/2019\/02\/IMG_3348-300x224.jpg\" alt=\"img_3348\" width=\"300\" height=\"224\" srcset=\"https:\/\/atl-software.net\/wp-content\/uploads\/2019\/02\/IMG_3348-300x224.jpg 300w, https:\/\/atl-software.net\/wp-content\/uploads\/2019\/02\/IMG_3348-768x574.jpg 768w, https:\/\/atl-software.net\/wp-content\/uploads\/2019\/02\/IMG_3348-1024x765.jpg 1024w\" sizes=\"(max-width: 300px) 100vw, 300px\" \/> <img decoding=\"async\" loading=\"lazy\" class=\"wp-image-1364 size-medium alignnone\" src=\"http:\/\/atl-software.net\/wp-content\/uploads\/2019\/02\/IMG_3343-300x224.jpg\" alt=\"img_3343\" width=\"300\" height=\"224\" srcset=\"https:\/\/atl-software.net\/wp-content\/uploads\/2019\/02\/IMG_3343-300x224.jpg 300w, https:\/\/atl-software.net\/wp-content\/uploads\/2019\/02\/IMG_3343-768x574.jpg 768w, https:\/\/atl-software.net\/wp-content\/uploads\/2019\/02\/IMG_3343-1024x765.jpg 1024w\" sizes=\"(max-width: 300px) 100vw, 300px\" \/>\n<p>&nbsp;<\/p>\n<p>The training at CILEC is part of ATL Software&#8217;s strategy to offer solutions to all education players, whatever the course and the discipline, by all types of Schools : Instituts Fran\u00e7ais, Alliances Fran\u00e7aises or other.<\/p>\n<p>This event opens up for ATL Software new prospects\u00a0since it exists\u00a0a lot of schools integrated into\u00a0Universities in the world.<\/p>\n<p>If you want to learn more about our training sessions or our school management software solutions,<a href=\"http:\/\/atl-software.net\/atl-software\/contact\/\"><strong> leave us a message!<\/strong><\/a><\/p>","protected":false},"excerpt":{"rendered":"<p>The CILEC: Centre International de Langue Et de Civilisation, &#8211; International Centre of French language and civilization is a small size school integrated within the University Jean Monnet in Saint Etienne (France), what is rare. Created in 1977, CILEC offers more than 30 years of experience teaching the French language. Each year, more than 300&#8230;  <a class=\"excerpt-read-more\" href=\"https:\/\/atl-software.net\/en\/formation-au-cilec-saint-etienne-une-opportunite-nouvelle-pour-atl-software\/\" title=\"Read New Challenge for ATL Software: Training at CILEC,  a school within a University\">Read more &raquo;<\/a><\/p>\n","protected":false},"author":2,"featured_media":0,"parent":0,"menu_order":0,"comment_status":"closed","ping_status":"closed","template":"template\/template-ml.php","meta":{"_uag_custom_page_level_css":""},"acf":[],"yoast_head":"<!-- This site is optimized with the Yoast SEO plugin v20.13 - https:\/\/yoast.com\/wordpress\/plugins\/seo\/ -->\n<title>New Challenge for ATL Software: Training at CILEC, a school within a University - ATL Software<\/title>\n<meta name=\"description\" content=\"(Fran\u00e7ais) Le CILEC est un centre \u00e0 taille humaine avec la particularit\u00e9 d&#039;\u00eatre int\u00e9gr\u00e9 \u00e0 l&#039;universit\u00e9 Jean Monnet de St Etienne.\" \/>\n<meta name=\"robots\" content=\"index, follow, max-snippet:-1, max-image-preview:large, max-video-preview:-1\" \/>\n<link rel=\"canonical\" href=\"https:\/\/atl-software.net\/en\/formation-au-cilec-saint-etienne-une-opportunite-nouvelle-pour-atl-software\/\" \/>\n<meta property=\"og:locale\" content=\"en_US\" \/>\n<meta property=\"og:type\" content=\"article\" \/>\n<meta property=\"og:title\" content=\"New Challenge for ATL Software: Training at CILEC, a school within a University - ATL Software\" \/>\n<meta property=\"og:description\" content=\"(Fran\u00e7ais) Le CILEC est un centre \u00e0 taille humaine avec la particularit\u00e9 d&#039;\u00eatre int\u00e9gr\u00e9 \u00e0 l&#039;universit\u00e9 Jean Monnet de St Etienne.\" \/>\n<meta property=\"og:url\" content=\"https:\/\/atl-software.net\/en\/formation-au-cilec-saint-etienne-une-opportunite-nouvelle-pour-atl-software\/\" \/>\n<meta property=\"og:site_name\" content=\"ATL Software\" \/>\n<meta property=\"article:publisher\" content=\"https:\/\/www.facebook.com\/ATL-Software-724527551053606\/\" \/>\n<meta property=\"article:modified_time\" content=\"2019-02-28T16:56:32+00:00\" \/>\n<meta property=\"og:image\" content=\"http:\/\/atl-software.net\/wp-content\/uploads\/2019\/02\/IMG_3348-300x224.jpg\" \/>\n<meta name=\"twitter:card\" content=\"summary_large_image\" \/>\n<meta name=\"twitter:site\" content=\"@SoftwareAtl\" \/>\n<meta name=\"twitter:label1\" content=\"Est. reading time\" \/>\n\t<meta name=\"twitter:data1\" content=\"4 minutes\" \/>\n<script type=\"application\/ld+json\" class=\"yoast-schema-graph\">{\"@context\":\"https:\/\/schema.org\",\"@graph\":[{\"@type\":\"WebPage\",\"@id\":\"https:\/\/atl-software.net\/en\/formation-au-cilec-saint-etienne-une-opportunite-nouvelle-pour-atl-software\/\",\"url\":\"https:\/\/atl-software.net\/en\/formation-au-cilec-saint-etienne-une-opportunite-nouvelle-pour-atl-software\/\",\"name\":\"New Challenge for ATL Software: Training at CILEC, a school within a University - ATL Software\",\"isPartOf\":{\"@id\":\"https:\/\/atl-software.net\/#website\"},\"datePublished\":\"2019-02-26T10:13:13+00:00\",\"dateModified\":\"2019-02-28T16:56:32+00:00\",\"description\":\"(Fran\u00e7ais) Le CILEC est un centre \u00e0 taille humaine avec la particularit\u00e9 d'\u00eatre int\u00e9gr\u00e9 \u00e0 l'universit\u00e9 Jean Monnet de St Etienne.\",\"breadcrumb\":{\"@id\":\"https:\/\/atl-software.net\/en\/formation-au-cilec-saint-etienne-une-opportunite-nouvelle-pour-atl-software\/#breadcrumb\"},\"inLanguage\":\"en-US\",\"potentialAction\":[{\"@type\":\"ReadAction\",\"target\":[\"https:\/\/atl-software.net\/en\/formation-au-cilec-saint-etienne-une-opportunite-nouvelle-pour-atl-software\/\"]}]},{\"@type\":\"BreadcrumbList\",\"@id\":\"https:\/\/atl-software.net\/en\/formation-au-cilec-saint-etienne-une-opportunite-nouvelle-pour-atl-software\/#breadcrumb\",\"itemListElement\":[{\"@type\":\"ListItem\",\"position\":1,\"name\":\"Accueil\",\"item\":\"https:\/\/atl-software.net\/en\/\"},{\"@type\":\"ListItem\",\"position\":2,\"name\":\"New Challenge for ATL Software: Training at CILEC, a school within a University\"}]},{\"@type\":\"WebSite\",\"@id\":\"https:\/\/atl-software.net\/#website\",\"url\":\"https:\/\/atl-software.net\/\",\"name\":\"ATL Software\",\"description\":\"\",\"publisher\":{\"@id\":\"https:\/\/atl-software.net\/#organization\"},\"potentialAction\":[{\"@type\":\"SearchAction\",\"target\":{\"@type\":\"EntryPoint\",\"urlTemplate\":\"https:\/\/atl-software.net\/?s={search_term_string}\"},\"query-input\":\"required name=search_term_string\"}],\"inLanguage\":\"en-US\"},{\"@type\":\"Organization\",\"@id\":\"https:\/\/atl-software.net\/#organization\",\"name\":\"ATL Software\",\"url\":\"https:\/\/atl-software.net\/\",\"logo\":{\"@type\":\"ImageObject\",\"inLanguage\":\"en-US\",\"@id\":\"https:\/\/atl-software.net\/#\/schema\/logo\/image\/\",\"url\":\"https:\/\/atl-software.net\/wp-content\/uploads\/2023\/04\/Interfaz-moderna-AEC.png\",\"contentUrl\":\"https:\/\/atl-software.net\/wp-content\/uploads\/2023\/04\/Interfaz-moderna-AEC.png\",\"width\":918,\"height\":673,\"caption\":\"ATL Software\"},\"image\":{\"@id\":\"https:\/\/atl-software.net\/#\/schema\/logo\/image\/\"},\"sameAs\":[\"https:\/\/www.facebook.com\/ATL-Software-724527551053606\/\",\"https:\/\/twitter.com\/SoftwareAtl\",\"https:\/\/www.linkedin.com\/in\/atl-software-logiciel-arc-en-ciel-a9428b91\/\",\"https:\/\/www.youtube.com\/watch?v=prCVSFs_vZg\"]}]}<\/script>\n<!-- \/ Yoast SEO plugin. -->","yoast_head_json":{"title":"New Challenge for ATL Software: Training at CILEC, a school within a University - ATL Software","description":"(Fran\u00e7ais) Le CILEC est un centre \u00e0 taille humaine avec la particularit\u00e9 d'\u00eatre int\u00e9gr\u00e9 \u00e0 l'universit\u00e9 Jean Monnet de St Etienne.","robots":{"index":"index","follow":"follow","max-snippet":"max-snippet:-1","max-image-preview":"max-image-preview:large","max-video-preview":"max-video-preview:-1"},"canonical":"https:\/\/atl-software.net\/en\/formation-au-cilec-saint-etienne-une-opportunite-nouvelle-pour-atl-software\/","og_locale":"en_US","og_type":"article","og_title":"New Challenge for ATL Software: Training at CILEC, a school within a University - ATL Software","og_description":"(Fran\u00e7ais) Le CILEC est un centre \u00e0 taille humaine avec la particularit\u00e9 d'\u00eatre int\u00e9gr\u00e9 \u00e0 l'universit\u00e9 Jean Monnet de St Etienne.","og_url":"https:\/\/atl-software.net\/en\/formation-au-cilec-saint-etienne-une-opportunite-nouvelle-pour-atl-software\/","og_site_name":"ATL Software","article_publisher":"https:\/\/www.facebook.com\/ATL-Software-724527551053606\/","article_modified_time":"2019-02-28T16:56:32+00:00","og_image":[{"url":"http:\/\/atl-software.net\/wp-content\/uploads\/2019\/02\/IMG_3348-300x224.jpg"}],"twitter_card":"summary_large_image","twitter_site":"@SoftwareAtl","twitter_misc":{"Est. reading time":"4 minutes"},"schema":{"@context":"https:\/\/schema.org","@graph":[{"@type":"WebPage","@id":"https:\/\/atl-software.net\/en\/formation-au-cilec-saint-etienne-une-opportunite-nouvelle-pour-atl-software\/","url":"https:\/\/atl-software.net\/en\/formation-au-cilec-saint-etienne-une-opportunite-nouvelle-pour-atl-software\/","name":"New Challenge for ATL Software: Training at CILEC, a school within a University - ATL Software","isPartOf":{"@id":"https:\/\/atl-software.net\/#website"},"datePublished":"2019-02-26T10:13:13+00:00","dateModified":"2019-02-28T16:56:32+00:00","description":"(Fran\u00e7ais) Le CILEC est un centre \u00e0 taille humaine avec la particularit\u00e9 d'\u00eatre int\u00e9gr\u00e9 \u00e0 l'universit\u00e9 Jean Monnet de St Etienne.","breadcrumb":{"@id":"https:\/\/atl-software.net\/en\/formation-au-cilec-saint-etienne-une-opportunite-nouvelle-pour-atl-software\/#breadcrumb"},"inLanguage":"en-US","potentialAction":[{"@type":"ReadAction","target":["https:\/\/atl-software.net\/en\/formation-au-cilec-saint-etienne-une-opportunite-nouvelle-pour-atl-software\/"]}]},{"@type":"BreadcrumbList","@id":"https:\/\/atl-software.net\/en\/formation-au-cilec-saint-etienne-une-opportunite-nouvelle-pour-atl-software\/#breadcrumb","itemListElement":[{"@type":"ListItem","position":1,"name":"Accueil","item":"https:\/\/atl-software.net\/en\/"},{"@type":"ListItem","position":2,"name":"New Challenge for ATL Software: Training at CILEC, a school within a University"}]},{"@type":"WebSite","@id":"https:\/\/atl-software.net\/#website","url":"https:\/\/atl-software.net\/","name":"ATL Software","description":"","publisher":{"@id":"https:\/\/atl-software.net\/#organization"},"potentialAction":[{"@type":"SearchAction","target":{"@type":"EntryPoint","urlTemplate":"https:\/\/atl-software.net\/?s={search_term_string}"},"query-input":"required name=search_term_string"}],"inLanguage":"en-US"},{"@type":"Organization","@id":"https:\/\/atl-software.net\/#organization","name":"ATL Software","url":"https:\/\/atl-software.net\/","logo":{"@type":"ImageObject","inLanguage":"en-US","@id":"https:\/\/atl-software.net\/#\/schema\/logo\/image\/","url":"https:\/\/atl-software.net\/wp-content\/uploads\/2023\/04\/Interfaz-moderna-AEC.png","contentUrl":"https:\/\/atl-software.net\/wp-content\/uploads\/2023\/04\/Interfaz-moderna-AEC.png","width":918,"height":673,"caption":"ATL Software"},"image":{"@id":"https:\/\/atl-software.net\/#\/schema\/logo\/image\/"},"sameAs":["https:\/\/www.facebook.com\/ATL-Software-724527551053606\/","https:\/\/twitter.com\/SoftwareAtl","https:\/\/www.linkedin.com\/in\/atl-software-logiciel-arc-en-ciel-a9428b91\/","https:\/\/www.youtube.com\/watch?v=prCVSFs_vZg"]}]}},"uagb_featured_image_src":{"full":false,"thumbnail":false,"medium":false,"medium_large":false,"large":false,"1536x1536":false,"2048x2048":false,"bones-thumb-600":false,"bones-thumb-300":false,"post-thumbnail":false},"uagb_author_info":{"display_name":"admin","author_link":"https:\/\/atl-software.net\/en\/author\/admin\/"},"uagb_comment_info":0,"uagb_excerpt":"The CILEC: Centre International de Langue Et de Civilisation, &#8211; International Centre of French language and civilization is a small size school integrated within the University Jean Monnet in Saint Etienne (France), what is rare. Created in 1977, CILEC offers more than 30 years of experience teaching the French language. Each year, more than 300...&hellip;","_links":{"self":[{"href":"https:\/\/atl-software.net\/en\/wp-json\/wp\/v2\/pages\/1352"}],"collection":[{"href":"https:\/\/atl-software.net\/en\/wp-json\/wp\/v2\/pages"}],"about":[{"href":"https:\/\/atl-software.net\/en\/wp-json\/wp\/v2\/types\/page"}],"author":[{"embeddable":true,"href":"https:\/\/atl-software.net\/en\/wp-json\/wp\/v2\/users\/2"}],"replies":[{"embeddable":true,"href":"https:\/\/atl-software.net\/en\/wp-json\/wp\/v2\/comments?post=1352"}],"version-history":[{"count":13,"href":"https:\/\/atl-software.net\/en\/wp-json\/wp\/v2\/pages\/1352\/revisions"}],"predecessor-version":[{"id":1411,"href":"https:\/\/atl-software.net\/en\/wp-json\/wp\/v2\/pages\/1352\/revisions\/1411"}],"wp:attachment":[{"href":"https:\/\/atl-software.net\/en\/wp-json\/wp\/v2\/media?parent=1352"}],"curies":[{"name":"wp","href":"https:\/\/api.w.org\/{rel}","templated":true}]}}