{"id":13,"date":"2016-09-17T18:17:52","date_gmt":"2016-09-17T16:17:52","guid":{"rendered":"http:\/\/atl-software.net\/?page_id=13"},"modified":"2026-05-05T00:23:26","modified_gmt":"2026-05-04T22:23:26","slug":"support","status":"publish","type":"page","link":"https:\/\/atl-software.net\/en\/services\/support\/","title":{"rendered":"Support"},"content":{"rendered":"","protected":false},"excerpt":{"rendered":"","protected":false},"author":2,"featured_media":0,"parent":739,"menu_order":0,"comment_status":"closed","ping_status":"closed","template":"template\/template-support.php","meta":{"_uag_custom_page_level_css":""},"acf":[],"yoast_head":"<!-- This site is optimized with the Yoast SEO plugin v20.13 - https:\/\/yoast.com\/wordpress\/plugins\/seo\/ -->\n<title>Help and support<\/title>\n<meta name=\"description\" content=\"Installation, data transfer, advice, etc. ATL Software instructors and support representatives are available at any moment in French, English, or Spanish\" \/>\n<meta name=\"robots\" content=\"index, follow, max-snippet:-1, max-image-preview:large, max-video-preview:-1\" \/>\n<link rel=\"canonical\" href=\"https:\/\/atl-software.net\/services\/support\/\" \/>\n<meta property=\"og:locale\" content=\"en_US\" \/>\n<meta property=\"og:type\" content=\"article\" \/>\n<meta property=\"og:title\" content=\"[:fr]Aide et Support de nos solutions de gestion - ATL Software[:en]Help and support[:es]Soporte y asistencia[:]\" \/>\n<meta property=\"og:description\" content=\"{:fr}Notre support technique est accessible \u00e0 tout moment en fran\u00e7ais, anglais et espagnol ! Installation, transfert de donn\u00e9es, conseils, configuration !{:en}Installation, data transfer, advice, etc. ATL Software instructors and support representatives are available at any moment in French, English, or Spanish{:es}Instalaci\u00f3n, transferencia de datos, asesoramiento, etc. Los formadores y el soporte de ATL Software se encuentran accesibles en todo momento en franc\u00e9s, ingl\u00e9s y espa\u00f1ol{:}\" \/>\n<meta property=\"og:url\" content=\"https:\/\/atl-software.net\/services\/support\/\" \/>\n<meta property=\"og:site_name\" content=\"ATL Software\" \/>\n<meta property=\"article:publisher\" content=\"https:\/\/www.facebook.com\/ATL-Software-724527551053606\/\" \/>\n<meta property=\"article:modified_time\" content=\"2026-05-04T22:23:26+00:00\" \/>\n<meta name=\"twitter:card\" content=\"summary_large_image\" \/>\n<meta name=\"twitter:site\" content=\"@SoftwareAtl\" \/>\n<script type=\"application\/ld+json\" class=\"yoast-schema-graph\">{\"@context\":\"https:\/\/schema.org\",\"@graph\":[{\"@type\":\"WebPage\",\"@id\":\"https:\/\/atl-software.net\/services\/support\/\",\"url\":\"https:\/\/atl-software.net\/services\/support\/\",\"name\":\"[:fr]Aide et Support de nos solutions de gestion - ATL Software[:en]Help and support[:es]Soporte y asistencia[:]\",\"isPartOf\":{\"@id\":\"https:\/\/atl-software.net\/#website\"},\"datePublished\":\"2016-09-17T16:17:52+00:00\",\"dateModified\":\"2026-05-04T22:23:26+00:00\",\"description\":\"{:fr}Notre support technique est accessible \u00e0 tout moment en fran\u00e7ais, anglais et espagnol ! Installation, transfert de donn\u00e9es, conseils, configuration !{:en}Installation, data transfer, advice, etc. ATL Software instructors and support representatives are available at any moment in French, English, or Spanish{:es}Instalaci\u00f3n, transferencia de datos, asesoramiento, etc. Los formadores y el soporte de ATL Software se encuentran accesibles en todo momento en franc\u00e9s, ingl\u00e9s y espa\u00f1ol{:}\",\"breadcrumb\":{\"@id\":\"https:\/\/atl-software.net\/services\/support\/#breadcrumb\"},\"inLanguage\":\"en-US\",\"potentialAction\":[{\"@type\":\"ReadAction\",\"target\":[\"https:\/\/atl-software.net\/services\/support\/\"]}]},{\"@type\":\"BreadcrumbList\",\"@id\":\"https:\/\/atl-software.net\/services\/support\/#breadcrumb\",\"itemListElement\":[{\"@type\":\"ListItem\",\"position\":1,\"name\":\"Accueil\",\"item\":\"https:\/\/atl-software.net\/en\/\"},{\"@type\":\"ListItem\",\"position\":2,\"name\":\"Services\",\"item\":\"https:\/\/atl-software.net\/services\/\"},{\"@type\":\"ListItem\",\"position\":3,\"name\":\"Support\"}]},{\"@type\":\"WebSite\",\"@id\":\"https:\/\/atl-software.net\/#website\",\"url\":\"https:\/\/atl-software.net\/\",\"name\":\"ATL Software\",\"description\":\"\",\"publisher\":{\"@id\":\"https:\/\/atl-software.net\/#organization\"},\"potentialAction\":[{\"@type\":\"SearchAction\",\"target\":{\"@type\":\"EntryPoint\",\"urlTemplate\":\"https:\/\/atl-software.net\/?s={search_term_string}\"},\"query-input\":\"required name=search_term_string\"}],\"inLanguage\":\"en-US\"},{\"@type\":\"Organization\",\"@id\":\"https:\/\/atl-software.net\/#organization\",\"name\":\"ATL Software\",\"url\":\"https:\/\/atl-software.net\/\",\"logo\":{\"@type\":\"ImageObject\",\"inLanguage\":\"en-US\",\"@id\":\"https:\/\/atl-software.net\/#\/schema\/logo\/image\/\",\"url\":\"https:\/\/atl-software.net\/wp-content\/uploads\/2023\/04\/Interfaz-moderna-AEC.png\",\"contentUrl\":\"https:\/\/atl-software.net\/wp-content\/uploads\/2023\/04\/Interfaz-moderna-AEC.png\",\"width\":918,\"height\":673,\"caption\":\"ATL Software\"},\"image\":{\"@id\":\"https:\/\/atl-software.net\/#\/schema\/logo\/image\/\"},\"sameAs\":[\"https:\/\/www.facebook.com\/ATL-Software-724527551053606\/\",\"https:\/\/twitter.com\/SoftwareAtl\",\"https:\/\/www.linkedin.com\/in\/atl-software-logiciel-arc-en-ciel-a9428b91\/\",\"https:\/\/www.youtube.com\/watch?v=prCVSFs_vZg\"]}]}<\/script>\n<!-- \/ Yoast SEO plugin. -->","yoast_head_json":{"title":"Help and support","description":"Installation, data transfer, advice, etc. ATL Software instructors and support representatives are available at any moment in French, English, or Spanish","robots":{"index":"index","follow":"follow","max-snippet":"max-snippet:-1","max-image-preview":"max-image-preview:large","max-video-preview":"max-video-preview:-1"},"canonical":"https:\/\/atl-software.net\/services\/support\/","og_locale":"en_US","og_type":"article","og_title":"[:fr]Aide et Support de nos solutions de gestion - ATL Software[:en]Help and support[:es]Soporte y asistencia[:]","og_description":"{:fr}Notre support technique est accessible \u00e0 tout moment en fran\u00e7ais, anglais et espagnol ! Installation, transfert de donn\u00e9es, conseils, configuration !{:en}Installation, data transfer, advice, etc. ATL Software instructors and support representatives are available at any moment in French, English, or Spanish{:es}Instalaci\u00f3n, transferencia de datos, asesoramiento, etc. Los formadores y el soporte de ATL Software se encuentran accesibles en todo momento en franc\u00e9s, ingl\u00e9s y espa\u00f1ol{:}","og_url":"https:\/\/atl-software.net\/services\/support\/","og_site_name":"ATL Software","article_publisher":"https:\/\/www.facebook.com\/ATL-Software-724527551053606\/","article_modified_time":"2026-05-04T22:23:26+00:00","twitter_card":"summary_large_image","twitter_site":"@SoftwareAtl","schema":{"@context":"https:\/\/schema.org","@graph":[{"@type":"WebPage","@id":"https:\/\/atl-software.net\/services\/support\/","url":"https:\/\/atl-software.net\/services\/support\/","name":"[:fr]Aide et Support de nos solutions de gestion - ATL Software[:en]Help and support[:es]Soporte y asistencia[:]","isPartOf":{"@id":"https:\/\/atl-software.net\/#website"},"datePublished":"2016-09-17T16:17:52+00:00","dateModified":"2026-05-04T22:23:26+00:00","description":"{:fr}Notre support technique est accessible \u00e0 tout moment en fran\u00e7ais, anglais et espagnol ! Installation, transfert de donn\u00e9es, conseils, configuration !{:en}Installation, data transfer, advice, etc. ATL Software instructors and support representatives are available at any moment in French, English, or Spanish{:es}Instalaci\u00f3n, transferencia de datos, asesoramiento, etc. Los formadores y el soporte de ATL Software se encuentran accesibles en todo momento en franc\u00e9s, ingl\u00e9s y espa\u00f1ol{:}","breadcrumb":{"@id":"https:\/\/atl-software.net\/services\/support\/#breadcrumb"},"inLanguage":"en-US","potentialAction":[{"@type":"ReadAction","target":["https:\/\/atl-software.net\/services\/support\/"]}]},{"@type":"BreadcrumbList","@id":"https:\/\/atl-software.net\/services\/support\/#breadcrumb","itemListElement":[{"@type":"ListItem","position":1,"name":"Accueil","item":"https:\/\/atl-software.net\/en\/"},{"@type":"ListItem","position":2,"name":"Services","item":"https:\/\/atl-software.net\/services\/"},{"@type":"ListItem","position":3,"name":"Support"}]},{"@type":"WebSite","@id":"https:\/\/atl-software.net\/#website","url":"https:\/\/atl-software.net\/","name":"ATL Software","description":"","publisher":{"@id":"https:\/\/atl-software.net\/#organization"},"potentialAction":[{"@type":"SearchAction","target":{"@type":"EntryPoint","urlTemplate":"https:\/\/atl-software.net\/?s={search_term_string}"},"query-input":"required name=search_term_string"}],"inLanguage":"en-US"},{"@type":"Organization","@id":"https:\/\/atl-software.net\/#organization","name":"ATL Software","url":"https:\/\/atl-software.net\/","logo":{"@type":"ImageObject","inLanguage":"en-US","@id":"https:\/\/atl-software.net\/#\/schema\/logo\/image\/","url":"https:\/\/atl-software.net\/wp-content\/uploads\/2023\/04\/Interfaz-moderna-AEC.png","contentUrl":"https:\/\/atl-software.net\/wp-content\/uploads\/2023\/04\/Interfaz-moderna-AEC.png","width":918,"height":673,"caption":"ATL Software"},"image":{"@id":"https:\/\/atl-software.net\/#\/schema\/logo\/image\/"},"sameAs":["https:\/\/www.facebook.com\/ATL-Software-724527551053606\/","https:\/\/twitter.com\/SoftwareAtl","https:\/\/www.linkedin.com\/in\/atl-software-logiciel-arc-en-ciel-a9428b91\/","https:\/\/www.youtube.com\/watch?v=prCVSFs_vZg"]}]}},"uagb_featured_image_src":{"full":false,"thumbnail":false,"medium":false,"medium_large":false,"large":false,"1536x1536":false,"2048x2048":false,"bones-thumb-600":false,"bones-thumb-300":false,"post-thumbnail":false},"uagb_author_info":{"display_name":"admin","author_link":"https:\/\/atl-software.net\/en\/author\/admin\/"},"uagb_comment_info":0,"uagb_excerpt":null,"_links":{"self":[{"href":"https:\/\/atl-software.net\/en\/wp-json\/wp\/v2\/pages\/13"}],"collection":[{"href":"https:\/\/atl-software.net\/en\/wp-json\/wp\/v2\/pages"}],"about":[{"href":"https:\/\/atl-software.net\/en\/wp-json\/wp\/v2\/types\/page"}],"author":[{"embeddable":true,"href":"https:\/\/atl-software.net\/en\/wp-json\/wp\/v2\/users\/2"}],"replies":[{"embeddable":true,"href":"https:\/\/atl-software.net\/en\/wp-json\/wp\/v2\/comments?post=13"}],"version-history":[{"count":14,"href":"https:\/\/atl-software.net\/en\/wp-json\/wp\/v2\/pages\/13\/revisions"}],"predecessor-version":[{"id":4279,"href":"https:\/\/atl-software.net\/en\/wp-json\/wp\/v2\/pages\/13\/revisions\/4279"}],"up":[{"embeddable":true,"href":"https:\/\/atl-software.net\/en\/wp-json\/wp\/v2\/pages\/739"}],"wp:attachment":[{"href":"https:\/\/atl-software.net\/en\/wp-json\/wp\/v2\/media?parent=13"}],"curies":[{"name":"wp","href":"https:\/\/api.w.org\/{rel}","templated":true}]}}