{"id":1297,"date":"2019-02-25T13:50:06","date_gmt":"2019-02-25T12:50:06","guid":{"rendered":"http:\/\/atl-software.net\/?page_id=1297"},"modified":"2019-02-25T14:02:11","modified_gmt":"2019-02-25T13:02:11","slug":"arc-en-ciel-en-strasbourg","status":"publish","type":"page","link":"https:\/\/atl-software.net\/en\/arc-en-ciel-en-strasbourg\/","title":{"rendered":"Arc-en-Ciel training in Strasbourg"},"content":{"rendered":"<p><\/p>\n<p class=\"p1\">The <strong>Alliance Fran\u00e7aise Strasbourg Europe<\/strong>, is one of the 800 French Alliances present in the world. This one, gathers a significant number of volunteers. Wishing to invest in the promotion of the French language. Loaded with great cultural diversity, and lovers of the French language. The AFSE is a cultural wonder, which advances every day in its growth goals.\u00a0Enthusiastic\u00a0to grow, in such a diverse environment, it has led the foundation to look up for options to improve the administration. That&#8217;s why Arc-en-Ciel arrives in Strasbourg.<\/p>\n<p class=\"p1\">Arc-en-Ciel is a course management software. This program promises to optimize the management processes at any center. This change means a great\u00a0advance for the optimization of administration performance. Improving the management of teachers, courses, students, and other specialties of the institution.<\/p>\n<h3>Arc-en-Ciel Training in Strasbourg<\/h3>\n<p class=\"p1\">To make the first steps with Arc-en-Ciel more effective, the company, <strong>ATL Software<\/strong>, has offered a multi-day training in Strasbourg. The users learned about everything they can\u00a0do with AEC. They also got\u00a0skills\u00a0to work with the most important operations that the institution can manage through this software. Our in-house\u00a0instructor provided a training course on the use of Arc-en-Ciel. Time in which users enjoyed the advice and the exchange of knowledge. ATL Software also showed\u00a0a customized display for the Alliance Fran\u00e7aise Strasbourg Europe.<\/p>\n<p class=\"p1\">At the end of the training sessions, teachers and administrative staff were ready to operate within Arc-en-Ciel. They\u00a0showed their satisfaction with the\u00a0instruction, because of the case studies and specific examples regarding the AFSE.<\/p>\n<p class=\"p1\"><img decoding=\"async\" loading=\"lazy\" class=\"alignnone wp-image-1300 size-large\" src=\"http:\/\/atl-software.net\/wp-content\/uploads\/2019\/02\/IMG_3787-1024x609.jpg\" alt=\"Usuarios aprendiendo Arc-en-Ciel\" width=\"680\" height=\"404\" srcset=\"https:\/\/atl-software.net\/wp-content\/uploads\/2019\/02\/IMG_3787-1024x609.jpg 1024w, https:\/\/atl-software.net\/wp-content\/uploads\/2019\/02\/IMG_3787-300x178.jpg 300w, https:\/\/atl-software.net\/wp-content\/uploads\/2019\/02\/IMG_3787-768x457.jpg 768w\" sizes=\"(max-width: 680px) 100vw, 680px\" \/><\/p>\n<p>Are you interested in one of our training sessions? Do you also need a modern management solution for your institution?\u00a0<strong><a href=\"https:\/\/atl-software.net\/en\/atl-software\/contact\/\">Contact us!<\/a><\/strong><\/p>","protected":false},"excerpt":{"rendered":"<p>The Alliance Fran\u00e7aise Strasbourg Europe, is one of the 800 French Alliances present in the world. This one, gathers a significant number of volunteers. Wishing to invest in the promotion of the French language. Loaded with great cultural diversity, and lovers of the French language. The AFSE is a cultural wonder, which advances every day&#8230;  <a class=\"excerpt-read-more\" href=\"https:\/\/atl-software.net\/en\/arc-en-ciel-en-strasbourg\/\" title=\"Read Arc-en-Ciel training in Strasbourg\">Read more &raquo;<\/a><\/p>\n","protected":false},"author":2,"featured_media":0,"parent":0,"menu_order":0,"comment_status":"closed","ping_status":"closed","template":"template\/template-ml.php","meta":{"_uag_custom_page_level_css":""},"acf":[],"yoast_head":"<!-- This site is optimized with the Yoast SEO plugin v20.13 - https:\/\/yoast.com\/wordpress\/plugins\/seo\/ -->\n<title>Arc-en-Ciel training in Strasbourg - ATL Software<\/title>\n<meta name=\"description\" content=\"(Espa\u00f1ol) Para hacer m\u00e1s efectivo el inicio a utilizar Arc-en-Ciel, la empresa ATL Software ha ofrecido una capacitaci\u00f3n de 2 d\u00edas en Estrasburgo.\" \/>\n<meta name=\"robots\" content=\"index, follow, max-snippet:-1, max-image-preview:large, max-video-preview:-1\" \/>\n<link rel=\"canonical\" href=\"https:\/\/atl-software.net\/arc-en-ciel-en-strasbourg\/\" \/>\n<meta property=\"og:locale\" content=\"en_US\" \/>\n<meta property=\"og:type\" content=\"article\" \/>\n<meta property=\"og:title\" content=\"Arc-en-Ciel training in Strasbourg - ATL Software\" \/>\n<meta property=\"og:description\" content=\"(Espa\u00f1ol) Para hacer m\u00e1s efectivo el inicio a utilizar Arc-en-Ciel, la empresa ATL Software ha ofrecido una capacitaci\u00f3n de 2 d\u00edas en Estrasburgo.\" \/>\n<meta property=\"og:url\" content=\"https:\/\/atl-software.net\/arc-en-ciel-en-strasbourg\/\" \/>\n<meta property=\"og:site_name\" content=\"ATL Software\" \/>\n<meta property=\"article:publisher\" content=\"https:\/\/www.facebook.com\/ATL-Software-724527551053606\/\" \/>\n<meta property=\"article:modified_time\" content=\"2019-02-25T13:02:11+00:00\" \/>\n<meta property=\"og:image\" content=\"http:\/\/atl-software.net\/wp-content\/uploads\/2019\/02\/IMG_3787-1024x609.jpg\" \/>\n<meta name=\"twitter:card\" content=\"summary_large_image\" \/>\n<meta name=\"twitter:site\" content=\"@SoftwareAtl\" \/>\n<meta name=\"twitter:label1\" content=\"Est. reading time\" \/>\n\t<meta name=\"twitter:data1\" content=\"4 minutes\" \/>\n<script type=\"application\/ld+json\" class=\"yoast-schema-graph\">{\"@context\":\"https:\/\/schema.org\",\"@graph\":[{\"@type\":\"WebPage\",\"@id\":\"https:\/\/atl-software.net\/arc-en-ciel-en-strasbourg\/\",\"url\":\"https:\/\/atl-software.net\/arc-en-ciel-en-strasbourg\/\",\"name\":\"Arc-en-Ciel training in Strasbourg - ATL Software\",\"isPartOf\":{\"@id\":\"https:\/\/atl-software.net\/#website\"},\"datePublished\":\"2019-02-25T12:50:06+00:00\",\"dateModified\":\"2019-02-25T13:02:11+00:00\",\"description\":\"(Espa\u00f1ol) Para hacer m\u00e1s efectivo el inicio a utilizar Arc-en-Ciel, la empresa ATL Software ha ofrecido una capacitaci\u00f3n de 2 d\u00edas en Estrasburgo.\",\"breadcrumb\":{\"@id\":\"https:\/\/atl-software.net\/arc-en-ciel-en-strasbourg\/#breadcrumb\"},\"inLanguage\":\"en-US\",\"potentialAction\":[{\"@type\":\"ReadAction\",\"target\":[\"https:\/\/atl-software.net\/arc-en-ciel-en-strasbourg\/\"]}]},{\"@type\":\"BreadcrumbList\",\"@id\":\"https:\/\/atl-software.net\/arc-en-ciel-en-strasbourg\/#breadcrumb\",\"itemListElement\":[{\"@type\":\"ListItem\",\"position\":1,\"name\":\"Accueil\",\"item\":\"https:\/\/atl-software.net\/en\/\"},{\"@type\":\"ListItem\",\"position\":2,\"name\":\"Formation Arc-En-Ciel \u00e0 L&rsquo;Alliance fran\u00e7aise de Strasbourg\"}]},{\"@type\":\"WebSite\",\"@id\":\"https:\/\/atl-software.net\/#website\",\"url\":\"https:\/\/atl-software.net\/\",\"name\":\"ATL Software\",\"description\":\"\",\"publisher\":{\"@id\":\"https:\/\/atl-software.net\/#organization\"},\"potentialAction\":[{\"@type\":\"SearchAction\",\"target\":{\"@type\":\"EntryPoint\",\"urlTemplate\":\"https:\/\/atl-software.net\/?s={search_term_string}\"},\"query-input\":\"required name=search_term_string\"}],\"inLanguage\":\"en-US\"},{\"@type\":\"Organization\",\"@id\":\"https:\/\/atl-software.net\/#organization\",\"name\":\"ATL Software\",\"url\":\"https:\/\/atl-software.net\/\",\"logo\":{\"@type\":\"ImageObject\",\"inLanguage\":\"en-US\",\"@id\":\"https:\/\/atl-software.net\/#\/schema\/logo\/image\/\",\"url\":\"https:\/\/atl-software.net\/wp-content\/uploads\/2023\/04\/Interfaz-moderna-AEC.png\",\"contentUrl\":\"https:\/\/atl-software.net\/wp-content\/uploads\/2023\/04\/Interfaz-moderna-AEC.png\",\"width\":918,\"height\":673,\"caption\":\"ATL Software\"},\"image\":{\"@id\":\"https:\/\/atl-software.net\/#\/schema\/logo\/image\/\"},\"sameAs\":[\"https:\/\/www.facebook.com\/ATL-Software-724527551053606\/\",\"https:\/\/twitter.com\/SoftwareAtl\",\"https:\/\/www.linkedin.com\/in\/atl-software-logiciel-arc-en-ciel-a9428b91\/\",\"https:\/\/www.youtube.com\/watch?v=prCVSFs_vZg\"]}]}<\/script>\n<!-- \/ Yoast SEO plugin. -->","yoast_head_json":{"title":"Arc-en-Ciel training in Strasbourg - ATL Software","description":"(Espa\u00f1ol) Para hacer m\u00e1s efectivo el inicio a utilizar Arc-en-Ciel, la empresa ATL Software ha ofrecido una capacitaci\u00f3n de 2 d\u00edas en Estrasburgo.","robots":{"index":"index","follow":"follow","max-snippet":"max-snippet:-1","max-image-preview":"max-image-preview:large","max-video-preview":"max-video-preview:-1"},"canonical":"https:\/\/atl-software.net\/arc-en-ciel-en-strasbourg\/","og_locale":"en_US","og_type":"article","og_title":"Arc-en-Ciel training in Strasbourg - ATL Software","og_description":"(Espa\u00f1ol) Para hacer m\u00e1s efectivo el inicio a utilizar Arc-en-Ciel, la empresa ATL Software ha ofrecido una capacitaci\u00f3n de 2 d\u00edas en Estrasburgo.","og_url":"https:\/\/atl-software.net\/arc-en-ciel-en-strasbourg\/","og_site_name":"ATL Software","article_publisher":"https:\/\/www.facebook.com\/ATL-Software-724527551053606\/","article_modified_time":"2019-02-25T13:02:11+00:00","og_image":[{"url":"http:\/\/atl-software.net\/wp-content\/uploads\/2019\/02\/IMG_3787-1024x609.jpg"}],"twitter_card":"summary_large_image","twitter_site":"@SoftwareAtl","twitter_misc":{"Est. reading time":"4 minutes"},"schema":{"@context":"https:\/\/schema.org","@graph":[{"@type":"WebPage","@id":"https:\/\/atl-software.net\/arc-en-ciel-en-strasbourg\/","url":"https:\/\/atl-software.net\/arc-en-ciel-en-strasbourg\/","name":"Arc-en-Ciel training in Strasbourg - ATL Software","isPartOf":{"@id":"https:\/\/atl-software.net\/#website"},"datePublished":"2019-02-25T12:50:06+00:00","dateModified":"2019-02-25T13:02:11+00:00","description":"(Espa\u00f1ol) Para hacer m\u00e1s efectivo el inicio a utilizar Arc-en-Ciel, la empresa ATL Software ha ofrecido una capacitaci\u00f3n de 2 d\u00edas en Estrasburgo.","breadcrumb":{"@id":"https:\/\/atl-software.net\/arc-en-ciel-en-strasbourg\/#breadcrumb"},"inLanguage":"en-US","potentialAction":[{"@type":"ReadAction","target":["https:\/\/atl-software.net\/arc-en-ciel-en-strasbourg\/"]}]},{"@type":"BreadcrumbList","@id":"https:\/\/atl-software.net\/arc-en-ciel-en-strasbourg\/#breadcrumb","itemListElement":[{"@type":"ListItem","position":1,"name":"Accueil","item":"https:\/\/atl-software.net\/en\/"},{"@type":"ListItem","position":2,"name":"Formation Arc-En-Ciel \u00e0 L&rsquo;Alliance fran\u00e7aise de Strasbourg"}]},{"@type":"WebSite","@id":"https:\/\/atl-software.net\/#website","url":"https:\/\/atl-software.net\/","name":"ATL Software","description":"","publisher":{"@id":"https:\/\/atl-software.net\/#organization"},"potentialAction":[{"@type":"SearchAction","target":{"@type":"EntryPoint","urlTemplate":"https:\/\/atl-software.net\/?s={search_term_string}"},"query-input":"required name=search_term_string"}],"inLanguage":"en-US"},{"@type":"Organization","@id":"https:\/\/atl-software.net\/#organization","name":"ATL Software","url":"https:\/\/atl-software.net\/","logo":{"@type":"ImageObject","inLanguage":"en-US","@id":"https:\/\/atl-software.net\/#\/schema\/logo\/image\/","url":"https:\/\/atl-software.net\/wp-content\/uploads\/2023\/04\/Interfaz-moderna-AEC.png","contentUrl":"https:\/\/atl-software.net\/wp-content\/uploads\/2023\/04\/Interfaz-moderna-AEC.png","width":918,"height":673,"caption":"ATL Software"},"image":{"@id":"https:\/\/atl-software.net\/#\/schema\/logo\/image\/"},"sameAs":["https:\/\/www.facebook.com\/ATL-Software-724527551053606\/","https:\/\/twitter.com\/SoftwareAtl","https:\/\/www.linkedin.com\/in\/atl-software-logiciel-arc-en-ciel-a9428b91\/","https:\/\/www.youtube.com\/watch?v=prCVSFs_vZg"]}]}},"uagb_featured_image_src":{"full":false,"thumbnail":false,"medium":false,"medium_large":false,"large":false,"1536x1536":false,"2048x2048":false,"bones-thumb-600":false,"bones-thumb-300":false,"post-thumbnail":false},"uagb_author_info":{"display_name":"admin","author_link":"https:\/\/atl-software.net\/en\/author\/admin\/"},"uagb_comment_info":0,"uagb_excerpt":"The Alliance Fran\u00e7aise Strasbourg Europe, is one of the 800 French Alliances present in the world. This one, gathers a significant number of volunteers. Wishing to invest in the promotion of the French language. Loaded with great cultural diversity, and lovers of the French language. The AFSE is a cultural wonder, which advances every day...&hellip;","_links":{"self":[{"href":"https:\/\/atl-software.net\/en\/wp-json\/wp\/v2\/pages\/1297"}],"collection":[{"href":"https:\/\/atl-software.net\/en\/wp-json\/wp\/v2\/pages"}],"about":[{"href":"https:\/\/atl-software.net\/en\/wp-json\/wp\/v2\/types\/page"}],"author":[{"embeddable":true,"href":"https:\/\/atl-software.net\/en\/wp-json\/wp\/v2\/users\/2"}],"replies":[{"embeddable":true,"href":"https:\/\/atl-software.net\/en\/wp-json\/wp\/v2\/comments?post=1297"}],"version-history":[{"count":16,"href":"https:\/\/atl-software.net\/en\/wp-json\/wp\/v2\/pages\/1297\/revisions"}],"predecessor-version":[{"id":1349,"href":"https:\/\/atl-software.net\/en\/wp-json\/wp\/v2\/pages\/1297\/revisions\/1349"}],"wp:attachment":[{"href":"https:\/\/atl-software.net\/en\/wp-json\/wp\/v2\/media?parent=1297"}],"curies":[{"name":"wp","href":"https:\/\/api.w.org\/{rel}","templated":true}]}}