{"id":1076,"date":"2018-11-19T12:04:22","date_gmt":"2018-11-19T11:04:22","guid":{"rendered":"http:\/\/atl-software.net\/?page_id=1076"},"modified":"2018-12-07T14:27:59","modified_gmt":"2018-12-07T13:27:59","slug":"version-2-10-12","status":"publish","type":"page","link":"https:\/\/atl-software.net\/en\/version-2-10-12\/","title":{"rendered":"Version 2.10.12 of AEC now released!"},"content":{"rendered":"<p>ATL Software has been steadily improved the software according to your requests.<\/p>\n<p>We are proud of introducing the key features of the new version of Arc-En-Ciel (AEC), our course management software:<\/p>\n<p>&nbsp;<\/p>\n<p><strong>1 \/ Additional features to the Exam management module:<\/strong><\/p>\n<p>&#8211; Examiners&#8217; Management, including time\/hours reporting<\/p>\n<img decoding=\"async\" src=\"http:\/\/atl-software.net\/wp-content\/uploads\/2018\/10\/Heures-jury-enseignant.jpg\" alt=\"heures-jury-enseignant_AEC_ATL\" \/>\n<p>&nbsp;<\/p>\n<p>&#8211; Online registration for exams on the Kiosque module, including online payment by credit card,<\/p>\n<img decoding=\"async\" src=\"http:\/\/atl-software.net\/wp-content\/uploads\/2018\/10\/Formulaire-inscription-examen.jpg\" alt=\"formulaire-inscription-examen_Kiosque_ATL\" \/>\n<p>&nbsp;<\/p>\n<p>&#8211; Export of candidates to the DELF-PROG software of the CIEP.<\/p>\n<img decoding=\"async\" src=\"http:\/\/atl-software.net\/wp-content\/uploads\/2018\/10\/Export-DELF-Prog-CIEP-300x218.jpg\" alt=\"export-delf-prog-ciep_AEC_ATL\" \/>\n<p>&nbsp;<\/p>\n<p><strong>2 \/ Excel export:<\/strong><\/p>\n<p>&#8211; Example: teaching hours reports from the teachers\u2019 module are now exported into an Excel file with 3 tabs: report, details, total.<\/p>\n<img decoding=\"async\" src=\"http:\/\/atl-software.net\/wp-content\/uploads\/2018\/10\/3-onglets-enseignants.jpg\" alt=\"3-onglets-enseignants_AEC_ATL\" \/>\n<p>&nbsp;<\/p>\n<p><strong>3 \/ New view available for the course catalog:<\/strong><\/p>\n<p>&#8211; Now select out of 3 views to display your course catalog in Kiosque module.<\/p>\n<p>&nbsp;<\/p>\n<img decoding=\"async\" src=\"http:\/\/atl-software.net\/wp-content\/uploads\/2018\/10\/Nouvelle-webapp-avec-filtres.jpg\" alt=\"nouvelle-webapp-avec-filtres_AEC_ATL\" \/>\n<p>&nbsp;<\/p>\n<p><strong>4 \/ New &#8220;pay&#8221; button available in the student account in Kiosque.<\/strong><\/p>\n<p>This aims at paying online by credit card for on hold registration (example: online, office, or phone booking).<\/p>\n<p>&nbsp;<\/p>\n<img decoding=\"async\" src=\"http:\/\/atl-software.net\/wp-content\/uploads\/2018\/10\/Payer-r%C3%A9servation-en-ligne.jpg\" alt=\"payer-reservation-en-ligne_AEC_ATL\" \/>\n<p>&nbsp;<\/p>\n<p>Are you interested in our Arc-En-Ciel Course Management Software?<\/p>\n<p>Do you want to learn more about this new version?<\/p>\n<p><a href=\"https:\/\/atl-software.net\/en\/atl-software\/contact\/\">Contact us!<\/a><\/p>\n<p>&nbsp;<\/p>","protected":false},"excerpt":{"rendered":"<p>ATL Software has been steadily improved the software according to your requests. We are proud of introducing the key features of the new version of Arc-En-Ciel (AEC), our course management software: &nbsp; 1 \/ Additional features to the Exam management module: &#8211; Examiners&#8217; Management, including time\/hours reporting &nbsp; &#8211; Online registration for exams on the&#8230;  <a class=\"excerpt-read-more\" href=\"https:\/\/atl-software.net\/en\/version-2-10-12\/\" title=\"Read Version 2.10.12 of AEC now released!\">Read more &raquo;<\/a><\/p>\n","protected":false},"author":2,"featured_media":0,"parent":0,"menu_order":0,"comment_status":"closed","ping_status":"closed","template":"template\/template-ml.php","meta":{"_uag_custom_page_level_css":""},"acf":[],"yoast_head":"<!-- This site is optimized with the Yoast SEO plugin v20.13 - https:\/\/yoast.com\/wordpress\/plugins\/seo\/ -->\n<title>La nueva versi\u00f3n del software de gesti\u00f3n de cursos AEC ya est\u00e1 disponible<\/title>\n<meta name=\"robots\" content=\"index, follow, max-snippet:-1, max-image-preview:large, max-video-preview:-1\" \/>\n<link rel=\"canonical\" href=\"https:\/\/atl-software.net\/es\/version-2-10-12\/\" \/>\n<meta property=\"og:locale\" content=\"en_US\" \/>\n<meta property=\"og:type\" content=\"article\" \/>\n<meta property=\"og:title\" content=\"La nueva versi\u00f3n del software de gesti\u00f3n de cursos AEC ya est\u00e1 disponible\" \/>\n<meta property=\"og:description\" content=\"ATL Software has been steadily improved the software according to your requests. We are proud of introducing the key features of the new version of Arc-En-Ciel (AEC), our course management software: &nbsp; 1 \/ Additional features to the Exam management module: &#8211; Examiners&#8217; Management, including time\/hours reporting &nbsp; &#8211; Online registration for exams on the... Read more &raquo;\" \/>\n<meta property=\"og:url\" content=\"https:\/\/atl-software.net\/es\/version-2-10-12\/\" \/>\n<meta property=\"og:site_name\" content=\"ATL Software\" \/>\n<meta property=\"article:publisher\" content=\"https:\/\/www.facebook.com\/ATL-Software-724527551053606\/\" \/>\n<meta property=\"article:modified_time\" content=\"2018-12-07T13:27:59+00:00\" \/>\n<meta property=\"og:image\" content=\"http:\/\/atl-software.net\/wp-content\/uploads\/2018\/10\/Heures-jury-enseignant.jpg\" \/>\n<meta name=\"twitter:card\" content=\"summary_large_image\" \/>\n<meta name=\"twitter:site\" content=\"@SoftwareAtl\" \/>\n<meta name=\"twitter:label1\" content=\"Est. reading time\" \/>\n\t<meta name=\"twitter:data1\" content=\"3 minutes\" \/>\n<script type=\"application\/ld+json\" class=\"yoast-schema-graph\">{\"@context\":\"https:\/\/schema.org\",\"@graph\":[{\"@type\":\"WebPage\",\"@id\":\"https:\/\/atl-software.net\/es\/version-2-10-12\/\",\"url\":\"https:\/\/atl-software.net\/es\/version-2-10-12\/\",\"name\":\"La nueva versi\u00f3n del software de gesti\u00f3n de cursos AEC ya est\u00e1 disponible\",\"isPartOf\":{\"@id\":\"https:\/\/atl-software.net\/#website\"},\"datePublished\":\"2018-11-19T11:04:22+00:00\",\"dateModified\":\"2018-12-07T13:27:59+00:00\",\"breadcrumb\":{\"@id\":\"https:\/\/atl-software.net\/es\/version-2-10-12\/#breadcrumb\"},\"inLanguage\":\"en-US\",\"potentialAction\":[{\"@type\":\"ReadAction\",\"target\":[\"https:\/\/atl-software.net\/es\/version-2-10-12\/\"]}]},{\"@type\":\"BreadcrumbList\",\"@id\":\"https:\/\/atl-software.net\/es\/version-2-10-12\/#breadcrumb\",\"itemListElement\":[{\"@type\":\"ListItem\",\"position\":1,\"name\":\"Accueil\",\"item\":\"https:\/\/atl-software.net\/en\/\"},{\"@type\":\"ListItem\",\"position\":2,\"name\":\"La versi\u00f3n 2.10.12 del software de gesti\u00f3n de cursos AEC ya est\u00e1 disponible\"}]},{\"@type\":\"WebSite\",\"@id\":\"https:\/\/atl-software.net\/#website\",\"url\":\"https:\/\/atl-software.net\/\",\"name\":\"ATL Software\",\"description\":\"\",\"publisher\":{\"@id\":\"https:\/\/atl-software.net\/#organization\"},\"potentialAction\":[{\"@type\":\"SearchAction\",\"target\":{\"@type\":\"EntryPoint\",\"urlTemplate\":\"https:\/\/atl-software.net\/?s={search_term_string}\"},\"query-input\":\"required name=search_term_string\"}],\"inLanguage\":\"en-US\"},{\"@type\":\"Organization\",\"@id\":\"https:\/\/atl-software.net\/#organization\",\"name\":\"ATL Software\",\"url\":\"https:\/\/atl-software.net\/\",\"logo\":{\"@type\":\"ImageObject\",\"inLanguage\":\"en-US\",\"@id\":\"https:\/\/atl-software.net\/#\/schema\/logo\/image\/\",\"url\":\"https:\/\/atl-software.net\/wp-content\/uploads\/2023\/04\/Interfaz-moderna-AEC.png\",\"contentUrl\":\"https:\/\/atl-software.net\/wp-content\/uploads\/2023\/04\/Interfaz-moderna-AEC.png\",\"width\":918,\"height\":673,\"caption\":\"ATL Software\"},\"image\":{\"@id\":\"https:\/\/atl-software.net\/#\/schema\/logo\/image\/\"},\"sameAs\":[\"https:\/\/www.facebook.com\/ATL-Software-724527551053606\/\",\"https:\/\/twitter.com\/SoftwareAtl\",\"https:\/\/www.linkedin.com\/in\/atl-software-logiciel-arc-en-ciel-a9428b91\/\",\"https:\/\/www.youtube.com\/watch?v=prCVSFs_vZg\"]}]}<\/script>\n<!-- \/ Yoast SEO plugin. -->","yoast_head_json":{"title":"La nueva versi\u00f3n del software de gesti\u00f3n de cursos AEC ya est\u00e1 disponible","robots":{"index":"index","follow":"follow","max-snippet":"max-snippet:-1","max-image-preview":"max-image-preview:large","max-video-preview":"max-video-preview:-1"},"canonical":"https:\/\/atl-software.net\/es\/version-2-10-12\/","og_locale":"en_US","og_type":"article","og_title":"La nueva versi\u00f3n del software de gesti\u00f3n de cursos AEC ya est\u00e1 disponible","og_description":"ATL Software has been steadily improved the software according to your requests. We are proud of introducing the key features of the new version of Arc-En-Ciel (AEC), our course management software: &nbsp; 1 \/ Additional features to the Exam management module: &#8211; Examiners&#8217; Management, including time\/hours reporting &nbsp; &#8211; Online registration for exams on the... Read more &raquo;","og_url":"https:\/\/atl-software.net\/es\/version-2-10-12\/","og_site_name":"ATL Software","article_publisher":"https:\/\/www.facebook.com\/ATL-Software-724527551053606\/","article_modified_time":"2018-12-07T13:27:59+00:00","og_image":[{"url":"http:\/\/atl-software.net\/wp-content\/uploads\/2018\/10\/Heures-jury-enseignant.jpg"}],"twitter_card":"summary_large_image","twitter_site":"@SoftwareAtl","twitter_misc":{"Est. reading time":"3 minutes"},"schema":{"@context":"https:\/\/schema.org","@graph":[{"@type":"WebPage","@id":"https:\/\/atl-software.net\/es\/version-2-10-12\/","url":"https:\/\/atl-software.net\/es\/version-2-10-12\/","name":"La nueva versi\u00f3n del software de gesti\u00f3n de cursos AEC ya est\u00e1 disponible","isPartOf":{"@id":"https:\/\/atl-software.net\/#website"},"datePublished":"2018-11-19T11:04:22+00:00","dateModified":"2018-12-07T13:27:59+00:00","breadcrumb":{"@id":"https:\/\/atl-software.net\/es\/version-2-10-12\/#breadcrumb"},"inLanguage":"en-US","potentialAction":[{"@type":"ReadAction","target":["https:\/\/atl-software.net\/es\/version-2-10-12\/"]}]},{"@type":"BreadcrumbList","@id":"https:\/\/atl-software.net\/es\/version-2-10-12\/#breadcrumb","itemListElement":[{"@type":"ListItem","position":1,"name":"Accueil","item":"https:\/\/atl-software.net\/en\/"},{"@type":"ListItem","position":2,"name":"La versi\u00f3n 2.10.12 del software de gesti\u00f3n de cursos AEC ya est\u00e1 disponible"}]},{"@type":"WebSite","@id":"https:\/\/atl-software.net\/#website","url":"https:\/\/atl-software.net\/","name":"ATL Software","description":"","publisher":{"@id":"https:\/\/atl-software.net\/#organization"},"potentialAction":[{"@type":"SearchAction","target":{"@type":"EntryPoint","urlTemplate":"https:\/\/atl-software.net\/?s={search_term_string}"},"query-input":"required name=search_term_string"}],"inLanguage":"en-US"},{"@type":"Organization","@id":"https:\/\/atl-software.net\/#organization","name":"ATL Software","url":"https:\/\/atl-software.net\/","logo":{"@type":"ImageObject","inLanguage":"en-US","@id":"https:\/\/atl-software.net\/#\/schema\/logo\/image\/","url":"https:\/\/atl-software.net\/wp-content\/uploads\/2023\/04\/Interfaz-moderna-AEC.png","contentUrl":"https:\/\/atl-software.net\/wp-content\/uploads\/2023\/04\/Interfaz-moderna-AEC.png","width":918,"height":673,"caption":"ATL Software"},"image":{"@id":"https:\/\/atl-software.net\/#\/schema\/logo\/image\/"},"sameAs":["https:\/\/www.facebook.com\/ATL-Software-724527551053606\/","https:\/\/twitter.com\/SoftwareAtl","https:\/\/www.linkedin.com\/in\/atl-software-logiciel-arc-en-ciel-a9428b91\/","https:\/\/www.youtube.com\/watch?v=prCVSFs_vZg"]}]}},"uagb_featured_image_src":{"full":false,"thumbnail":false,"medium":false,"medium_large":false,"large":false,"1536x1536":false,"2048x2048":false,"bones-thumb-600":false,"bones-thumb-300":false,"post-thumbnail":false},"uagb_author_info":{"display_name":"admin","author_link":"https:\/\/atl-software.net\/en\/author\/admin\/"},"uagb_comment_info":0,"uagb_excerpt":"ATL Software has been steadily improved the software according to your requests. We are proud of introducing the key features of the new version of Arc-En-Ciel (AEC), our course management software: &nbsp; 1 \/ Additional features to the Exam management module: &#8211; Examiners&#8217; Management, including time\/hours reporting &nbsp; &#8211; Online registration for exams on the...&hellip;","_links":{"self":[{"href":"https:\/\/atl-software.net\/en\/wp-json\/wp\/v2\/pages\/1076"}],"collection":[{"href":"https:\/\/atl-software.net\/en\/wp-json\/wp\/v2\/pages"}],"about":[{"href":"https:\/\/atl-software.net\/en\/wp-json\/wp\/v2\/types\/page"}],"author":[{"embeddable":true,"href":"https:\/\/atl-software.net\/en\/wp-json\/wp\/v2\/users\/2"}],"replies":[{"embeddable":true,"href":"https:\/\/atl-software.net\/en\/wp-json\/wp\/v2\/comments?post=1076"}],"version-history":[{"count":48,"href":"https:\/\/atl-software.net\/en\/wp-json\/wp\/v2\/pages\/1076\/revisions"}],"predecessor-version":[{"id":1143,"href":"https:\/\/atl-software.net\/en\/wp-json\/wp\/v2\/pages\/1076\/revisions\/1143"}],"wp:attachment":[{"href":"https:\/\/atl-software.net\/en\/wp-json\/wp\/v2\/media?parent=1076"}],"curies":[{"name":"wp","href":"https:\/\/api.w.org\/{rel}","templated":true}]}}