{"id":1004,"date":"2018-12-12T15:01:59","date_gmt":"2018-12-12T14:01:59","guid":{"rendered":"http:\/\/atl-software.net\/?page_id=1004"},"modified":"2018-12-14T11:43:39","modified_gmt":"2018-12-14T10:43:39","slug":"formation-arc-en-ciel-a-lecole-aaa-de-paris","status":"publish","type":"page","link":"https:\/\/atl-software.net\/en\/formation-arc-en-ciel-a-lecole-aaa-de-paris\/","title":{"rendered":"Arc-en-Ciel training at AAA school Paris"},"content":{"rendered":"<p>AAA school Paris is a teaching institute that is specialized in language and cultural exchange in Paris. The school offers a sharing place between Asian expatriates and French fans of Asian culture. Founded in 1989 by the Association of Asian Friendships, the establishment provides courses in French, Chinese, Korean, Japanese and also Manga classes (1st school of this kind in France)! This singular curriculum of learning Manga over a 3 year-timeframe is animated in French by a Japanese mangaka. The course allows students to forge their own styles and, perhaps, like some former students, break through into the second largest Manga market in the world, i.e France. AAA school is in perpetual evolution. The curricular course covers all levels and classes allowing to learn in an innovative way. In addition to traditional teaching methods, the school has developed new educational tools such as e-learning. Highly appreciated, these courses attest to the school&#8217;s willingness to think outside the box to better meet the students\u2019 needs, incorporating the latest technological innovations. It was therefore important for AAA Paris to get a course management software that matches its ambitions and which is easy to implement.<\/p>\n<p><strong>ATL Software and AAA School de Paris<\/strong>, our in-house trainer at ATL Software provided a 2-day training course on the use of Arc-en-Ciel (AEC) course management software. During this session all current management functions were reviewed such as agenda management, course management and tracking, enrollment, etc. Users enjoyed much the pieces of advice and skills transfer. At the end of the training on AEC software, users were already ready to operate within the fully customized AEC environment, set for AAA. The next step is the integration of AEC software into AAA school\u2019s website using the AEC Kiosk module. This will make possible to offer new services, such as online registration and payment, and also to promote AAA school\u00b4s catalog in order to increase the number of students.<\/p>\n<p>&nbsp;<\/p>\n<img decoding=\"async\" loading=\"lazy\" class=\"alignnone size-medium wp-image-1169\" src=\"http:\/\/atl-software.net\/wp-content\/uploads\/2018\/12\/photo-3-300x224.jpg\" alt=\"photo-3\" width=\"300\" height=\"224\" srcset=\"https:\/\/atl-software.net\/wp-content\/uploads\/2018\/12\/photo-3-300x224.jpg 300w, https:\/\/atl-software.net\/wp-content\/uploads\/2018\/12\/photo-3-768x574.jpg 768w, https:\/\/atl-software.net\/wp-content\/uploads\/2018\/12\/photo-3-1024x765.jpg 1024w, https:\/\/atl-software.net\/wp-content\/uploads\/2018\/12\/photo-3.jpg 1296w\" sizes=\"(max-width: 300px) 100vw, 300px\" \/> <img decoding=\"async\" loading=\"lazy\" class=\"alignnone size-medium wp-image-1168\" src=\"http:\/\/atl-software.net\/wp-content\/uploads\/2018\/12\/photo-2-300x224.jpg\" alt=\"photo-2\" width=\"300\" height=\"224\" srcset=\"https:\/\/atl-software.net\/wp-content\/uploads\/2018\/12\/photo-2-300x224.jpg 300w, https:\/\/atl-software.net\/wp-content\/uploads\/2018\/12\/photo-2-768x574.jpg 768w, https:\/\/atl-software.net\/wp-content\/uploads\/2018\/12\/photo-2-1024x765.jpg 1024w, https:\/\/atl-software.net\/wp-content\/uploads\/2018\/12\/photo-2.jpg 1296w\" sizes=\"(max-width: 300px) 100vw, 300px\" \/> <img decoding=\"async\" loading=\"lazy\" class=\"alignnone size-medium wp-image-1167\" src=\"http:\/\/atl-software.net\/wp-content\/uploads\/2018\/12\/photo-1-300x224.jpg\" alt=\"photo-1\" width=\"300\" height=\"224\" srcset=\"https:\/\/atl-software.net\/wp-content\/uploads\/2018\/12\/photo-1-300x224.jpg 300w, https:\/\/atl-software.net\/wp-content\/uploads\/2018\/12\/photo-1-768x574.jpg 768w, https:\/\/atl-software.net\/wp-content\/uploads\/2018\/12\/photo-1-1024x765.jpg 1024w, https:\/\/atl-software.net\/wp-content\/uploads\/2018\/12\/photo-1.jpg 1296w\" sizes=\"(max-width: 300px) 100vw, 300px\" \/>\n<p>&nbsp;<\/p>\n<p>Are you interested in one of our training sessions? Do you want to organize\u00a0a training session in your network?<\/p>\n<p><span style=\"color: #2a7de2;\">Contact us!<\/span><\/p>","protected":false},"excerpt":{"rendered":"<p>AAA school Paris is a teaching institute that is specialized in language and cultural exchange in Paris. The school offers a sharing place between Asian expatriates and French fans of Asian culture. Founded in 1989 by the Association of Asian Friendships, the establishment provides courses in French, Chinese, Korean, Japanese and also Manga classes (1st&#8230;  <a class=\"excerpt-read-more\" href=\"https:\/\/atl-software.net\/en\/formation-arc-en-ciel-a-lecole-aaa-de-paris\/\" title=\"Read Arc-en-Ciel training at AAA school Paris\">Read more &raquo;<\/a><\/p>\n","protected":false},"author":2,"featured_media":0,"parent":0,"menu_order":0,"comment_status":"closed","ping_status":"closed","template":"template\/template-ml.php","meta":{"_uag_custom_page_level_css":""},"acf":[],"yoast_head":"<!-- This site is optimized with the Yoast SEO plugin v20.13 - https:\/\/yoast.com\/wordpress\/plugins\/seo\/ -->\n<title>(Fran\u00e7ais) Formation au logiciel de gestion Arc-en-Ciel \u00e0 l&#039;\u00e9cole AAA de Paris<\/title>\n<meta name=\"description\" content=\"(Fran\u00e7ais) ATL Software s&#039;est rendu \u00e0 l&#039;\u00e9cole AAA de Paris afin de former le personnel \u00e0 l&#039;utilisation du logiciel de gestion de cours Arc-en-Ciel (AEC).\" \/>\n<meta name=\"robots\" content=\"index, follow, max-snippet:-1, max-image-preview:large, max-video-preview:-1\" \/>\n<link rel=\"canonical\" href=\"https:\/\/atl-software.net\/es\/formation-arc-en-ciel-a-lecole-aaa-de-paris\/\" \/>\n<meta property=\"og:locale\" content=\"en_US\" \/>\n<meta property=\"og:type\" content=\"article\" \/>\n<meta property=\"og:title\" content=\"(Fran\u00e7ais) Formation au logiciel de gestion Arc-en-Ciel \u00e0 l&#039;\u00e9cole AAA de Paris\" \/>\n<meta property=\"og:description\" content=\"(Fran\u00e7ais) ATL Software s&#039;est rendu \u00e0 l&#039;\u00e9cole AAA de Paris afin de former le personnel \u00e0 l&#039;utilisation du logiciel de gestion de cours Arc-en-Ciel (AEC).\" \/>\n<meta property=\"og:url\" content=\"https:\/\/atl-software.net\/es\/formation-arc-en-ciel-a-lecole-aaa-de-paris\/\" \/>\n<meta property=\"og:site_name\" content=\"ATL Software\" \/>\n<meta property=\"article:publisher\" content=\"https:\/\/www.facebook.com\/ATL-Software-724527551053606\/\" \/>\n<meta property=\"article:modified_time\" content=\"2018-12-14T10:43:39+00:00\" \/>\n<meta property=\"og:image\" content=\"http:\/\/atl-software.net\/wp-content\/uploads\/2018\/12\/photo-1-300x224.jpg\" \/>\n<meta name=\"twitter:card\" content=\"summary_large_image\" \/>\n<meta name=\"twitter:site\" content=\"@SoftwareAtl\" \/>\n<meta name=\"twitter:label1\" content=\"Est. reading time\" \/>\n\t<meta name=\"twitter:data1\" content=\"6 minutes\" \/>\n<script type=\"application\/ld+json\" class=\"yoast-schema-graph\">{\"@context\":\"https:\/\/schema.org\",\"@graph\":[{\"@type\":\"WebPage\",\"@id\":\"https:\/\/atl-software.net\/es\/formation-arc-en-ciel-a-lecole-aaa-de-paris\/\",\"url\":\"https:\/\/atl-software.net\/es\/formation-arc-en-ciel-a-lecole-aaa-de-paris\/\",\"name\":\"(Fran\u00e7ais) Formation au logiciel de gestion Arc-en-Ciel \u00e0 l'\u00e9cole AAA de Paris\",\"isPartOf\":{\"@id\":\"https:\/\/atl-software.net\/#website\"},\"datePublished\":\"2018-12-12T14:01:59+00:00\",\"dateModified\":\"2018-12-14T10:43:39+00:00\",\"description\":\"(Fran\u00e7ais) ATL Software s'est rendu \u00e0 l'\u00e9cole AAA de Paris afin de former le personnel \u00e0 l'utilisation du logiciel de gestion de cours Arc-en-Ciel (AEC).\",\"breadcrumb\":{\"@id\":\"https:\/\/atl-software.net\/es\/formation-arc-en-ciel-a-lecole-aaa-de-paris\/#breadcrumb\"},\"inLanguage\":\"en-US\",\"potentialAction\":[{\"@type\":\"ReadAction\",\"target\":[\"https:\/\/atl-software.net\/es\/formation-arc-en-ciel-a-lecole-aaa-de-paris\/\"]}]},{\"@type\":\"BreadcrumbList\",\"@id\":\"https:\/\/atl-software.net\/es\/formation-arc-en-ciel-a-lecole-aaa-de-paris\/#breadcrumb\",\"itemListElement\":[{\"@type\":\"ListItem\",\"position\":1,\"name\":\"Accueil\",\"item\":\"https:\/\/atl-software.net\/en\/\"},{\"@type\":\"ListItem\",\"position\":2,\"name\":\"Capacitaci\u00f3n Arc-en-Ciel en la escuela AAA de Par\u00eds\"}]},{\"@type\":\"WebSite\",\"@id\":\"https:\/\/atl-software.net\/#website\",\"url\":\"https:\/\/atl-software.net\/\",\"name\":\"ATL Software\",\"description\":\"\",\"publisher\":{\"@id\":\"https:\/\/atl-software.net\/#organization\"},\"potentialAction\":[{\"@type\":\"SearchAction\",\"target\":{\"@type\":\"EntryPoint\",\"urlTemplate\":\"https:\/\/atl-software.net\/?s={search_term_string}\"},\"query-input\":\"required name=search_term_string\"}],\"inLanguage\":\"en-US\"},{\"@type\":\"Organization\",\"@id\":\"https:\/\/atl-software.net\/#organization\",\"name\":\"ATL Software\",\"url\":\"https:\/\/atl-software.net\/\",\"logo\":{\"@type\":\"ImageObject\",\"inLanguage\":\"en-US\",\"@id\":\"https:\/\/atl-software.net\/#\/schema\/logo\/image\/\",\"url\":\"https:\/\/atl-software.net\/wp-content\/uploads\/2023\/04\/Interfaz-moderna-AEC.png\",\"contentUrl\":\"https:\/\/atl-software.net\/wp-content\/uploads\/2023\/04\/Interfaz-moderna-AEC.png\",\"width\":918,\"height\":673,\"caption\":\"ATL Software\"},\"image\":{\"@id\":\"https:\/\/atl-software.net\/#\/schema\/logo\/image\/\"},\"sameAs\":[\"https:\/\/www.facebook.com\/ATL-Software-724527551053606\/\",\"https:\/\/twitter.com\/SoftwareAtl\",\"https:\/\/www.linkedin.com\/in\/atl-software-logiciel-arc-en-ciel-a9428b91\/\",\"https:\/\/www.youtube.com\/watch?v=prCVSFs_vZg\"]}]}<\/script>\n<!-- \/ Yoast SEO plugin. -->","yoast_head_json":{"title":"(Fran\u00e7ais) Formation au logiciel de gestion Arc-en-Ciel \u00e0 l'\u00e9cole AAA de Paris","description":"(Fran\u00e7ais) ATL Software s'est rendu \u00e0 l'\u00e9cole AAA de Paris afin de former le personnel \u00e0 l'utilisation du logiciel de gestion de cours Arc-en-Ciel (AEC).","robots":{"index":"index","follow":"follow","max-snippet":"max-snippet:-1","max-image-preview":"max-image-preview:large","max-video-preview":"max-video-preview:-1"},"canonical":"https:\/\/atl-software.net\/es\/formation-arc-en-ciel-a-lecole-aaa-de-paris\/","og_locale":"en_US","og_type":"article","og_title":"(Fran\u00e7ais) Formation au logiciel de gestion Arc-en-Ciel \u00e0 l'\u00e9cole AAA de Paris","og_description":"(Fran\u00e7ais) ATL Software s'est rendu \u00e0 l'\u00e9cole AAA de Paris afin de former le personnel \u00e0 l'utilisation du logiciel de gestion de cours Arc-en-Ciel (AEC).","og_url":"https:\/\/atl-software.net\/es\/formation-arc-en-ciel-a-lecole-aaa-de-paris\/","og_site_name":"ATL Software","article_publisher":"https:\/\/www.facebook.com\/ATL-Software-724527551053606\/","article_modified_time":"2018-12-14T10:43:39+00:00","og_image":[{"url":"http:\/\/atl-software.net\/wp-content\/uploads\/2018\/12\/photo-1-300x224.jpg"}],"twitter_card":"summary_large_image","twitter_site":"@SoftwareAtl","twitter_misc":{"Est. reading time":"6 minutes"},"schema":{"@context":"https:\/\/schema.org","@graph":[{"@type":"WebPage","@id":"https:\/\/atl-software.net\/es\/formation-arc-en-ciel-a-lecole-aaa-de-paris\/","url":"https:\/\/atl-software.net\/es\/formation-arc-en-ciel-a-lecole-aaa-de-paris\/","name":"(Fran\u00e7ais) Formation au logiciel de gestion Arc-en-Ciel \u00e0 l'\u00e9cole AAA de Paris","isPartOf":{"@id":"https:\/\/atl-software.net\/#website"},"datePublished":"2018-12-12T14:01:59+00:00","dateModified":"2018-12-14T10:43:39+00:00","description":"(Fran\u00e7ais) ATL Software s'est rendu \u00e0 l'\u00e9cole AAA de Paris afin de former le personnel \u00e0 l'utilisation du logiciel de gestion de cours Arc-en-Ciel (AEC).","breadcrumb":{"@id":"https:\/\/atl-software.net\/es\/formation-arc-en-ciel-a-lecole-aaa-de-paris\/#breadcrumb"},"inLanguage":"en-US","potentialAction":[{"@type":"ReadAction","target":["https:\/\/atl-software.net\/es\/formation-arc-en-ciel-a-lecole-aaa-de-paris\/"]}]},{"@type":"BreadcrumbList","@id":"https:\/\/atl-software.net\/es\/formation-arc-en-ciel-a-lecole-aaa-de-paris\/#breadcrumb","itemListElement":[{"@type":"ListItem","position":1,"name":"Accueil","item":"https:\/\/atl-software.net\/en\/"},{"@type":"ListItem","position":2,"name":"Capacitaci\u00f3n Arc-en-Ciel en la escuela AAA de Par\u00eds"}]},{"@type":"WebSite","@id":"https:\/\/atl-software.net\/#website","url":"https:\/\/atl-software.net\/","name":"ATL Software","description":"","publisher":{"@id":"https:\/\/atl-software.net\/#organization"},"potentialAction":[{"@type":"SearchAction","target":{"@type":"EntryPoint","urlTemplate":"https:\/\/atl-software.net\/?s={search_term_string}"},"query-input":"required name=search_term_string"}],"inLanguage":"en-US"},{"@type":"Organization","@id":"https:\/\/atl-software.net\/#organization","name":"ATL Software","url":"https:\/\/atl-software.net\/","logo":{"@type":"ImageObject","inLanguage":"en-US","@id":"https:\/\/atl-software.net\/#\/schema\/logo\/image\/","url":"https:\/\/atl-software.net\/wp-content\/uploads\/2023\/04\/Interfaz-moderna-AEC.png","contentUrl":"https:\/\/atl-software.net\/wp-content\/uploads\/2023\/04\/Interfaz-moderna-AEC.png","width":918,"height":673,"caption":"ATL Software"},"image":{"@id":"https:\/\/atl-software.net\/#\/schema\/logo\/image\/"},"sameAs":["https:\/\/www.facebook.com\/ATL-Software-724527551053606\/","https:\/\/twitter.com\/SoftwareAtl","https:\/\/www.linkedin.com\/in\/atl-software-logiciel-arc-en-ciel-a9428b91\/","https:\/\/www.youtube.com\/watch?v=prCVSFs_vZg"]}]}},"uagb_featured_image_src":{"full":false,"thumbnail":false,"medium":false,"medium_large":false,"large":false,"1536x1536":false,"2048x2048":false,"bones-thumb-600":false,"bones-thumb-300":false,"post-thumbnail":false},"uagb_author_info":{"display_name":"admin","author_link":"https:\/\/atl-software.net\/en\/author\/admin\/"},"uagb_comment_info":0,"uagb_excerpt":"AAA school Paris is a teaching institute that is specialized in language and cultural exchange in Paris. The school offers a sharing place between Asian expatriates and French fans of Asian culture. Founded in 1989 by the Association of Asian Friendships, the establishment provides courses in French, Chinese, Korean, Japanese and also Manga classes (1st...&hellip;","_links":{"self":[{"href":"https:\/\/atl-software.net\/en\/wp-json\/wp\/v2\/pages\/1004"}],"collection":[{"href":"https:\/\/atl-software.net\/en\/wp-json\/wp\/v2\/pages"}],"about":[{"href":"https:\/\/atl-software.net\/en\/wp-json\/wp\/v2\/types\/page"}],"author":[{"embeddable":true,"href":"https:\/\/atl-software.net\/en\/wp-json\/wp\/v2\/users\/2"}],"replies":[{"embeddable":true,"href":"https:\/\/atl-software.net\/en\/wp-json\/wp\/v2\/comments?post=1004"}],"version-history":[{"count":21,"href":"https:\/\/atl-software.net\/en\/wp-json\/wp\/v2\/pages\/1004\/revisions"}],"predecessor-version":[{"id":1188,"href":"https:\/\/atl-software.net\/en\/wp-json\/wp\/v2\/pages\/1004\/revisions\/1188"}],"wp:attachment":[{"href":"https:\/\/atl-software.net\/en\/wp-json\/wp\/v2\/media?parent=1004"}],"curies":[{"name":"wp","href":"https:\/\/api.w.org\/{rel}","templated":true}]}}